{"id":70398,"date":"2021-12-13T16:10:38","date_gmt":"2021-12-13T15:10:38","guid":{"rendered":"https:\/\/global-exam.com\/blog\/?page_id=70398"},"modified":"2022-06-27T16:45:10","modified_gmt":"2022-06-27T14:45:10","slug":"categoria-instrucciones-c1-advanced","status":"publish","type":"page","link":"https:\/\/global-exam.com\/blog\/es\/examenes\/c1-advanced\/categoria-instrucciones-c1-advanced\/","title":{"rendered":"Instrucciones \u2013 C1 Advanced"},"content":{"rendered":"<p>El examen Advanced de Cambridge, conocido tambi\u00e9n como CAE, es un\u00a0<strong>certificado de ingl\u00e9s de nivel avanzado<\/strong>. Se corresponde con el nivel C1 en el Marco Com\u00fan Europeo y es un certificado aceptado en m\u00e1s de 8.000 instituciones, incluido organizaciones gubernamentales, instituciones educativas y grandes empresas.<\/p>\n<p>El examen Advanced suele ser preparado por candidatos que buscan\u00a0<strong>estudiar en universidades<\/strong>\u00a0de un pa\u00eds de habla inglesa; o emplear el ingl\u00e9s en\u00a0<strong>comunicaciones profesionales<\/strong>\u00a0que requieren un buen dominio de este idioma, o dar un valor a\u00f1adido a su cv, ya que el Advanced permite destacar de la media y marcar una diferencia.<\/p>\n<p>El Advanced\u00a0<strong>tiene 4 partes<\/strong>: Reading and Use of English, Writing, Listening y Speaking. Cada una de ellas vale un 25% de la puntuaci\u00f3n total del examen.<\/p>\n<p>En\u00a0<strong>el Writing<\/strong>, deber\u00e1s escribir dos tipos de textos: uno obligatorio en la parte 1, y otro de tu elecci\u00f3n de tres opciones en la parte 2.<\/p>\n<p>En esta secci\u00f3n podr\u00e1s descubrir\u00a0<strong>la estructura y el contenido del examen<\/strong>\u00a0Advanced Writing: te describimos los objetivos y tipos de tareas, la duraci\u00f3n y puntuaci\u00f3n y las partes del examen y el tipo de preguntas.<\/p>\n<p>A trav\u00e9s de nuestra plataforma podr\u00e1s prepararte a\u00a0<strong>todas las partes del CAE<\/strong>, incluida la secci\u00f3n Writing, gracias a ex\u00e1menes de preparaci\u00f3n y entrenamientos en condiciones reales de examen. Podr\u00e1s enviarnos tus textos y te ayudaremos con respuestas sugeridas, fichas de vocabulario y gram\u00e1tica, ejemplos de tipos de ejercicios, y sobre todo, consejos muy valiosos para realizar un examen exitoso.<\/p>\n","protected":false},"excerpt":{"rendered":"<p>El examen Advanced de Cambridge, conocido tambi\u00e9n como CAE, es un\u00a0certificado de ingl\u00e9s de nivel avanzado. Se corresponde con el nivel C1 [&hellip;]<\/p>\n","protected":false},"author":24,"featured_media":0,"parent":16900,"menu_order":0,"comment_status":"closed","ping_status":"closed","template":"","meta":[],"acf":[],"yoast_head":"<!-- This site is optimized with the Yoast SEO plugin v17.2.1 - https:\/\/yoast.com\/wordpress\/plugins\/seo\/ -->\n<title>Instrucciones \u2013 C1 Advanced<\/title>\n<meta name=\"robots\" content=\"index, follow, max-snippet:-1, max-image-preview:large, max-video-preview:-1\" \/>\n<link rel=\"canonical\" href=\"https:\/\/global-exam.com\/blog\/es\/examenes\/c1-advanced\/categoria-instrucciones-c1-advanced\/\" \/>\n<meta property=\"og:locale\" content=\"fr_FR\" \/>\n<meta property=\"og:type\" content=\"article\" \/>\n<meta property=\"og:title\" content=\"Instrucciones \u2013 C1 Advanced\" \/>\n<meta property=\"og:description\" content=\"El examen Advanced de Cambridge, conocido tambi\u00e9n como CAE, es un\u00a0certificado de ingl\u00e9s de nivel avanzado. Se corresponde con el nivel C1 [&hellip;]\" \/>\n<meta property=\"og:url\" content=\"https:\/\/global-exam.com\/blog\/es\/examenes\/c1-advanced\/categoria-instrucciones-c1-advanced\/\" \/>\n<meta property=\"og:site_name\" content=\"GlobalExam Blog\" \/>\n<meta property=\"article:publisher\" content=\"https:\/\/www.facebook.com\/Global.Exam\" \/>\n<meta property=\"article:modified_time\" content=\"2022-06-27T14:45:10+00:00\" \/>\n<meta name=\"twitter:card\" content=\"summary_large_image\" \/>\n<meta name=\"twitter:site\" content=\"@Global_Exam\" \/>\n<meta name=\"twitter:label1\" content=\"Dur\u00e9e de lecture estim\u00e9e\" \/>\n\t<meta name=\"twitter:data1\" content=\"1 minute\" \/>\n<script type=\"application\/ld+json\" class=\"yoast-schema-graph\">{\"@context\":\"https:\/\/schema.org\",\"@graph\":[{\"@type\":\"WebSite\",\"@id\":\"https:\/\/global-exam.com\/blog\/#website\",\"url\":\"https:\/\/global-exam.com\/blog\/\",\"name\":\"GlobalExam Blog\",\"description\":\"Le blog du sp\\u00e9cialiste de la certification linguistique\",\"potentialAction\":[{\"@type\":\"SearchAction\",\"target\":{\"@type\":\"EntryPoint\",\"urlTemplate\":\"https:\/\/global-exam.com\/blog\/?s={search_term_string}\"},\"query-input\":\"required name=search_term_string\"}],\"inLanguage\":\"fr-FR\"},{\"@type\":\"WebPage\",\"@id\":\"https:\/\/global-exam.com\/blog\/es\/examenes\/c1-advanced\/categoria-instrucciones-c1-advanced\/#webpage\",\"url\":\"https:\/\/global-exam.com\/blog\/es\/examenes\/c1-advanced\/categoria-instrucciones-c1-advanced\/\",\"name\":\"Instrucciones \\u2013 C1 Advanced\",\"isPartOf\":{\"@id\":\"https:\/\/global-exam.com\/blog\/#website\"},\"datePublished\":\"2021-12-13T15:10:38+00:00\",\"dateModified\":\"2022-06-27T14:45:10+00:00\",\"breadcrumb\":{\"@id\":\"https:\/\/global-exam.com\/blog\/es\/examenes\/c1-advanced\/categoria-instrucciones-c1-advanced\/#breadcrumb\"},\"inLanguage\":\"fr-FR\",\"potentialAction\":[{\"@type\":\"ReadAction\",\"target\":[\"https:\/\/global-exam.com\/blog\/es\/examenes\/c1-advanced\/categoria-instrucciones-c1-advanced\/\"]}]},{\"@type\":\"BreadcrumbList\",\"@id\":\"https:\/\/global-exam.com\/blog\/es\/examenes\/c1-advanced\/categoria-instrucciones-c1-advanced\/#breadcrumb\",\"itemListElement\":[{\"@type\":\"ListItem\",\"position\":1,\"name\":\"Ex\\u00e1menes de idioma\",\"item\":\"https:\/\/global-exam.com\/blog\/es\/examenes\/\"},{\"@type\":\"ListItem\",\"position\":2,\"name\":\"C1 Advanced\",\"item\":\"https:\/\/global-exam.com\/blog\/es\/examenes\/c1-advanced\/\"},{\"@type\":\"ListItem\",\"position\":3,\"name\":\"Instrucciones \\u2013 C1 Advanced\"}]}]}<\/script>\n<!-- \/ Yoast SEO plugin. -->","yoast_head_json":{"title":"Instrucciones \u2013 C1 Advanced","robots":{"index":"index","follow":"follow","max-snippet":"max-snippet:-1","max-image-preview":"max-image-preview:large","max-video-preview":"max-video-preview:-1"},"canonical":"https:\/\/global-exam.com\/blog\/es\/examenes\/c1-advanced\/categoria-instrucciones-c1-advanced\/","og_locale":"fr_FR","og_type":"article","og_title":"Instrucciones \u2013 C1 Advanced","og_description":"El examen Advanced de Cambridge, conocido tambi\u00e9n como CAE, es un\u00a0certificado de ingl\u00e9s de nivel avanzado. Se corresponde con el nivel C1 [&hellip;]","og_url":"https:\/\/global-exam.com\/blog\/es\/examenes\/c1-advanced\/categoria-instrucciones-c1-advanced\/","og_site_name":"GlobalExam Blog","article_publisher":"https:\/\/www.facebook.com\/Global.Exam","article_modified_time":"2022-06-27T14:45:10+00:00","twitter_card":"summary_large_image","twitter_site":"@Global_Exam","twitter_misc":{"Dur\u00e9e de lecture estim\u00e9e":"1 minute"},"schema":{"@context":"https:\/\/schema.org","@graph":[{"@type":"WebSite","@id":"https:\/\/global-exam.com\/blog\/#website","url":"https:\/\/global-exam.com\/blog\/","name":"GlobalExam Blog","description":"Le blog du sp\u00e9cialiste de la certification linguistique","potentialAction":[{"@type":"SearchAction","target":{"@type":"EntryPoint","urlTemplate":"https:\/\/global-exam.com\/blog\/?s={search_term_string}"},"query-input":"required name=search_term_string"}],"inLanguage":"fr-FR"},{"@type":"WebPage","@id":"https:\/\/global-exam.com\/blog\/es\/examenes\/c1-advanced\/categoria-instrucciones-c1-advanced\/#webpage","url":"https:\/\/global-exam.com\/blog\/es\/examenes\/c1-advanced\/categoria-instrucciones-c1-advanced\/","name":"Instrucciones \u2013 C1 Advanced","isPartOf":{"@id":"https:\/\/global-exam.com\/blog\/#website"},"datePublished":"2021-12-13T15:10:38+00:00","dateModified":"2022-06-27T14:45:10+00:00","breadcrumb":{"@id":"https:\/\/global-exam.com\/blog\/es\/examenes\/c1-advanced\/categoria-instrucciones-c1-advanced\/#breadcrumb"},"inLanguage":"fr-FR","potentialAction":[{"@type":"ReadAction","target":["https:\/\/global-exam.com\/blog\/es\/examenes\/c1-advanced\/categoria-instrucciones-c1-advanced\/"]}]},{"@type":"BreadcrumbList","@id":"https:\/\/global-exam.com\/blog\/es\/examenes\/c1-advanced\/categoria-instrucciones-c1-advanced\/#breadcrumb","itemListElement":[{"@type":"ListItem","position":1,"name":"Ex\u00e1menes de idioma","item":"https:\/\/global-exam.com\/blog\/es\/examenes\/"},{"@type":"ListItem","position":2,"name":"C1 Advanced","item":"https:\/\/global-exam.com\/blog\/es\/examenes\/c1-advanced\/"},{"@type":"ListItem","position":3,"name":"Instrucciones \u2013 C1 Advanced"}]}]}},"lang":"es","translations":{"es":70398},"pll_sync_post":[],"_links":{"self":[{"href":"https:\/\/global-exam.com\/blog\/wp-json\/wp\/v2\/pages\/70398"}],"collection":[{"href":"https:\/\/global-exam.com\/blog\/wp-json\/wp\/v2\/pages"}],"about":[{"href":"https:\/\/global-exam.com\/blog\/wp-json\/wp\/v2\/types\/page"}],"author":[{"embeddable":true,"href":"https:\/\/global-exam.com\/blog\/wp-json\/wp\/v2\/users\/24"}],"replies":[{"embeddable":true,"href":"https:\/\/global-exam.com\/blog\/wp-json\/wp\/v2\/comments?post=70398"}],"version-history":[{"count":3,"href":"https:\/\/global-exam.com\/blog\/wp-json\/wp\/v2\/pages\/70398\/revisions"}],"predecessor-version":[{"id":76638,"href":"https:\/\/global-exam.com\/blog\/wp-json\/wp\/v2\/pages\/70398\/revisions\/76638"}],"up":[{"embeddable":true,"href":"https:\/\/global-exam.com\/blog\/wp-json\/wp\/v2\/pages\/16900"}],"wp:attachment":[{"href":"https:\/\/global-exam.com\/blog\/wp-json\/wp\/v2\/media?parent=70398"}],"curies":[{"name":"wp","href":"https:\/\/api.w.org\/{rel}","templated":true}]}}