{"id":70404,"date":"2021-12-13T16:15:46","date_gmt":"2021-12-13T15:15:46","guid":{"rendered":"https:\/\/global-exam.com\/blog\/?page_id=70404"},"modified":"2022-06-27T16:45:09","modified_gmt":"2022-06-27T14:45:09","slug":"categoria-material-de-practica-c1-advanced","status":"publish","type":"page","link":"https:\/\/global-exam.com\/blog\/es\/examenes\/c1-advanced\/categoria-material-de-practica-c1-advanced\/","title":{"rendered":"Material de pr\u00e1ctica \u2013 C1 Advanced"},"content":{"rendered":"<p>El Cambridge CAE corrobora oficialmente tu nivel C1 de ingl\u00e9s. Es importante\u00a0<strong>prepararse a este examen<\/strong>, no solo porque demuestra oficialmente un nivel excelente de ingl\u00e9s sino tambi\u00e9n porque su realizaci\u00f3n no atribuye, como en el caso de otros ex\u00e1menes, un nivel especifico de ingl\u00e9s, o un certificado: el objetivo es\u00a0<strong>obtener la puntuaci\u00f3n requerida.\u00a0<\/strong>Es el momento de empezar a prepararse, si quieres obtener EL resultado perseguido.<\/p>\n<p>Para ello, a trav\u00e9s de nuestra plataforma reunimos todo lo que necesitas: te proporcionamos\u00a0<strong>consejos sobre materiales de preparaci\u00f3n<\/strong>, impresos y en l\u00ednea,\u00a0<strong>trucos<\/strong>\u00a0para un entrenamiento eficaz,\u00a0 y herramientas para una preparaci\u00f3n personalizada, con objetivos claros y un verdadero plan de trabajo.<\/p>\n<p>Todos nuestros materiales est\u00e1n<strong>\u00a0dise\u00f1ados por profesores especializados<\/strong>\u00a0y nuestra base de datos te permitir\u00e1\u00a0 entrenarte en las condiciones reales de un examen.<\/p>\n<p>\u00a1An\u00edmate! Crea una cuenta gratuita y accede a m\u00faltiples recursos. Descubre las posibilidades que te ofrecemos para dise\u00f1ar un plan exitoso de preparaci\u00f3n.<\/p>\n","protected":false},"excerpt":{"rendered":"<p>El Cambridge CAE corrobora oficialmente tu nivel C1 de ingl\u00e9s. Es importante\u00a0prepararse a este examen, no solo porque demuestra oficialmente un nivel [&hellip;]<\/p>\n","protected":false},"author":24,"featured_media":0,"parent":16900,"menu_order":0,"comment_status":"closed","ping_status":"closed","template":"","meta":[],"acf":[],"yoast_head":"<!-- This site is optimized with the Yoast SEO plugin v17.2.1 - https:\/\/yoast.com\/wordpress\/plugins\/seo\/ -->\n<title>Material de pr\u00e1ctica \u2013 C1 Advanced<\/title>\n<meta name=\"robots\" content=\"index, follow, max-snippet:-1, max-image-preview:large, max-video-preview:-1\" \/>\n<link rel=\"canonical\" href=\"https:\/\/global-exam.com\/blog\/es\/examenes\/c1-advanced\/categoria-material-de-practica-c1-advanced\/\" \/>\n<meta property=\"og:locale\" content=\"fr_FR\" \/>\n<meta property=\"og:type\" content=\"article\" \/>\n<meta property=\"og:title\" content=\"Material de pr\u00e1ctica \u2013 C1 Advanced\" \/>\n<meta property=\"og:description\" content=\"El Cambridge CAE corrobora oficialmente tu nivel C1 de ingl\u00e9s. Es importante\u00a0prepararse a este examen, no solo porque demuestra oficialmente un nivel [&hellip;]\" \/>\n<meta property=\"og:url\" content=\"https:\/\/global-exam.com\/blog\/es\/examenes\/c1-advanced\/categoria-material-de-practica-c1-advanced\/\" \/>\n<meta property=\"og:site_name\" content=\"GlobalExam Blog\" \/>\n<meta property=\"article:publisher\" content=\"https:\/\/www.facebook.com\/Global.Exam\" \/>\n<meta property=\"article:modified_time\" content=\"2022-06-27T14:45:09+00:00\" \/>\n<meta name=\"twitter:card\" content=\"summary_large_image\" \/>\n<meta name=\"twitter:site\" content=\"@Global_Exam\" \/>\n<meta name=\"twitter:label1\" content=\"Dur\u00e9e de lecture estim\u00e9e\" \/>\n\t<meta name=\"twitter:data1\" content=\"1 minute\" \/>\n<script type=\"application\/ld+json\" class=\"yoast-schema-graph\">{\"@context\":\"https:\/\/schema.org\",\"@graph\":[{\"@type\":\"WebSite\",\"@id\":\"https:\/\/global-exam.com\/blog\/#website\",\"url\":\"https:\/\/global-exam.com\/blog\/\",\"name\":\"GlobalExam Blog\",\"description\":\"Le blog du sp\\u00e9cialiste de la certification linguistique\",\"potentialAction\":[{\"@type\":\"SearchAction\",\"target\":{\"@type\":\"EntryPoint\",\"urlTemplate\":\"https:\/\/global-exam.com\/blog\/?s={search_term_string}\"},\"query-input\":\"required name=search_term_string\"}],\"inLanguage\":\"fr-FR\"},{\"@type\":\"WebPage\",\"@id\":\"https:\/\/global-exam.com\/blog\/es\/examenes\/c1-advanced\/categoria-material-de-practica-c1-advanced\/#webpage\",\"url\":\"https:\/\/global-exam.com\/blog\/es\/examenes\/c1-advanced\/categoria-material-de-practica-c1-advanced\/\",\"name\":\"Material de pr\\u00e1ctica \\u2013 C1 Advanced\",\"isPartOf\":{\"@id\":\"https:\/\/global-exam.com\/blog\/#website\"},\"datePublished\":\"2021-12-13T15:15:46+00:00\",\"dateModified\":\"2022-06-27T14:45:09+00:00\",\"breadcrumb\":{\"@id\":\"https:\/\/global-exam.com\/blog\/es\/examenes\/c1-advanced\/categoria-material-de-practica-c1-advanced\/#breadcrumb\"},\"inLanguage\":\"fr-FR\",\"potentialAction\":[{\"@type\":\"ReadAction\",\"target\":[\"https:\/\/global-exam.com\/blog\/es\/examenes\/c1-advanced\/categoria-material-de-practica-c1-advanced\/\"]}]},{\"@type\":\"BreadcrumbList\",\"@id\":\"https:\/\/global-exam.com\/blog\/es\/examenes\/c1-advanced\/categoria-material-de-practica-c1-advanced\/#breadcrumb\",\"itemListElement\":[{\"@type\":\"ListItem\",\"position\":1,\"name\":\"Ex\\u00e1menes de idioma\",\"item\":\"https:\/\/global-exam.com\/blog\/es\/examenes\/\"},{\"@type\":\"ListItem\",\"position\":2,\"name\":\"C1 Advanced\",\"item\":\"https:\/\/global-exam.com\/blog\/es\/examenes\/c1-advanced\/\"},{\"@type\":\"ListItem\",\"position\":3,\"name\":\"Material de pr\\u00e1ctica \\u2013 C1 Advanced\"}]}]}<\/script>\n<!-- \/ Yoast SEO plugin. -->","yoast_head_json":{"title":"Material de pr\u00e1ctica \u2013 C1 Advanced","robots":{"index":"index","follow":"follow","max-snippet":"max-snippet:-1","max-image-preview":"max-image-preview:large","max-video-preview":"max-video-preview:-1"},"canonical":"https:\/\/global-exam.com\/blog\/es\/examenes\/c1-advanced\/categoria-material-de-practica-c1-advanced\/","og_locale":"fr_FR","og_type":"article","og_title":"Material de pr\u00e1ctica \u2013 C1 Advanced","og_description":"El Cambridge CAE corrobora oficialmente tu nivel C1 de ingl\u00e9s. Es importante\u00a0prepararse a este examen, no solo porque demuestra oficialmente un nivel [&hellip;]","og_url":"https:\/\/global-exam.com\/blog\/es\/examenes\/c1-advanced\/categoria-material-de-practica-c1-advanced\/","og_site_name":"GlobalExam Blog","article_publisher":"https:\/\/www.facebook.com\/Global.Exam","article_modified_time":"2022-06-27T14:45:09+00:00","twitter_card":"summary_large_image","twitter_site":"@Global_Exam","twitter_misc":{"Dur\u00e9e de lecture estim\u00e9e":"1 minute"},"schema":{"@context":"https:\/\/schema.org","@graph":[{"@type":"WebSite","@id":"https:\/\/global-exam.com\/blog\/#website","url":"https:\/\/global-exam.com\/blog\/","name":"GlobalExam Blog","description":"Le blog du sp\u00e9cialiste de la certification linguistique","potentialAction":[{"@type":"SearchAction","target":{"@type":"EntryPoint","urlTemplate":"https:\/\/global-exam.com\/blog\/?s={search_term_string}"},"query-input":"required name=search_term_string"}],"inLanguage":"fr-FR"},{"@type":"WebPage","@id":"https:\/\/global-exam.com\/blog\/es\/examenes\/c1-advanced\/categoria-material-de-practica-c1-advanced\/#webpage","url":"https:\/\/global-exam.com\/blog\/es\/examenes\/c1-advanced\/categoria-material-de-practica-c1-advanced\/","name":"Material de pr\u00e1ctica \u2013 C1 Advanced","isPartOf":{"@id":"https:\/\/global-exam.com\/blog\/#website"},"datePublished":"2021-12-13T15:15:46+00:00","dateModified":"2022-06-27T14:45:09+00:00","breadcrumb":{"@id":"https:\/\/global-exam.com\/blog\/es\/examenes\/c1-advanced\/categoria-material-de-practica-c1-advanced\/#breadcrumb"},"inLanguage":"fr-FR","potentialAction":[{"@type":"ReadAction","target":["https:\/\/global-exam.com\/blog\/es\/examenes\/c1-advanced\/categoria-material-de-practica-c1-advanced\/"]}]},{"@type":"BreadcrumbList","@id":"https:\/\/global-exam.com\/blog\/es\/examenes\/c1-advanced\/categoria-material-de-practica-c1-advanced\/#breadcrumb","itemListElement":[{"@type":"ListItem","position":1,"name":"Ex\u00e1menes de idioma","item":"https:\/\/global-exam.com\/blog\/es\/examenes\/"},{"@type":"ListItem","position":2,"name":"C1 Advanced","item":"https:\/\/global-exam.com\/blog\/es\/examenes\/c1-advanced\/"},{"@type":"ListItem","position":3,"name":"Material de pr\u00e1ctica \u2013 C1 Advanced"}]}]}},"lang":"es","translations":{"es":70404},"pll_sync_post":[],"_links":{"self":[{"href":"https:\/\/global-exam.com\/blog\/wp-json\/wp\/v2\/pages\/70404"}],"collection":[{"href":"https:\/\/global-exam.com\/blog\/wp-json\/wp\/v2\/pages"}],"about":[{"href":"https:\/\/global-exam.com\/blog\/wp-json\/wp\/v2\/types\/page"}],"author":[{"embeddable":true,"href":"https:\/\/global-exam.com\/blog\/wp-json\/wp\/v2\/users\/24"}],"replies":[{"embeddable":true,"href":"https:\/\/global-exam.com\/blog\/wp-json\/wp\/v2\/comments?post=70404"}],"version-history":[{"count":3,"href":"https:\/\/global-exam.com\/blog\/wp-json\/wp\/v2\/pages\/70404\/revisions"}],"predecessor-version":[{"id":76636,"href":"https:\/\/global-exam.com\/blog\/wp-json\/wp\/v2\/pages\/70404\/revisions\/76636"}],"up":[{"embeddable":true,"href":"https:\/\/global-exam.com\/blog\/wp-json\/wp\/v2\/pages\/16900"}],"wp:attachment":[{"href":"https:\/\/global-exam.com\/blog\/wp-json\/wp\/v2\/media?parent=70404"}],"curies":[{"name":"wp","href":"https:\/\/api.w.org\/{rel}","templated":true}]}}