{"id":70407,"date":"2021-12-13T16:18:08","date_gmt":"2021-12-13T15:18:08","guid":{"rendered":"https:\/\/global-exam.com\/blog\/?page_id=70407"},"modified":"2022-06-27T16:45:08","modified_gmt":"2022-06-27T14:45:08","slug":"categoria-obten-un-buen-puntaje-c1-advanced","status":"publish","type":"page","link":"https:\/\/global-exam.com\/blog\/es\/examenes\/c1-advanced\/categoria-obten-un-buen-puntaje-c1-advanced\/","title":{"rendered":"Obt\u00e9n un buen puntaje \u2013 C1 Advanced"},"content":{"rendered":"<p>Como ya sabr\u00e1s, los ex\u00e1menes de Cambridge ofrecen una\u00a0<strong>titulaci\u00f3n reconocida<\/strong>\u00a0y certifican tu nivel de ingl\u00e9s.<\/p>\n<p>Y conocer tu nivel es imprescindible para saber a qu\u00e9 examen de Cambridge presentarte:\u00a0<strong>A2 Key<\/strong>\u00a0(nivel Elemental),\u00a0<strong>B1 Preliminary<\/strong>\u00a0(nivel Intermedio),\u00a0<strong>B2 First<\/strong>\u00a0(nivel Intermedio alto),\u00a0<strong>C1 Advanced<\/strong>\u00a0(nivel Avanzado) o\u00a0<strong>C2 Proficiency<\/strong>\u00a0(nivel Dominio).<\/p>\n<p>Gracias a las informaciones y consejos que te ofrecemos en esta secci\u00f3n, podr\u00e1s ver las\u00a0<strong>diferencias entre los diferentes ex\u00e1menes<\/strong>, en cuanto al nivel de ingl\u00e9s requerido, estructura del examen, tiempo de preparaci\u00f3n y el equivalente de cada nivel con los niveles del Marco Com\u00fan Europeo de Referencia para las lenguas (MCER).<\/p>\n<p>Descubre en particular las especificidades de los niveles B2 First y C1 Advanced, para realizar una elecci\u00f3n segura ya que, recuerda que si te presentas a un examen para el que no tienes el nivel,\u00a0<strong>no obtendr\u00e1s ni equivalencia de nivel ni certificado<\/strong>, contrariamente a otros ex\u00e1menes de ingl\u00e9s.<\/p>\n<p>Descubre tambi\u00e9n las\u00a0<strong>especificidades del CAE<\/strong>\u00a0(Cambridge Advanced Certificate in English), correspondiente al nivel C1 de la lengua; los grados (A, B, C; D) que se pueden obtener en funci\u00f3n de la puntuaci\u00f3n obtenida y su equivalente con los niveles del MCER.<\/p>\n<p>Toma nota: si superas los 200 puntos del examen,<strong>\u00a0te certifican directamente un C2<\/strong>, mientras que con un grado D (entre 160 y 179 puntos), obtendr\u00e1s un B2 pero no un certificado de Cambridge.<\/p>\n<p>En resumen: es importante que\u00a0<strong>conozcas tu nivel<\/strong>, para poder definir tu estrategia. Cuenta con nosotros: te informamos, te guiamos en tu selecci\u00f3n y te damos las herramientas necesarias para prepararte.\u00a0\u00a1Sigue leyendo!<\/p>\n","protected":false},"excerpt":{"rendered":"<p>Como ya sabr\u00e1s, los ex\u00e1menes de Cambridge ofrecen una\u00a0titulaci\u00f3n reconocida\u00a0y certifican tu nivel de ingl\u00e9s. Y conocer tu nivel es imprescindible para [&hellip;]<\/p>\n","protected":false},"author":24,"featured_media":0,"parent":16900,"menu_order":0,"comment_status":"closed","ping_status":"closed","template":"","meta":[],"acf":[],"yoast_head":"<!-- This site is optimized with the Yoast SEO plugin v17.2.1 - https:\/\/yoast.com\/wordpress\/plugins\/seo\/ -->\n<title>Obt\u00e9n un buen puntaje \u2013 C1 Advanced<\/title>\n<meta name=\"robots\" content=\"index, follow, max-snippet:-1, max-image-preview:large, max-video-preview:-1\" \/>\n<link rel=\"canonical\" href=\"https:\/\/global-exam.com\/blog\/es\/examenes\/c1-advanced\/categoria-obten-un-buen-puntaje-c1-advanced\/\" \/>\n<meta property=\"og:locale\" content=\"fr_FR\" \/>\n<meta property=\"og:type\" content=\"article\" \/>\n<meta property=\"og:title\" content=\"Obt\u00e9n un buen puntaje \u2013 C1 Advanced\" \/>\n<meta property=\"og:description\" content=\"Como ya sabr\u00e1s, los ex\u00e1menes de Cambridge ofrecen una\u00a0titulaci\u00f3n reconocida\u00a0y certifican tu nivel de ingl\u00e9s. Y conocer tu nivel es imprescindible para [&hellip;]\" \/>\n<meta property=\"og:url\" content=\"https:\/\/global-exam.com\/blog\/es\/examenes\/c1-advanced\/categoria-obten-un-buen-puntaje-c1-advanced\/\" \/>\n<meta property=\"og:site_name\" content=\"GlobalExam Blog\" \/>\n<meta property=\"article:publisher\" content=\"https:\/\/www.facebook.com\/Global.Exam\" \/>\n<meta property=\"article:modified_time\" content=\"2022-06-27T14:45:08+00:00\" \/>\n<meta name=\"twitter:card\" content=\"summary_large_image\" \/>\n<meta name=\"twitter:site\" content=\"@Global_Exam\" \/>\n<meta name=\"twitter:label1\" content=\"Dur\u00e9e de lecture estim\u00e9e\" \/>\n\t<meta name=\"twitter:data1\" content=\"1 minute\" \/>\n<script type=\"application\/ld+json\" class=\"yoast-schema-graph\">{\"@context\":\"https:\/\/schema.org\",\"@graph\":[{\"@type\":\"WebSite\",\"@id\":\"https:\/\/global-exam.com\/blog\/#website\",\"url\":\"https:\/\/global-exam.com\/blog\/\",\"name\":\"GlobalExam Blog\",\"description\":\"Le blog du sp\\u00e9cialiste de la certification linguistique\",\"potentialAction\":[{\"@type\":\"SearchAction\",\"target\":{\"@type\":\"EntryPoint\",\"urlTemplate\":\"https:\/\/global-exam.com\/blog\/?s={search_term_string}\"},\"query-input\":\"required name=search_term_string\"}],\"inLanguage\":\"fr-FR\"},{\"@type\":\"WebPage\",\"@id\":\"https:\/\/global-exam.com\/blog\/es\/examenes\/c1-advanced\/categoria-obten-un-buen-puntaje-c1-advanced\/#webpage\",\"url\":\"https:\/\/global-exam.com\/blog\/es\/examenes\/c1-advanced\/categoria-obten-un-buen-puntaje-c1-advanced\/\",\"name\":\"Obt\\u00e9n un buen puntaje \\u2013 C1 Advanced\",\"isPartOf\":{\"@id\":\"https:\/\/global-exam.com\/blog\/#website\"},\"datePublished\":\"2021-12-13T15:18:08+00:00\",\"dateModified\":\"2022-06-27T14:45:08+00:00\",\"breadcrumb\":{\"@id\":\"https:\/\/global-exam.com\/blog\/es\/examenes\/c1-advanced\/categoria-obten-un-buen-puntaje-c1-advanced\/#breadcrumb\"},\"inLanguage\":\"fr-FR\",\"potentialAction\":[{\"@type\":\"ReadAction\",\"target\":[\"https:\/\/global-exam.com\/blog\/es\/examenes\/c1-advanced\/categoria-obten-un-buen-puntaje-c1-advanced\/\"]}]},{\"@type\":\"BreadcrumbList\",\"@id\":\"https:\/\/global-exam.com\/blog\/es\/examenes\/c1-advanced\/categoria-obten-un-buen-puntaje-c1-advanced\/#breadcrumb\",\"itemListElement\":[{\"@type\":\"ListItem\",\"position\":1,\"name\":\"Ex\\u00e1menes de idioma\",\"item\":\"https:\/\/global-exam.com\/blog\/es\/examenes\/\"},{\"@type\":\"ListItem\",\"position\":2,\"name\":\"C1 Advanced\",\"item\":\"https:\/\/global-exam.com\/blog\/es\/examenes\/c1-advanced\/\"},{\"@type\":\"ListItem\",\"position\":3,\"name\":\"Obt\\u00e9n un buen puntaje \\u2013 C1 Advanced\"}]}]}<\/script>\n<!-- \/ Yoast SEO plugin. -->","yoast_head_json":{"title":"Obt\u00e9n un buen puntaje \u2013 C1 Advanced","robots":{"index":"index","follow":"follow","max-snippet":"max-snippet:-1","max-image-preview":"max-image-preview:large","max-video-preview":"max-video-preview:-1"},"canonical":"https:\/\/global-exam.com\/blog\/es\/examenes\/c1-advanced\/categoria-obten-un-buen-puntaje-c1-advanced\/","og_locale":"fr_FR","og_type":"article","og_title":"Obt\u00e9n un buen puntaje \u2013 C1 Advanced","og_description":"Como ya sabr\u00e1s, los ex\u00e1menes de Cambridge ofrecen una\u00a0titulaci\u00f3n reconocida\u00a0y certifican tu nivel de ingl\u00e9s. Y conocer tu nivel es imprescindible para [&hellip;]","og_url":"https:\/\/global-exam.com\/blog\/es\/examenes\/c1-advanced\/categoria-obten-un-buen-puntaje-c1-advanced\/","og_site_name":"GlobalExam Blog","article_publisher":"https:\/\/www.facebook.com\/Global.Exam","article_modified_time":"2022-06-27T14:45:08+00:00","twitter_card":"summary_large_image","twitter_site":"@Global_Exam","twitter_misc":{"Dur\u00e9e de lecture estim\u00e9e":"1 minute"},"schema":{"@context":"https:\/\/schema.org","@graph":[{"@type":"WebSite","@id":"https:\/\/global-exam.com\/blog\/#website","url":"https:\/\/global-exam.com\/blog\/","name":"GlobalExam Blog","description":"Le blog du sp\u00e9cialiste de la certification linguistique","potentialAction":[{"@type":"SearchAction","target":{"@type":"EntryPoint","urlTemplate":"https:\/\/global-exam.com\/blog\/?s={search_term_string}"},"query-input":"required name=search_term_string"}],"inLanguage":"fr-FR"},{"@type":"WebPage","@id":"https:\/\/global-exam.com\/blog\/es\/examenes\/c1-advanced\/categoria-obten-un-buen-puntaje-c1-advanced\/#webpage","url":"https:\/\/global-exam.com\/blog\/es\/examenes\/c1-advanced\/categoria-obten-un-buen-puntaje-c1-advanced\/","name":"Obt\u00e9n un buen puntaje \u2013 C1 Advanced","isPartOf":{"@id":"https:\/\/global-exam.com\/blog\/#website"},"datePublished":"2021-12-13T15:18:08+00:00","dateModified":"2022-06-27T14:45:08+00:00","breadcrumb":{"@id":"https:\/\/global-exam.com\/blog\/es\/examenes\/c1-advanced\/categoria-obten-un-buen-puntaje-c1-advanced\/#breadcrumb"},"inLanguage":"fr-FR","potentialAction":[{"@type":"ReadAction","target":["https:\/\/global-exam.com\/blog\/es\/examenes\/c1-advanced\/categoria-obten-un-buen-puntaje-c1-advanced\/"]}]},{"@type":"BreadcrumbList","@id":"https:\/\/global-exam.com\/blog\/es\/examenes\/c1-advanced\/categoria-obten-un-buen-puntaje-c1-advanced\/#breadcrumb","itemListElement":[{"@type":"ListItem","position":1,"name":"Ex\u00e1menes de idioma","item":"https:\/\/global-exam.com\/blog\/es\/examenes\/"},{"@type":"ListItem","position":2,"name":"C1 Advanced","item":"https:\/\/global-exam.com\/blog\/es\/examenes\/c1-advanced\/"},{"@type":"ListItem","position":3,"name":"Obt\u00e9n un buen puntaje \u2013 C1 Advanced"}]}]}},"lang":"es","translations":{"es":70407},"pll_sync_post":[],"_links":{"self":[{"href":"https:\/\/global-exam.com\/blog\/wp-json\/wp\/v2\/pages\/70407"}],"collection":[{"href":"https:\/\/global-exam.com\/blog\/wp-json\/wp\/v2\/pages"}],"about":[{"href":"https:\/\/global-exam.com\/blog\/wp-json\/wp\/v2\/types\/page"}],"author":[{"embeddable":true,"href":"https:\/\/global-exam.com\/blog\/wp-json\/wp\/v2\/users\/24"}],"replies":[{"embeddable":true,"href":"https:\/\/global-exam.com\/blog\/wp-json\/wp\/v2\/comments?post=70407"}],"version-history":[{"count":3,"href":"https:\/\/global-exam.com\/blog\/wp-json\/wp\/v2\/pages\/70407\/revisions"}],"predecessor-version":[{"id":76635,"href":"https:\/\/global-exam.com\/blog\/wp-json\/wp\/v2\/pages\/70407\/revisions\/76635"}],"up":[{"embeddable":true,"href":"https:\/\/global-exam.com\/blog\/wp-json\/wp\/v2\/pages\/16900"}],"wp:attachment":[{"href":"https:\/\/global-exam.com\/blog\/wp-json\/wp\/v2\/media?parent=70407"}],"curies":[{"name":"wp","href":"https:\/\/api.w.org\/{rel}","templated":true}]}}