{"id":70410,"date":"2021-12-13T16:20:57","date_gmt":"2021-12-13T15:20:57","guid":{"rendered":"https:\/\/global-exam.com\/blog\/?page_id=70410"},"modified":"2022-06-27T16:45:07","modified_gmt":"2022-06-27T14:45:07","slug":"categoria-centros-de-examenes-cae","status":"publish","type":"page","link":"https:\/\/global-exam.com\/blog\/es\/examenes\/c1-advanced\/categoria-centros-de-examenes-cae\/","title":{"rendered":"Centros de examenes CAE"},"content":{"rendered":"<p>Con el\u00a0<strong>C1 Advanced<\/strong>\u00a0vas a demostrar que tienes todas las capacidades para seguir cursos de ingl\u00e9s a nivel universitario, que puedes comunicarte con personas de habla inglesa sobre temas complejos, que eres capaz de participar en reuniones profesionales y seminarios acad\u00e9micos. Pero te preguntar\u00e1s \u00bfd\u00f3nde puedo presentar el C1 Advanced?<\/p>\n<p>En esta categor\u00eda de\u00a0<strong>GlobalExam<\/strong>\u00a0vas a poder informarte sobre los diferentes lugares que existen en\u00a0<strong>Espa\u00f1a<\/strong>\u00a0para presentar el C1 Advanced de Cambridge. La ventaja de las certificaciones Cambridge es que tienen m\u00faltiples\u00a0<strong>centros de ex\u00e1menes por toda Espa\u00f1a<\/strong>, as\u00ed que sin duda alguna, encontrar\u00e1s un lugar cercano a tu domicilio para tomar la prueba.<\/p>\n<p>La categor\u00eda centros de ex\u00e1menes te brinda toda la informaci\u00f3n necesaria sobre los centros de ex\u00e1menes presentes en<strong>\u00a0Alicante, Barcelona, Madrid, Sevilla Valencia y otras ciudades.<\/strong>\u00a0Vas a encontrar un listado con los nombres de los sitios, n\u00famero de tel\u00e9fono, direcci\u00f3n y a qui\u00e9n contactar, as\u00ed como cu\u00e1l es el proceso de inscripci\u00f3n a seguir, el n\u00famero de sesiones y el nivel que certifica este test.<\/p>\n<p>Al presentar esta clase de ex\u00e1menes te est\u00e1s retando a nivel profesional y personal, por lo que no puedes dejar nada al azar. Una\u00a0<strong>buena preparaci\u00f3n<\/strong>\u00a0es la clave para que logres esta certificaci\u00f3n de Cambridge. Lo m\u00e1s importante a la hora de practicar es centrarse en mejorar el nivel de ingl\u00e9s y conocer la estructura del examen.<\/p>\n<p>Nuestra\u00a0<strong>plataforma<\/strong>\u00a0<strong>en l\u00ednea GlobalExam<\/strong>\u00a0te ofrece la posibilidad de presentar un examen que te permite evaluar tu nivel de ingl\u00e9s. Una vez determinado tu nivel, puedes empezar a trabajar las diferentes secciones del CAE con la ayuda de los ejercicios de entrenamiento. Igualmente, tendr\u00e1s a tu disposici\u00f3n cientos de\u00a0<strong>ejercicios de gram\u00e1tica y vocabulario,<\/strong>\u00a0as\u00ed como un modo de entrenamiento que te pondr\u00e1 a prueba en las condiciones reales del examen.<\/p>\n","protected":false},"excerpt":{"rendered":"<p>Con el\u00a0C1 Advanced\u00a0vas a demostrar que tienes todas las capacidades para seguir cursos de ingl\u00e9s a nivel universitario, que puedes comunicarte con [&hellip;]<\/p>\n","protected":false},"author":24,"featured_media":0,"parent":16900,"menu_order":0,"comment_status":"closed","ping_status":"closed","template":"","meta":[],"acf":[],"yoast_head":"<!-- This site is optimized with the Yoast SEO plugin v17.2.1 - https:\/\/yoast.com\/wordpress\/plugins\/seo\/ -->\n<title>Centros de examenes CAE<\/title>\n<meta name=\"robots\" content=\"index, follow, max-snippet:-1, max-image-preview:large, max-video-preview:-1\" \/>\n<link rel=\"canonical\" href=\"https:\/\/global-exam.com\/blog\/es\/examenes\/c1-advanced\/categoria-centros-de-examenes-cae\/\" \/>\n<meta property=\"og:locale\" content=\"fr_FR\" \/>\n<meta property=\"og:type\" content=\"article\" \/>\n<meta property=\"og:title\" content=\"Centros de examenes CAE\" \/>\n<meta property=\"og:description\" content=\"Con el\u00a0C1 Advanced\u00a0vas a demostrar que tienes todas las capacidades para seguir cursos de ingl\u00e9s a nivel universitario, que puedes comunicarte con [&hellip;]\" \/>\n<meta property=\"og:url\" content=\"https:\/\/global-exam.com\/blog\/es\/examenes\/c1-advanced\/categoria-centros-de-examenes-cae\/\" \/>\n<meta property=\"og:site_name\" content=\"GlobalExam Blog\" \/>\n<meta property=\"article:publisher\" content=\"https:\/\/www.facebook.com\/Global.Exam\" \/>\n<meta property=\"article:modified_time\" content=\"2022-06-27T14:45:07+00:00\" \/>\n<meta name=\"twitter:card\" content=\"summary_large_image\" \/>\n<meta name=\"twitter:site\" content=\"@Global_Exam\" \/>\n<meta name=\"twitter:label1\" content=\"Dur\u00e9e de lecture estim\u00e9e\" \/>\n\t<meta name=\"twitter:data1\" content=\"2 minutes\" \/>\n<script type=\"application\/ld+json\" class=\"yoast-schema-graph\">{\"@context\":\"https:\/\/schema.org\",\"@graph\":[{\"@type\":\"WebSite\",\"@id\":\"https:\/\/global-exam.com\/blog\/#website\",\"url\":\"https:\/\/global-exam.com\/blog\/\",\"name\":\"GlobalExam Blog\",\"description\":\"Le blog du sp\\u00e9cialiste de la certification linguistique\",\"potentialAction\":[{\"@type\":\"SearchAction\",\"target\":{\"@type\":\"EntryPoint\",\"urlTemplate\":\"https:\/\/global-exam.com\/blog\/?s={search_term_string}\"},\"query-input\":\"required name=search_term_string\"}],\"inLanguage\":\"fr-FR\"},{\"@type\":\"WebPage\",\"@id\":\"https:\/\/global-exam.com\/blog\/es\/examenes\/c1-advanced\/categoria-centros-de-examenes-cae\/#webpage\",\"url\":\"https:\/\/global-exam.com\/blog\/es\/examenes\/c1-advanced\/categoria-centros-de-examenes-cae\/\",\"name\":\"Centros de examenes CAE\",\"isPartOf\":{\"@id\":\"https:\/\/global-exam.com\/blog\/#website\"},\"datePublished\":\"2021-12-13T15:20:57+00:00\",\"dateModified\":\"2022-06-27T14:45:07+00:00\",\"breadcrumb\":{\"@id\":\"https:\/\/global-exam.com\/blog\/es\/examenes\/c1-advanced\/categoria-centros-de-examenes-cae\/#breadcrumb\"},\"inLanguage\":\"fr-FR\",\"potentialAction\":[{\"@type\":\"ReadAction\",\"target\":[\"https:\/\/global-exam.com\/blog\/es\/examenes\/c1-advanced\/categoria-centros-de-examenes-cae\/\"]}]},{\"@type\":\"BreadcrumbList\",\"@id\":\"https:\/\/global-exam.com\/blog\/es\/examenes\/c1-advanced\/categoria-centros-de-examenes-cae\/#breadcrumb\",\"itemListElement\":[{\"@type\":\"ListItem\",\"position\":1,\"name\":\"Ex\\u00e1menes de idioma\",\"item\":\"https:\/\/global-exam.com\/blog\/es\/examenes\/\"},{\"@type\":\"ListItem\",\"position\":2,\"name\":\"C1 Advanced\",\"item\":\"https:\/\/global-exam.com\/blog\/es\/examenes\/c1-advanced\/\"},{\"@type\":\"ListItem\",\"position\":3,\"name\":\"Centros de examenes CAE\"}]}]}<\/script>\n<!-- \/ Yoast SEO plugin. -->","yoast_head_json":{"title":"Centros de examenes CAE","robots":{"index":"index","follow":"follow","max-snippet":"max-snippet:-1","max-image-preview":"max-image-preview:large","max-video-preview":"max-video-preview:-1"},"canonical":"https:\/\/global-exam.com\/blog\/es\/examenes\/c1-advanced\/categoria-centros-de-examenes-cae\/","og_locale":"fr_FR","og_type":"article","og_title":"Centros de examenes CAE","og_description":"Con el\u00a0C1 Advanced\u00a0vas a demostrar que tienes todas las capacidades para seguir cursos de ingl\u00e9s a nivel universitario, que puedes comunicarte con [&hellip;]","og_url":"https:\/\/global-exam.com\/blog\/es\/examenes\/c1-advanced\/categoria-centros-de-examenes-cae\/","og_site_name":"GlobalExam Blog","article_publisher":"https:\/\/www.facebook.com\/Global.Exam","article_modified_time":"2022-06-27T14:45:07+00:00","twitter_card":"summary_large_image","twitter_site":"@Global_Exam","twitter_misc":{"Dur\u00e9e de lecture estim\u00e9e":"2 minutes"},"schema":{"@context":"https:\/\/schema.org","@graph":[{"@type":"WebSite","@id":"https:\/\/global-exam.com\/blog\/#website","url":"https:\/\/global-exam.com\/blog\/","name":"GlobalExam Blog","description":"Le blog du sp\u00e9cialiste de la certification linguistique","potentialAction":[{"@type":"SearchAction","target":{"@type":"EntryPoint","urlTemplate":"https:\/\/global-exam.com\/blog\/?s={search_term_string}"},"query-input":"required name=search_term_string"}],"inLanguage":"fr-FR"},{"@type":"WebPage","@id":"https:\/\/global-exam.com\/blog\/es\/examenes\/c1-advanced\/categoria-centros-de-examenes-cae\/#webpage","url":"https:\/\/global-exam.com\/blog\/es\/examenes\/c1-advanced\/categoria-centros-de-examenes-cae\/","name":"Centros de examenes CAE","isPartOf":{"@id":"https:\/\/global-exam.com\/blog\/#website"},"datePublished":"2021-12-13T15:20:57+00:00","dateModified":"2022-06-27T14:45:07+00:00","breadcrumb":{"@id":"https:\/\/global-exam.com\/blog\/es\/examenes\/c1-advanced\/categoria-centros-de-examenes-cae\/#breadcrumb"},"inLanguage":"fr-FR","potentialAction":[{"@type":"ReadAction","target":["https:\/\/global-exam.com\/blog\/es\/examenes\/c1-advanced\/categoria-centros-de-examenes-cae\/"]}]},{"@type":"BreadcrumbList","@id":"https:\/\/global-exam.com\/blog\/es\/examenes\/c1-advanced\/categoria-centros-de-examenes-cae\/#breadcrumb","itemListElement":[{"@type":"ListItem","position":1,"name":"Ex\u00e1menes de idioma","item":"https:\/\/global-exam.com\/blog\/es\/examenes\/"},{"@type":"ListItem","position":2,"name":"C1 Advanced","item":"https:\/\/global-exam.com\/blog\/es\/examenes\/c1-advanced\/"},{"@type":"ListItem","position":3,"name":"Centros de examenes CAE"}]}]}},"lang":"es","translations":{"es":70410},"pll_sync_post":[],"_links":{"self":[{"href":"https:\/\/global-exam.com\/blog\/wp-json\/wp\/v2\/pages\/70410"}],"collection":[{"href":"https:\/\/global-exam.com\/blog\/wp-json\/wp\/v2\/pages"}],"about":[{"href":"https:\/\/global-exam.com\/blog\/wp-json\/wp\/v2\/types\/page"}],"author":[{"embeddable":true,"href":"https:\/\/global-exam.com\/blog\/wp-json\/wp\/v2\/users\/24"}],"replies":[{"embeddable":true,"href":"https:\/\/global-exam.com\/blog\/wp-json\/wp\/v2\/comments?post=70410"}],"version-history":[{"count":3,"href":"https:\/\/global-exam.com\/blog\/wp-json\/wp\/v2\/pages\/70410\/revisions"}],"predecessor-version":[{"id":76634,"href":"https:\/\/global-exam.com\/blog\/wp-json\/wp\/v2\/pages\/70410\/revisions\/76634"}],"up":[{"embeddable":true,"href":"https:\/\/global-exam.com\/blog\/wp-json\/wp\/v2\/pages\/16900"}],"wp:attachment":[{"href":"https:\/\/global-exam.com\/blog\/wp-json\/wp\/v2\/media?parent=70410"}],"curies":[{"name":"wp","href":"https:\/\/api.w.org\/{rel}","templated":true}]}}