{"id":70413,"date":"2021-12-13T16:23:26","date_gmt":"2021-12-13T15:23:26","guid":{"rendered":"https:\/\/global-exam.com\/blog\/?page_id=70413"},"modified":"2022-06-27T16:45:07","modified_gmt":"2022-06-27T14:45:07","slug":"categoria-vocabulario-c1-advanced","status":"publish","type":"page","link":"https:\/\/global-exam.com\/blog\/es\/examenes\/c1-advanced\/categoria-vocabulario-c1-advanced\/","title":{"rendered":"Vocabulario C1 Advanced"},"content":{"rendered":"<p><strong>C1 Advanced o Cambridge English Advanced<\/strong>\u00a0(CAE) es una de las certificaciones de ingl\u00e9s m\u00e1s solicitadas por las empresas y las universidades de todo el mundo como prueba de un nivel avanzado de ingl\u00e9s.<\/p>\n<p>La prueba C1 Advanced certifica que tienes excelentes conocimientos en ingl\u00e9s para poder desenvolverte en un \u00e1mbito profesional o acad\u00e9mico. El examen se divide en 4 partes (<strong>comprensi\u00f3n lectora, expresi\u00f3n escrita, comprensi\u00f3n oral y expresi\u00f3n oral)<\/strong>. Por lo tanto, para obtener una buena puntuaci\u00f3n, es importante practicar seriamente cada una de estas partes del examen, especialmente aquellas en las que te sientes menos c\u00f3modo.\u00a0<strong>Prepararse con antelaci\u00f3n es esencial<\/strong>.<\/p>\n<p>Para el d\u00eda del examen, puedes empezar por aumentar tus<strong>\u00a0conocimientos de vocabulario<\/strong>. Al ser una prueba de nivel avanzado el vocabulario exigido debe corresponder a este nivel. Adem\u00e1s, aprender vocabulario mejora la comprensi\u00f3n lectora porque<strong>\u00a0entiendes la mayor\u00eda de las palabras, te expresas mejor y con mayor fluidez<\/strong>\u00a0y corres menos riesgo de utilizar palabras que est\u00e9n fuera de contexto.<\/p>\n<p>Esta<strong>\u00a0categor\u00eda vocabulario est\u00e1 enfocada en ayudarte a revisar m\u00faltiples temas de vocabulario.<\/strong>\u00a0Entre los diferentes temas que encontrar\u00e1s tenemos: c\u00f3mo dar y escribir una direcci\u00f3n, c\u00f3mo decir la hora, los\u00a0<strong>d\u00edas<\/strong>\u00a0y\u00a0<strong>meses<\/strong>\u00a0del a\u00f1o, qu\u00e9 expresiones usar para\u00a0<strong>viajar<\/strong>, c\u00f3mo expresar\u00a0<strong>emociones<\/strong>, c\u00f3mo hablar del\u00a0<strong>tiempo<\/strong>, frases \u00fatiles para ir de\u00a0<strong>compras<\/strong>\u00a0y\u00a0<strong>muchos<\/strong>\u00a0<strong>m\u00e1s<\/strong>\u00a0temas. Estas fichas de vocabulario contienen la explicaci\u00f3n del tema, la traducci\u00f3n en espa\u00f1ol de la palabra, las variaciones de las palabras y algunas frases \u00fatiles para usarlas para que entiendas la palabra en su contexto.<\/p>\n<p>Adem\u00e1s de mejorar tus habilidades en vocabulario, debes practicar cada una de las secciones del C1 Advanced de Cambrige. En GlobalExam dise\u00f1amos ejercicios con base en el CAE, lo que te\u00a0<strong>permite entrenarte en un contexto real al del examen.<\/strong><\/p>\n","protected":false},"excerpt":{"rendered":"<p>C1 Advanced o Cambridge English Advanced\u00a0(CAE) es una de las certificaciones de ingl\u00e9s m\u00e1s solicitadas por las empresas y las universidades de [&hellip;]<\/p>\n","protected":false},"author":24,"featured_media":0,"parent":16900,"menu_order":0,"comment_status":"closed","ping_status":"closed","template":"","meta":[],"acf":[],"yoast_head":"<!-- This site is optimized with the Yoast SEO plugin v17.2.1 - https:\/\/yoast.com\/wordpress\/plugins\/seo\/ -->\n<title>Vocabulario C1 Advanced<\/title>\n<meta name=\"robots\" content=\"index, follow, max-snippet:-1, max-image-preview:large, max-video-preview:-1\" \/>\n<link rel=\"canonical\" href=\"https:\/\/global-exam.com\/blog\/es\/examenes\/c1-advanced\/categoria-vocabulario-c1-advanced\/\" \/>\n<meta property=\"og:locale\" content=\"fr_FR\" \/>\n<meta property=\"og:type\" content=\"article\" \/>\n<meta property=\"og:title\" content=\"Vocabulario C1 Advanced\" \/>\n<meta property=\"og:description\" content=\"C1 Advanced o Cambridge English Advanced\u00a0(CAE) es una de las certificaciones de ingl\u00e9s m\u00e1s solicitadas por las empresas y las universidades de [&hellip;]\" \/>\n<meta property=\"og:url\" content=\"https:\/\/global-exam.com\/blog\/es\/examenes\/c1-advanced\/categoria-vocabulario-c1-advanced\/\" \/>\n<meta property=\"og:site_name\" content=\"GlobalExam Blog\" \/>\n<meta property=\"article:publisher\" content=\"https:\/\/www.facebook.com\/Global.Exam\" \/>\n<meta property=\"article:modified_time\" content=\"2022-06-27T14:45:07+00:00\" \/>\n<meta name=\"twitter:card\" content=\"summary_large_image\" \/>\n<meta name=\"twitter:site\" content=\"@Global_Exam\" \/>\n<meta name=\"twitter:label1\" content=\"Dur\u00e9e de lecture estim\u00e9e\" \/>\n\t<meta name=\"twitter:data1\" content=\"2 minutes\" \/>\n<script type=\"application\/ld+json\" class=\"yoast-schema-graph\">{\"@context\":\"https:\/\/schema.org\",\"@graph\":[{\"@type\":\"WebSite\",\"@id\":\"https:\/\/global-exam.com\/blog\/#website\",\"url\":\"https:\/\/global-exam.com\/blog\/\",\"name\":\"GlobalExam Blog\",\"description\":\"Le blog du sp\\u00e9cialiste de la certification linguistique\",\"potentialAction\":[{\"@type\":\"SearchAction\",\"target\":{\"@type\":\"EntryPoint\",\"urlTemplate\":\"https:\/\/global-exam.com\/blog\/?s={search_term_string}\"},\"query-input\":\"required name=search_term_string\"}],\"inLanguage\":\"fr-FR\"},{\"@type\":\"WebPage\",\"@id\":\"https:\/\/global-exam.com\/blog\/es\/examenes\/c1-advanced\/categoria-vocabulario-c1-advanced\/#webpage\",\"url\":\"https:\/\/global-exam.com\/blog\/es\/examenes\/c1-advanced\/categoria-vocabulario-c1-advanced\/\",\"name\":\"Vocabulario C1 Advanced\",\"isPartOf\":{\"@id\":\"https:\/\/global-exam.com\/blog\/#website\"},\"datePublished\":\"2021-12-13T15:23:26+00:00\",\"dateModified\":\"2022-06-27T14:45:07+00:00\",\"breadcrumb\":{\"@id\":\"https:\/\/global-exam.com\/blog\/es\/examenes\/c1-advanced\/categoria-vocabulario-c1-advanced\/#breadcrumb\"},\"inLanguage\":\"fr-FR\",\"potentialAction\":[{\"@type\":\"ReadAction\",\"target\":[\"https:\/\/global-exam.com\/blog\/es\/examenes\/c1-advanced\/categoria-vocabulario-c1-advanced\/\"]}]},{\"@type\":\"BreadcrumbList\",\"@id\":\"https:\/\/global-exam.com\/blog\/es\/examenes\/c1-advanced\/categoria-vocabulario-c1-advanced\/#breadcrumb\",\"itemListElement\":[{\"@type\":\"ListItem\",\"position\":1,\"name\":\"Ex\\u00e1menes de idioma\",\"item\":\"https:\/\/global-exam.com\/blog\/es\/examenes\/\"},{\"@type\":\"ListItem\",\"position\":2,\"name\":\"C1 Advanced\",\"item\":\"https:\/\/global-exam.com\/blog\/es\/examenes\/c1-advanced\/\"},{\"@type\":\"ListItem\",\"position\":3,\"name\":\"Vocabulario C1 Advanced\"}]}]}<\/script>\n<!-- \/ Yoast SEO plugin. -->","yoast_head_json":{"title":"Vocabulario C1 Advanced","robots":{"index":"index","follow":"follow","max-snippet":"max-snippet:-1","max-image-preview":"max-image-preview:large","max-video-preview":"max-video-preview:-1"},"canonical":"https:\/\/global-exam.com\/blog\/es\/examenes\/c1-advanced\/categoria-vocabulario-c1-advanced\/","og_locale":"fr_FR","og_type":"article","og_title":"Vocabulario C1 Advanced","og_description":"C1 Advanced o Cambridge English Advanced\u00a0(CAE) es una de las certificaciones de ingl\u00e9s m\u00e1s solicitadas por las empresas y las universidades de [&hellip;]","og_url":"https:\/\/global-exam.com\/blog\/es\/examenes\/c1-advanced\/categoria-vocabulario-c1-advanced\/","og_site_name":"GlobalExam Blog","article_publisher":"https:\/\/www.facebook.com\/Global.Exam","article_modified_time":"2022-06-27T14:45:07+00:00","twitter_card":"summary_large_image","twitter_site":"@Global_Exam","twitter_misc":{"Dur\u00e9e de lecture estim\u00e9e":"2 minutes"},"schema":{"@context":"https:\/\/schema.org","@graph":[{"@type":"WebSite","@id":"https:\/\/global-exam.com\/blog\/#website","url":"https:\/\/global-exam.com\/blog\/","name":"GlobalExam Blog","description":"Le blog du sp\u00e9cialiste de la certification linguistique","potentialAction":[{"@type":"SearchAction","target":{"@type":"EntryPoint","urlTemplate":"https:\/\/global-exam.com\/blog\/?s={search_term_string}"},"query-input":"required name=search_term_string"}],"inLanguage":"fr-FR"},{"@type":"WebPage","@id":"https:\/\/global-exam.com\/blog\/es\/examenes\/c1-advanced\/categoria-vocabulario-c1-advanced\/#webpage","url":"https:\/\/global-exam.com\/blog\/es\/examenes\/c1-advanced\/categoria-vocabulario-c1-advanced\/","name":"Vocabulario C1 Advanced","isPartOf":{"@id":"https:\/\/global-exam.com\/blog\/#website"},"datePublished":"2021-12-13T15:23:26+00:00","dateModified":"2022-06-27T14:45:07+00:00","breadcrumb":{"@id":"https:\/\/global-exam.com\/blog\/es\/examenes\/c1-advanced\/categoria-vocabulario-c1-advanced\/#breadcrumb"},"inLanguage":"fr-FR","potentialAction":[{"@type":"ReadAction","target":["https:\/\/global-exam.com\/blog\/es\/examenes\/c1-advanced\/categoria-vocabulario-c1-advanced\/"]}]},{"@type":"BreadcrumbList","@id":"https:\/\/global-exam.com\/blog\/es\/examenes\/c1-advanced\/categoria-vocabulario-c1-advanced\/#breadcrumb","itemListElement":[{"@type":"ListItem","position":1,"name":"Ex\u00e1menes de idioma","item":"https:\/\/global-exam.com\/blog\/es\/examenes\/"},{"@type":"ListItem","position":2,"name":"C1 Advanced","item":"https:\/\/global-exam.com\/blog\/es\/examenes\/c1-advanced\/"},{"@type":"ListItem","position":3,"name":"Vocabulario C1 Advanced"}]}]}},"lang":"es","translations":{"es":70413},"pll_sync_post":[],"_links":{"self":[{"href":"https:\/\/global-exam.com\/blog\/wp-json\/wp\/v2\/pages\/70413"}],"collection":[{"href":"https:\/\/global-exam.com\/blog\/wp-json\/wp\/v2\/pages"}],"about":[{"href":"https:\/\/global-exam.com\/blog\/wp-json\/wp\/v2\/types\/page"}],"author":[{"embeddable":true,"href":"https:\/\/global-exam.com\/blog\/wp-json\/wp\/v2\/users\/24"}],"replies":[{"embeddable":true,"href":"https:\/\/global-exam.com\/blog\/wp-json\/wp\/v2\/comments?post=70413"}],"version-history":[{"count":3,"href":"https:\/\/global-exam.com\/blog\/wp-json\/wp\/v2\/pages\/70413\/revisions"}],"predecessor-version":[{"id":76633,"href":"https:\/\/global-exam.com\/blog\/wp-json\/wp\/v2\/pages\/70413\/revisions\/76633"}],"up":[{"embeddable":true,"href":"https:\/\/global-exam.com\/blog\/wp-json\/wp\/v2\/pages\/16900"}],"wp:attachment":[{"href":"https:\/\/global-exam.com\/blog\/wp-json\/wp\/v2\/media?parent=70413"}],"curies":[{"name":"wp","href":"https:\/\/api.w.org\/{rel}","templated":true}]}}