{"id":70416,"date":"2021-12-13T16:25:40","date_gmt":"2021-12-13T15:25:40","guid":{"rendered":"https:\/\/global-exam.com\/blog\/?page_id=70416"},"modified":"2022-06-27T16:45:06","modified_gmt":"2022-06-27T14:45:06","slug":"categoria-gramatica-cae","status":"publish","type":"page","link":"https:\/\/global-exam.com\/blog\/es\/examenes\/c1-advanced\/categoria-gramatica-cae\/","title":{"rendered":"Gram\u00e1tica CAE"},"content":{"rendered":"<p>El<strong>\u00a0C1 Advanced de Cambridge<\/strong>\u00a0es un examen de reconocimiento internacional. Es decir, que sin importar el lugar donde vayas, todos conocer\u00e1n esta certificaci\u00f3n. El CAE eval\u00faa el nivel C1 y exige un nivel avanzado de ingl\u00e9s, adem\u00e1s tiene una\u00a0<strong>duraci\u00f3n de 4 horas.<\/strong><\/p>\n<p>Esta<strong>\u00a0certificaci\u00f3n Cambridge<\/strong>\u00a0te ayuda a desarrollar los conocimientos necesarios en ingl\u00e9s para trabajar y comunicarse eficazmente en un entorno empresarial, tanto por escrito como oralmente. Sirve como prueba de tu nivel de ingl\u00e9s si has considerado\u00a0<strong>estudiar en el extranjero.<\/strong><\/p>\n<p>Al tratarse de una prueba nivel C1 tus\u00a0<strong>competencias<\/strong>\u00a0<strong>en gram\u00e1tica<\/strong>\u00a0deben ser irreprochables y d\u00e9jame decirte que uno de los\u00a0<strong>errores<\/strong>\u00a0m\u00e1s\u00a0<strong>frecuentes<\/strong>\u00a0durante la prueba es mezclar demasiado los tiempos verbales. En la parte de Writing no tienes que ense\u00f1ar toda la gram\u00e1tica que aprendiste durante a\u00f1os y\u00a0<strong>tampoco usar mil conectores a la vez<\/strong>\u00a0sin saber c\u00f3mo funcionan. Esta clase de errores solo te quitar\u00e1 puntos.<\/p>\n<p>Por ende, te aconsejamos que<strong>\u00a0revises la gram\u00e1tica desde cero.<\/strong>\u00a0A simple vista parece tediosa como tarea, pero si evitas equivocarte al momento de escribir o decir una frase, ya tienes algunos puntos ganados. Con esta categor\u00eda de gram\u00e1tica de\u00a0<strong>GlobalExam<\/strong>\u00a0podr\u00e1s\u00a0<strong>revisar diferentes temas gramaticales<\/strong>\u00a0como: el presente perfecto, presente simple y continuo, adjetivos comparativos y superlativos, conectores, adverbios de frecuencia, condicional, los pronombres relativos, entre otros temas.<\/p>\n<p>Cuando revises alguna\u00a0<strong>ficha de gram\u00e1tica<\/strong>\u00a0te dar\u00e1s cuenta que el contenido se presenta de forma clara y concisa. Al inicio del art\u00edculo encontrar\u00e1s la<strong>\u00a0explicaci\u00f3n del tema, ejemplos y obviamente, ejercicios<\/strong>\u00a0de pr\u00e1ctica. Bien dice el dicho, la pr\u00e1ctica hace al maestro.<\/p>\n<p>Y para terminar tu revisi\u00f3n sobre la<strong>\u00a0gram\u00e1tica inglesa,<\/strong>\u00a0puedes entrar a nuestra plataforma en l\u00ednea de GlobalExam. All\u00ed te presentamos m\u00faltiples ejercicios enfocados en el<strong>\u00a0C1 Advanced de Cambridge,<\/strong> simulacros del examen, fichas de vocabulario y muchas m\u00e1s herramientas que te ayudar\u00e1n a practicar.<\/p>\n","protected":false},"excerpt":{"rendered":"<p>El\u00a0C1 Advanced de Cambridge\u00a0es un examen de reconocimiento internacional. Es decir, que sin importar el lugar donde vayas, todos conocer\u00e1n esta certificaci\u00f3n. [&hellip;]<\/p>\n","protected":false},"author":24,"featured_media":0,"parent":16900,"menu_order":0,"comment_status":"closed","ping_status":"closed","template":"","meta":[],"acf":[],"yoast_head":"<!-- This site is optimized with the Yoast SEO plugin v17.2.1 - https:\/\/yoast.com\/wordpress\/plugins\/seo\/ -->\n<title>Gram\u00e1tica CAE<\/title>\n<meta name=\"robots\" content=\"index, follow, max-snippet:-1, max-image-preview:large, max-video-preview:-1\" \/>\n<link rel=\"canonical\" href=\"https:\/\/global-exam.com\/blog\/es\/examenes\/c1-advanced\/categoria-gramatica-cae\/\" \/>\n<meta property=\"og:locale\" content=\"fr_FR\" \/>\n<meta property=\"og:type\" content=\"article\" \/>\n<meta property=\"og:title\" content=\"Gram\u00e1tica CAE\" \/>\n<meta property=\"og:description\" content=\"El\u00a0C1 Advanced de Cambridge\u00a0es un examen de reconocimiento internacional. Es decir, que sin importar el lugar donde vayas, todos conocer\u00e1n esta certificaci\u00f3n. [&hellip;]\" \/>\n<meta property=\"og:url\" content=\"https:\/\/global-exam.com\/blog\/es\/examenes\/c1-advanced\/categoria-gramatica-cae\/\" \/>\n<meta property=\"og:site_name\" content=\"GlobalExam Blog\" \/>\n<meta property=\"article:publisher\" content=\"https:\/\/www.facebook.com\/Global.Exam\" \/>\n<meta property=\"article:modified_time\" content=\"2022-06-27T14:45:06+00:00\" \/>\n<meta name=\"twitter:card\" content=\"summary_large_image\" \/>\n<meta name=\"twitter:site\" content=\"@Global_Exam\" \/>\n<meta name=\"twitter:label1\" content=\"Dur\u00e9e de lecture estim\u00e9e\" \/>\n\t<meta name=\"twitter:data1\" content=\"2 minutes\" \/>\n<script type=\"application\/ld+json\" class=\"yoast-schema-graph\">{\"@context\":\"https:\/\/schema.org\",\"@graph\":[{\"@type\":\"WebSite\",\"@id\":\"https:\/\/global-exam.com\/blog\/#website\",\"url\":\"https:\/\/global-exam.com\/blog\/\",\"name\":\"GlobalExam Blog\",\"description\":\"Le blog du sp\\u00e9cialiste de la certification linguistique\",\"potentialAction\":[{\"@type\":\"SearchAction\",\"target\":{\"@type\":\"EntryPoint\",\"urlTemplate\":\"https:\/\/global-exam.com\/blog\/?s={search_term_string}\"},\"query-input\":\"required name=search_term_string\"}],\"inLanguage\":\"fr-FR\"},{\"@type\":\"WebPage\",\"@id\":\"https:\/\/global-exam.com\/blog\/es\/examenes\/c1-advanced\/categoria-gramatica-cae\/#webpage\",\"url\":\"https:\/\/global-exam.com\/blog\/es\/examenes\/c1-advanced\/categoria-gramatica-cae\/\",\"name\":\"Gram\\u00e1tica CAE\",\"isPartOf\":{\"@id\":\"https:\/\/global-exam.com\/blog\/#website\"},\"datePublished\":\"2021-12-13T15:25:40+00:00\",\"dateModified\":\"2022-06-27T14:45:06+00:00\",\"breadcrumb\":{\"@id\":\"https:\/\/global-exam.com\/blog\/es\/examenes\/c1-advanced\/categoria-gramatica-cae\/#breadcrumb\"},\"inLanguage\":\"fr-FR\",\"potentialAction\":[{\"@type\":\"ReadAction\",\"target\":[\"https:\/\/global-exam.com\/blog\/es\/examenes\/c1-advanced\/categoria-gramatica-cae\/\"]}]},{\"@type\":\"BreadcrumbList\",\"@id\":\"https:\/\/global-exam.com\/blog\/es\/examenes\/c1-advanced\/categoria-gramatica-cae\/#breadcrumb\",\"itemListElement\":[{\"@type\":\"ListItem\",\"position\":1,\"name\":\"Ex\\u00e1menes de idioma\",\"item\":\"https:\/\/global-exam.com\/blog\/es\/examenes\/\"},{\"@type\":\"ListItem\",\"position\":2,\"name\":\"C1 Advanced\",\"item\":\"https:\/\/global-exam.com\/blog\/es\/examenes\/c1-advanced\/\"},{\"@type\":\"ListItem\",\"position\":3,\"name\":\"Gram\\u00e1tica CAE\"}]}]}<\/script>\n<!-- \/ Yoast SEO plugin. -->","yoast_head_json":{"title":"Gram\u00e1tica CAE","robots":{"index":"index","follow":"follow","max-snippet":"max-snippet:-1","max-image-preview":"max-image-preview:large","max-video-preview":"max-video-preview:-1"},"canonical":"https:\/\/global-exam.com\/blog\/es\/examenes\/c1-advanced\/categoria-gramatica-cae\/","og_locale":"fr_FR","og_type":"article","og_title":"Gram\u00e1tica CAE","og_description":"El\u00a0C1 Advanced de Cambridge\u00a0es un examen de reconocimiento internacional. Es decir, que sin importar el lugar donde vayas, todos conocer\u00e1n esta certificaci\u00f3n. [&hellip;]","og_url":"https:\/\/global-exam.com\/blog\/es\/examenes\/c1-advanced\/categoria-gramatica-cae\/","og_site_name":"GlobalExam Blog","article_publisher":"https:\/\/www.facebook.com\/Global.Exam","article_modified_time":"2022-06-27T14:45:06+00:00","twitter_card":"summary_large_image","twitter_site":"@Global_Exam","twitter_misc":{"Dur\u00e9e de lecture estim\u00e9e":"2 minutes"},"schema":{"@context":"https:\/\/schema.org","@graph":[{"@type":"WebSite","@id":"https:\/\/global-exam.com\/blog\/#website","url":"https:\/\/global-exam.com\/blog\/","name":"GlobalExam Blog","description":"Le blog du sp\u00e9cialiste de la certification linguistique","potentialAction":[{"@type":"SearchAction","target":{"@type":"EntryPoint","urlTemplate":"https:\/\/global-exam.com\/blog\/?s={search_term_string}"},"query-input":"required name=search_term_string"}],"inLanguage":"fr-FR"},{"@type":"WebPage","@id":"https:\/\/global-exam.com\/blog\/es\/examenes\/c1-advanced\/categoria-gramatica-cae\/#webpage","url":"https:\/\/global-exam.com\/blog\/es\/examenes\/c1-advanced\/categoria-gramatica-cae\/","name":"Gram\u00e1tica CAE","isPartOf":{"@id":"https:\/\/global-exam.com\/blog\/#website"},"datePublished":"2021-12-13T15:25:40+00:00","dateModified":"2022-06-27T14:45:06+00:00","breadcrumb":{"@id":"https:\/\/global-exam.com\/blog\/es\/examenes\/c1-advanced\/categoria-gramatica-cae\/#breadcrumb"},"inLanguage":"fr-FR","potentialAction":[{"@type":"ReadAction","target":["https:\/\/global-exam.com\/blog\/es\/examenes\/c1-advanced\/categoria-gramatica-cae\/"]}]},{"@type":"BreadcrumbList","@id":"https:\/\/global-exam.com\/blog\/es\/examenes\/c1-advanced\/categoria-gramatica-cae\/#breadcrumb","itemListElement":[{"@type":"ListItem","position":1,"name":"Ex\u00e1menes de idioma","item":"https:\/\/global-exam.com\/blog\/es\/examenes\/"},{"@type":"ListItem","position":2,"name":"C1 Advanced","item":"https:\/\/global-exam.com\/blog\/es\/examenes\/c1-advanced\/"},{"@type":"ListItem","position":3,"name":"Gram\u00e1tica CAE"}]}]}},"lang":"es","translations":{"es":70416},"pll_sync_post":[],"_links":{"self":[{"href":"https:\/\/global-exam.com\/blog\/wp-json\/wp\/v2\/pages\/70416"}],"collection":[{"href":"https:\/\/global-exam.com\/blog\/wp-json\/wp\/v2\/pages"}],"about":[{"href":"https:\/\/global-exam.com\/blog\/wp-json\/wp\/v2\/types\/page"}],"author":[{"embeddable":true,"href":"https:\/\/global-exam.com\/blog\/wp-json\/wp\/v2\/users\/24"}],"replies":[{"embeddable":true,"href":"https:\/\/global-exam.com\/blog\/wp-json\/wp\/v2\/comments?post=70416"}],"version-history":[{"count":3,"href":"https:\/\/global-exam.com\/blog\/wp-json\/wp\/v2\/pages\/70416\/revisions"}],"predecessor-version":[{"id":76632,"href":"https:\/\/global-exam.com\/blog\/wp-json\/wp\/v2\/pages\/70416\/revisions\/76632"}],"up":[{"embeddable":true,"href":"https:\/\/global-exam.com\/blog\/wp-json\/wp\/v2\/pages\/16900"}],"wp:attachment":[{"href":"https:\/\/global-exam.com\/blog\/wp-json\/wp\/v2\/media?parent=70416"}],"curies":[{"name":"wp","href":"https:\/\/api.w.org\/{rel}","templated":true}]}}