{"id":70419,"date":"2021-12-13T16:57:43","date_gmt":"2021-12-13T15:57:43","guid":{"rendered":"https:\/\/global-exam.com\/blog\/?page_id=70419"},"modified":"2022-09-16T11:41:05","modified_gmt":"2022-09-16T09:41:05","slug":"categoria-introduccion-delf","status":"publish","type":"page","link":"https:\/\/global-exam.com\/blog\/es\/examenes\/delf\/categoria-introduccion-delf\/","title":{"rendered":"Introducci\u00f3n DELF"},"content":{"rendered":"<p>Descubre el examen del DELF<\/p>\n<p>El DELF (Dipl\u00f4me d\u2019\u00e9tudes en langue fran\u00e7aise) y el DALF (Dipl\u00f4me approfondi de langue fran\u00e7aise) son diplomas oficiales internacionales de lengua francesa expedidos por el Ministerio de Educaci\u00f3n Nacional de Francia.<\/p>\n<p>Estos diplomas son\u00a0<strong>internacionalmente reconocidos<\/strong>\u00a0y permiten\u00a0<strong>valorar las competencias en franc\u00e9s<\/strong>, tanto a nivel acad\u00e9mico como profesional, de los no franc\u00f3fonos que desean un reconocimiento oficial de su nivel de franc\u00e9s.<\/p>\n<p>En esta secci\u00f3n, te presentamos las especificidades de los diferentes niveles del DELF-DALF, y la diferencia entre el DELF y otro tipo de certificaci\u00f3n: el TCF (Test de Connaissances du Fran\u00e7ais).<\/p>\n<p>Te informamos asimismo de los diferentes centros en los que preparar el DELF \u2013DALF y los tr\u00e1mites y costes de inscripci\u00f3n, as\u00ed como de las \u00faltimas modificaciones efectuadas por el CIEP (Centro Internacional de Estudios Pedag\u00f3gicos) respecto al DELE.<\/p>\n<p>Como ver\u00e1s, en el DELF-DALF, el objetivo no es tanto obtener la mejor puntuaci\u00f3n, como conseguir los puntos que necesitas para obtener tu nivel:\u00a0<strong>el puntaje obtenido va de 0 a 100<\/strong>\u00a0y tambi\u00e9n tiene una correspondencia con los\u00a0<strong>6 niveles de MCER.\u00a0<\/strong><\/p>\n<p>Para ser admitido, tendr\u00e1s que tener un puntaje m\u00ednimo de 50\/100. Pero ten en cuenta que no podr\u00e1s tener un nota inferior a la media en cada una de las pruebas.<\/p>\n<p>Adem\u00e1s de todas estas informaciones, nuestra plataforma te ofrece la posibilidad de\u00a0<strong>entrenarte en l\u00ednea<\/strong> gracias a diversos ejercicios, respuestas, correcciones y hojas explicativas, dise\u00f1adas por profesores especializados en certificaciones.\u00a0Descubre un mundo de posibilidades y l\u00e1nzate a descubrir nuestra prueba gratuita.<\/p>\n","protected":false},"excerpt":{"rendered":"<p>Descubre el examen del DELF El DELF (Dipl\u00f4me d\u2019\u00e9tudes en langue fran\u00e7aise) y el DALF (Dipl\u00f4me approfondi de langue fran\u00e7aise) son diplomas [&hellip;]<\/p>\n","protected":false},"author":24,"featured_media":0,"parent":18503,"menu_order":0,"comment_status":"closed","ping_status":"closed","template":"","meta":[],"acf":[],"yoast_head":"<!-- This site is optimized with the Yoast SEO plugin v17.2.1 - https:\/\/yoast.com\/wordpress\/plugins\/seo\/ -->\n<title>Introducci\u00f3n DELF<\/title>\n<meta name=\"robots\" content=\"index, follow, max-snippet:-1, max-image-preview:large, max-video-preview:-1\" \/>\n<link rel=\"canonical\" href=\"https:\/\/global-exam.com\/blog\/es\/examenes\/delf\/categoria-introduccion-delf\/\" \/>\n<meta property=\"og:locale\" content=\"fr_FR\" \/>\n<meta property=\"og:type\" content=\"article\" \/>\n<meta property=\"og:title\" content=\"Introducci\u00f3n DELF\" \/>\n<meta property=\"og:description\" content=\"Descubre el examen del DELF El DELF (Dipl\u00f4me d\u2019\u00e9tudes en langue fran\u00e7aise) y el DALF (Dipl\u00f4me approfondi de langue fran\u00e7aise) son diplomas [&hellip;]\" \/>\n<meta property=\"og:url\" content=\"https:\/\/global-exam.com\/blog\/es\/examenes\/delf\/categoria-introduccion-delf\/\" \/>\n<meta property=\"og:site_name\" content=\"GlobalExam Blog\" \/>\n<meta property=\"article:publisher\" content=\"https:\/\/www.facebook.com\/Global.Exam\" \/>\n<meta property=\"article:modified_time\" content=\"2022-09-16T09:41:05+00:00\" \/>\n<meta name=\"twitter:card\" content=\"summary_large_image\" \/>\n<meta name=\"twitter:site\" content=\"@Global_Exam\" \/>\n<meta name=\"twitter:label1\" content=\"Dur\u00e9e de lecture estim\u00e9e\" \/>\n\t<meta name=\"twitter:data1\" content=\"2 minutes\" \/>\n<script type=\"application\/ld+json\" class=\"yoast-schema-graph\">{\"@context\":\"https:\/\/schema.org\",\"@graph\":[{\"@type\":\"WebSite\",\"@id\":\"https:\/\/global-exam.com\/blog\/#website\",\"url\":\"https:\/\/global-exam.com\/blog\/\",\"name\":\"GlobalExam Blog\",\"description\":\"Le blog du sp\\u00e9cialiste de la certification linguistique\",\"potentialAction\":[{\"@type\":\"SearchAction\",\"target\":{\"@type\":\"EntryPoint\",\"urlTemplate\":\"https:\/\/global-exam.com\/blog\/?s={search_term_string}\"},\"query-input\":\"required name=search_term_string\"}],\"inLanguage\":\"fr-FR\"},{\"@type\":\"WebPage\",\"@id\":\"https:\/\/global-exam.com\/blog\/es\/examenes\/delf\/categoria-introduccion-delf\/#webpage\",\"url\":\"https:\/\/global-exam.com\/blog\/es\/examenes\/delf\/categoria-introduccion-delf\/\",\"name\":\"Introducci\\u00f3n DELF\",\"isPartOf\":{\"@id\":\"https:\/\/global-exam.com\/blog\/#website\"},\"datePublished\":\"2021-12-13T15:57:43+00:00\",\"dateModified\":\"2022-09-16T09:41:05+00:00\",\"breadcrumb\":{\"@id\":\"https:\/\/global-exam.com\/blog\/es\/examenes\/delf\/categoria-introduccion-delf\/#breadcrumb\"},\"inLanguage\":\"fr-FR\",\"potentialAction\":[{\"@type\":\"ReadAction\",\"target\":[\"https:\/\/global-exam.com\/blog\/es\/examenes\/delf\/categoria-introduccion-delf\/\"]}]},{\"@type\":\"BreadcrumbList\",\"@id\":\"https:\/\/global-exam.com\/blog\/es\/examenes\/delf\/categoria-introduccion-delf\/#breadcrumb\",\"itemListElement\":[{\"@type\":\"ListItem\",\"position\":1,\"name\":\"Ex\\u00e1menes de idioma\",\"item\":\"https:\/\/global-exam.com\/blog\/es\/examenes\/\"},{\"@type\":\"ListItem\",\"position\":2,\"name\":\"DELF\",\"item\":\"https:\/\/global-exam.com\/blog\/es\/examenes\/delf\/\"},{\"@type\":\"ListItem\",\"position\":3,\"name\":\"Introducci\\u00f3n DELF\"}]}]}<\/script>\n<!-- \/ Yoast SEO plugin. -->","yoast_head_json":{"title":"Introducci\u00f3n DELF","robots":{"index":"index","follow":"follow","max-snippet":"max-snippet:-1","max-image-preview":"max-image-preview:large","max-video-preview":"max-video-preview:-1"},"canonical":"https:\/\/global-exam.com\/blog\/es\/examenes\/delf\/categoria-introduccion-delf\/","og_locale":"fr_FR","og_type":"article","og_title":"Introducci\u00f3n DELF","og_description":"Descubre el examen del DELF El DELF (Dipl\u00f4me d\u2019\u00e9tudes en langue fran\u00e7aise) y el DALF (Dipl\u00f4me approfondi de langue fran\u00e7aise) son diplomas [&hellip;]","og_url":"https:\/\/global-exam.com\/blog\/es\/examenes\/delf\/categoria-introduccion-delf\/","og_site_name":"GlobalExam Blog","article_publisher":"https:\/\/www.facebook.com\/Global.Exam","article_modified_time":"2022-09-16T09:41:05+00:00","twitter_card":"summary_large_image","twitter_site":"@Global_Exam","twitter_misc":{"Dur\u00e9e de lecture estim\u00e9e":"2 minutes"},"schema":{"@context":"https:\/\/schema.org","@graph":[{"@type":"WebSite","@id":"https:\/\/global-exam.com\/blog\/#website","url":"https:\/\/global-exam.com\/blog\/","name":"GlobalExam Blog","description":"Le blog du sp\u00e9cialiste de la certification linguistique","potentialAction":[{"@type":"SearchAction","target":{"@type":"EntryPoint","urlTemplate":"https:\/\/global-exam.com\/blog\/?s={search_term_string}"},"query-input":"required name=search_term_string"}],"inLanguage":"fr-FR"},{"@type":"WebPage","@id":"https:\/\/global-exam.com\/blog\/es\/examenes\/delf\/categoria-introduccion-delf\/#webpage","url":"https:\/\/global-exam.com\/blog\/es\/examenes\/delf\/categoria-introduccion-delf\/","name":"Introducci\u00f3n DELF","isPartOf":{"@id":"https:\/\/global-exam.com\/blog\/#website"},"datePublished":"2021-12-13T15:57:43+00:00","dateModified":"2022-09-16T09:41:05+00:00","breadcrumb":{"@id":"https:\/\/global-exam.com\/blog\/es\/examenes\/delf\/categoria-introduccion-delf\/#breadcrumb"},"inLanguage":"fr-FR","potentialAction":[{"@type":"ReadAction","target":["https:\/\/global-exam.com\/blog\/es\/examenes\/delf\/categoria-introduccion-delf\/"]}]},{"@type":"BreadcrumbList","@id":"https:\/\/global-exam.com\/blog\/es\/examenes\/delf\/categoria-introduccion-delf\/#breadcrumb","itemListElement":[{"@type":"ListItem","position":1,"name":"Ex\u00e1menes de idioma","item":"https:\/\/global-exam.com\/blog\/es\/examenes\/"},{"@type":"ListItem","position":2,"name":"DELF","item":"https:\/\/global-exam.com\/blog\/es\/examenes\/delf\/"},{"@type":"ListItem","position":3,"name":"Introducci\u00f3n DELF"}]}]}},"lang":"es","translations":{"es":70419},"pll_sync_post":[],"_links":{"self":[{"href":"https:\/\/global-exam.com\/blog\/wp-json\/wp\/v2\/pages\/70419"}],"collection":[{"href":"https:\/\/global-exam.com\/blog\/wp-json\/wp\/v2\/pages"}],"about":[{"href":"https:\/\/global-exam.com\/blog\/wp-json\/wp\/v2\/types\/page"}],"author":[{"embeddable":true,"href":"https:\/\/global-exam.com\/blog\/wp-json\/wp\/v2\/users\/24"}],"replies":[{"embeddable":true,"href":"https:\/\/global-exam.com\/blog\/wp-json\/wp\/v2\/comments?post=70419"}],"version-history":[{"count":4,"href":"https:\/\/global-exam.com\/blog\/wp-json\/wp\/v2\/pages\/70419\/revisions"}],"predecessor-version":[{"id":79525,"href":"https:\/\/global-exam.com\/blog\/wp-json\/wp\/v2\/pages\/70419\/revisions\/79525"}],"up":[{"embeddable":true,"href":"https:\/\/global-exam.com\/blog\/wp-json\/wp\/v2\/pages\/18503"}],"wp:attachment":[{"href":"https:\/\/global-exam.com\/blog\/wp-json\/wp\/v2\/media?parent=70419"}],"curies":[{"name":"wp","href":"https:\/\/api.w.org\/{rel}","templated":true}]}}