{"id":70440,"date":"2021-12-13T17:00:12","date_gmt":"2021-12-13T16:00:12","guid":{"rendered":"https:\/\/global-exam.com\/blog\/?page_id=70440"},"modified":"2022-09-16T11:39:53","modified_gmt":"2022-09-16T09:39:53","slug":"categoria-instrucciones-delf","status":"publish","type":"page","link":"https:\/\/global-exam.com\/blog\/es\/examenes\/delf\/categoria-instrucciones-delf\/","title":{"rendered":"Instrucciones DELF"},"content":{"rendered":"<p>Descubre la estructura del DELF<\/p>\n<p>Si deseas <strong>demostrar tu nivel de franc\u00e9s<\/strong>, es fundamental que conozcas una de las certificaciones oficiales de referencia. El DELF (Dipl\u00f4me d\u2019\u00e9tudes en langue fran\u00e7aise) y el DALF (Dipl\u00f4me approfondi de langue fran\u00e7aise) son diplomas oficiales internacionales de lengua francesa expedidos por el Ministerio de Educaci\u00f3n Nacional de Francia.<\/p>\n<p>Estos diplomas son internacionalmente reconocidos y permiten\u00a0<strong>valorar las competencias en franc\u00e9s<\/strong>, tanto a nivel acad\u00e9mico como profesional, de los no franc\u00f3fonos que desean un reconocimiento oficial de su nivel de franc\u00e9s.\u00a0El DELF B2 o el DALF constituyen un\u00a0<strong>acceso directo a las universidades francesas<\/strong>\u00a0y a un n\u00famero cada vez mayor de universidades europeas y franc\u00f3fonas.\u00a0Otra ventaja : \u00a1Los DELF tienen\u00a0<strong>validez permanente<\/strong>!<\/p>\n<p>Existen diferentes versiones de DELF, seg\u00fan el perfil de los candidatos. Descubre con nosotros cada una de ellas: DELF para estudiantes, DELF Prim, DELF Junior, DEFL Pro, DELF para adultos, DELF para todos los p\u00fablicos y DALF.<\/p>\n<p>El DEFL mide tus habilidades en las cuatro destrezas:<strong>\u00a0Comprensi\u00f3n escrita, Comprensi\u00f3n oral, Expresi\u00f3n escrita y Expresi\u00f3n oral<\/strong>, cada una valorada en 25 puntos.<\/p>\n<p>Algo que debes saber, es\u00a0 que no existe un \u00fanico examen para situarte en los diferentes niveles del Marco Com\u00fan Europeo, sino cada uno de los niveles est\u00e1 asociado a un examen.<\/p>\n<p>\u00bfQu\u00e9 quiere decir esto? Que el DELF es un examen que exige conocer bien el terreno antes de lanzarse. Nuestro objetivo es guiarte para que te puedas familiarizar con las pruebas.\u00a0 Te proporcionamos recursos y estrategias de preparaci\u00f3n a trav\u00e9s de nuestra plataforma y de un equipo de docentes expertos en certificaciones.\u00a0No esperes m\u00e1s, descubre tu nivel: entra y realiza un Delf de prueba gratuito.<\/p>\n","protected":false},"excerpt":{"rendered":"<p>Descubre la estructura del DELF Si deseas demostrar tu nivel de franc\u00e9s, es fundamental que conozcas una de las certificaciones oficiales de [&hellip;]<\/p>\n","protected":false},"author":24,"featured_media":0,"parent":18503,"menu_order":0,"comment_status":"closed","ping_status":"closed","template":"","meta":[],"acf":[],"yoast_head":"<!-- This site is optimized with the Yoast SEO plugin v17.2.1 - https:\/\/yoast.com\/wordpress\/plugins\/seo\/ -->\n<title>Instrucciones DELF<\/title>\n<meta name=\"robots\" content=\"index, follow, max-snippet:-1, max-image-preview:large, max-video-preview:-1\" \/>\n<link rel=\"canonical\" href=\"https:\/\/global-exam.com\/blog\/es\/examenes\/delf\/categoria-instrucciones-delf\/\" \/>\n<meta property=\"og:locale\" content=\"fr_FR\" \/>\n<meta property=\"og:type\" content=\"article\" \/>\n<meta property=\"og:title\" content=\"Instrucciones DELF\" \/>\n<meta property=\"og:description\" content=\"Descubre la estructura del DELF Si deseas demostrar tu nivel de franc\u00e9s, es fundamental que conozcas una de las certificaciones oficiales de [&hellip;]\" \/>\n<meta property=\"og:url\" content=\"https:\/\/global-exam.com\/blog\/es\/examenes\/delf\/categoria-instrucciones-delf\/\" \/>\n<meta property=\"og:site_name\" content=\"GlobalExam Blog\" \/>\n<meta property=\"article:publisher\" content=\"https:\/\/www.facebook.com\/Global.Exam\" \/>\n<meta property=\"article:modified_time\" content=\"2022-09-16T09:39:53+00:00\" \/>\n<meta name=\"twitter:card\" content=\"summary_large_image\" \/>\n<meta name=\"twitter:site\" content=\"@Global_Exam\" \/>\n<meta name=\"twitter:label1\" content=\"Dur\u00e9e de lecture estim\u00e9e\" \/>\n\t<meta name=\"twitter:data1\" content=\"2 minutes\" \/>\n<script type=\"application\/ld+json\" class=\"yoast-schema-graph\">{\"@context\":\"https:\/\/schema.org\",\"@graph\":[{\"@type\":\"WebSite\",\"@id\":\"https:\/\/global-exam.com\/blog\/#website\",\"url\":\"https:\/\/global-exam.com\/blog\/\",\"name\":\"GlobalExam Blog\",\"description\":\"Le blog du sp\\u00e9cialiste de la certification linguistique\",\"potentialAction\":[{\"@type\":\"SearchAction\",\"target\":{\"@type\":\"EntryPoint\",\"urlTemplate\":\"https:\/\/global-exam.com\/blog\/?s={search_term_string}\"},\"query-input\":\"required name=search_term_string\"}],\"inLanguage\":\"fr-FR\"},{\"@type\":\"WebPage\",\"@id\":\"https:\/\/global-exam.com\/blog\/es\/examenes\/delf\/categoria-instrucciones-delf\/#webpage\",\"url\":\"https:\/\/global-exam.com\/blog\/es\/examenes\/delf\/categoria-instrucciones-delf\/\",\"name\":\"Instrucciones DELF\",\"isPartOf\":{\"@id\":\"https:\/\/global-exam.com\/blog\/#website\"},\"datePublished\":\"2021-12-13T16:00:12+00:00\",\"dateModified\":\"2022-09-16T09:39:53+00:00\",\"breadcrumb\":{\"@id\":\"https:\/\/global-exam.com\/blog\/es\/examenes\/delf\/categoria-instrucciones-delf\/#breadcrumb\"},\"inLanguage\":\"fr-FR\",\"potentialAction\":[{\"@type\":\"ReadAction\",\"target\":[\"https:\/\/global-exam.com\/blog\/es\/examenes\/delf\/categoria-instrucciones-delf\/\"]}]},{\"@type\":\"BreadcrumbList\",\"@id\":\"https:\/\/global-exam.com\/blog\/es\/examenes\/delf\/categoria-instrucciones-delf\/#breadcrumb\",\"itemListElement\":[{\"@type\":\"ListItem\",\"position\":1,\"name\":\"Ex\\u00e1menes de idioma\",\"item\":\"https:\/\/global-exam.com\/blog\/es\/examenes\/\"},{\"@type\":\"ListItem\",\"position\":2,\"name\":\"DELF\",\"item\":\"https:\/\/global-exam.com\/blog\/es\/examenes\/delf\/\"},{\"@type\":\"ListItem\",\"position\":3,\"name\":\"Instrucciones DELF\"}]}]}<\/script>\n<!-- \/ Yoast SEO plugin. -->","yoast_head_json":{"title":"Instrucciones DELF","robots":{"index":"index","follow":"follow","max-snippet":"max-snippet:-1","max-image-preview":"max-image-preview:large","max-video-preview":"max-video-preview:-1"},"canonical":"https:\/\/global-exam.com\/blog\/es\/examenes\/delf\/categoria-instrucciones-delf\/","og_locale":"fr_FR","og_type":"article","og_title":"Instrucciones DELF","og_description":"Descubre la estructura del DELF Si deseas demostrar tu nivel de franc\u00e9s, es fundamental que conozcas una de las certificaciones oficiales de [&hellip;]","og_url":"https:\/\/global-exam.com\/blog\/es\/examenes\/delf\/categoria-instrucciones-delf\/","og_site_name":"GlobalExam Blog","article_publisher":"https:\/\/www.facebook.com\/Global.Exam","article_modified_time":"2022-09-16T09:39:53+00:00","twitter_card":"summary_large_image","twitter_site":"@Global_Exam","twitter_misc":{"Dur\u00e9e de lecture estim\u00e9e":"2 minutes"},"schema":{"@context":"https:\/\/schema.org","@graph":[{"@type":"WebSite","@id":"https:\/\/global-exam.com\/blog\/#website","url":"https:\/\/global-exam.com\/blog\/","name":"GlobalExam Blog","description":"Le blog du sp\u00e9cialiste de la certification linguistique","potentialAction":[{"@type":"SearchAction","target":{"@type":"EntryPoint","urlTemplate":"https:\/\/global-exam.com\/blog\/?s={search_term_string}"},"query-input":"required name=search_term_string"}],"inLanguage":"fr-FR"},{"@type":"WebPage","@id":"https:\/\/global-exam.com\/blog\/es\/examenes\/delf\/categoria-instrucciones-delf\/#webpage","url":"https:\/\/global-exam.com\/blog\/es\/examenes\/delf\/categoria-instrucciones-delf\/","name":"Instrucciones DELF","isPartOf":{"@id":"https:\/\/global-exam.com\/blog\/#website"},"datePublished":"2021-12-13T16:00:12+00:00","dateModified":"2022-09-16T09:39:53+00:00","breadcrumb":{"@id":"https:\/\/global-exam.com\/blog\/es\/examenes\/delf\/categoria-instrucciones-delf\/#breadcrumb"},"inLanguage":"fr-FR","potentialAction":[{"@type":"ReadAction","target":["https:\/\/global-exam.com\/blog\/es\/examenes\/delf\/categoria-instrucciones-delf\/"]}]},{"@type":"BreadcrumbList","@id":"https:\/\/global-exam.com\/blog\/es\/examenes\/delf\/categoria-instrucciones-delf\/#breadcrumb","itemListElement":[{"@type":"ListItem","position":1,"name":"Ex\u00e1menes de idioma","item":"https:\/\/global-exam.com\/blog\/es\/examenes\/"},{"@type":"ListItem","position":2,"name":"DELF","item":"https:\/\/global-exam.com\/blog\/es\/examenes\/delf\/"},{"@type":"ListItem","position":3,"name":"Instrucciones DELF"}]}]}},"lang":"es","translations":{"es":70440},"pll_sync_post":[],"_links":{"self":[{"href":"https:\/\/global-exam.com\/blog\/wp-json\/wp\/v2\/pages\/70440"}],"collection":[{"href":"https:\/\/global-exam.com\/blog\/wp-json\/wp\/v2\/pages"}],"about":[{"href":"https:\/\/global-exam.com\/blog\/wp-json\/wp\/v2\/types\/page"}],"author":[{"embeddable":true,"href":"https:\/\/global-exam.com\/blog\/wp-json\/wp\/v2\/users\/24"}],"replies":[{"embeddable":true,"href":"https:\/\/global-exam.com\/blog\/wp-json\/wp\/v2\/comments?post=70440"}],"version-history":[{"count":4,"href":"https:\/\/global-exam.com\/blog\/wp-json\/wp\/v2\/pages\/70440\/revisions"}],"predecessor-version":[{"id":79524,"href":"https:\/\/global-exam.com\/blog\/wp-json\/wp\/v2\/pages\/70440\/revisions\/79524"}],"up":[{"embeddable":true,"href":"https:\/\/global-exam.com\/blog\/wp-json\/wp\/v2\/pages\/18503"}],"wp:attachment":[{"href":"https:\/\/global-exam.com\/blog\/wp-json\/wp\/v2\/media?parent=70440"}],"curies":[{"name":"wp","href":"https:\/\/api.w.org\/{rel}","templated":true}]}}