{"id":70444,"date":"2021-12-13T17:03:47","date_gmt":"2021-12-13T16:03:47","guid":{"rendered":"https:\/\/global-exam.com\/blog\/?page_id=70444"},"modified":"2022-09-16T11:42:03","modified_gmt":"2022-09-16T09:42:03","slug":"categoria-material-de-practica-delf","status":"publish","type":"page","link":"https:\/\/global-exam.com\/blog\/es\/examenes\/delf\/categoria-material-de-practica-delf\/","title":{"rendered":"Material de pr\u00e1ctica DELF"},"content":{"rendered":"<p>Encuentra recursos para practicar<\/p>\n<p>El DELF y el DALF son los diplomas oficiales expedidos por el Ministerio de Educaci\u00f3n franc\u00e9s para <strong>certificar las competencias en lengua francesa<\/strong>\u00a0de los candidatos extranjeros.\u00a0El DELF y el DALF se componen de\u00a0<strong>6 diplomas independientes<\/strong>, que corresponden a los seis niveles del Marco com\u00fan europeo de referencia para las lenguas (MCER)<\/p>\n<p>Como sabr\u00e1s, existen diversas alternativas para preparar este examen: libros, sitios internet, preparaci\u00f3n con ayuda de un tutor\u2026 \u00bfCu\u00e1l escoger? Debes seleccionar aquella que corresponda a tu estilo de aprendizaje, tu nivel, tus necesidades y tu disponibilidad.<\/p>\n<p>En esta secci\u00f3n te ofrecemos una lista de los mejores manuales para la preparaci\u00f3n del DELF\u2013DALF, y una selecci\u00f3n de los mejores sitios para prepararse en l\u00ednea.<\/p>\n<p>Tambi\u00e9n nosotros podemos ofrecerte todo lo que necesitas para prepararte, empezando por determinar tu nivel, que podr\u00e1s conocer mediante\u00a0<strong>una prueba de DELF gratuita.\u00a0<\/strong><\/p>\n<p>Esto es un requisito indispensable antes de empezar: recuerda que el DELF no te sit\u00faa en un nivel en funci\u00f3n de tus resultados, como sucede con otro tipo de ex\u00e1menes. En este caso, t\u00fa eres qui\u00e9n debe elegir el nivel al que presentarte, con la suficiente antelaci\u00f3n y seguridad para garantizar tu \u00e9xito.<\/p>\n<p>Descubre las opciones que te proponemos, basadas en<strong>\u00a0material de examen y condiciones reales de preparaci\u00f3n.\u00a0<\/strong>Descubre un valor indudable: nuestra prueba gratuita.<\/p>\n","protected":false},"excerpt":{"rendered":"<p>Encuentra recursos para practicar El DELF y el DALF son los diplomas oficiales expedidos por el Ministerio de Educaci\u00f3n franc\u00e9s para certificar [&hellip;]<\/p>\n","protected":false},"author":24,"featured_media":0,"parent":18503,"menu_order":0,"comment_status":"closed","ping_status":"closed","template":"","meta":[],"acf":[],"yoast_head":"<!-- This site is optimized with the Yoast SEO plugin v17.2.1 - https:\/\/yoast.com\/wordpress\/plugins\/seo\/ -->\n<title>Material de pr\u00e1ctica DELF<\/title>\n<meta name=\"robots\" content=\"index, follow, max-snippet:-1, max-image-preview:large, max-video-preview:-1\" \/>\n<link rel=\"canonical\" href=\"https:\/\/global-exam.com\/blog\/es\/examenes\/delf\/categoria-material-de-practica-delf\/\" \/>\n<meta property=\"og:locale\" content=\"fr_FR\" \/>\n<meta property=\"og:type\" content=\"article\" \/>\n<meta property=\"og:title\" content=\"Material de pr\u00e1ctica DELF\" \/>\n<meta property=\"og:description\" content=\"Encuentra recursos para practicar El DELF y el DALF son los diplomas oficiales expedidos por el Ministerio de Educaci\u00f3n franc\u00e9s para certificar [&hellip;]\" \/>\n<meta property=\"og:url\" content=\"https:\/\/global-exam.com\/blog\/es\/examenes\/delf\/categoria-material-de-practica-delf\/\" \/>\n<meta property=\"og:site_name\" content=\"GlobalExam Blog\" \/>\n<meta property=\"article:publisher\" content=\"https:\/\/www.facebook.com\/Global.Exam\" \/>\n<meta property=\"article:modified_time\" content=\"2022-09-16T09:42:03+00:00\" \/>\n<meta name=\"twitter:card\" content=\"summary_large_image\" \/>\n<meta name=\"twitter:site\" content=\"@Global_Exam\" \/>\n<meta name=\"twitter:label1\" content=\"Dur\u00e9e de lecture estim\u00e9e\" \/>\n\t<meta name=\"twitter:data1\" content=\"1 minute\" \/>\n<script type=\"application\/ld+json\" class=\"yoast-schema-graph\">{\"@context\":\"https:\/\/schema.org\",\"@graph\":[{\"@type\":\"WebSite\",\"@id\":\"https:\/\/global-exam.com\/blog\/#website\",\"url\":\"https:\/\/global-exam.com\/blog\/\",\"name\":\"GlobalExam Blog\",\"description\":\"Le blog du sp\\u00e9cialiste de la certification linguistique\",\"potentialAction\":[{\"@type\":\"SearchAction\",\"target\":{\"@type\":\"EntryPoint\",\"urlTemplate\":\"https:\/\/global-exam.com\/blog\/?s={search_term_string}\"},\"query-input\":\"required name=search_term_string\"}],\"inLanguage\":\"fr-FR\"},{\"@type\":\"WebPage\",\"@id\":\"https:\/\/global-exam.com\/blog\/es\/examenes\/delf\/categoria-material-de-practica-delf\/#webpage\",\"url\":\"https:\/\/global-exam.com\/blog\/es\/examenes\/delf\/categoria-material-de-practica-delf\/\",\"name\":\"Material de pr\\u00e1ctica DELF\",\"isPartOf\":{\"@id\":\"https:\/\/global-exam.com\/blog\/#website\"},\"datePublished\":\"2021-12-13T16:03:47+00:00\",\"dateModified\":\"2022-09-16T09:42:03+00:00\",\"breadcrumb\":{\"@id\":\"https:\/\/global-exam.com\/blog\/es\/examenes\/delf\/categoria-material-de-practica-delf\/#breadcrumb\"},\"inLanguage\":\"fr-FR\",\"potentialAction\":[{\"@type\":\"ReadAction\",\"target\":[\"https:\/\/global-exam.com\/blog\/es\/examenes\/delf\/categoria-material-de-practica-delf\/\"]}]},{\"@type\":\"BreadcrumbList\",\"@id\":\"https:\/\/global-exam.com\/blog\/es\/examenes\/delf\/categoria-material-de-practica-delf\/#breadcrumb\",\"itemListElement\":[{\"@type\":\"ListItem\",\"position\":1,\"name\":\"Ex\\u00e1menes de idioma\",\"item\":\"https:\/\/global-exam.com\/blog\/es\/examenes\/\"},{\"@type\":\"ListItem\",\"position\":2,\"name\":\"DELF\",\"item\":\"https:\/\/global-exam.com\/blog\/es\/examenes\/delf\/\"},{\"@type\":\"ListItem\",\"position\":3,\"name\":\"Material de pr\\u00e1ctica DELF\"}]}]}<\/script>\n<!-- \/ Yoast SEO plugin. -->","yoast_head_json":{"title":"Material de pr\u00e1ctica DELF","robots":{"index":"index","follow":"follow","max-snippet":"max-snippet:-1","max-image-preview":"max-image-preview:large","max-video-preview":"max-video-preview:-1"},"canonical":"https:\/\/global-exam.com\/blog\/es\/examenes\/delf\/categoria-material-de-practica-delf\/","og_locale":"fr_FR","og_type":"article","og_title":"Material de pr\u00e1ctica DELF","og_description":"Encuentra recursos para practicar El DELF y el DALF son los diplomas oficiales expedidos por el Ministerio de Educaci\u00f3n franc\u00e9s para certificar [&hellip;]","og_url":"https:\/\/global-exam.com\/blog\/es\/examenes\/delf\/categoria-material-de-practica-delf\/","og_site_name":"GlobalExam Blog","article_publisher":"https:\/\/www.facebook.com\/Global.Exam","article_modified_time":"2022-09-16T09:42:03+00:00","twitter_card":"summary_large_image","twitter_site":"@Global_Exam","twitter_misc":{"Dur\u00e9e de lecture estim\u00e9e":"1 minute"},"schema":{"@context":"https:\/\/schema.org","@graph":[{"@type":"WebSite","@id":"https:\/\/global-exam.com\/blog\/#website","url":"https:\/\/global-exam.com\/blog\/","name":"GlobalExam Blog","description":"Le blog du sp\u00e9cialiste de la certification linguistique","potentialAction":[{"@type":"SearchAction","target":{"@type":"EntryPoint","urlTemplate":"https:\/\/global-exam.com\/blog\/?s={search_term_string}"},"query-input":"required name=search_term_string"}],"inLanguage":"fr-FR"},{"@type":"WebPage","@id":"https:\/\/global-exam.com\/blog\/es\/examenes\/delf\/categoria-material-de-practica-delf\/#webpage","url":"https:\/\/global-exam.com\/blog\/es\/examenes\/delf\/categoria-material-de-practica-delf\/","name":"Material de pr\u00e1ctica DELF","isPartOf":{"@id":"https:\/\/global-exam.com\/blog\/#website"},"datePublished":"2021-12-13T16:03:47+00:00","dateModified":"2022-09-16T09:42:03+00:00","breadcrumb":{"@id":"https:\/\/global-exam.com\/blog\/es\/examenes\/delf\/categoria-material-de-practica-delf\/#breadcrumb"},"inLanguage":"fr-FR","potentialAction":[{"@type":"ReadAction","target":["https:\/\/global-exam.com\/blog\/es\/examenes\/delf\/categoria-material-de-practica-delf\/"]}]},{"@type":"BreadcrumbList","@id":"https:\/\/global-exam.com\/blog\/es\/examenes\/delf\/categoria-material-de-practica-delf\/#breadcrumb","itemListElement":[{"@type":"ListItem","position":1,"name":"Ex\u00e1menes de idioma","item":"https:\/\/global-exam.com\/blog\/es\/examenes\/"},{"@type":"ListItem","position":2,"name":"DELF","item":"https:\/\/global-exam.com\/blog\/es\/examenes\/delf\/"},{"@type":"ListItem","position":3,"name":"Material de pr\u00e1ctica DELF"}]}]}},"lang":"es","translations":{"es":70444},"pll_sync_post":[],"_links":{"self":[{"href":"https:\/\/global-exam.com\/blog\/wp-json\/wp\/v2\/pages\/70444"}],"collection":[{"href":"https:\/\/global-exam.com\/blog\/wp-json\/wp\/v2\/pages"}],"about":[{"href":"https:\/\/global-exam.com\/blog\/wp-json\/wp\/v2\/types\/page"}],"author":[{"embeddable":true,"href":"https:\/\/global-exam.com\/blog\/wp-json\/wp\/v2\/users\/24"}],"replies":[{"embeddable":true,"href":"https:\/\/global-exam.com\/blog\/wp-json\/wp\/v2\/comments?post=70444"}],"version-history":[{"count":4,"href":"https:\/\/global-exam.com\/blog\/wp-json\/wp\/v2\/pages\/70444\/revisions"}],"predecessor-version":[{"id":79526,"href":"https:\/\/global-exam.com\/blog\/wp-json\/wp\/v2\/pages\/70444\/revisions\/79526"}],"up":[{"embeddable":true,"href":"https:\/\/global-exam.com\/blog\/wp-json\/wp\/v2\/pages\/18503"}],"wp:attachment":[{"href":"https:\/\/global-exam.com\/blog\/wp-json\/wp\/v2\/media?parent=70444"}],"curies":[{"name":"wp","href":"https:\/\/api.w.org\/{rel}","templated":true}]}}