{"id":70449,"date":"2021-12-13T17:06:18","date_gmt":"2021-12-13T16:06:18","guid":{"rendered":"https:\/\/global-exam.com\/blog\/?page_id=70449"},"modified":"2022-09-16T11:44:21","modified_gmt":"2022-09-16T09:44:21","slug":"categoria-obten-un-buen-puntaje-delf","status":"publish","type":"page","link":"https:\/\/global-exam.com\/blog\/es\/examenes\/delf\/categoria-obten-un-buen-puntaje-delf\/","title":{"rendered":"Obt\u00e9n un buen puntaje DELF"},"content":{"rendered":"<p>Prep\u00e1rate para el DELF<\/p>\n<p>El DELF es un examen oficial emitido por el Ministerio de Educaci\u00f3n franc\u00e9s para certificar el nivel en este idioma. \u00danica condici\u00f3n: <strong>el franc\u00e9s no debe ser la lengua materna del candidato.\u00a0<\/strong><\/p>\n<p>El DELF\u00a0<strong>eval\u00faa las cuatro principales competencias<\/strong>\u00a0(expresi\u00f3n oral y escrita, y comprensi\u00f3n oral y escrita) y cubre todos los niveles del MCER. Para C1 y C2, para los usuarios m\u00e1s avanzados, existe otro examen, de estructura similar: el DALF.<\/p>\n<p>En esta secci\u00f3n, podr\u00e1s encontrar la informaci\u00f3n que necesitas para comprender la estructura de cada uno de los ex\u00e1menes, y saber a qu\u00e9 nivel optar.\u00a0Te mostramos tambi\u00e9n la\u00a0<strong>tabla de correspondencia entre los niveles de DELF-DALF y los del MCER.\u00a0<\/strong><\/p>\n<p>\u00bfCu\u00e1l es la clave del \u00e9xito?\u00a0 Es esencial saber que no existe un examen \u00fanico, que te sit\u00faa en varios niveles, sino que a cada nivel corresponde un examen diferente. Por ello, es fundamental que conozcas tu nivel de franc\u00e9s antes de decidir\u00a0 a qu\u00e9 nivel del DELF te vas a presentar.<\/p>\n<p>La duraci\u00f3n de las pruebas, la complejidad de las nociones de gram\u00e1tica y vocabulario, as\u00ed como los requisitos en t\u00e9rminos de capacidad interactiva y comunicativa, se intensifican gradualmente hasta C2.<\/p>\n<p>Deja que te orientemos para\u00a0<strong>seleccionar el nivel m\u00e1s adaptado<\/strong>\u00a0y para\u00a0<strong>guiarte en la preparaci\u00f3n el examen<\/strong>.\u00a0\u00a0Conf\u00eda en nuestros recursos y estrategias, y maximiza tus\u00a0 posibilidades de \u00e9xito gracias a un perfecto conocimiento de cada una de las pruebas y las tareas que contienen.<\/p>\n<p>Tu objetivo tiene que estar claro: te ayudamos a descubrir tus posibilidades.<\/p>\n","protected":false},"excerpt":{"rendered":"<p>Prep\u00e1rate para el DELF El DELF es un examen oficial emitido por el Ministerio de Educaci\u00f3n franc\u00e9s para certificar el nivel en [&hellip;]<\/p>\n","protected":false},"author":24,"featured_media":0,"parent":18503,"menu_order":0,"comment_status":"closed","ping_status":"closed","template":"","meta":[],"acf":[],"yoast_head":"<!-- This site is optimized with the Yoast SEO plugin v17.2.1 - https:\/\/yoast.com\/wordpress\/plugins\/seo\/ -->\n<title>Obt\u00e9n un buen puntaje DELF<\/title>\n<meta name=\"robots\" content=\"index, follow, max-snippet:-1, max-image-preview:large, max-video-preview:-1\" \/>\n<link rel=\"canonical\" href=\"https:\/\/global-exam.com\/blog\/es\/examenes\/delf\/categoria-obten-un-buen-puntaje-delf\/\" \/>\n<meta property=\"og:locale\" content=\"fr_FR\" \/>\n<meta property=\"og:type\" content=\"article\" \/>\n<meta property=\"og:title\" content=\"Obt\u00e9n un buen puntaje DELF\" \/>\n<meta property=\"og:description\" content=\"Prep\u00e1rate para el DELF El DELF es un examen oficial emitido por el Ministerio de Educaci\u00f3n franc\u00e9s para certificar el nivel en [&hellip;]\" \/>\n<meta property=\"og:url\" content=\"https:\/\/global-exam.com\/blog\/es\/examenes\/delf\/categoria-obten-un-buen-puntaje-delf\/\" \/>\n<meta property=\"og:site_name\" content=\"GlobalExam Blog\" \/>\n<meta property=\"article:publisher\" content=\"https:\/\/www.facebook.com\/Global.Exam\" \/>\n<meta property=\"article:modified_time\" content=\"2022-09-16T09:44:21+00:00\" \/>\n<meta name=\"twitter:card\" content=\"summary_large_image\" \/>\n<meta name=\"twitter:site\" content=\"@Global_Exam\" \/>\n<meta name=\"twitter:label1\" content=\"Dur\u00e9e de lecture estim\u00e9e\" \/>\n\t<meta name=\"twitter:data1\" content=\"2 minutes\" \/>\n<script type=\"application\/ld+json\" class=\"yoast-schema-graph\">{\"@context\":\"https:\/\/schema.org\",\"@graph\":[{\"@type\":\"WebSite\",\"@id\":\"https:\/\/global-exam.com\/blog\/#website\",\"url\":\"https:\/\/global-exam.com\/blog\/\",\"name\":\"GlobalExam Blog\",\"description\":\"Le blog du sp\\u00e9cialiste de la certification linguistique\",\"potentialAction\":[{\"@type\":\"SearchAction\",\"target\":{\"@type\":\"EntryPoint\",\"urlTemplate\":\"https:\/\/global-exam.com\/blog\/?s={search_term_string}\"},\"query-input\":\"required name=search_term_string\"}],\"inLanguage\":\"fr-FR\"},{\"@type\":\"WebPage\",\"@id\":\"https:\/\/global-exam.com\/blog\/es\/examenes\/delf\/categoria-obten-un-buen-puntaje-delf\/#webpage\",\"url\":\"https:\/\/global-exam.com\/blog\/es\/examenes\/delf\/categoria-obten-un-buen-puntaje-delf\/\",\"name\":\"Obt\\u00e9n un buen puntaje DELF\",\"isPartOf\":{\"@id\":\"https:\/\/global-exam.com\/blog\/#website\"},\"datePublished\":\"2021-12-13T16:06:18+00:00\",\"dateModified\":\"2022-09-16T09:44:21+00:00\",\"breadcrumb\":{\"@id\":\"https:\/\/global-exam.com\/blog\/es\/examenes\/delf\/categoria-obten-un-buen-puntaje-delf\/#breadcrumb\"},\"inLanguage\":\"fr-FR\",\"potentialAction\":[{\"@type\":\"ReadAction\",\"target\":[\"https:\/\/global-exam.com\/blog\/es\/examenes\/delf\/categoria-obten-un-buen-puntaje-delf\/\"]}]},{\"@type\":\"BreadcrumbList\",\"@id\":\"https:\/\/global-exam.com\/blog\/es\/examenes\/delf\/categoria-obten-un-buen-puntaje-delf\/#breadcrumb\",\"itemListElement\":[{\"@type\":\"ListItem\",\"position\":1,\"name\":\"Ex\\u00e1menes de idioma\",\"item\":\"https:\/\/global-exam.com\/blog\/es\/examenes\/\"},{\"@type\":\"ListItem\",\"position\":2,\"name\":\"DELF\",\"item\":\"https:\/\/global-exam.com\/blog\/es\/examenes\/delf\/\"},{\"@type\":\"ListItem\",\"position\":3,\"name\":\"Obt\\u00e9n un buen puntaje DELF\"}]}]}<\/script>\n<!-- \/ Yoast SEO plugin. -->","yoast_head_json":{"title":"Obt\u00e9n un buen puntaje DELF","robots":{"index":"index","follow":"follow","max-snippet":"max-snippet:-1","max-image-preview":"max-image-preview:large","max-video-preview":"max-video-preview:-1"},"canonical":"https:\/\/global-exam.com\/blog\/es\/examenes\/delf\/categoria-obten-un-buen-puntaje-delf\/","og_locale":"fr_FR","og_type":"article","og_title":"Obt\u00e9n un buen puntaje DELF","og_description":"Prep\u00e1rate para el DELF El DELF es un examen oficial emitido por el Ministerio de Educaci\u00f3n franc\u00e9s para certificar el nivel en [&hellip;]","og_url":"https:\/\/global-exam.com\/blog\/es\/examenes\/delf\/categoria-obten-un-buen-puntaje-delf\/","og_site_name":"GlobalExam Blog","article_publisher":"https:\/\/www.facebook.com\/Global.Exam","article_modified_time":"2022-09-16T09:44:21+00:00","twitter_card":"summary_large_image","twitter_site":"@Global_Exam","twitter_misc":{"Dur\u00e9e de lecture estim\u00e9e":"2 minutes"},"schema":{"@context":"https:\/\/schema.org","@graph":[{"@type":"WebSite","@id":"https:\/\/global-exam.com\/blog\/#website","url":"https:\/\/global-exam.com\/blog\/","name":"GlobalExam Blog","description":"Le blog du sp\u00e9cialiste de la certification linguistique","potentialAction":[{"@type":"SearchAction","target":{"@type":"EntryPoint","urlTemplate":"https:\/\/global-exam.com\/blog\/?s={search_term_string}"},"query-input":"required name=search_term_string"}],"inLanguage":"fr-FR"},{"@type":"WebPage","@id":"https:\/\/global-exam.com\/blog\/es\/examenes\/delf\/categoria-obten-un-buen-puntaje-delf\/#webpage","url":"https:\/\/global-exam.com\/blog\/es\/examenes\/delf\/categoria-obten-un-buen-puntaje-delf\/","name":"Obt\u00e9n un buen puntaje DELF","isPartOf":{"@id":"https:\/\/global-exam.com\/blog\/#website"},"datePublished":"2021-12-13T16:06:18+00:00","dateModified":"2022-09-16T09:44:21+00:00","breadcrumb":{"@id":"https:\/\/global-exam.com\/blog\/es\/examenes\/delf\/categoria-obten-un-buen-puntaje-delf\/#breadcrumb"},"inLanguage":"fr-FR","potentialAction":[{"@type":"ReadAction","target":["https:\/\/global-exam.com\/blog\/es\/examenes\/delf\/categoria-obten-un-buen-puntaje-delf\/"]}]},{"@type":"BreadcrumbList","@id":"https:\/\/global-exam.com\/blog\/es\/examenes\/delf\/categoria-obten-un-buen-puntaje-delf\/#breadcrumb","itemListElement":[{"@type":"ListItem","position":1,"name":"Ex\u00e1menes de idioma","item":"https:\/\/global-exam.com\/blog\/es\/examenes\/"},{"@type":"ListItem","position":2,"name":"DELF","item":"https:\/\/global-exam.com\/blog\/es\/examenes\/delf\/"},{"@type":"ListItem","position":3,"name":"Obt\u00e9n un buen puntaje DELF"}]}]}},"lang":"es","translations":{"es":70449},"pll_sync_post":[],"_links":{"self":[{"href":"https:\/\/global-exam.com\/blog\/wp-json\/wp\/v2\/pages\/70449"}],"collection":[{"href":"https:\/\/global-exam.com\/blog\/wp-json\/wp\/v2\/pages"}],"about":[{"href":"https:\/\/global-exam.com\/blog\/wp-json\/wp\/v2\/types\/page"}],"author":[{"embeddable":true,"href":"https:\/\/global-exam.com\/blog\/wp-json\/wp\/v2\/users\/24"}],"replies":[{"embeddable":true,"href":"https:\/\/global-exam.com\/blog\/wp-json\/wp\/v2\/comments?post=70449"}],"version-history":[{"count":4,"href":"https:\/\/global-exam.com\/blog\/wp-json\/wp\/v2\/pages\/70449\/revisions"}],"predecessor-version":[{"id":79528,"href":"https:\/\/global-exam.com\/blog\/wp-json\/wp\/v2\/pages\/70449\/revisions\/79528"}],"up":[{"embeddable":true,"href":"https:\/\/global-exam.com\/blog\/wp-json\/wp\/v2\/pages\/18503"}],"wp:attachment":[{"href":"https:\/\/global-exam.com\/blog\/wp-json\/wp\/v2\/media?parent=70449"}],"curies":[{"name":"wp","href":"https:\/\/api.w.org\/{rel}","templated":true}]}}