{"id":70452,"date":"2021-12-13T17:08:28","date_gmt":"2021-12-13T16:08:28","guid":{"rendered":"https:\/\/global-exam.com\/blog\/?page_id=70452"},"modified":"2022-09-16T11:37:47","modified_gmt":"2022-09-16T09:37:47","slug":"categoria-centros-de-examenes-delf","status":"publish","type":"page","link":"https:\/\/global-exam.com\/blog\/es\/examenes\/delf\/categoria-centros-de-examenes-delf\/","title":{"rendered":"Centros de ex\u00e1menes DELF"},"content":{"rendered":"<p>Encuentra un centro DELF cerca de t\u00ed<\/p>\n<p>En cuanto al eje principal de esta categor\u00eda, encontrar\u00e1s los diferentes lugares en <strong>donde podr\u00e1s presentar el DELF<\/strong>\u00a0(Dipl\u00f4me d\u2019\u00e9tudes en langue fran\u00e7aise) en Espa\u00f1a, en ciudades como\u00a0<strong>Cartagena<\/strong>\u00a0y tambi\u00e9n una lista exhaustiva de los centros de ex\u00e1menes en Suiza. Te ser\u00e1 beneficioso conocer est\u00e1 informaci\u00f3n si has pensado en postular a una universidad francohablante o deseas presentarte a una oferta en franc\u00e9s<\/p>\n<p>Este examen de certificaci\u00f3n te ofrece la ventaja de\u00a0<strong>valorizar tu curr\u00edculo<\/strong>, a la vez que eval\u00faas y certificas tu nivel. El DELF es un diploma que\u00a0<strong>certifica el aprendizaje de la lengua francesa<\/strong>\u00a0y se rige bajo el Marco Com\u00fan Europeo de Referencia para las lenguas.<\/p>\n<p>Se divide\u00a0<strong>en cuatro niveles:<\/strong>\u00a0DELF A1, DELF A2, DELF B1 y DELF B2. Cada uno de estos niveles es independiente y puedes\u00a0<strong>presentar el DELF<\/strong>\u00a0de tu preferencia sin ning\u00fan prerrequisito. La mayor ventaja de esta certificaci\u00f3n es que una vez obtengas el diploma, es v\u00e1lido toda la vida.<\/p>\n<p>Gracias a la plataforma en l\u00ednea de GlobalExam podr\u00e1s prepararte para presentar cualquiera de los diferentes niveles del DELF. Este examen, reconocido por su rigor y estructura, te exigir\u00e1 que trabajes en estos 2 aspectos. El m\u00f3dulo\u00a0<strong>modo de examen<\/strong>\u00a0de nuestra plataforma te ayudar\u00e1 a conocer la organizaci\u00f3n de la prueba y los tiempos empleados para resolverla, todo ello en un contexto real. Y si no sabes qu\u00e9 nivel tienes en franc\u00e9s, la secci\u00f3n\u00a0<strong>prueba de evaluaci\u00f3n<\/strong>\u00a0te permitir\u00e1 evaluar tu nivel y progreso en la lengua.<\/p>\n","protected":false},"excerpt":{"rendered":"<p>Encuentra un centro DELF cerca de t\u00ed En cuanto al eje principal de esta categor\u00eda, encontrar\u00e1s los diferentes lugares en donde podr\u00e1s [&hellip;]<\/p>\n","protected":false},"author":24,"featured_media":0,"parent":18503,"menu_order":0,"comment_status":"closed","ping_status":"closed","template":"","meta":[],"acf":[],"yoast_head":"<!-- This site is optimized with the Yoast SEO plugin v17.2.1 - https:\/\/yoast.com\/wordpress\/plugins\/seo\/ -->\n<title>Centros de ex\u00e1menes DELF<\/title>\n<meta name=\"robots\" content=\"index, follow, max-snippet:-1, max-image-preview:large, max-video-preview:-1\" \/>\n<link rel=\"canonical\" href=\"https:\/\/global-exam.com\/blog\/es\/examenes\/delf\/categoria-centros-de-examenes-delf\/\" \/>\n<meta property=\"og:locale\" content=\"fr_FR\" \/>\n<meta property=\"og:type\" content=\"article\" \/>\n<meta property=\"og:title\" content=\"Centros de ex\u00e1menes DELF\" \/>\n<meta property=\"og:description\" content=\"Encuentra un centro DELF cerca de t\u00ed En cuanto al eje principal de esta categor\u00eda, encontrar\u00e1s los diferentes lugares en donde podr\u00e1s [&hellip;]\" \/>\n<meta property=\"og:url\" content=\"https:\/\/global-exam.com\/blog\/es\/examenes\/delf\/categoria-centros-de-examenes-delf\/\" \/>\n<meta property=\"og:site_name\" content=\"GlobalExam Blog\" \/>\n<meta property=\"article:publisher\" content=\"https:\/\/www.facebook.com\/Global.Exam\" \/>\n<meta property=\"article:modified_time\" content=\"2022-09-16T09:37:47+00:00\" \/>\n<meta name=\"twitter:card\" content=\"summary_large_image\" \/>\n<meta name=\"twitter:site\" content=\"@Global_Exam\" \/>\n<meta name=\"twitter:label1\" content=\"Dur\u00e9e de lecture estim\u00e9e\" \/>\n\t<meta name=\"twitter:data1\" content=\"2 minutes\" \/>\n<script type=\"application\/ld+json\" class=\"yoast-schema-graph\">{\"@context\":\"https:\/\/schema.org\",\"@graph\":[{\"@type\":\"WebSite\",\"@id\":\"https:\/\/global-exam.com\/blog\/#website\",\"url\":\"https:\/\/global-exam.com\/blog\/\",\"name\":\"GlobalExam Blog\",\"description\":\"Le blog du sp\\u00e9cialiste de la certification linguistique\",\"potentialAction\":[{\"@type\":\"SearchAction\",\"target\":{\"@type\":\"EntryPoint\",\"urlTemplate\":\"https:\/\/global-exam.com\/blog\/?s={search_term_string}\"},\"query-input\":\"required name=search_term_string\"}],\"inLanguage\":\"fr-FR\"},{\"@type\":\"WebPage\",\"@id\":\"https:\/\/global-exam.com\/blog\/es\/examenes\/delf\/categoria-centros-de-examenes-delf\/#webpage\",\"url\":\"https:\/\/global-exam.com\/blog\/es\/examenes\/delf\/categoria-centros-de-examenes-delf\/\",\"name\":\"Centros de ex\\u00e1menes DELF\",\"isPartOf\":{\"@id\":\"https:\/\/global-exam.com\/blog\/#website\"},\"datePublished\":\"2021-12-13T16:08:28+00:00\",\"dateModified\":\"2022-09-16T09:37:47+00:00\",\"breadcrumb\":{\"@id\":\"https:\/\/global-exam.com\/blog\/es\/examenes\/delf\/categoria-centros-de-examenes-delf\/#breadcrumb\"},\"inLanguage\":\"fr-FR\",\"potentialAction\":[{\"@type\":\"ReadAction\",\"target\":[\"https:\/\/global-exam.com\/blog\/es\/examenes\/delf\/categoria-centros-de-examenes-delf\/\"]}]},{\"@type\":\"BreadcrumbList\",\"@id\":\"https:\/\/global-exam.com\/blog\/es\/examenes\/delf\/categoria-centros-de-examenes-delf\/#breadcrumb\",\"itemListElement\":[{\"@type\":\"ListItem\",\"position\":1,\"name\":\"Ex\\u00e1menes de idioma\",\"item\":\"https:\/\/global-exam.com\/blog\/es\/examenes\/\"},{\"@type\":\"ListItem\",\"position\":2,\"name\":\"DELF\",\"item\":\"https:\/\/global-exam.com\/blog\/es\/examenes\/delf\/\"},{\"@type\":\"ListItem\",\"position\":3,\"name\":\"Centros de ex\\u00e1menes DELF\"}]}]}<\/script>\n<!-- \/ Yoast SEO plugin. -->","yoast_head_json":{"title":"Centros de ex\u00e1menes DELF","robots":{"index":"index","follow":"follow","max-snippet":"max-snippet:-1","max-image-preview":"max-image-preview:large","max-video-preview":"max-video-preview:-1"},"canonical":"https:\/\/global-exam.com\/blog\/es\/examenes\/delf\/categoria-centros-de-examenes-delf\/","og_locale":"fr_FR","og_type":"article","og_title":"Centros de ex\u00e1menes DELF","og_description":"Encuentra un centro DELF cerca de t\u00ed En cuanto al eje principal de esta categor\u00eda, encontrar\u00e1s los diferentes lugares en donde podr\u00e1s [&hellip;]","og_url":"https:\/\/global-exam.com\/blog\/es\/examenes\/delf\/categoria-centros-de-examenes-delf\/","og_site_name":"GlobalExam Blog","article_publisher":"https:\/\/www.facebook.com\/Global.Exam","article_modified_time":"2022-09-16T09:37:47+00:00","twitter_card":"summary_large_image","twitter_site":"@Global_Exam","twitter_misc":{"Dur\u00e9e de lecture estim\u00e9e":"2 minutes"},"schema":{"@context":"https:\/\/schema.org","@graph":[{"@type":"WebSite","@id":"https:\/\/global-exam.com\/blog\/#website","url":"https:\/\/global-exam.com\/blog\/","name":"GlobalExam Blog","description":"Le blog du sp\u00e9cialiste de la certification linguistique","potentialAction":[{"@type":"SearchAction","target":{"@type":"EntryPoint","urlTemplate":"https:\/\/global-exam.com\/blog\/?s={search_term_string}"},"query-input":"required name=search_term_string"}],"inLanguage":"fr-FR"},{"@type":"WebPage","@id":"https:\/\/global-exam.com\/blog\/es\/examenes\/delf\/categoria-centros-de-examenes-delf\/#webpage","url":"https:\/\/global-exam.com\/blog\/es\/examenes\/delf\/categoria-centros-de-examenes-delf\/","name":"Centros de ex\u00e1menes DELF","isPartOf":{"@id":"https:\/\/global-exam.com\/blog\/#website"},"datePublished":"2021-12-13T16:08:28+00:00","dateModified":"2022-09-16T09:37:47+00:00","breadcrumb":{"@id":"https:\/\/global-exam.com\/blog\/es\/examenes\/delf\/categoria-centros-de-examenes-delf\/#breadcrumb"},"inLanguage":"fr-FR","potentialAction":[{"@type":"ReadAction","target":["https:\/\/global-exam.com\/blog\/es\/examenes\/delf\/categoria-centros-de-examenes-delf\/"]}]},{"@type":"BreadcrumbList","@id":"https:\/\/global-exam.com\/blog\/es\/examenes\/delf\/categoria-centros-de-examenes-delf\/#breadcrumb","itemListElement":[{"@type":"ListItem","position":1,"name":"Ex\u00e1menes de idioma","item":"https:\/\/global-exam.com\/blog\/es\/examenes\/"},{"@type":"ListItem","position":2,"name":"DELF","item":"https:\/\/global-exam.com\/blog\/es\/examenes\/delf\/"},{"@type":"ListItem","position":3,"name":"Centros de ex\u00e1menes DELF"}]}]}},"lang":"es","translations":{"es":70452},"pll_sync_post":[],"_links":{"self":[{"href":"https:\/\/global-exam.com\/blog\/wp-json\/wp\/v2\/pages\/70452"}],"collection":[{"href":"https:\/\/global-exam.com\/blog\/wp-json\/wp\/v2\/pages"}],"about":[{"href":"https:\/\/global-exam.com\/blog\/wp-json\/wp\/v2\/types\/page"}],"author":[{"embeddable":true,"href":"https:\/\/global-exam.com\/blog\/wp-json\/wp\/v2\/users\/24"}],"replies":[{"embeddable":true,"href":"https:\/\/global-exam.com\/blog\/wp-json\/wp\/v2\/comments?post=70452"}],"version-history":[{"count":5,"href":"https:\/\/global-exam.com\/blog\/wp-json\/wp\/v2\/pages\/70452\/revisions"}],"predecessor-version":[{"id":79522,"href":"https:\/\/global-exam.com\/blog\/wp-json\/wp\/v2\/pages\/70452\/revisions\/79522"}],"up":[{"embeddable":true,"href":"https:\/\/global-exam.com\/blog\/wp-json\/wp\/v2\/pages\/18503"}],"wp:attachment":[{"href":"https:\/\/global-exam.com\/blog\/wp-json\/wp\/v2\/media?parent=70452"}],"curies":[{"name":"wp","href":"https:\/\/api.w.org\/{rel}","templated":true}]}}