{"id":70456,"date":"2021-12-13T17:10:18","date_gmt":"2021-12-13T16:10:18","guid":{"rendered":"https:\/\/global-exam.com\/blog\/?page_id=70456"},"modified":"2022-09-16T11:43:08","modified_gmt":"2022-09-16T09:43:08","slug":"categoria-niveles-del-delf","status":"publish","type":"page","link":"https:\/\/global-exam.com\/blog\/es\/examenes\/delf\/categoria-niveles-del-delf\/","title":{"rendered":"Niveles del DELF"},"content":{"rendered":"<p>Descubre los varios niveles del DELF<\/p>\n<p>El <strong>DELF<\/strong> (Dipl\u00f4me d\u2019\u00c9tudes en Langue Fran\u00e7aise) es un certificado oficial internacional de la lengua francesa emitidos por el Ministerio de Educaci\u00f3n Nacional de Francia.<\/p>\n<p>Este t\u00edtulo de franc\u00e9s es reconocido de manera internacional, y permite a las personas que no son franc\u00f3fonas demostrar y valorar sus competencias de este idioma, gracias a un reconocimiento oficial de tu <strong>nivel de franc\u00e9s<\/strong>. El DELF puede ser \u00fatil tanto para demostrar tu nivel en un <strong>\u00e1mbito acad\u00e9mico<\/strong> como en un <strong>\u00e1mbito profesional<\/strong>.<\/p>\n<p>En esta secci\u00f3n, te presentaremos cu\u00e1les son los diferentes niveles que certifica el DELF, as\u00ed como las diferencias que hay entre cada nivel, <strong>desde el nivel de franc\u00e9s A1 hasta el nivel de franc\u00e9s B2.<\/strong><\/p>\n<p>Para cada nivel, te daremos informaci\u00f3n relativa a la <strong>estructura del examen,<\/strong> las ventajas que tiene cada nivel, informaciones y detalles sobre las diferentes pruebas de este examen de franc\u00e9s y sobre todo c\u00f3mo se punt\u00faa el examen. Efectivamente, la <strong>calificaci\u00f3n<\/strong> no es la misma para un nivel u otro. Por esta raz\u00f3n es primordial tener en cuenta cu\u00e1l es tu <strong>nivel<\/strong> hoy en d\u00eda para poder realizar el examen que m\u00e1s te convenga y estudiar tus puntos d\u00e9biles.<\/p>\n<p>Adem\u00e1s de estas informaciones, nuestra plataforma online te ofrece la oportunidad de entrenarte en l\u00ednea con varios ejercicios, sus correcciones detalladas, unas hojas explicativas que son dise\u00f1adas por <strong>profesores nativos<\/strong> y especializados en estas certificaciones. Gracias a nosotros y a nuestra plataforma, descubre el mundo de las <strong>certificaciones oficiales<\/strong>, as\u00ed que no pierdas tiempo para realizar nuestra <strong>prueba gratuita<\/strong>.<\/p>\n","protected":false},"excerpt":{"rendered":"<p>Descubre los varios niveles del DELF El DELF (Dipl\u00f4me d\u2019\u00c9tudes en Langue Fran\u00e7aise) es un certificado oficial internacional de la lengua francesa [&hellip;]<\/p>\n","protected":false},"author":24,"featured_media":0,"parent":18503,"menu_order":0,"comment_status":"closed","ping_status":"closed","template":"","meta":[],"acf":[],"yoast_head":"<!-- This site is optimized with the Yoast SEO plugin v17.2.1 - https:\/\/yoast.com\/wordpress\/plugins\/seo\/ -->\n<title>Niveles del DELF<\/title>\n<meta name=\"robots\" content=\"index, follow, max-snippet:-1, max-image-preview:large, max-video-preview:-1\" \/>\n<link rel=\"canonical\" href=\"https:\/\/global-exam.com\/blog\/es\/examenes\/delf\/categoria-niveles-del-delf\/\" \/>\n<meta property=\"og:locale\" content=\"fr_FR\" \/>\n<meta property=\"og:type\" content=\"article\" \/>\n<meta property=\"og:title\" content=\"Niveles del DELF\" \/>\n<meta property=\"og:description\" content=\"Descubre los varios niveles del DELF El DELF (Dipl\u00f4me d\u2019\u00c9tudes en Langue Fran\u00e7aise) es un certificado oficial internacional de la lengua francesa [&hellip;]\" \/>\n<meta property=\"og:url\" content=\"https:\/\/global-exam.com\/blog\/es\/examenes\/delf\/categoria-niveles-del-delf\/\" \/>\n<meta property=\"og:site_name\" content=\"GlobalExam Blog\" \/>\n<meta property=\"article:publisher\" content=\"https:\/\/www.facebook.com\/Global.Exam\" \/>\n<meta property=\"article:modified_time\" content=\"2022-09-16T09:43:08+00:00\" \/>\n<meta name=\"twitter:card\" content=\"summary_large_image\" \/>\n<meta name=\"twitter:site\" content=\"@Global_Exam\" \/>\n<meta name=\"twitter:label1\" content=\"Dur\u00e9e de lecture estim\u00e9e\" \/>\n\t<meta name=\"twitter:data1\" content=\"2 minutes\" \/>\n<script type=\"application\/ld+json\" class=\"yoast-schema-graph\">{\"@context\":\"https:\/\/schema.org\",\"@graph\":[{\"@type\":\"WebSite\",\"@id\":\"https:\/\/global-exam.com\/blog\/#website\",\"url\":\"https:\/\/global-exam.com\/blog\/\",\"name\":\"GlobalExam Blog\",\"description\":\"Le blog du sp\\u00e9cialiste de la certification linguistique\",\"potentialAction\":[{\"@type\":\"SearchAction\",\"target\":{\"@type\":\"EntryPoint\",\"urlTemplate\":\"https:\/\/global-exam.com\/blog\/?s={search_term_string}\"},\"query-input\":\"required name=search_term_string\"}],\"inLanguage\":\"fr-FR\"},{\"@type\":\"WebPage\",\"@id\":\"https:\/\/global-exam.com\/blog\/es\/examenes\/delf\/categoria-niveles-del-delf\/#webpage\",\"url\":\"https:\/\/global-exam.com\/blog\/es\/examenes\/delf\/categoria-niveles-del-delf\/\",\"name\":\"Niveles del DELF\",\"isPartOf\":{\"@id\":\"https:\/\/global-exam.com\/blog\/#website\"},\"datePublished\":\"2021-12-13T16:10:18+00:00\",\"dateModified\":\"2022-09-16T09:43:08+00:00\",\"breadcrumb\":{\"@id\":\"https:\/\/global-exam.com\/blog\/es\/examenes\/delf\/categoria-niveles-del-delf\/#breadcrumb\"},\"inLanguage\":\"fr-FR\",\"potentialAction\":[{\"@type\":\"ReadAction\",\"target\":[\"https:\/\/global-exam.com\/blog\/es\/examenes\/delf\/categoria-niveles-del-delf\/\"]}]},{\"@type\":\"BreadcrumbList\",\"@id\":\"https:\/\/global-exam.com\/blog\/es\/examenes\/delf\/categoria-niveles-del-delf\/#breadcrumb\",\"itemListElement\":[{\"@type\":\"ListItem\",\"position\":1,\"name\":\"Ex\\u00e1menes de idioma\",\"item\":\"https:\/\/global-exam.com\/blog\/es\/examenes\/\"},{\"@type\":\"ListItem\",\"position\":2,\"name\":\"DELF\",\"item\":\"https:\/\/global-exam.com\/blog\/es\/examenes\/delf\/\"},{\"@type\":\"ListItem\",\"position\":3,\"name\":\"Niveles del DELF\"}]}]}<\/script>\n<!-- \/ Yoast SEO plugin. -->","yoast_head_json":{"title":"Niveles del DELF","robots":{"index":"index","follow":"follow","max-snippet":"max-snippet:-1","max-image-preview":"max-image-preview:large","max-video-preview":"max-video-preview:-1"},"canonical":"https:\/\/global-exam.com\/blog\/es\/examenes\/delf\/categoria-niveles-del-delf\/","og_locale":"fr_FR","og_type":"article","og_title":"Niveles del DELF","og_description":"Descubre los varios niveles del DELF El DELF (Dipl\u00f4me d\u2019\u00c9tudes en Langue Fran\u00e7aise) es un certificado oficial internacional de la lengua francesa [&hellip;]","og_url":"https:\/\/global-exam.com\/blog\/es\/examenes\/delf\/categoria-niveles-del-delf\/","og_site_name":"GlobalExam Blog","article_publisher":"https:\/\/www.facebook.com\/Global.Exam","article_modified_time":"2022-09-16T09:43:08+00:00","twitter_card":"summary_large_image","twitter_site":"@Global_Exam","twitter_misc":{"Dur\u00e9e de lecture estim\u00e9e":"2 minutes"},"schema":{"@context":"https:\/\/schema.org","@graph":[{"@type":"WebSite","@id":"https:\/\/global-exam.com\/blog\/#website","url":"https:\/\/global-exam.com\/blog\/","name":"GlobalExam Blog","description":"Le blog du sp\u00e9cialiste de la certification linguistique","potentialAction":[{"@type":"SearchAction","target":{"@type":"EntryPoint","urlTemplate":"https:\/\/global-exam.com\/blog\/?s={search_term_string}"},"query-input":"required name=search_term_string"}],"inLanguage":"fr-FR"},{"@type":"WebPage","@id":"https:\/\/global-exam.com\/blog\/es\/examenes\/delf\/categoria-niveles-del-delf\/#webpage","url":"https:\/\/global-exam.com\/blog\/es\/examenes\/delf\/categoria-niveles-del-delf\/","name":"Niveles del DELF","isPartOf":{"@id":"https:\/\/global-exam.com\/blog\/#website"},"datePublished":"2021-12-13T16:10:18+00:00","dateModified":"2022-09-16T09:43:08+00:00","breadcrumb":{"@id":"https:\/\/global-exam.com\/blog\/es\/examenes\/delf\/categoria-niveles-del-delf\/#breadcrumb"},"inLanguage":"fr-FR","potentialAction":[{"@type":"ReadAction","target":["https:\/\/global-exam.com\/blog\/es\/examenes\/delf\/categoria-niveles-del-delf\/"]}]},{"@type":"BreadcrumbList","@id":"https:\/\/global-exam.com\/blog\/es\/examenes\/delf\/categoria-niveles-del-delf\/#breadcrumb","itemListElement":[{"@type":"ListItem","position":1,"name":"Ex\u00e1menes de idioma","item":"https:\/\/global-exam.com\/blog\/es\/examenes\/"},{"@type":"ListItem","position":2,"name":"DELF","item":"https:\/\/global-exam.com\/blog\/es\/examenes\/delf\/"},{"@type":"ListItem","position":3,"name":"Niveles del DELF"}]}]}},"lang":"es","translations":{"es":70456},"pll_sync_post":[],"_links":{"self":[{"href":"https:\/\/global-exam.com\/blog\/wp-json\/wp\/v2\/pages\/70456"}],"collection":[{"href":"https:\/\/global-exam.com\/blog\/wp-json\/wp\/v2\/pages"}],"about":[{"href":"https:\/\/global-exam.com\/blog\/wp-json\/wp\/v2\/types\/page"}],"author":[{"embeddable":true,"href":"https:\/\/global-exam.com\/blog\/wp-json\/wp\/v2\/users\/24"}],"replies":[{"embeddable":true,"href":"https:\/\/global-exam.com\/blog\/wp-json\/wp\/v2\/comments?post=70456"}],"version-history":[{"count":6,"href":"https:\/\/global-exam.com\/blog\/wp-json\/wp\/v2\/pages\/70456\/revisions"}],"predecessor-version":[{"id":79527,"href":"https:\/\/global-exam.com\/blog\/wp-json\/wp\/v2\/pages\/70456\/revisions\/79527"}],"up":[{"embeddable":true,"href":"https:\/\/global-exam.com\/blog\/wp-json\/wp\/v2\/pages\/18503"}],"wp:attachment":[{"href":"https:\/\/global-exam.com\/blog\/wp-json\/wp\/v2\/media?parent=70456"}],"curies":[{"name":"wp","href":"https:\/\/api.w.org\/{rel}","templated":true}]}}