{"id":70460,"date":"2021-12-13T17:12:08","date_gmt":"2021-12-13T16:12:08","guid":{"rendered":"https:\/\/global-exam.com\/blog\/?page_id=70460"},"modified":"2022-09-16T11:38:49","modified_gmt":"2022-09-16T09:38:49","slug":"categoria-gramatica-delf","status":"publish","type":"page","link":"https:\/\/global-exam.com\/blog\/es\/examenes\/delf\/categoria-gramatica-delf\/","title":{"rendered":"Gram\u00e1tica DELF"},"content":{"rendered":"<p>Domina la gram\u00e1tica del DELF<\/p>\n<p>El t\u00edtulo del <strong>DELF<\/strong> (Dipl\u00f4me d\u2019\u00c9tudes en Langue Fran\u00e7aise) es una certificaci\u00f3n oficial internacional que permite a las personas que no son franc\u00f3fonas poder demostrar su nivel de franc\u00e9s. Este certificado es emitido por el <strong>Ministerio de Educaci\u00f3n de Francia<\/strong>, y est\u00e1 destinado para demostrar su nivel de franc\u00e9s tanto en un \u00e1mbito acad\u00e9mico como en un \u00e1mbito profesional.<\/p>\n<p>El hecho de pasar una certificaci\u00f3n de nivel de idioma como esta tiene varias ventajas como por ejemplo de tener un acceso directo en las <strong>universidades francesas<\/strong>, y a algunas <strong>universidades<\/strong> <strong>europeas y franc\u00f3fonas<\/strong>. Adem\u00e1s, este <strong>t\u00edtulo de franc\u00e9s DELF<\/strong> tiene una validez permanente en el tiempo.<\/p>\n<p>En esta secci\u00f3n, te presentaremos todo lo que tienes que saber acerca de la gram\u00e1tica para presentarte al DELF. Podr\u00e1s mejorar esta habilidad mediante <strong>fichas de gram\u00e1tica<\/strong>, ejercicios, ejemplos, etc.<\/p>\n<p>Podr\u00e1s tener acceso a varios art\u00edculos que te indicar\u00e1n las reglas de los diferentes <strong>tiempos en franc\u00e9s<\/strong>, pasando por el <strong>presente,<\/strong> el <strong>futuro,<\/strong> y hasta el imperativo. Por otro lado, tambi\u00e9n te acompa\u00f1aremos sobre las <strong>reglas<\/strong> de los <strong>adjetivos<\/strong> o de los <strong>pronombres<\/strong> en franc\u00e9s. Para todos estos temas, podr\u00e1s ponerlo en pr\u00e1ctica gracias a unos <strong>ejemplos<\/strong> y ejercicios.<\/p>\n<p>Adem\u00e1s de est\u00e1s informaciones relativas a la <strong>gram\u00e1tica en franc\u00e9s<\/strong>, ten en cuenta que <strong>GlobalExam<\/strong> es una plataforma online que te permite entrenarte cuando quieras en todas partes del mundo. Nuestra <strong>plataforma<\/strong> te ofrece la posibilidad de conseguir tu <strong>examen de nivel<\/strong> mediante unos ejercicios con cada uno sus correcciones detalladas, sus planes de estudio as\u00ed como unos consejos de <strong>profesores nativos<\/strong> para aprobar tu examen. As\u00ed que no esperes m\u00e1s para entrenarte con nosotros. \u00a1Prueba ya la <strong>versi\u00f3n gratuita!<\/strong><\/p>\n","protected":false},"excerpt":{"rendered":"<p>Domina la gram\u00e1tica del DELF El t\u00edtulo del DELF (Dipl\u00f4me d\u2019\u00c9tudes en Langue Fran\u00e7aise) es una certificaci\u00f3n oficial internacional que permite a [&hellip;]<\/p>\n","protected":false},"author":24,"featured_media":0,"parent":18503,"menu_order":0,"comment_status":"closed","ping_status":"closed","template":"","meta":[],"acf":[],"yoast_head":"<!-- This site is optimized with the Yoast SEO plugin v17.2.1 - https:\/\/yoast.com\/wordpress\/plugins\/seo\/ -->\n<title>Gram\u00e1tica DELF<\/title>\n<meta name=\"robots\" content=\"index, follow, max-snippet:-1, max-image-preview:large, max-video-preview:-1\" \/>\n<link rel=\"canonical\" href=\"https:\/\/global-exam.com\/blog\/es\/examenes\/delf\/categoria-gramatica-delf\/\" \/>\n<meta property=\"og:locale\" content=\"fr_FR\" \/>\n<meta property=\"og:type\" content=\"article\" \/>\n<meta property=\"og:title\" content=\"Gram\u00e1tica DELF\" \/>\n<meta property=\"og:description\" content=\"Domina la gram\u00e1tica del DELF El t\u00edtulo del DELF (Dipl\u00f4me d\u2019\u00c9tudes en Langue Fran\u00e7aise) es una certificaci\u00f3n oficial internacional que permite a [&hellip;]\" \/>\n<meta property=\"og:url\" content=\"https:\/\/global-exam.com\/blog\/es\/examenes\/delf\/categoria-gramatica-delf\/\" \/>\n<meta property=\"og:site_name\" content=\"GlobalExam Blog\" \/>\n<meta property=\"article:publisher\" content=\"https:\/\/www.facebook.com\/Global.Exam\" \/>\n<meta property=\"article:modified_time\" content=\"2022-09-16T09:38:49+00:00\" \/>\n<meta name=\"twitter:card\" content=\"summary_large_image\" \/>\n<meta name=\"twitter:site\" content=\"@Global_Exam\" \/>\n<meta name=\"twitter:label1\" content=\"Dur\u00e9e de lecture estim\u00e9e\" \/>\n\t<meta name=\"twitter:data1\" content=\"2 minutes\" \/>\n<script type=\"application\/ld+json\" class=\"yoast-schema-graph\">{\"@context\":\"https:\/\/schema.org\",\"@graph\":[{\"@type\":\"WebSite\",\"@id\":\"https:\/\/global-exam.com\/blog\/#website\",\"url\":\"https:\/\/global-exam.com\/blog\/\",\"name\":\"GlobalExam Blog\",\"description\":\"Le blog du sp\\u00e9cialiste de la certification linguistique\",\"potentialAction\":[{\"@type\":\"SearchAction\",\"target\":{\"@type\":\"EntryPoint\",\"urlTemplate\":\"https:\/\/global-exam.com\/blog\/?s={search_term_string}\"},\"query-input\":\"required name=search_term_string\"}],\"inLanguage\":\"fr-FR\"},{\"@type\":\"WebPage\",\"@id\":\"https:\/\/global-exam.com\/blog\/es\/examenes\/delf\/categoria-gramatica-delf\/#webpage\",\"url\":\"https:\/\/global-exam.com\/blog\/es\/examenes\/delf\/categoria-gramatica-delf\/\",\"name\":\"Gram\\u00e1tica DELF\",\"isPartOf\":{\"@id\":\"https:\/\/global-exam.com\/blog\/#website\"},\"datePublished\":\"2021-12-13T16:12:08+00:00\",\"dateModified\":\"2022-09-16T09:38:49+00:00\",\"breadcrumb\":{\"@id\":\"https:\/\/global-exam.com\/blog\/es\/examenes\/delf\/categoria-gramatica-delf\/#breadcrumb\"},\"inLanguage\":\"fr-FR\",\"potentialAction\":[{\"@type\":\"ReadAction\",\"target\":[\"https:\/\/global-exam.com\/blog\/es\/examenes\/delf\/categoria-gramatica-delf\/\"]}]},{\"@type\":\"BreadcrumbList\",\"@id\":\"https:\/\/global-exam.com\/blog\/es\/examenes\/delf\/categoria-gramatica-delf\/#breadcrumb\",\"itemListElement\":[{\"@type\":\"ListItem\",\"position\":1,\"name\":\"Ex\\u00e1menes de idioma\",\"item\":\"https:\/\/global-exam.com\/blog\/es\/examenes\/\"},{\"@type\":\"ListItem\",\"position\":2,\"name\":\"DELF\",\"item\":\"https:\/\/global-exam.com\/blog\/es\/examenes\/delf\/\"},{\"@type\":\"ListItem\",\"position\":3,\"name\":\"Gram\\u00e1tica DELF\"}]}]}<\/script>\n<!-- \/ Yoast SEO plugin. -->","yoast_head_json":{"title":"Gram\u00e1tica DELF","robots":{"index":"index","follow":"follow","max-snippet":"max-snippet:-1","max-image-preview":"max-image-preview:large","max-video-preview":"max-video-preview:-1"},"canonical":"https:\/\/global-exam.com\/blog\/es\/examenes\/delf\/categoria-gramatica-delf\/","og_locale":"fr_FR","og_type":"article","og_title":"Gram\u00e1tica DELF","og_description":"Domina la gram\u00e1tica del DELF El t\u00edtulo del DELF (Dipl\u00f4me d\u2019\u00c9tudes en Langue Fran\u00e7aise) es una certificaci\u00f3n oficial internacional que permite a [&hellip;]","og_url":"https:\/\/global-exam.com\/blog\/es\/examenes\/delf\/categoria-gramatica-delf\/","og_site_name":"GlobalExam Blog","article_publisher":"https:\/\/www.facebook.com\/Global.Exam","article_modified_time":"2022-09-16T09:38:49+00:00","twitter_card":"summary_large_image","twitter_site":"@Global_Exam","twitter_misc":{"Dur\u00e9e de lecture estim\u00e9e":"2 minutes"},"schema":{"@context":"https:\/\/schema.org","@graph":[{"@type":"WebSite","@id":"https:\/\/global-exam.com\/blog\/#website","url":"https:\/\/global-exam.com\/blog\/","name":"GlobalExam Blog","description":"Le blog du sp\u00e9cialiste de la certification linguistique","potentialAction":[{"@type":"SearchAction","target":{"@type":"EntryPoint","urlTemplate":"https:\/\/global-exam.com\/blog\/?s={search_term_string}"},"query-input":"required name=search_term_string"}],"inLanguage":"fr-FR"},{"@type":"WebPage","@id":"https:\/\/global-exam.com\/blog\/es\/examenes\/delf\/categoria-gramatica-delf\/#webpage","url":"https:\/\/global-exam.com\/blog\/es\/examenes\/delf\/categoria-gramatica-delf\/","name":"Gram\u00e1tica DELF","isPartOf":{"@id":"https:\/\/global-exam.com\/blog\/#website"},"datePublished":"2021-12-13T16:12:08+00:00","dateModified":"2022-09-16T09:38:49+00:00","breadcrumb":{"@id":"https:\/\/global-exam.com\/blog\/es\/examenes\/delf\/categoria-gramatica-delf\/#breadcrumb"},"inLanguage":"fr-FR","potentialAction":[{"@type":"ReadAction","target":["https:\/\/global-exam.com\/blog\/es\/examenes\/delf\/categoria-gramatica-delf\/"]}]},{"@type":"BreadcrumbList","@id":"https:\/\/global-exam.com\/blog\/es\/examenes\/delf\/categoria-gramatica-delf\/#breadcrumb","itemListElement":[{"@type":"ListItem","position":1,"name":"Ex\u00e1menes de idioma","item":"https:\/\/global-exam.com\/blog\/es\/examenes\/"},{"@type":"ListItem","position":2,"name":"DELF","item":"https:\/\/global-exam.com\/blog\/es\/examenes\/delf\/"},{"@type":"ListItem","position":3,"name":"Gram\u00e1tica DELF"}]}]}},"lang":"es","translations":{"es":70460},"pll_sync_post":[],"_links":{"self":[{"href":"https:\/\/global-exam.com\/blog\/wp-json\/wp\/v2\/pages\/70460"}],"collection":[{"href":"https:\/\/global-exam.com\/blog\/wp-json\/wp\/v2\/pages"}],"about":[{"href":"https:\/\/global-exam.com\/blog\/wp-json\/wp\/v2\/types\/page"}],"author":[{"embeddable":true,"href":"https:\/\/global-exam.com\/blog\/wp-json\/wp\/v2\/users\/24"}],"replies":[{"embeddable":true,"href":"https:\/\/global-exam.com\/blog\/wp-json\/wp\/v2\/comments?post=70460"}],"version-history":[{"count":5,"href":"https:\/\/global-exam.com\/blog\/wp-json\/wp\/v2\/pages\/70460\/revisions"}],"predecessor-version":[{"id":79523,"href":"https:\/\/global-exam.com\/blog\/wp-json\/wp\/v2\/pages\/70460\/revisions\/79523"}],"up":[{"embeddable":true,"href":"https:\/\/global-exam.com\/blog\/wp-json\/wp\/v2\/pages\/18503"}],"wp:attachment":[{"href":"https:\/\/global-exam.com\/blog\/wp-json\/wp\/v2\/media?parent=70460"}],"curies":[{"name":"wp","href":"https:\/\/api.w.org\/{rel}","templated":true}]}}