{"id":70465,"date":"2021-12-13T17:14:54","date_gmt":"2021-12-13T16:14:54","guid":{"rendered":"https:\/\/global-exam.com\/blog\/?page_id=70465"},"modified":"2022-09-16T11:45:31","modified_gmt":"2022-09-16T09:45:31","slug":"categoria-vocabulario-delf","status":"publish","type":"page","link":"https:\/\/global-exam.com\/blog\/es\/examenes\/delf\/categoria-vocabulario-delf\/","title":{"rendered":"Vocabulario DELF"},"content":{"rendered":"<p>Aprende el vocabulario necesario para el DELF<\/p>\n<p>El <strong>DELF<\/strong> (Dipl\u00f4me d\u2019\u00c9tudes en Langue Fran\u00e7aise) es una certificaci\u00f3n oficial internacional que permite a personas no nativas de Francia o de pa\u00edses franc\u00f3fonos poder demostrar su nivel de franc\u00e9s. Esta certificaci\u00f3n es emitida por el <strong>Ministerio de Educaci\u00f3n de Francia<\/strong>, y tiene como objetivo demostrar su nivel de franc\u00e9s tanto en \u00e1reas acad\u00e9micas como en \u00e1reas profesionales.<\/p>\n<p>Realizar la prueba de nivel de franc\u00e9s <strong>DELF<\/strong> tiene ventajas a varios niveles. Una de sus ventajas principales es que con este t\u00edtulo podr\u00e1s tener acceso a todas las universidades francesas, as\u00ed como a varias <strong>universidades europeas<\/strong> e incluso <strong>universidades franc\u00f3fonas<\/strong>. Por otra parte, te informamos que una vez que hayas realizado este test de nivel no tendr\u00e1s que volver a repetirlo ya que este t\u00edtulo de franc\u00e9s tiene una validez permanente.<\/p>\n<p>En esta secci\u00f3n, te presentaremos todo lo que tienes que saber acerca del <strong>vocabulario franc\u00e9s<\/strong> <strong>para presentarte al DELF<\/strong>. As\u00ed, podr\u00e1s mejorar esta habilidad mediante fichas de vocabulario, ejercicios, ejemplos, etc.<\/p>\n<p>Podr\u00e1s tener acceso a varios art\u00edculos que te indicar\u00e1n listas de <strong>vocabulario<\/strong> sobre por ejemplo, las diferentes <strong>partes del cuerpo en franc\u00e9s<\/strong>, los d\u00edas de la semana, los colores, los n\u00fameros, y hasta <strong>c\u00f3mo decir la hora en franc\u00e9s<\/strong>.<\/p>\n<p>Adem\u00e1s de todas estas informaciones sobre el vocabulario en franc\u00e9s, tienes que tener en cuenta de que nuestra plataforma GlobalExam es una herramienta online que te ofrece la posibilidad de <strong>prepararse para los ex\u00e1menes a la hora<\/strong> que tu quieres y d\u00f3nde lo quieras. Gracias a ella, podr\u00e1s entrenarte mediante varios ejercicios y con todas sus <strong>correcciones,<\/strong> as\u00ed que tener acceso a planes de estudio, y a\u00fan a unas hojas explicativas que son dise\u00f1adas por <strong>profesores nativos<\/strong> y especializados en estas <strong>certificaciones.<\/strong><\/p>\n<p>Gracias a nosotros y a nuestra plataforma, descubre el mundo de las certificaciones oficiales, as\u00ed que no pierdas tiempo para realizar nuestra <strong>prueba gratuita.<\/strong><\/p>\n","protected":false},"excerpt":{"rendered":"<p>Aprende el vocabulario necesario para el DELF El DELF (Dipl\u00f4me d\u2019\u00c9tudes en Langue Fran\u00e7aise) es una certificaci\u00f3n oficial internacional que permite a [&hellip;]<\/p>\n","protected":false},"author":24,"featured_media":0,"parent":18503,"menu_order":0,"comment_status":"closed","ping_status":"closed","template":"","meta":[],"acf":[],"yoast_head":"<!-- This site is optimized with the Yoast SEO plugin v17.2.1 - https:\/\/yoast.com\/wordpress\/plugins\/seo\/ -->\n<title>Vocabulario DELF<\/title>\n<meta name=\"robots\" content=\"index, follow, max-snippet:-1, max-image-preview:large, max-video-preview:-1\" \/>\n<link rel=\"canonical\" href=\"https:\/\/global-exam.com\/blog\/es\/examenes\/delf\/categoria-vocabulario-delf\/\" \/>\n<meta property=\"og:locale\" content=\"fr_FR\" \/>\n<meta property=\"og:type\" content=\"article\" \/>\n<meta property=\"og:title\" content=\"Vocabulario DELF\" \/>\n<meta property=\"og:description\" content=\"Aprende el vocabulario necesario para el DELF El DELF (Dipl\u00f4me d\u2019\u00c9tudes en Langue Fran\u00e7aise) es una certificaci\u00f3n oficial internacional que permite a [&hellip;]\" \/>\n<meta property=\"og:url\" content=\"https:\/\/global-exam.com\/blog\/es\/examenes\/delf\/categoria-vocabulario-delf\/\" \/>\n<meta property=\"og:site_name\" content=\"GlobalExam Blog\" \/>\n<meta property=\"article:publisher\" content=\"https:\/\/www.facebook.com\/Global.Exam\" \/>\n<meta property=\"article:modified_time\" content=\"2022-09-16T09:45:31+00:00\" \/>\n<meta name=\"twitter:card\" content=\"summary_large_image\" \/>\n<meta name=\"twitter:site\" content=\"@Global_Exam\" \/>\n<meta name=\"twitter:label1\" content=\"Dur\u00e9e de lecture estim\u00e9e\" \/>\n\t<meta name=\"twitter:data1\" content=\"2 minutes\" \/>\n<script type=\"application\/ld+json\" class=\"yoast-schema-graph\">{\"@context\":\"https:\/\/schema.org\",\"@graph\":[{\"@type\":\"WebSite\",\"@id\":\"https:\/\/global-exam.com\/blog\/#website\",\"url\":\"https:\/\/global-exam.com\/blog\/\",\"name\":\"GlobalExam Blog\",\"description\":\"Le blog du sp\\u00e9cialiste de la certification linguistique\",\"potentialAction\":[{\"@type\":\"SearchAction\",\"target\":{\"@type\":\"EntryPoint\",\"urlTemplate\":\"https:\/\/global-exam.com\/blog\/?s={search_term_string}\"},\"query-input\":\"required name=search_term_string\"}],\"inLanguage\":\"fr-FR\"},{\"@type\":\"WebPage\",\"@id\":\"https:\/\/global-exam.com\/blog\/es\/examenes\/delf\/categoria-vocabulario-delf\/#webpage\",\"url\":\"https:\/\/global-exam.com\/blog\/es\/examenes\/delf\/categoria-vocabulario-delf\/\",\"name\":\"Vocabulario DELF\",\"isPartOf\":{\"@id\":\"https:\/\/global-exam.com\/blog\/#website\"},\"datePublished\":\"2021-12-13T16:14:54+00:00\",\"dateModified\":\"2022-09-16T09:45:31+00:00\",\"breadcrumb\":{\"@id\":\"https:\/\/global-exam.com\/blog\/es\/examenes\/delf\/categoria-vocabulario-delf\/#breadcrumb\"},\"inLanguage\":\"fr-FR\",\"potentialAction\":[{\"@type\":\"ReadAction\",\"target\":[\"https:\/\/global-exam.com\/blog\/es\/examenes\/delf\/categoria-vocabulario-delf\/\"]}]},{\"@type\":\"BreadcrumbList\",\"@id\":\"https:\/\/global-exam.com\/blog\/es\/examenes\/delf\/categoria-vocabulario-delf\/#breadcrumb\",\"itemListElement\":[{\"@type\":\"ListItem\",\"position\":1,\"name\":\"Ex\\u00e1menes de idioma\",\"item\":\"https:\/\/global-exam.com\/blog\/es\/examenes\/\"},{\"@type\":\"ListItem\",\"position\":2,\"name\":\"DELF\",\"item\":\"https:\/\/global-exam.com\/blog\/es\/examenes\/delf\/\"},{\"@type\":\"ListItem\",\"position\":3,\"name\":\"Vocabulario DELF\"}]}]}<\/script>\n<!-- \/ Yoast SEO plugin. -->","yoast_head_json":{"title":"Vocabulario DELF","robots":{"index":"index","follow":"follow","max-snippet":"max-snippet:-1","max-image-preview":"max-image-preview:large","max-video-preview":"max-video-preview:-1"},"canonical":"https:\/\/global-exam.com\/blog\/es\/examenes\/delf\/categoria-vocabulario-delf\/","og_locale":"fr_FR","og_type":"article","og_title":"Vocabulario DELF","og_description":"Aprende el vocabulario necesario para el DELF El DELF (Dipl\u00f4me d\u2019\u00c9tudes en Langue Fran\u00e7aise) es una certificaci\u00f3n oficial internacional que permite a [&hellip;]","og_url":"https:\/\/global-exam.com\/blog\/es\/examenes\/delf\/categoria-vocabulario-delf\/","og_site_name":"GlobalExam Blog","article_publisher":"https:\/\/www.facebook.com\/Global.Exam","article_modified_time":"2022-09-16T09:45:31+00:00","twitter_card":"summary_large_image","twitter_site":"@Global_Exam","twitter_misc":{"Dur\u00e9e de lecture estim\u00e9e":"2 minutes"},"schema":{"@context":"https:\/\/schema.org","@graph":[{"@type":"WebSite","@id":"https:\/\/global-exam.com\/blog\/#website","url":"https:\/\/global-exam.com\/blog\/","name":"GlobalExam Blog","description":"Le blog du sp\u00e9cialiste de la certification linguistique","potentialAction":[{"@type":"SearchAction","target":{"@type":"EntryPoint","urlTemplate":"https:\/\/global-exam.com\/blog\/?s={search_term_string}"},"query-input":"required name=search_term_string"}],"inLanguage":"fr-FR"},{"@type":"WebPage","@id":"https:\/\/global-exam.com\/blog\/es\/examenes\/delf\/categoria-vocabulario-delf\/#webpage","url":"https:\/\/global-exam.com\/blog\/es\/examenes\/delf\/categoria-vocabulario-delf\/","name":"Vocabulario DELF","isPartOf":{"@id":"https:\/\/global-exam.com\/blog\/#website"},"datePublished":"2021-12-13T16:14:54+00:00","dateModified":"2022-09-16T09:45:31+00:00","breadcrumb":{"@id":"https:\/\/global-exam.com\/blog\/es\/examenes\/delf\/categoria-vocabulario-delf\/#breadcrumb"},"inLanguage":"fr-FR","potentialAction":[{"@type":"ReadAction","target":["https:\/\/global-exam.com\/blog\/es\/examenes\/delf\/categoria-vocabulario-delf\/"]}]},{"@type":"BreadcrumbList","@id":"https:\/\/global-exam.com\/blog\/es\/examenes\/delf\/categoria-vocabulario-delf\/#breadcrumb","itemListElement":[{"@type":"ListItem","position":1,"name":"Ex\u00e1menes de idioma","item":"https:\/\/global-exam.com\/blog\/es\/examenes\/"},{"@type":"ListItem","position":2,"name":"DELF","item":"https:\/\/global-exam.com\/blog\/es\/examenes\/delf\/"},{"@type":"ListItem","position":3,"name":"Vocabulario DELF"}]}]}},"lang":"es","translations":{"es":70465},"pll_sync_post":[],"_links":{"self":[{"href":"https:\/\/global-exam.com\/blog\/wp-json\/wp\/v2\/pages\/70465"}],"collection":[{"href":"https:\/\/global-exam.com\/blog\/wp-json\/wp\/v2\/pages"}],"about":[{"href":"https:\/\/global-exam.com\/blog\/wp-json\/wp\/v2\/types\/page"}],"author":[{"embeddable":true,"href":"https:\/\/global-exam.com\/blog\/wp-json\/wp\/v2\/users\/24"}],"replies":[{"embeddable":true,"href":"https:\/\/global-exam.com\/blog\/wp-json\/wp\/v2\/comments?post=70465"}],"version-history":[{"count":5,"href":"https:\/\/global-exam.com\/blog\/wp-json\/wp\/v2\/pages\/70465\/revisions"}],"predecessor-version":[{"id":79529,"href":"https:\/\/global-exam.com\/blog\/wp-json\/wp\/v2\/pages\/70465\/revisions\/79529"}],"up":[{"embeddable":true,"href":"https:\/\/global-exam.com\/blog\/wp-json\/wp\/v2\/pages\/18503"}],"wp:attachment":[{"href":"https:\/\/global-exam.com\/blog\/wp-json\/wp\/v2\/media?parent=70465"}],"curies":[{"name":"wp","href":"https:\/\/api.w.org\/{rel}","templated":true}]}}