{"id":70470,"date":"2021-12-13T17:17:19","date_gmt":"2021-12-13T16:17:19","guid":{"rendered":"https:\/\/global-exam.com\/blog\/?page_id=70470"},"modified":"2022-09-16T11:50:06","modified_gmt":"2022-09-16T09:50:06","slug":"categoria-introduccion-dalf","status":"publish","type":"page","link":"https:\/\/global-exam.com\/blog\/es\/examenes\/dalf\/categoria-introduccion-dalf\/","title":{"rendered":"Introducci\u00f3n DALF"},"content":{"rendered":"<p>Descubre el examen del DALF<\/p>\n<p>En la siguiente categor\u00eda vas a encontrar toda la informaci\u00f3n que necesitas conocer para <strong>inscribirte al examen DALF.<\/strong>\u00a0Este diploma acredita un nivel avanzado de franc\u00e9s a todas aquellas personas que consigan con \u00e9xito aprobar el examen (con m\u00e1s de 50 puntos). Esta prueba es utilizada para\u00a0<strong>seleccionar a estudiantes<\/strong>\u00a0que quieren estudiar grados o posgrados en universidades francesas, as\u00ed como a personal en empresas multinacionales o para presentar documentos de nacionalidad para cualquier pa\u00eds francoparlante.<\/p>\n<p>En los art\u00edculos que encontrar\u00e1s aqu\u00ed adjuntos ver\u00e1s a modo de introducci\u00f3n datos de inter\u00e9s como<strong>\u00a0qu\u00e9 es concretamente esta prueba<\/strong>\u00a0y para qu\u00e9 te sirve,<strong>\u00a0el proceso de inscripci\u00f3n<\/strong>\u00a0para el examen en los centros acreditados como La Alianza Francesa y los precios dependiendo del lugar en el que residas. En definitiva, conocer\u00e1s de primera mano qu\u00e9 pasos debes dar si quieres acreditar tu conocimiento de franc\u00e9s.<\/p>\n<p>Desde GlobalExam\u00a0<strong>queremos que triunfes en el DALF<\/strong>, por eso tienes a tu disposici\u00f3n hojas de estudio con explicaciones sobre gram\u00e1tica y vocabulario, ejercicios con respuestas y ejemplos concretos para cada una de las secciones de la prueba y modelos reales de ex\u00e1menes para que los realices antes de la prueba final.<\/p>\n<p>Investiga en la categor\u00eda para descubrir qu\u00e9 es el DALF y c\u00f3mo presentarte a la prueba.<\/p>\n","protected":false},"excerpt":{"rendered":"<p>Descubre el examen del DALF En la siguiente categor\u00eda vas a encontrar toda la informaci\u00f3n que necesitas conocer para inscribirte al examen [&hellip;]<\/p>\n","protected":false},"author":24,"featured_media":0,"parent":35579,"menu_order":0,"comment_status":"closed","ping_status":"closed","template":"","meta":[],"acf":[],"yoast_head":"<!-- This site is optimized with the Yoast SEO plugin v17.2.1 - https:\/\/yoast.com\/wordpress\/plugins\/seo\/ -->\n<title>Introducci\u00f3n DALF<\/title>\n<meta name=\"robots\" content=\"index, follow, max-snippet:-1, max-image-preview:large, max-video-preview:-1\" \/>\n<link rel=\"canonical\" href=\"https:\/\/global-exam.com\/blog\/es\/examenes\/dalf\/categoria-introduccion-dalf\/\" \/>\n<meta property=\"og:locale\" content=\"fr_FR\" \/>\n<meta property=\"og:type\" content=\"article\" \/>\n<meta property=\"og:title\" content=\"Introducci\u00f3n DALF\" \/>\n<meta property=\"og:description\" content=\"Descubre el examen del DALF En la siguiente categor\u00eda vas a encontrar toda la informaci\u00f3n que necesitas conocer para inscribirte al examen [&hellip;]\" \/>\n<meta property=\"og:url\" content=\"https:\/\/global-exam.com\/blog\/es\/examenes\/dalf\/categoria-introduccion-dalf\/\" \/>\n<meta property=\"og:site_name\" content=\"GlobalExam Blog\" \/>\n<meta property=\"article:publisher\" content=\"https:\/\/www.facebook.com\/Global.Exam\" \/>\n<meta property=\"article:modified_time\" content=\"2022-09-16T09:50:06+00:00\" \/>\n<meta name=\"twitter:card\" content=\"summary_large_image\" \/>\n<meta name=\"twitter:site\" content=\"@Global_Exam\" \/>\n<meta name=\"twitter:label1\" content=\"Dur\u00e9e de lecture estim\u00e9e\" \/>\n\t<meta name=\"twitter:data1\" content=\"1 minute\" \/>\n<script type=\"application\/ld+json\" class=\"yoast-schema-graph\">{\"@context\":\"https:\/\/schema.org\",\"@graph\":[{\"@type\":\"WebSite\",\"@id\":\"https:\/\/global-exam.com\/blog\/#website\",\"url\":\"https:\/\/global-exam.com\/blog\/\",\"name\":\"GlobalExam Blog\",\"description\":\"Le blog du sp\\u00e9cialiste de la certification linguistique\",\"potentialAction\":[{\"@type\":\"SearchAction\",\"target\":{\"@type\":\"EntryPoint\",\"urlTemplate\":\"https:\/\/global-exam.com\/blog\/?s={search_term_string}\"},\"query-input\":\"required name=search_term_string\"}],\"inLanguage\":\"fr-FR\"},{\"@type\":\"WebPage\",\"@id\":\"https:\/\/global-exam.com\/blog\/es\/examenes\/dalf\/categoria-introduccion-dalf\/#webpage\",\"url\":\"https:\/\/global-exam.com\/blog\/es\/examenes\/dalf\/categoria-introduccion-dalf\/\",\"name\":\"Introducci\\u00f3n DALF\",\"isPartOf\":{\"@id\":\"https:\/\/global-exam.com\/blog\/#website\"},\"datePublished\":\"2021-12-13T16:17:19+00:00\",\"dateModified\":\"2022-09-16T09:50:06+00:00\",\"breadcrumb\":{\"@id\":\"https:\/\/global-exam.com\/blog\/es\/examenes\/dalf\/categoria-introduccion-dalf\/#breadcrumb\"},\"inLanguage\":\"fr-FR\",\"potentialAction\":[{\"@type\":\"ReadAction\",\"target\":[\"https:\/\/global-exam.com\/blog\/es\/examenes\/dalf\/categoria-introduccion-dalf\/\"]}]},{\"@type\":\"BreadcrumbList\",\"@id\":\"https:\/\/global-exam.com\/blog\/es\/examenes\/dalf\/categoria-introduccion-dalf\/#breadcrumb\",\"itemListElement\":[{\"@type\":\"ListItem\",\"position\":1,\"name\":\"Ex\\u00e1menes de idioma\",\"item\":\"https:\/\/global-exam.com\/blog\/es\/examenes\/\"},{\"@type\":\"ListItem\",\"position\":2,\"name\":\"DALF\",\"item\":\"https:\/\/global-exam.com\/blog\/es\/examenes\/dalf\/\"},{\"@type\":\"ListItem\",\"position\":3,\"name\":\"Introducci\\u00f3n DALF\"}]}]}<\/script>\n<!-- \/ Yoast SEO plugin. -->","yoast_head_json":{"title":"Introducci\u00f3n DALF","robots":{"index":"index","follow":"follow","max-snippet":"max-snippet:-1","max-image-preview":"max-image-preview:large","max-video-preview":"max-video-preview:-1"},"canonical":"https:\/\/global-exam.com\/blog\/es\/examenes\/dalf\/categoria-introduccion-dalf\/","og_locale":"fr_FR","og_type":"article","og_title":"Introducci\u00f3n DALF","og_description":"Descubre el examen del DALF En la siguiente categor\u00eda vas a encontrar toda la informaci\u00f3n que necesitas conocer para inscribirte al examen [&hellip;]","og_url":"https:\/\/global-exam.com\/blog\/es\/examenes\/dalf\/categoria-introduccion-dalf\/","og_site_name":"GlobalExam Blog","article_publisher":"https:\/\/www.facebook.com\/Global.Exam","article_modified_time":"2022-09-16T09:50:06+00:00","twitter_card":"summary_large_image","twitter_site":"@Global_Exam","twitter_misc":{"Dur\u00e9e de lecture estim\u00e9e":"1 minute"},"schema":{"@context":"https:\/\/schema.org","@graph":[{"@type":"WebSite","@id":"https:\/\/global-exam.com\/blog\/#website","url":"https:\/\/global-exam.com\/blog\/","name":"GlobalExam Blog","description":"Le blog du sp\u00e9cialiste de la certification linguistique","potentialAction":[{"@type":"SearchAction","target":{"@type":"EntryPoint","urlTemplate":"https:\/\/global-exam.com\/blog\/?s={search_term_string}"},"query-input":"required name=search_term_string"}],"inLanguage":"fr-FR"},{"@type":"WebPage","@id":"https:\/\/global-exam.com\/blog\/es\/examenes\/dalf\/categoria-introduccion-dalf\/#webpage","url":"https:\/\/global-exam.com\/blog\/es\/examenes\/dalf\/categoria-introduccion-dalf\/","name":"Introducci\u00f3n DALF","isPartOf":{"@id":"https:\/\/global-exam.com\/blog\/#website"},"datePublished":"2021-12-13T16:17:19+00:00","dateModified":"2022-09-16T09:50:06+00:00","breadcrumb":{"@id":"https:\/\/global-exam.com\/blog\/es\/examenes\/dalf\/categoria-introduccion-dalf\/#breadcrumb"},"inLanguage":"fr-FR","potentialAction":[{"@type":"ReadAction","target":["https:\/\/global-exam.com\/blog\/es\/examenes\/dalf\/categoria-introduccion-dalf\/"]}]},{"@type":"BreadcrumbList","@id":"https:\/\/global-exam.com\/blog\/es\/examenes\/dalf\/categoria-introduccion-dalf\/#breadcrumb","itemListElement":[{"@type":"ListItem","position":1,"name":"Ex\u00e1menes de idioma","item":"https:\/\/global-exam.com\/blog\/es\/examenes\/"},{"@type":"ListItem","position":2,"name":"DALF","item":"https:\/\/global-exam.com\/blog\/es\/examenes\/dalf\/"},{"@type":"ListItem","position":3,"name":"Introducci\u00f3n DALF"}]}]}},"lang":"es","translations":{"es":70470},"pll_sync_post":[],"_links":{"self":[{"href":"https:\/\/global-exam.com\/blog\/wp-json\/wp\/v2\/pages\/70470"}],"collection":[{"href":"https:\/\/global-exam.com\/blog\/wp-json\/wp\/v2\/pages"}],"about":[{"href":"https:\/\/global-exam.com\/blog\/wp-json\/wp\/v2\/types\/page"}],"author":[{"embeddable":true,"href":"https:\/\/global-exam.com\/blog\/wp-json\/wp\/v2\/users\/24"}],"replies":[{"embeddable":true,"href":"https:\/\/global-exam.com\/blog\/wp-json\/wp\/v2\/comments?post=70470"}],"version-history":[{"count":4,"href":"https:\/\/global-exam.com\/blog\/wp-json\/wp\/v2\/pages\/70470\/revisions"}],"predecessor-version":[{"id":79535,"href":"https:\/\/global-exam.com\/blog\/wp-json\/wp\/v2\/pages\/70470\/revisions\/79535"}],"up":[{"embeddable":true,"href":"https:\/\/global-exam.com\/blog\/wp-json\/wp\/v2\/pages\/35579"}],"wp:attachment":[{"href":"https:\/\/global-exam.com\/blog\/wp-json\/wp\/v2\/media?parent=70470"}],"curies":[{"name":"wp","href":"https:\/\/api.w.org\/{rel}","templated":true}]}}