{"id":70473,"date":"2021-12-13T17:19:49","date_gmt":"2021-12-13T16:19:49","guid":{"rendered":"https:\/\/global-exam.com\/blog\/?page_id=70473"},"modified":"2022-09-16T11:49:13","modified_gmt":"2022-09-16T09:49:13","slug":"categoria-instrucciones-dalf","status":"publish","type":"page","link":"https:\/\/global-exam.com\/blog\/es\/examenes\/dalf\/categoria-instrucciones-dalf\/","title":{"rendered":"Instrucciones DALF"},"content":{"rendered":"<p>Descubre la estructura del DALF<\/p>\n<p>Si te has adentrado en esta categor\u00eda est\u00e1s de suerte, porque podr\u00e1s conocer de primera mano cu\u00e1l es <strong>la estructura del examen DALF<\/strong>\u00a0y qu\u00e9 tipo de ejercicios puedes encontrarte. Recuerda que el Diploma de Franc\u00e9s Avanzado DALF consta de<strong>\u00a0cuatro pruebas diferentes<\/strong>\u00a0que eval\u00faan nuestra capacidad de comprender y producir en franc\u00e9s:\u00a0<strong>expresi\u00f3n oral, expresi\u00f3n escrita, comprensi\u00f3n lectora y comprensi\u00f3n oral<\/strong>. Si consigues aprobar, conseguir\u00e1s el certificado m\u00e1s reputado por instituciones francoparlantes.<\/p>\n<p>En esta categor\u00eda, vas a encontrar adjuntos art\u00edculos que te dar\u00e1n todas las\u00a0<strong>instrucciones<\/strong>\u00a0necesarias para entender cu\u00e1l es la estructura de cada una de las pruebas y ejemplos concretos de preguntas y sus respuestas con sus respectivas explicaciones.<\/p>\n<p>Desde\u00a0<strong>GlobalExam<\/strong>\u00a0te ofrecemos m\u00e1s de 200 hojas de material de estudio para el DALF, as\u00ed como m\u00e1s de 60 ejercicios corregidos como los que te vas a encontrar en los art\u00edculos de esta categor\u00eda. Por si fuera poco, ofrecemos\u00a0<strong>modelos de ex\u00e1menes<\/strong>\u00a0para comprobar si estamos prepar\u00e1ndonos bien para la prueba o a\u00fan necesitamos un empuj\u00f3n m\u00e1s.<\/p>\n<p>Ad\u00e9ntrate en la categor\u00eda para descubrir c\u00f3mo es el examen al que te vas a enfrentar y c\u00f3mo son los ejercicios del reading, listening, writing y speaking.<\/p>\n","protected":false},"excerpt":{"rendered":"<p>Descubre la estructura del DALF Si te has adentrado en esta categor\u00eda est\u00e1s de suerte, porque podr\u00e1s conocer de primera mano cu\u00e1l [&hellip;]<\/p>\n","protected":false},"author":24,"featured_media":0,"parent":35579,"menu_order":0,"comment_status":"closed","ping_status":"closed","template":"","meta":[],"acf":[],"yoast_head":"<!-- This site is optimized with the Yoast SEO plugin v17.2.1 - https:\/\/yoast.com\/wordpress\/plugins\/seo\/ -->\n<title>Instrucciones DALF<\/title>\n<meta name=\"robots\" content=\"index, follow, max-snippet:-1, max-image-preview:large, max-video-preview:-1\" \/>\n<link rel=\"canonical\" href=\"https:\/\/global-exam.com\/blog\/es\/examenes\/dalf\/categoria-instrucciones-dalf\/\" \/>\n<meta property=\"og:locale\" content=\"fr_FR\" \/>\n<meta property=\"og:type\" content=\"article\" \/>\n<meta property=\"og:title\" content=\"Instrucciones DALF\" \/>\n<meta property=\"og:description\" content=\"Descubre la estructura del DALF Si te has adentrado en esta categor\u00eda est\u00e1s de suerte, porque podr\u00e1s conocer de primera mano cu\u00e1l [&hellip;]\" \/>\n<meta property=\"og:url\" content=\"https:\/\/global-exam.com\/blog\/es\/examenes\/dalf\/categoria-instrucciones-dalf\/\" \/>\n<meta property=\"og:site_name\" content=\"GlobalExam Blog\" \/>\n<meta property=\"article:publisher\" content=\"https:\/\/www.facebook.com\/Global.Exam\" \/>\n<meta property=\"article:modified_time\" content=\"2022-09-16T09:49:13+00:00\" \/>\n<meta name=\"twitter:card\" content=\"summary_large_image\" \/>\n<meta name=\"twitter:site\" content=\"@Global_Exam\" \/>\n<meta name=\"twitter:label1\" content=\"Dur\u00e9e de lecture estim\u00e9e\" \/>\n\t<meta name=\"twitter:data1\" content=\"1 minute\" \/>\n<script type=\"application\/ld+json\" class=\"yoast-schema-graph\">{\"@context\":\"https:\/\/schema.org\",\"@graph\":[{\"@type\":\"WebSite\",\"@id\":\"https:\/\/global-exam.com\/blog\/#website\",\"url\":\"https:\/\/global-exam.com\/blog\/\",\"name\":\"GlobalExam Blog\",\"description\":\"Le blog du sp\\u00e9cialiste de la certification linguistique\",\"potentialAction\":[{\"@type\":\"SearchAction\",\"target\":{\"@type\":\"EntryPoint\",\"urlTemplate\":\"https:\/\/global-exam.com\/blog\/?s={search_term_string}\"},\"query-input\":\"required name=search_term_string\"}],\"inLanguage\":\"fr-FR\"},{\"@type\":\"WebPage\",\"@id\":\"https:\/\/global-exam.com\/blog\/es\/examenes\/dalf\/categoria-instrucciones-dalf\/#webpage\",\"url\":\"https:\/\/global-exam.com\/blog\/es\/examenes\/dalf\/categoria-instrucciones-dalf\/\",\"name\":\"Instrucciones DALF\",\"isPartOf\":{\"@id\":\"https:\/\/global-exam.com\/blog\/#website\"},\"datePublished\":\"2021-12-13T16:19:49+00:00\",\"dateModified\":\"2022-09-16T09:49:13+00:00\",\"breadcrumb\":{\"@id\":\"https:\/\/global-exam.com\/blog\/es\/examenes\/dalf\/categoria-instrucciones-dalf\/#breadcrumb\"},\"inLanguage\":\"fr-FR\",\"potentialAction\":[{\"@type\":\"ReadAction\",\"target\":[\"https:\/\/global-exam.com\/blog\/es\/examenes\/dalf\/categoria-instrucciones-dalf\/\"]}]},{\"@type\":\"BreadcrumbList\",\"@id\":\"https:\/\/global-exam.com\/blog\/es\/examenes\/dalf\/categoria-instrucciones-dalf\/#breadcrumb\",\"itemListElement\":[{\"@type\":\"ListItem\",\"position\":1,\"name\":\"Ex\\u00e1menes de idioma\",\"item\":\"https:\/\/global-exam.com\/blog\/es\/examenes\/\"},{\"@type\":\"ListItem\",\"position\":2,\"name\":\"DALF\",\"item\":\"https:\/\/global-exam.com\/blog\/es\/examenes\/dalf\/\"},{\"@type\":\"ListItem\",\"position\":3,\"name\":\"Instrucciones DALF\"}]}]}<\/script>\n<!-- \/ Yoast SEO plugin. -->","yoast_head_json":{"title":"Instrucciones DALF","robots":{"index":"index","follow":"follow","max-snippet":"max-snippet:-1","max-image-preview":"max-image-preview:large","max-video-preview":"max-video-preview:-1"},"canonical":"https:\/\/global-exam.com\/blog\/es\/examenes\/dalf\/categoria-instrucciones-dalf\/","og_locale":"fr_FR","og_type":"article","og_title":"Instrucciones DALF","og_description":"Descubre la estructura del DALF Si te has adentrado en esta categor\u00eda est\u00e1s de suerte, porque podr\u00e1s conocer de primera mano cu\u00e1l [&hellip;]","og_url":"https:\/\/global-exam.com\/blog\/es\/examenes\/dalf\/categoria-instrucciones-dalf\/","og_site_name":"GlobalExam Blog","article_publisher":"https:\/\/www.facebook.com\/Global.Exam","article_modified_time":"2022-09-16T09:49:13+00:00","twitter_card":"summary_large_image","twitter_site":"@Global_Exam","twitter_misc":{"Dur\u00e9e de lecture estim\u00e9e":"1 minute"},"schema":{"@context":"https:\/\/schema.org","@graph":[{"@type":"WebSite","@id":"https:\/\/global-exam.com\/blog\/#website","url":"https:\/\/global-exam.com\/blog\/","name":"GlobalExam Blog","description":"Le blog du sp\u00e9cialiste de la certification linguistique","potentialAction":[{"@type":"SearchAction","target":{"@type":"EntryPoint","urlTemplate":"https:\/\/global-exam.com\/blog\/?s={search_term_string}"},"query-input":"required name=search_term_string"}],"inLanguage":"fr-FR"},{"@type":"WebPage","@id":"https:\/\/global-exam.com\/blog\/es\/examenes\/dalf\/categoria-instrucciones-dalf\/#webpage","url":"https:\/\/global-exam.com\/blog\/es\/examenes\/dalf\/categoria-instrucciones-dalf\/","name":"Instrucciones DALF","isPartOf":{"@id":"https:\/\/global-exam.com\/blog\/#website"},"datePublished":"2021-12-13T16:19:49+00:00","dateModified":"2022-09-16T09:49:13+00:00","breadcrumb":{"@id":"https:\/\/global-exam.com\/blog\/es\/examenes\/dalf\/categoria-instrucciones-dalf\/#breadcrumb"},"inLanguage":"fr-FR","potentialAction":[{"@type":"ReadAction","target":["https:\/\/global-exam.com\/blog\/es\/examenes\/dalf\/categoria-instrucciones-dalf\/"]}]},{"@type":"BreadcrumbList","@id":"https:\/\/global-exam.com\/blog\/es\/examenes\/dalf\/categoria-instrucciones-dalf\/#breadcrumb","itemListElement":[{"@type":"ListItem","position":1,"name":"Ex\u00e1menes de idioma","item":"https:\/\/global-exam.com\/blog\/es\/examenes\/"},{"@type":"ListItem","position":2,"name":"DALF","item":"https:\/\/global-exam.com\/blog\/es\/examenes\/dalf\/"},{"@type":"ListItem","position":3,"name":"Instrucciones DALF"}]}]}},"lang":"es","translations":{"es":70473},"pll_sync_post":[],"_links":{"self":[{"href":"https:\/\/global-exam.com\/blog\/wp-json\/wp\/v2\/pages\/70473"}],"collection":[{"href":"https:\/\/global-exam.com\/blog\/wp-json\/wp\/v2\/pages"}],"about":[{"href":"https:\/\/global-exam.com\/blog\/wp-json\/wp\/v2\/types\/page"}],"author":[{"embeddable":true,"href":"https:\/\/global-exam.com\/blog\/wp-json\/wp\/v2\/users\/24"}],"replies":[{"embeddable":true,"href":"https:\/\/global-exam.com\/blog\/wp-json\/wp\/v2\/comments?post=70473"}],"version-history":[{"count":4,"href":"https:\/\/global-exam.com\/blog\/wp-json\/wp\/v2\/pages\/70473\/revisions"}],"predecessor-version":[{"id":79534,"href":"https:\/\/global-exam.com\/blog\/wp-json\/wp\/v2\/pages\/70473\/revisions\/79534"}],"up":[{"embeddable":true,"href":"https:\/\/global-exam.com\/blog\/wp-json\/wp\/v2\/pages\/35579"}],"wp:attachment":[{"href":"https:\/\/global-exam.com\/blog\/wp-json\/wp\/v2\/media?parent=70473"}],"curies":[{"name":"wp","href":"https:\/\/api.w.org\/{rel}","templated":true}]}}