{"id":70476,"date":"2021-12-13T17:22:51","date_gmt":"2021-12-13T16:22:51","guid":{"rendered":"https:\/\/global-exam.com\/blog\/?page_id=70476"},"modified":"2022-09-16T11:53:04","modified_gmt":"2022-09-16T09:53:04","slug":"categoria-obten-un-buen-puntaje-dalf","status":"publish","type":"page","link":"https:\/\/global-exam.com\/blog\/es\/examenes\/dalf\/categoria-obten-un-buen-puntaje-dalf\/","title":{"rendered":"Obt\u00e9n un buen puntaje DALF"},"content":{"rendered":"<p>Obt\u00e9n la mejor puntuaci\u00f3n posible<\/p>\n<p>En esta categor\u00eda te explicaremos todo lo que debes saber sobre\u00a0<strong>el sistema de puntuaci\u00f3n del examen DALF<\/strong>\u00a0(Diploma Avanzado de franc\u00e9s), que acredita a todos aquellos hablantes que superan la prueba de un nivel avanzado de la lengua. Es el certificado inmediatamente posterior al DELF y uno de los m\u00e1s requeridos en instituciones de todo el mundo para acceder<strong>\u00a0a estudios superiores o trabajos en empresas<\/strong>\u00a0multinacionales.<\/p>\n<p>\u00bfQuieres saber c\u00f3mo van a puntuarte en este test? Te explicamos<strong>\u00a0c\u00f3mo funciona el puntaje del DALF<\/strong>, con qu\u00e9 nota consigues el certificado y cu\u00e1les son los<strong>\u00a0requisitos m\u00ednimos<\/strong>\u00a0para salir airoso. Adem\u00e1s, te damos nuestros mejores consejos para que puedas obtener un buen puntaje y alcanzar as\u00ed tus metas personales y profesionales.<\/p>\n<p>En GlobalExam te ayudamos con\u00a0<strong>consejos<\/strong>\u00a0y tambi\u00e9n con material dise\u00f1ado por especialistas dedicado al examen DALF. Si accedes a nuestra plataforma, tendr\u00e1s la posibilidad de estudiar hojas de gram\u00e1tica y de vocabulario, realizar actividades guiadas con explicaciones espec\u00edficas de cada una de las partes de la prueba y ex\u00e1menes reales con los que podr\u00e1s probar si est\u00e1s preparado. Adem\u00e1s, te ofrecemos una planificaci\u00f3n dise\u00f1ada para tu estudio.<\/p>\n<p>Sigue investigando en esta categor\u00eda donde encontrar\u00e1s todo lo que necesitas para saber c\u00f3mo te puntuar\u00e1n el d\u00eda de tu examen.<\/p>\n","protected":false},"excerpt":{"rendered":"<p>Obt\u00e9n la mejor puntuaci\u00f3n posible En esta categor\u00eda te explicaremos todo lo que debes saber sobre\u00a0el sistema de puntuaci\u00f3n del examen DALF\u00a0(Diploma [&hellip;]<\/p>\n","protected":false},"author":24,"featured_media":0,"parent":35579,"menu_order":0,"comment_status":"closed","ping_status":"closed","template":"","meta":[],"acf":[],"yoast_head":"<!-- This site is optimized with the Yoast SEO plugin v17.2.1 - https:\/\/yoast.com\/wordpress\/plugins\/seo\/ -->\n<title>Obt\u00e9n un buen puntaje DALF<\/title>\n<meta name=\"robots\" content=\"index, follow, max-snippet:-1, max-image-preview:large, max-video-preview:-1\" \/>\n<link rel=\"canonical\" href=\"https:\/\/global-exam.com\/blog\/es\/examenes\/dalf\/categoria-obten-un-buen-puntaje-dalf\/\" \/>\n<meta property=\"og:locale\" content=\"fr_FR\" \/>\n<meta property=\"og:type\" content=\"article\" \/>\n<meta property=\"og:title\" content=\"Obt\u00e9n un buen puntaje DALF\" \/>\n<meta property=\"og:description\" content=\"Obt\u00e9n la mejor puntuaci\u00f3n posible En esta categor\u00eda te explicaremos todo lo que debes saber sobre\u00a0el sistema de puntuaci\u00f3n del examen DALF\u00a0(Diploma [&hellip;]\" \/>\n<meta property=\"og:url\" content=\"https:\/\/global-exam.com\/blog\/es\/examenes\/dalf\/categoria-obten-un-buen-puntaje-dalf\/\" \/>\n<meta property=\"og:site_name\" content=\"GlobalExam Blog\" \/>\n<meta property=\"article:publisher\" content=\"https:\/\/www.facebook.com\/Global.Exam\" \/>\n<meta property=\"article:modified_time\" content=\"2022-09-16T09:53:04+00:00\" \/>\n<meta name=\"twitter:card\" content=\"summary_large_image\" \/>\n<meta name=\"twitter:site\" content=\"@Global_Exam\" \/>\n<meta name=\"twitter:label1\" content=\"Dur\u00e9e de lecture estim\u00e9e\" \/>\n\t<meta name=\"twitter:data1\" content=\"1 minute\" \/>\n<script type=\"application\/ld+json\" class=\"yoast-schema-graph\">{\"@context\":\"https:\/\/schema.org\",\"@graph\":[{\"@type\":\"WebSite\",\"@id\":\"https:\/\/global-exam.com\/blog\/#website\",\"url\":\"https:\/\/global-exam.com\/blog\/\",\"name\":\"GlobalExam Blog\",\"description\":\"Le blog du sp\\u00e9cialiste de la certification linguistique\",\"potentialAction\":[{\"@type\":\"SearchAction\",\"target\":{\"@type\":\"EntryPoint\",\"urlTemplate\":\"https:\/\/global-exam.com\/blog\/?s={search_term_string}\"},\"query-input\":\"required name=search_term_string\"}],\"inLanguage\":\"fr-FR\"},{\"@type\":\"WebPage\",\"@id\":\"https:\/\/global-exam.com\/blog\/es\/examenes\/dalf\/categoria-obten-un-buen-puntaje-dalf\/#webpage\",\"url\":\"https:\/\/global-exam.com\/blog\/es\/examenes\/dalf\/categoria-obten-un-buen-puntaje-dalf\/\",\"name\":\"Obt\\u00e9n un buen puntaje DALF\",\"isPartOf\":{\"@id\":\"https:\/\/global-exam.com\/blog\/#website\"},\"datePublished\":\"2021-12-13T16:22:51+00:00\",\"dateModified\":\"2022-09-16T09:53:04+00:00\",\"breadcrumb\":{\"@id\":\"https:\/\/global-exam.com\/blog\/es\/examenes\/dalf\/categoria-obten-un-buen-puntaje-dalf\/#breadcrumb\"},\"inLanguage\":\"fr-FR\",\"potentialAction\":[{\"@type\":\"ReadAction\",\"target\":[\"https:\/\/global-exam.com\/blog\/es\/examenes\/dalf\/categoria-obten-un-buen-puntaje-dalf\/\"]}]},{\"@type\":\"BreadcrumbList\",\"@id\":\"https:\/\/global-exam.com\/blog\/es\/examenes\/dalf\/categoria-obten-un-buen-puntaje-dalf\/#breadcrumb\",\"itemListElement\":[{\"@type\":\"ListItem\",\"position\":1,\"name\":\"Ex\\u00e1menes de idioma\",\"item\":\"https:\/\/global-exam.com\/blog\/es\/examenes\/\"},{\"@type\":\"ListItem\",\"position\":2,\"name\":\"DALF\",\"item\":\"https:\/\/global-exam.com\/blog\/es\/examenes\/dalf\/\"},{\"@type\":\"ListItem\",\"position\":3,\"name\":\"Obt\\u00e9n un buen puntaje DALF\"}]}]}<\/script>\n<!-- \/ Yoast SEO plugin. -->","yoast_head_json":{"title":"Obt\u00e9n un buen puntaje DALF","robots":{"index":"index","follow":"follow","max-snippet":"max-snippet:-1","max-image-preview":"max-image-preview:large","max-video-preview":"max-video-preview:-1"},"canonical":"https:\/\/global-exam.com\/blog\/es\/examenes\/dalf\/categoria-obten-un-buen-puntaje-dalf\/","og_locale":"fr_FR","og_type":"article","og_title":"Obt\u00e9n un buen puntaje DALF","og_description":"Obt\u00e9n la mejor puntuaci\u00f3n posible En esta categor\u00eda te explicaremos todo lo que debes saber sobre\u00a0el sistema de puntuaci\u00f3n del examen DALF\u00a0(Diploma [&hellip;]","og_url":"https:\/\/global-exam.com\/blog\/es\/examenes\/dalf\/categoria-obten-un-buen-puntaje-dalf\/","og_site_name":"GlobalExam Blog","article_publisher":"https:\/\/www.facebook.com\/Global.Exam","article_modified_time":"2022-09-16T09:53:04+00:00","twitter_card":"summary_large_image","twitter_site":"@Global_Exam","twitter_misc":{"Dur\u00e9e de lecture estim\u00e9e":"1 minute"},"schema":{"@context":"https:\/\/schema.org","@graph":[{"@type":"WebSite","@id":"https:\/\/global-exam.com\/blog\/#website","url":"https:\/\/global-exam.com\/blog\/","name":"GlobalExam Blog","description":"Le blog du sp\u00e9cialiste de la certification linguistique","potentialAction":[{"@type":"SearchAction","target":{"@type":"EntryPoint","urlTemplate":"https:\/\/global-exam.com\/blog\/?s={search_term_string}"},"query-input":"required name=search_term_string"}],"inLanguage":"fr-FR"},{"@type":"WebPage","@id":"https:\/\/global-exam.com\/blog\/es\/examenes\/dalf\/categoria-obten-un-buen-puntaje-dalf\/#webpage","url":"https:\/\/global-exam.com\/blog\/es\/examenes\/dalf\/categoria-obten-un-buen-puntaje-dalf\/","name":"Obt\u00e9n un buen puntaje DALF","isPartOf":{"@id":"https:\/\/global-exam.com\/blog\/#website"},"datePublished":"2021-12-13T16:22:51+00:00","dateModified":"2022-09-16T09:53:04+00:00","breadcrumb":{"@id":"https:\/\/global-exam.com\/blog\/es\/examenes\/dalf\/categoria-obten-un-buen-puntaje-dalf\/#breadcrumb"},"inLanguage":"fr-FR","potentialAction":[{"@type":"ReadAction","target":["https:\/\/global-exam.com\/blog\/es\/examenes\/dalf\/categoria-obten-un-buen-puntaje-dalf\/"]}]},{"@type":"BreadcrumbList","@id":"https:\/\/global-exam.com\/blog\/es\/examenes\/dalf\/categoria-obten-un-buen-puntaje-dalf\/#breadcrumb","itemListElement":[{"@type":"ListItem","position":1,"name":"Ex\u00e1menes de idioma","item":"https:\/\/global-exam.com\/blog\/es\/examenes\/"},{"@type":"ListItem","position":2,"name":"DALF","item":"https:\/\/global-exam.com\/blog\/es\/examenes\/dalf\/"},{"@type":"ListItem","position":3,"name":"Obt\u00e9n un buen puntaje DALF"}]}]}},"lang":"es","translations":{"es":70476},"pll_sync_post":[],"_links":{"self":[{"href":"https:\/\/global-exam.com\/blog\/wp-json\/wp\/v2\/pages\/70476"}],"collection":[{"href":"https:\/\/global-exam.com\/blog\/wp-json\/wp\/v2\/pages"}],"about":[{"href":"https:\/\/global-exam.com\/blog\/wp-json\/wp\/v2\/types\/page"}],"author":[{"embeddable":true,"href":"https:\/\/global-exam.com\/blog\/wp-json\/wp\/v2\/users\/24"}],"replies":[{"embeddable":true,"href":"https:\/\/global-exam.com\/blog\/wp-json\/wp\/v2\/comments?post=70476"}],"version-history":[{"count":5,"href":"https:\/\/global-exam.com\/blog\/wp-json\/wp\/v2\/pages\/70476\/revisions"}],"predecessor-version":[{"id":79538,"href":"https:\/\/global-exam.com\/blog\/wp-json\/wp\/v2\/pages\/70476\/revisions\/79538"}],"up":[{"embeddable":true,"href":"https:\/\/global-exam.com\/blog\/wp-json\/wp\/v2\/pages\/35579"}],"wp:attachment":[{"href":"https:\/\/global-exam.com\/blog\/wp-json\/wp\/v2\/media?parent=70476"}],"curies":[{"name":"wp","href":"https:\/\/api.w.org\/{rel}","templated":true}]}}