{"id":70480,"date":"2021-12-13T17:25:30","date_gmt":"2021-12-13T16:25:30","guid":{"rendered":"https:\/\/global-exam.com\/blog\/?page_id=70480"},"modified":"2022-09-16T11:47:16","modified_gmt":"2022-09-16T09:47:16","slug":"categoria-centros-de-examen-dalf","status":"publish","type":"page","link":"https:\/\/global-exam.com\/blog\/es\/examenes\/dalf\/categoria-centros-de-examen-dalf\/","title":{"rendered":"Centros de examen DALF"},"content":{"rendered":"<p>Encuentra un centro cerca de t\u00ed<\/p>\n<p>Si est\u00e1s buscando cu\u00e1les son <strong>los centros de examen acreditados para tomar el DALF<\/strong>\u00a0est\u00e1s de suerte porque en esta categor\u00eda te contamos todo lo que necesitas saber si resides en Espa\u00f1a y vas a realizar el Diploma avanzado de franc\u00e9s. Recuerda que este examen consta de<strong>\u00a0cuatro pruebas<\/strong>\u00a0que avalan nuestras competencias para comprender y comunicarnos en franc\u00e9s. Conseguir\u00a0<strong>el certificado<\/strong>\u00a0te servir\u00e1 para mejorar en tu carrera profesional, estudiantil o si est\u00e1s pensando en vivir en cualquier pa\u00eds francoparlante.<\/p>\n<p>En los art\u00edculos adjuntos encontrar\u00e1s informaci\u00f3n de inter\u00e9s sobre\u00a0<strong>los centros de examen en Espa\u00f1a<\/strong>\u00a0y concretamente en Madrid y en Sevilla, donde puedes elegir entre La Alianza Francesa, El Instituto Franc\u00e9s o Universidades autorizadas para dar el examen DALF.<\/p>\n<p>Desde GlobalExam te queremos ayudar a dar lo mejor de ti y\u00a0<strong>pasar esta prueba con \u00e9xito<\/strong>. Es por eso que podr\u00e1s hacer una planificaci\u00f3n de estudio adaptada a tus necesidades para practicar con las m\u00e1s de 200 hojas de gram\u00e1tica y vocabulario, los m\u00e1s de 60 ejercicios de todas las pruebas del test corregidas y con modelos de ex\u00e1menes reales.<\/p>\n<p>Sigue investigando cu\u00e1les son los centros de examen en esta categor\u00eda y conoce qu\u00e9 hacer para inscribirte en la prueba.<\/p>\n","protected":false},"excerpt":{"rendered":"<p>Encuentra un centro cerca de t\u00ed Si est\u00e1s buscando cu\u00e1les son los centros de examen acreditados para tomar el DALF\u00a0est\u00e1s de suerte [&hellip;]<\/p>\n","protected":false},"author":24,"featured_media":0,"parent":35579,"menu_order":0,"comment_status":"closed","ping_status":"closed","template":"","meta":[],"acf":[],"yoast_head":"<!-- This site is optimized with the Yoast SEO plugin v17.2.1 - https:\/\/yoast.com\/wordpress\/plugins\/seo\/ -->\n<title>Centros de examen DALF<\/title>\n<meta name=\"robots\" content=\"index, follow, max-snippet:-1, max-image-preview:large, max-video-preview:-1\" \/>\n<link rel=\"canonical\" href=\"https:\/\/global-exam.com\/blog\/es\/examenes\/dalf\/categoria-centros-de-examen-dalf\/\" \/>\n<meta property=\"og:locale\" content=\"fr_FR\" \/>\n<meta property=\"og:type\" content=\"article\" \/>\n<meta property=\"og:title\" content=\"Centros de examen DALF\" \/>\n<meta property=\"og:description\" content=\"Encuentra un centro cerca de t\u00ed Si est\u00e1s buscando cu\u00e1les son los centros de examen acreditados para tomar el DALF\u00a0est\u00e1s de suerte [&hellip;]\" \/>\n<meta property=\"og:url\" content=\"https:\/\/global-exam.com\/blog\/es\/examenes\/dalf\/categoria-centros-de-examen-dalf\/\" \/>\n<meta property=\"og:site_name\" content=\"GlobalExam Blog\" \/>\n<meta property=\"article:publisher\" content=\"https:\/\/www.facebook.com\/Global.Exam\" \/>\n<meta property=\"article:modified_time\" content=\"2022-09-16T09:47:16+00:00\" \/>\n<meta name=\"twitter:card\" content=\"summary_large_image\" \/>\n<meta name=\"twitter:site\" content=\"@Global_Exam\" \/>\n<meta name=\"twitter:label1\" content=\"Dur\u00e9e de lecture estim\u00e9e\" \/>\n\t<meta name=\"twitter:data1\" content=\"1 minute\" \/>\n<script type=\"application\/ld+json\" class=\"yoast-schema-graph\">{\"@context\":\"https:\/\/schema.org\",\"@graph\":[{\"@type\":\"WebSite\",\"@id\":\"https:\/\/global-exam.com\/blog\/#website\",\"url\":\"https:\/\/global-exam.com\/blog\/\",\"name\":\"GlobalExam Blog\",\"description\":\"Le blog du sp\\u00e9cialiste de la certification linguistique\",\"potentialAction\":[{\"@type\":\"SearchAction\",\"target\":{\"@type\":\"EntryPoint\",\"urlTemplate\":\"https:\/\/global-exam.com\/blog\/?s={search_term_string}\"},\"query-input\":\"required name=search_term_string\"}],\"inLanguage\":\"fr-FR\"},{\"@type\":\"WebPage\",\"@id\":\"https:\/\/global-exam.com\/blog\/es\/examenes\/dalf\/categoria-centros-de-examen-dalf\/#webpage\",\"url\":\"https:\/\/global-exam.com\/blog\/es\/examenes\/dalf\/categoria-centros-de-examen-dalf\/\",\"name\":\"Centros de examen DALF\",\"isPartOf\":{\"@id\":\"https:\/\/global-exam.com\/blog\/#website\"},\"datePublished\":\"2021-12-13T16:25:30+00:00\",\"dateModified\":\"2022-09-16T09:47:16+00:00\",\"breadcrumb\":{\"@id\":\"https:\/\/global-exam.com\/blog\/es\/examenes\/dalf\/categoria-centros-de-examen-dalf\/#breadcrumb\"},\"inLanguage\":\"fr-FR\",\"potentialAction\":[{\"@type\":\"ReadAction\",\"target\":[\"https:\/\/global-exam.com\/blog\/es\/examenes\/dalf\/categoria-centros-de-examen-dalf\/\"]}]},{\"@type\":\"BreadcrumbList\",\"@id\":\"https:\/\/global-exam.com\/blog\/es\/examenes\/dalf\/categoria-centros-de-examen-dalf\/#breadcrumb\",\"itemListElement\":[{\"@type\":\"ListItem\",\"position\":1,\"name\":\"Ex\\u00e1menes de idioma\",\"item\":\"https:\/\/global-exam.com\/blog\/es\/examenes\/\"},{\"@type\":\"ListItem\",\"position\":2,\"name\":\"DALF\",\"item\":\"https:\/\/global-exam.com\/blog\/es\/examenes\/dalf\/\"},{\"@type\":\"ListItem\",\"position\":3,\"name\":\"Centros de examen DALF\"}]}]}<\/script>\n<!-- \/ Yoast SEO plugin. -->","yoast_head_json":{"title":"Centros de examen DALF","robots":{"index":"index","follow":"follow","max-snippet":"max-snippet:-1","max-image-preview":"max-image-preview:large","max-video-preview":"max-video-preview:-1"},"canonical":"https:\/\/global-exam.com\/blog\/es\/examenes\/dalf\/categoria-centros-de-examen-dalf\/","og_locale":"fr_FR","og_type":"article","og_title":"Centros de examen DALF","og_description":"Encuentra un centro cerca de t\u00ed Si est\u00e1s buscando cu\u00e1les son los centros de examen acreditados para tomar el DALF\u00a0est\u00e1s de suerte [&hellip;]","og_url":"https:\/\/global-exam.com\/blog\/es\/examenes\/dalf\/categoria-centros-de-examen-dalf\/","og_site_name":"GlobalExam Blog","article_publisher":"https:\/\/www.facebook.com\/Global.Exam","article_modified_time":"2022-09-16T09:47:16+00:00","twitter_card":"summary_large_image","twitter_site":"@Global_Exam","twitter_misc":{"Dur\u00e9e de lecture estim\u00e9e":"1 minute"},"schema":{"@context":"https:\/\/schema.org","@graph":[{"@type":"WebSite","@id":"https:\/\/global-exam.com\/blog\/#website","url":"https:\/\/global-exam.com\/blog\/","name":"GlobalExam Blog","description":"Le blog du sp\u00e9cialiste de la certification linguistique","potentialAction":[{"@type":"SearchAction","target":{"@type":"EntryPoint","urlTemplate":"https:\/\/global-exam.com\/blog\/?s={search_term_string}"},"query-input":"required name=search_term_string"}],"inLanguage":"fr-FR"},{"@type":"WebPage","@id":"https:\/\/global-exam.com\/blog\/es\/examenes\/dalf\/categoria-centros-de-examen-dalf\/#webpage","url":"https:\/\/global-exam.com\/blog\/es\/examenes\/dalf\/categoria-centros-de-examen-dalf\/","name":"Centros de examen DALF","isPartOf":{"@id":"https:\/\/global-exam.com\/blog\/#website"},"datePublished":"2021-12-13T16:25:30+00:00","dateModified":"2022-09-16T09:47:16+00:00","breadcrumb":{"@id":"https:\/\/global-exam.com\/blog\/es\/examenes\/dalf\/categoria-centros-de-examen-dalf\/#breadcrumb"},"inLanguage":"fr-FR","potentialAction":[{"@type":"ReadAction","target":["https:\/\/global-exam.com\/blog\/es\/examenes\/dalf\/categoria-centros-de-examen-dalf\/"]}]},{"@type":"BreadcrumbList","@id":"https:\/\/global-exam.com\/blog\/es\/examenes\/dalf\/categoria-centros-de-examen-dalf\/#breadcrumb","itemListElement":[{"@type":"ListItem","position":1,"name":"Ex\u00e1menes de idioma","item":"https:\/\/global-exam.com\/blog\/es\/examenes\/"},{"@type":"ListItem","position":2,"name":"DALF","item":"https:\/\/global-exam.com\/blog\/es\/examenes\/dalf\/"},{"@type":"ListItem","position":3,"name":"Centros de examen DALF"}]}]}},"lang":"es","translations":{"es":70480},"pll_sync_post":[],"_links":{"self":[{"href":"https:\/\/global-exam.com\/blog\/wp-json\/wp\/v2\/pages\/70480"}],"collection":[{"href":"https:\/\/global-exam.com\/blog\/wp-json\/wp\/v2\/pages"}],"about":[{"href":"https:\/\/global-exam.com\/blog\/wp-json\/wp\/v2\/types\/page"}],"author":[{"embeddable":true,"href":"https:\/\/global-exam.com\/blog\/wp-json\/wp\/v2\/users\/24"}],"replies":[{"embeddable":true,"href":"https:\/\/global-exam.com\/blog\/wp-json\/wp\/v2\/comments?post=70480"}],"version-history":[{"count":4,"href":"https:\/\/global-exam.com\/blog\/wp-json\/wp\/v2\/pages\/70480\/revisions"}],"predecessor-version":[{"id":79531,"href":"https:\/\/global-exam.com\/blog\/wp-json\/wp\/v2\/pages\/70480\/revisions\/79531"}],"up":[{"embeddable":true,"href":"https:\/\/global-exam.com\/blog\/wp-json\/wp\/v2\/pages\/35579"}],"wp:attachment":[{"href":"https:\/\/global-exam.com\/blog\/wp-json\/wp\/v2\/media?parent=70480"}],"curies":[{"name":"wp","href":"https:\/\/api.w.org\/{rel}","templated":true}]}}