{"id":70485,"date":"2021-12-13T17:27:42","date_gmt":"2021-12-13T16:27:42","guid":{"rendered":"https:\/\/global-exam.com\/blog\/?page_id=70485"},"modified":"2022-09-16T11:51:11","modified_gmt":"2022-09-16T09:51:11","slug":"categoria-material-de-practica-dalf","status":"publish","type":"page","link":"https:\/\/global-exam.com\/blog\/es\/examenes\/dalf\/categoria-material-de-practica-dalf\/","title":{"rendered":"Material de pr\u00e1ctica DALF"},"content":{"rendered":"<p>Encuentra recursos para practicar<\/p>\n<p>En la siguiente categor\u00eda encontrar\u00e1s toda la informaci\u00f3n que necesitas sobre <strong>el material de pr\u00e1ctica<\/strong>\u00a0que puede ser \u00fatil para prepararte el DALF y triunfar en el examen. El Diploma Avanzado de franc\u00e9s (DALF C1-C2) es<strong>\u00a0el certificado posterior al DELF<\/strong>\u00a0que eval\u00faa la capacidad del estudiante de comunicarse en franc\u00e9s y comprender casi todos los temas y contextos de la lengua. Es por todo esto, que conseguir el t\u00edtulo\u00a0<strong>te abrir\u00e1 las puertas<\/strong>\u00a0a muchas instituciones universitarias, a diferentes empresas internacionales o, incluso, a conseguir la ciudadan\u00eda en un pa\u00eds francoparlante.<\/p>\n<p>Todos los art\u00edculos que vas a encontrar a continuaci\u00f3n te van a ayudar a saber\u00a0<strong>c\u00f3mo preparar el examen<\/strong>: o bien con libros como ABC DALF que ofrecen actividades de cada una de las partes, o bien con la preparaci\u00f3n en l\u00ednea que te ofrece GlobalExam en\u00a0<strong>su prueba gratuita<\/strong>\u00a0o en su versi\u00f3n Premium.<\/p>\n<p>En GlobalExam trabajamos diariamente para ayudar a estudiantes como t\u00fa a conseguir\u00a0<strong>aprobar el DALF,<\/strong>\u00a0es por eso que, si decides prepararte con nosotros podr\u00e1s acceder a modelos de ex\u00e1menes gratuitos, a actividades -como las que ver\u00e1s en estos art\u00edculos-relacionadas con cada una de las partes de la prueba y a material de estudio creado por los mejores especialistas de la lengua.<\/p>\n","protected":false},"excerpt":{"rendered":"<p>Encuentra recursos para practicar En la siguiente categor\u00eda encontrar\u00e1s toda la informaci\u00f3n que necesitas sobre el material de pr\u00e1ctica\u00a0que puede ser \u00fatil [&hellip;]<\/p>\n","protected":false},"author":24,"featured_media":0,"parent":35579,"menu_order":0,"comment_status":"closed","ping_status":"closed","template":"","meta":[],"acf":[],"yoast_head":"<!-- This site is optimized with the Yoast SEO plugin v17.2.1 - https:\/\/yoast.com\/wordpress\/plugins\/seo\/ -->\n<title>Material de pr\u00e1ctica DALF<\/title>\n<meta name=\"robots\" content=\"index, follow, max-snippet:-1, max-image-preview:large, max-video-preview:-1\" \/>\n<link rel=\"canonical\" href=\"https:\/\/global-exam.com\/blog\/es\/examenes\/dalf\/categoria-material-de-practica-dalf\/\" \/>\n<meta property=\"og:locale\" content=\"fr_FR\" \/>\n<meta property=\"og:type\" content=\"article\" \/>\n<meta property=\"og:title\" content=\"Material de pr\u00e1ctica DALF\" \/>\n<meta property=\"og:description\" content=\"Encuentra recursos para practicar En la siguiente categor\u00eda encontrar\u00e1s toda la informaci\u00f3n que necesitas sobre el material de pr\u00e1ctica\u00a0que puede ser \u00fatil [&hellip;]\" \/>\n<meta property=\"og:url\" content=\"https:\/\/global-exam.com\/blog\/es\/examenes\/dalf\/categoria-material-de-practica-dalf\/\" \/>\n<meta property=\"og:site_name\" content=\"GlobalExam Blog\" \/>\n<meta property=\"article:publisher\" content=\"https:\/\/www.facebook.com\/Global.Exam\" \/>\n<meta property=\"article:modified_time\" content=\"2022-09-16T09:51:11+00:00\" \/>\n<meta name=\"twitter:card\" content=\"summary_large_image\" \/>\n<meta name=\"twitter:site\" content=\"@Global_Exam\" \/>\n<meta name=\"twitter:label1\" content=\"Dur\u00e9e de lecture estim\u00e9e\" \/>\n\t<meta name=\"twitter:data1\" content=\"1 minute\" \/>\n<script type=\"application\/ld+json\" class=\"yoast-schema-graph\">{\"@context\":\"https:\/\/schema.org\",\"@graph\":[{\"@type\":\"WebSite\",\"@id\":\"https:\/\/global-exam.com\/blog\/#website\",\"url\":\"https:\/\/global-exam.com\/blog\/\",\"name\":\"GlobalExam Blog\",\"description\":\"Le blog du sp\\u00e9cialiste de la certification linguistique\",\"potentialAction\":[{\"@type\":\"SearchAction\",\"target\":{\"@type\":\"EntryPoint\",\"urlTemplate\":\"https:\/\/global-exam.com\/blog\/?s={search_term_string}\"},\"query-input\":\"required name=search_term_string\"}],\"inLanguage\":\"fr-FR\"},{\"@type\":\"WebPage\",\"@id\":\"https:\/\/global-exam.com\/blog\/es\/examenes\/dalf\/categoria-material-de-practica-dalf\/#webpage\",\"url\":\"https:\/\/global-exam.com\/blog\/es\/examenes\/dalf\/categoria-material-de-practica-dalf\/\",\"name\":\"Material de pr\\u00e1ctica DALF\",\"isPartOf\":{\"@id\":\"https:\/\/global-exam.com\/blog\/#website\"},\"datePublished\":\"2021-12-13T16:27:42+00:00\",\"dateModified\":\"2022-09-16T09:51:11+00:00\",\"breadcrumb\":{\"@id\":\"https:\/\/global-exam.com\/blog\/es\/examenes\/dalf\/categoria-material-de-practica-dalf\/#breadcrumb\"},\"inLanguage\":\"fr-FR\",\"potentialAction\":[{\"@type\":\"ReadAction\",\"target\":[\"https:\/\/global-exam.com\/blog\/es\/examenes\/dalf\/categoria-material-de-practica-dalf\/\"]}]},{\"@type\":\"BreadcrumbList\",\"@id\":\"https:\/\/global-exam.com\/blog\/es\/examenes\/dalf\/categoria-material-de-practica-dalf\/#breadcrumb\",\"itemListElement\":[{\"@type\":\"ListItem\",\"position\":1,\"name\":\"Ex\\u00e1menes de idioma\",\"item\":\"https:\/\/global-exam.com\/blog\/es\/examenes\/\"},{\"@type\":\"ListItem\",\"position\":2,\"name\":\"DALF\",\"item\":\"https:\/\/global-exam.com\/blog\/es\/examenes\/dalf\/\"},{\"@type\":\"ListItem\",\"position\":3,\"name\":\"Material de pr\\u00e1ctica DALF\"}]}]}<\/script>\n<!-- \/ Yoast SEO plugin. -->","yoast_head_json":{"title":"Material de pr\u00e1ctica DALF","robots":{"index":"index","follow":"follow","max-snippet":"max-snippet:-1","max-image-preview":"max-image-preview:large","max-video-preview":"max-video-preview:-1"},"canonical":"https:\/\/global-exam.com\/blog\/es\/examenes\/dalf\/categoria-material-de-practica-dalf\/","og_locale":"fr_FR","og_type":"article","og_title":"Material de pr\u00e1ctica DALF","og_description":"Encuentra recursos para practicar En la siguiente categor\u00eda encontrar\u00e1s toda la informaci\u00f3n que necesitas sobre el material de pr\u00e1ctica\u00a0que puede ser \u00fatil [&hellip;]","og_url":"https:\/\/global-exam.com\/blog\/es\/examenes\/dalf\/categoria-material-de-practica-dalf\/","og_site_name":"GlobalExam Blog","article_publisher":"https:\/\/www.facebook.com\/Global.Exam","article_modified_time":"2022-09-16T09:51:11+00:00","twitter_card":"summary_large_image","twitter_site":"@Global_Exam","twitter_misc":{"Dur\u00e9e de lecture estim\u00e9e":"1 minute"},"schema":{"@context":"https:\/\/schema.org","@graph":[{"@type":"WebSite","@id":"https:\/\/global-exam.com\/blog\/#website","url":"https:\/\/global-exam.com\/blog\/","name":"GlobalExam Blog","description":"Le blog du sp\u00e9cialiste de la certification linguistique","potentialAction":[{"@type":"SearchAction","target":{"@type":"EntryPoint","urlTemplate":"https:\/\/global-exam.com\/blog\/?s={search_term_string}"},"query-input":"required name=search_term_string"}],"inLanguage":"fr-FR"},{"@type":"WebPage","@id":"https:\/\/global-exam.com\/blog\/es\/examenes\/dalf\/categoria-material-de-practica-dalf\/#webpage","url":"https:\/\/global-exam.com\/blog\/es\/examenes\/dalf\/categoria-material-de-practica-dalf\/","name":"Material de pr\u00e1ctica DALF","isPartOf":{"@id":"https:\/\/global-exam.com\/blog\/#website"},"datePublished":"2021-12-13T16:27:42+00:00","dateModified":"2022-09-16T09:51:11+00:00","breadcrumb":{"@id":"https:\/\/global-exam.com\/blog\/es\/examenes\/dalf\/categoria-material-de-practica-dalf\/#breadcrumb"},"inLanguage":"fr-FR","potentialAction":[{"@type":"ReadAction","target":["https:\/\/global-exam.com\/blog\/es\/examenes\/dalf\/categoria-material-de-practica-dalf\/"]}]},{"@type":"BreadcrumbList","@id":"https:\/\/global-exam.com\/blog\/es\/examenes\/dalf\/categoria-material-de-practica-dalf\/#breadcrumb","itemListElement":[{"@type":"ListItem","position":1,"name":"Ex\u00e1menes de idioma","item":"https:\/\/global-exam.com\/blog\/es\/examenes\/"},{"@type":"ListItem","position":2,"name":"DALF","item":"https:\/\/global-exam.com\/blog\/es\/examenes\/dalf\/"},{"@type":"ListItem","position":3,"name":"Material de pr\u00e1ctica DALF"}]}]}},"lang":"es","translations":{"es":70485},"pll_sync_post":[],"_links":{"self":[{"href":"https:\/\/global-exam.com\/blog\/wp-json\/wp\/v2\/pages\/70485"}],"collection":[{"href":"https:\/\/global-exam.com\/blog\/wp-json\/wp\/v2\/pages"}],"about":[{"href":"https:\/\/global-exam.com\/blog\/wp-json\/wp\/v2\/types\/page"}],"author":[{"embeddable":true,"href":"https:\/\/global-exam.com\/blog\/wp-json\/wp\/v2\/users\/24"}],"replies":[{"embeddable":true,"href":"https:\/\/global-exam.com\/blog\/wp-json\/wp\/v2\/comments?post=70485"}],"version-history":[{"count":4,"href":"https:\/\/global-exam.com\/blog\/wp-json\/wp\/v2\/pages\/70485\/revisions"}],"predecessor-version":[{"id":79536,"href":"https:\/\/global-exam.com\/blog\/wp-json\/wp\/v2\/pages\/70485\/revisions\/79536"}],"up":[{"embeddable":true,"href":"https:\/\/global-exam.com\/blog\/wp-json\/wp\/v2\/pages\/35579"}],"wp:attachment":[{"href":"https:\/\/global-exam.com\/blog\/wp-json\/wp\/v2\/media?parent=70485"}],"curies":[{"name":"wp","href":"https:\/\/api.w.org\/{rel}","templated":true}]}}