{"id":70495,"date":"2021-12-13T17:31:33","date_gmt":"2021-12-13T16:31:33","guid":{"rendered":"https:\/\/global-exam.com\/blog\/?page_id=70495"},"modified":"2022-09-16T11:54:02","modified_gmt":"2022-09-16T09:54:02","slug":"categoria-vocabulario-dalf","status":"publish","type":"page","link":"https:\/\/global-exam.com\/blog\/es\/examenes\/dalf\/categoria-vocabulario-dalf\/","title":{"rendered":"Vocabulario DALF"},"content":{"rendered":"<p>Domina el vocabulario del DALF<\/p>\n<p>El examen de franc\u00e9s <strong>DALF<\/strong> (Dipl\u00f4me Approfondi de Langue Fran\u00e7aise) consiste en certificar oficialmente y de manera internacional a una persona que no es nativa de Francia o de un pa\u00eds franc\u00f3fono, de poder demostrar su nivel de franc\u00e9s.<\/p>\n<p>El DALF al igual del DELF es emitido por el <strong>Ministerio de Educaci\u00f3n de Francia<\/strong>, y tiene por objetivo el de demostrar su nivel de franc\u00e9s, tanto en \u00e1reas acad\u00e9micas como en \u00e1reas profesionales.<\/p>\n<p>Hoy en d\u00eda, realizar una certificaci\u00f3n de nivel de franc\u00e9s como el DALF tiene varias ventajas. La mayor ventaja que podemos destacar es que gracias a este t\u00edtulo, podr\u00e1s acceder a todas las <strong>universidades francesas<\/strong>, y a\u00fan m\u00e1s, a varias <strong>universidades<\/strong> <strong>europeas y franc\u00f3fonas<\/strong>. Adem\u00e1s, tanto el DELF como el DALF, tienen una validez ilimitada y te permiten validar tus competencias y <strong>acreditar un conocimiento profundo de la lengua francesa<\/strong> sin tener que volver a repetir la prueba a\u00f1os despu\u00e9s.<\/p>\n<p>En esta secci\u00f3n, te presentaremos todo lo que tienes que saber acerca del vocabulario franc\u00e9s para poder <strong>presentarte al examen DALF<\/strong>. As\u00ed, podr\u00e1s mejorar esta habilidad mediante <strong>fichas de vocabulario<\/strong>, <strong>ejercicios<\/strong> y\u00a0 ejemplos.<\/p>\n<p>Aqu\u00ed podr\u00e1s tener acceso a varios art\u00edculos que te indicar\u00e1n fichas y listas de vocabulario sobre varios <strong>temas,<\/strong> como por ejemplo, las diferentes partes del cuerpo en franc\u00e9s, los d\u00edas de la semana, los colores, los n\u00fameros, y hasta c\u00f3mo <strong>decir la hora en franc\u00e9s<\/strong>.<\/p>\n<p>Adem\u00e1s de todas estas informaciones sobre el vocabulario que podr\u00e1s aprender en franc\u00e9s, ten en cuenta que nuestra plataforma GlobalExam es una herramienta online muy potente que te ofrece la posibilidad de <strong>prepararte para todo tipo de examen de idioma<\/strong>, y esto a la hora que consideras oportuna y sobre todo <strong>donde quieras<\/strong>. Gracias a esta nuestra plataforma, podr\u00e1s entrenarte tantas veces como quieras y esto mediante ejercicios con correcciones detalladas, plan de estudios, y hojas explicativas dise\u00f1adas por <strong>profesores nativos<\/strong>.<\/p>\n<p>As\u00ed que no esperes m\u00e1s para entrenarte con nosotros. \u00a1<strong>Prueba ya la versi\u00f3n gratuita<\/strong>!<\/p>\n","protected":false},"excerpt":{"rendered":"<p>Domina el vocabulario del DALF El examen de franc\u00e9s DALF (Dipl\u00f4me Approfondi de Langue Fran\u00e7aise) consiste en certificar oficialmente y de manera [&hellip;]<\/p>\n","protected":false},"author":24,"featured_media":0,"parent":35579,"menu_order":0,"comment_status":"closed","ping_status":"closed","template":"","meta":[],"acf":[],"yoast_head":"<!-- This site is optimized with the Yoast SEO plugin v17.2.1 - https:\/\/yoast.com\/wordpress\/plugins\/seo\/ -->\n<title>Vocabulario DALF<\/title>\n<meta name=\"robots\" content=\"index, follow, max-snippet:-1, max-image-preview:large, max-video-preview:-1\" \/>\n<link rel=\"canonical\" href=\"https:\/\/global-exam.com\/blog\/es\/examenes\/dalf\/categoria-vocabulario-dalf\/\" \/>\n<meta property=\"og:locale\" content=\"fr_FR\" \/>\n<meta property=\"og:type\" content=\"article\" \/>\n<meta property=\"og:title\" content=\"Vocabulario DALF\" \/>\n<meta property=\"og:description\" content=\"Domina el vocabulario del DALF El examen de franc\u00e9s DALF (Dipl\u00f4me Approfondi de Langue Fran\u00e7aise) consiste en certificar oficialmente y de manera [&hellip;]\" \/>\n<meta property=\"og:url\" content=\"https:\/\/global-exam.com\/blog\/es\/examenes\/dalf\/categoria-vocabulario-dalf\/\" \/>\n<meta property=\"og:site_name\" content=\"GlobalExam Blog\" \/>\n<meta property=\"article:publisher\" content=\"https:\/\/www.facebook.com\/Global.Exam\" \/>\n<meta property=\"article:modified_time\" content=\"2022-09-16T09:54:02+00:00\" \/>\n<meta name=\"twitter:card\" content=\"summary_large_image\" \/>\n<meta name=\"twitter:site\" content=\"@Global_Exam\" \/>\n<meta name=\"twitter:label1\" content=\"Dur\u00e9e de lecture estim\u00e9e\" \/>\n\t<meta name=\"twitter:data1\" content=\"2 minutes\" \/>\n<script type=\"application\/ld+json\" class=\"yoast-schema-graph\">{\"@context\":\"https:\/\/schema.org\",\"@graph\":[{\"@type\":\"WebSite\",\"@id\":\"https:\/\/global-exam.com\/blog\/#website\",\"url\":\"https:\/\/global-exam.com\/blog\/\",\"name\":\"GlobalExam Blog\",\"description\":\"Le blog du sp\\u00e9cialiste de la certification linguistique\",\"potentialAction\":[{\"@type\":\"SearchAction\",\"target\":{\"@type\":\"EntryPoint\",\"urlTemplate\":\"https:\/\/global-exam.com\/blog\/?s={search_term_string}\"},\"query-input\":\"required name=search_term_string\"}],\"inLanguage\":\"fr-FR\"},{\"@type\":\"WebPage\",\"@id\":\"https:\/\/global-exam.com\/blog\/es\/examenes\/dalf\/categoria-vocabulario-dalf\/#webpage\",\"url\":\"https:\/\/global-exam.com\/blog\/es\/examenes\/dalf\/categoria-vocabulario-dalf\/\",\"name\":\"Vocabulario DALF\",\"isPartOf\":{\"@id\":\"https:\/\/global-exam.com\/blog\/#website\"},\"datePublished\":\"2021-12-13T16:31:33+00:00\",\"dateModified\":\"2022-09-16T09:54:02+00:00\",\"breadcrumb\":{\"@id\":\"https:\/\/global-exam.com\/blog\/es\/examenes\/dalf\/categoria-vocabulario-dalf\/#breadcrumb\"},\"inLanguage\":\"fr-FR\",\"potentialAction\":[{\"@type\":\"ReadAction\",\"target\":[\"https:\/\/global-exam.com\/blog\/es\/examenes\/dalf\/categoria-vocabulario-dalf\/\"]}]},{\"@type\":\"BreadcrumbList\",\"@id\":\"https:\/\/global-exam.com\/blog\/es\/examenes\/dalf\/categoria-vocabulario-dalf\/#breadcrumb\",\"itemListElement\":[{\"@type\":\"ListItem\",\"position\":1,\"name\":\"Ex\\u00e1menes de idioma\",\"item\":\"https:\/\/global-exam.com\/blog\/es\/examenes\/\"},{\"@type\":\"ListItem\",\"position\":2,\"name\":\"DALF\",\"item\":\"https:\/\/global-exam.com\/blog\/es\/examenes\/dalf\/\"},{\"@type\":\"ListItem\",\"position\":3,\"name\":\"Vocabulario DALF\"}]}]}<\/script>\n<!-- \/ Yoast SEO plugin. -->","yoast_head_json":{"title":"Vocabulario DALF","robots":{"index":"index","follow":"follow","max-snippet":"max-snippet:-1","max-image-preview":"max-image-preview:large","max-video-preview":"max-video-preview:-1"},"canonical":"https:\/\/global-exam.com\/blog\/es\/examenes\/dalf\/categoria-vocabulario-dalf\/","og_locale":"fr_FR","og_type":"article","og_title":"Vocabulario DALF","og_description":"Domina el vocabulario del DALF El examen de franc\u00e9s DALF (Dipl\u00f4me Approfondi de Langue Fran\u00e7aise) consiste en certificar oficialmente y de manera [&hellip;]","og_url":"https:\/\/global-exam.com\/blog\/es\/examenes\/dalf\/categoria-vocabulario-dalf\/","og_site_name":"GlobalExam Blog","article_publisher":"https:\/\/www.facebook.com\/Global.Exam","article_modified_time":"2022-09-16T09:54:02+00:00","twitter_card":"summary_large_image","twitter_site":"@Global_Exam","twitter_misc":{"Dur\u00e9e de lecture estim\u00e9e":"2 minutes"},"schema":{"@context":"https:\/\/schema.org","@graph":[{"@type":"WebSite","@id":"https:\/\/global-exam.com\/blog\/#website","url":"https:\/\/global-exam.com\/blog\/","name":"GlobalExam Blog","description":"Le blog du sp\u00e9cialiste de la certification linguistique","potentialAction":[{"@type":"SearchAction","target":{"@type":"EntryPoint","urlTemplate":"https:\/\/global-exam.com\/blog\/?s={search_term_string}"},"query-input":"required name=search_term_string"}],"inLanguage":"fr-FR"},{"@type":"WebPage","@id":"https:\/\/global-exam.com\/blog\/es\/examenes\/dalf\/categoria-vocabulario-dalf\/#webpage","url":"https:\/\/global-exam.com\/blog\/es\/examenes\/dalf\/categoria-vocabulario-dalf\/","name":"Vocabulario DALF","isPartOf":{"@id":"https:\/\/global-exam.com\/blog\/#website"},"datePublished":"2021-12-13T16:31:33+00:00","dateModified":"2022-09-16T09:54:02+00:00","breadcrumb":{"@id":"https:\/\/global-exam.com\/blog\/es\/examenes\/dalf\/categoria-vocabulario-dalf\/#breadcrumb"},"inLanguage":"fr-FR","potentialAction":[{"@type":"ReadAction","target":["https:\/\/global-exam.com\/blog\/es\/examenes\/dalf\/categoria-vocabulario-dalf\/"]}]},{"@type":"BreadcrumbList","@id":"https:\/\/global-exam.com\/blog\/es\/examenes\/dalf\/categoria-vocabulario-dalf\/#breadcrumb","itemListElement":[{"@type":"ListItem","position":1,"name":"Ex\u00e1menes de idioma","item":"https:\/\/global-exam.com\/blog\/es\/examenes\/"},{"@type":"ListItem","position":2,"name":"DALF","item":"https:\/\/global-exam.com\/blog\/es\/examenes\/dalf\/"},{"@type":"ListItem","position":3,"name":"Vocabulario DALF"}]}]}},"lang":"es","translations":{"es":70495},"pll_sync_post":[],"_links":{"self":[{"href":"https:\/\/global-exam.com\/blog\/wp-json\/wp\/v2\/pages\/70495"}],"collection":[{"href":"https:\/\/global-exam.com\/blog\/wp-json\/wp\/v2\/pages"}],"about":[{"href":"https:\/\/global-exam.com\/blog\/wp-json\/wp\/v2\/types\/page"}],"author":[{"embeddable":true,"href":"https:\/\/global-exam.com\/blog\/wp-json\/wp\/v2\/users\/24"}],"replies":[{"embeddable":true,"href":"https:\/\/global-exam.com\/blog\/wp-json\/wp\/v2\/comments?post=70495"}],"version-history":[{"count":5,"href":"https:\/\/global-exam.com\/blog\/wp-json\/wp\/v2\/pages\/70495\/revisions"}],"predecessor-version":[{"id":79539,"href":"https:\/\/global-exam.com\/blog\/wp-json\/wp\/v2\/pages\/70495\/revisions\/79539"}],"up":[{"embeddable":true,"href":"https:\/\/global-exam.com\/blog\/wp-json\/wp\/v2\/pages\/35579"}],"wp:attachment":[{"href":"https:\/\/global-exam.com\/blog\/wp-json\/wp\/v2\/media?parent=70495"}],"curies":[{"name":"wp","href":"https:\/\/api.w.org\/{rel}","templated":true}]}}