{"id":70499,"date":"2021-12-13T17:44:38","date_gmt":"2021-12-13T16:44:38","guid":{"rendered":"https:\/\/global-exam.com\/blog\/?page_id=70499"},"modified":"2022-09-16T12:01:28","modified_gmt":"2022-09-16T10:01:28","slug":"categoria-introduccion-al-tcf","status":"publish","type":"page","link":"https:\/\/global-exam.com\/blog\/es\/examenes\/tcf\/categoria-introduccion-al-tcf\/","title":{"rendered":"Introducci\u00f3n al TCF"},"content":{"rendered":"<p>Descubre el examen del TCF<\/p>\n<p>El TCF es una prueba de nivel ling\u00fc\u00edstico certificada por los ministerios franceses de Educaci\u00f3n Nacional, de Ense\u00f1anza Superior y de Investigaci\u00f3n. Esta prueba<strong>\u00a0eval\u00faa las competencias de franc\u00e9s<\/strong>\u00a0como lengua extranjera de personas cuya lengua materna no es el franc\u00e9s.<\/p>\n<p>\u00bfExiste un solo TCF? No, existen varios, en funci\u00f3n de tus objetivos:\u00a0<strong>estudiar o trabajar en Francia, adquirir la nacionalidad francesa o el permiso de residencia de larga duraci\u00f3n, o establecerte en Quebec.<\/strong><\/p>\n<p>Descubre en esta secci\u00f3n los centros de examen y los tr\u00e1mites para apuntarse al TCF, as\u00ed como las estrategias para una preparaci\u00f3n eficaz.<\/p>\n<p>Para saber a qu\u00e9 TCF presentarte, deber\u00e1s\u00a0<strong>conocer tu nivel de franc\u00e9s y tus objetivos<\/strong>. Y tambi\u00e9n saber qu\u00e9 pruebas seleccionar, y en qu\u00e9 consiste cada una de ellas.<\/p>\n<p>Te mostramos tambi\u00e9n en esta secci\u00f3n\u00a0<strong>c\u00f3mo obtener el mejor puntaje<\/strong>. El TCF es una prueba larga y estandarizada, con un formato muy espec\u00edfico. Nuestra plataforma te permitir\u00e1 entrenarte y conocer el formato del examen, las instrucciones para realizar los ejercicios y las estrategias necesarias para gestionar tu tiempo.<\/p>\n<p>Realizar un examen exitoso y sin estr\u00e9s depende de ti: es fundamental que empieces prepararte con suficiente antelaci\u00f3n. As\u00ed que \u00a1ya puedes empezar! Descubre nuestra versi\u00f3n gratuita.<\/p>\n","protected":false},"excerpt":{"rendered":"<p>Descubre el examen del TCF El TCF es una prueba de nivel ling\u00fc\u00edstico certificada por los ministerios franceses de Educaci\u00f3n Nacional, de [&hellip;]<\/p>\n","protected":false},"author":24,"featured_media":0,"parent":18664,"menu_order":0,"comment_status":"closed","ping_status":"closed","template":"","meta":[],"acf":[],"yoast_head":"<!-- This site is optimized with the Yoast SEO plugin v17.2.1 - https:\/\/yoast.com\/wordpress\/plugins\/seo\/ -->\n<title>Introducci\u00f3n al TCF<\/title>\n<meta name=\"robots\" content=\"index, follow, max-snippet:-1, max-image-preview:large, max-video-preview:-1\" \/>\n<link rel=\"canonical\" href=\"https:\/\/global-exam.com\/blog\/es\/examenes\/tcf\/categoria-introduccion-al-tcf\/\" \/>\n<meta property=\"og:locale\" content=\"fr_FR\" \/>\n<meta property=\"og:type\" content=\"article\" \/>\n<meta property=\"og:title\" content=\"Introducci\u00f3n al TCF\" \/>\n<meta property=\"og:description\" content=\"Descubre el examen del TCF El TCF es una prueba de nivel ling\u00fc\u00edstico certificada por los ministerios franceses de Educaci\u00f3n Nacional, de [&hellip;]\" \/>\n<meta property=\"og:url\" content=\"https:\/\/global-exam.com\/blog\/es\/examenes\/tcf\/categoria-introduccion-al-tcf\/\" \/>\n<meta property=\"og:site_name\" content=\"GlobalExam Blog\" \/>\n<meta property=\"article:publisher\" content=\"https:\/\/www.facebook.com\/Global.Exam\" \/>\n<meta property=\"article:modified_time\" content=\"2022-09-16T10:01:28+00:00\" \/>\n<meta name=\"twitter:card\" content=\"summary_large_image\" \/>\n<meta name=\"twitter:site\" content=\"@Global_Exam\" \/>\n<meta name=\"twitter:label1\" content=\"Dur\u00e9e de lecture estim\u00e9e\" \/>\n\t<meta name=\"twitter:data1\" content=\"1 minute\" \/>\n<script type=\"application\/ld+json\" class=\"yoast-schema-graph\">{\"@context\":\"https:\/\/schema.org\",\"@graph\":[{\"@type\":\"WebSite\",\"@id\":\"https:\/\/global-exam.com\/blog\/#website\",\"url\":\"https:\/\/global-exam.com\/blog\/\",\"name\":\"GlobalExam Blog\",\"description\":\"Le blog du sp\\u00e9cialiste de la certification linguistique\",\"potentialAction\":[{\"@type\":\"SearchAction\",\"target\":{\"@type\":\"EntryPoint\",\"urlTemplate\":\"https:\/\/global-exam.com\/blog\/?s={search_term_string}\"},\"query-input\":\"required name=search_term_string\"}],\"inLanguage\":\"fr-FR\"},{\"@type\":\"WebPage\",\"@id\":\"https:\/\/global-exam.com\/blog\/es\/examenes\/tcf\/categoria-introduccion-al-tcf\/#webpage\",\"url\":\"https:\/\/global-exam.com\/blog\/es\/examenes\/tcf\/categoria-introduccion-al-tcf\/\",\"name\":\"Introducci\\u00f3n al TCF\",\"isPartOf\":{\"@id\":\"https:\/\/global-exam.com\/blog\/#website\"},\"datePublished\":\"2021-12-13T16:44:38+00:00\",\"dateModified\":\"2022-09-16T10:01:28+00:00\",\"breadcrumb\":{\"@id\":\"https:\/\/global-exam.com\/blog\/es\/examenes\/tcf\/categoria-introduccion-al-tcf\/#breadcrumb\"},\"inLanguage\":\"fr-FR\",\"potentialAction\":[{\"@type\":\"ReadAction\",\"target\":[\"https:\/\/global-exam.com\/blog\/es\/examenes\/tcf\/categoria-introduccion-al-tcf\/\"]}]},{\"@type\":\"BreadcrumbList\",\"@id\":\"https:\/\/global-exam.com\/blog\/es\/examenes\/tcf\/categoria-introduccion-al-tcf\/#breadcrumb\",\"itemListElement\":[{\"@type\":\"ListItem\",\"position\":1,\"name\":\"Ex\\u00e1menes de idioma\",\"item\":\"https:\/\/global-exam.com\/blog\/es\/examenes\/\"},{\"@type\":\"ListItem\",\"position\":2,\"name\":\"TCF\",\"item\":\"https:\/\/global-exam.com\/blog\/es\/examenes\/tcf\/\"},{\"@type\":\"ListItem\",\"position\":3,\"name\":\"Introducci\\u00f3n al TCF\"}]}]}<\/script>\n<!-- \/ Yoast SEO plugin. -->","yoast_head_json":{"title":"Introducci\u00f3n al TCF","robots":{"index":"index","follow":"follow","max-snippet":"max-snippet:-1","max-image-preview":"max-image-preview:large","max-video-preview":"max-video-preview:-1"},"canonical":"https:\/\/global-exam.com\/blog\/es\/examenes\/tcf\/categoria-introduccion-al-tcf\/","og_locale":"fr_FR","og_type":"article","og_title":"Introducci\u00f3n al TCF","og_description":"Descubre el examen del TCF El TCF es una prueba de nivel ling\u00fc\u00edstico certificada por los ministerios franceses de Educaci\u00f3n Nacional, de [&hellip;]","og_url":"https:\/\/global-exam.com\/blog\/es\/examenes\/tcf\/categoria-introduccion-al-tcf\/","og_site_name":"GlobalExam Blog","article_publisher":"https:\/\/www.facebook.com\/Global.Exam","article_modified_time":"2022-09-16T10:01:28+00:00","twitter_card":"summary_large_image","twitter_site":"@Global_Exam","twitter_misc":{"Dur\u00e9e de lecture estim\u00e9e":"1 minute"},"schema":{"@context":"https:\/\/schema.org","@graph":[{"@type":"WebSite","@id":"https:\/\/global-exam.com\/blog\/#website","url":"https:\/\/global-exam.com\/blog\/","name":"GlobalExam Blog","description":"Le blog du sp\u00e9cialiste de la certification linguistique","potentialAction":[{"@type":"SearchAction","target":{"@type":"EntryPoint","urlTemplate":"https:\/\/global-exam.com\/blog\/?s={search_term_string}"},"query-input":"required name=search_term_string"}],"inLanguage":"fr-FR"},{"@type":"WebPage","@id":"https:\/\/global-exam.com\/blog\/es\/examenes\/tcf\/categoria-introduccion-al-tcf\/#webpage","url":"https:\/\/global-exam.com\/blog\/es\/examenes\/tcf\/categoria-introduccion-al-tcf\/","name":"Introducci\u00f3n al TCF","isPartOf":{"@id":"https:\/\/global-exam.com\/blog\/#website"},"datePublished":"2021-12-13T16:44:38+00:00","dateModified":"2022-09-16T10:01:28+00:00","breadcrumb":{"@id":"https:\/\/global-exam.com\/blog\/es\/examenes\/tcf\/categoria-introduccion-al-tcf\/#breadcrumb"},"inLanguage":"fr-FR","potentialAction":[{"@type":"ReadAction","target":["https:\/\/global-exam.com\/blog\/es\/examenes\/tcf\/categoria-introduccion-al-tcf\/"]}]},{"@type":"BreadcrumbList","@id":"https:\/\/global-exam.com\/blog\/es\/examenes\/tcf\/categoria-introduccion-al-tcf\/#breadcrumb","itemListElement":[{"@type":"ListItem","position":1,"name":"Ex\u00e1menes de idioma","item":"https:\/\/global-exam.com\/blog\/es\/examenes\/"},{"@type":"ListItem","position":2,"name":"TCF","item":"https:\/\/global-exam.com\/blog\/es\/examenes\/tcf\/"},{"@type":"ListItem","position":3,"name":"Introducci\u00f3n al TCF"}]}]}},"lang":"es","translations":{"es":70499},"pll_sync_post":[],"_links":{"self":[{"href":"https:\/\/global-exam.com\/blog\/wp-json\/wp\/v2\/pages\/70499"}],"collection":[{"href":"https:\/\/global-exam.com\/blog\/wp-json\/wp\/v2\/pages"}],"about":[{"href":"https:\/\/global-exam.com\/blog\/wp-json\/wp\/v2\/types\/page"}],"author":[{"embeddable":true,"href":"https:\/\/global-exam.com\/blog\/wp-json\/wp\/v2\/users\/24"}],"replies":[{"embeddable":true,"href":"https:\/\/global-exam.com\/blog\/wp-json\/wp\/v2\/comments?post=70499"}],"version-history":[{"count":4,"href":"https:\/\/global-exam.com\/blog\/wp-json\/wp\/v2\/pages\/70499\/revisions"}],"predecessor-version":[{"id":79544,"href":"https:\/\/global-exam.com\/blog\/wp-json\/wp\/v2\/pages\/70499\/revisions\/79544"}],"up":[{"embeddable":true,"href":"https:\/\/global-exam.com\/blog\/wp-json\/wp\/v2\/pages\/18664"}],"wp:attachment":[{"href":"https:\/\/global-exam.com\/blog\/wp-json\/wp\/v2\/media?parent=70499"}],"curies":[{"name":"wp","href":"https:\/\/api.w.org\/{rel}","templated":true}]}}