{"id":70502,"date":"2021-12-13T17:46:53","date_gmt":"2021-12-13T16:46:53","guid":{"rendered":"https:\/\/global-exam.com\/blog\/?page_id=70502"},"modified":"2022-09-16T12:00:12","modified_gmt":"2022-09-16T10:00:12","slug":"categoria-instrucciones-tcf","status":"publish","type":"page","link":"https:\/\/global-exam.com\/blog\/es\/examenes\/tcf\/categoria-instrucciones-tcf\/","title":{"rendered":"Instrucciones TCF"},"content":{"rendered":"<p>Descubre la estructura del TCF<\/p>\n<p>\u00bfHas o\u00eddo hablar del TCF? Se trata del Test de connaissance du fran\u00e7ais (Test de Conocimiento de Franc\u00e9s). Es uno de los<strong>\u00a0test oficiales de nivel ling\u00fc\u00edstico<\/strong>\u00a0expedidos por el Ministerio de Educaci\u00f3n Nacional\u00a0<strong>de Francia.\u00a0<\/strong><\/p>\n<p>El TFC Eval\u00faa\u00a0<strong>las competencias en franc\u00e9s de uso\u00a0 general<\/strong>. Es reconocido por la direcci\u00f3n de la Ense\u00f1anza Superior, por las autoridades universitarias y por los centros de formaci\u00f3n en lenguas as\u00ed como por el mundo laboral.<\/p>\n<p>\u00bfPor qu\u00e9 preparar el TCF? Quiz\u00e1s te preguntes qu\u00e9 te aporta este tipo de certificado. En esta secci\u00f3n vamos a responder a tus preguntas. Te presentaremos las\u00a0<strong>diferentes versiones del TCF<\/strong>, incluida la versi\u00f3n TCF Quebec, para viajar a Canad\u00e1, o TCF ANF, para acceder a la nacionalidad francesa.<\/p>\n<p>Si lo que proyectas es terminar tus estudios en Francia o en un pa\u00eds cuyo idioma oficial es el franc\u00e9s, obtener un alto nivel en TCF es m\u00e1s que una necesidad.<\/p>\n<p>Si quieres preparar este examen, sigue leyendo: descubre\u00a0<strong>cada una de las pruebas y los ejercicios tipo<\/strong>\u00a0que deber\u00e1s preparar si deseas alcanzar tu nivel. Recuerda que en este tipo de ex\u00e1menes hay que conocer primero tu nivel de idioma, para fijarse objetivos realistas y realizar una prueba exitosa.<\/p>\n<p>Descubre\u00a0<strong>nuestros ejercicios de preparaci\u00f3n y material de apoyo<\/strong>. Sigue leyendo y efect\u00faa un test de nivel gratuito.\u00a0Deja que te guiemos: solo tienes que dar el primer paso.<\/p>\n","protected":false},"excerpt":{"rendered":"<p>Descubre la estructura del TCF \u00bfHas o\u00eddo hablar del TCF? Se trata del Test de connaissance du fran\u00e7ais (Test de Conocimiento de [&hellip;]<\/p>\n","protected":false},"author":24,"featured_media":0,"parent":18664,"menu_order":0,"comment_status":"closed","ping_status":"closed","template":"","meta":[],"acf":[],"yoast_head":"<!-- This site is optimized with the Yoast SEO plugin v17.2.1 - https:\/\/yoast.com\/wordpress\/plugins\/seo\/ -->\n<title>Instrucciones TCF<\/title>\n<meta name=\"robots\" content=\"index, follow, max-snippet:-1, max-image-preview:large, max-video-preview:-1\" \/>\n<link rel=\"canonical\" href=\"https:\/\/global-exam.com\/blog\/es\/examenes\/tcf\/categoria-instrucciones-tcf\/\" \/>\n<meta property=\"og:locale\" content=\"fr_FR\" \/>\n<meta property=\"og:type\" content=\"article\" \/>\n<meta property=\"og:title\" content=\"Instrucciones TCF\" \/>\n<meta property=\"og:description\" content=\"Descubre la estructura del TCF \u00bfHas o\u00eddo hablar del TCF? Se trata del Test de connaissance du fran\u00e7ais (Test de Conocimiento de [&hellip;]\" \/>\n<meta property=\"og:url\" content=\"https:\/\/global-exam.com\/blog\/es\/examenes\/tcf\/categoria-instrucciones-tcf\/\" \/>\n<meta property=\"og:site_name\" content=\"GlobalExam Blog\" \/>\n<meta property=\"article:publisher\" content=\"https:\/\/www.facebook.com\/Global.Exam\" \/>\n<meta property=\"article:modified_time\" content=\"2022-09-16T10:00:12+00:00\" \/>\n<meta name=\"twitter:card\" content=\"summary_large_image\" \/>\n<meta name=\"twitter:site\" content=\"@Global_Exam\" \/>\n<meta name=\"twitter:label1\" content=\"Dur\u00e9e de lecture estim\u00e9e\" \/>\n\t<meta name=\"twitter:data1\" content=\"2 minutes\" \/>\n<script type=\"application\/ld+json\" class=\"yoast-schema-graph\">{\"@context\":\"https:\/\/schema.org\",\"@graph\":[{\"@type\":\"WebSite\",\"@id\":\"https:\/\/global-exam.com\/blog\/#website\",\"url\":\"https:\/\/global-exam.com\/blog\/\",\"name\":\"GlobalExam Blog\",\"description\":\"Le blog du sp\\u00e9cialiste de la certification linguistique\",\"potentialAction\":[{\"@type\":\"SearchAction\",\"target\":{\"@type\":\"EntryPoint\",\"urlTemplate\":\"https:\/\/global-exam.com\/blog\/?s={search_term_string}\"},\"query-input\":\"required name=search_term_string\"}],\"inLanguage\":\"fr-FR\"},{\"@type\":\"WebPage\",\"@id\":\"https:\/\/global-exam.com\/blog\/es\/examenes\/tcf\/categoria-instrucciones-tcf\/#webpage\",\"url\":\"https:\/\/global-exam.com\/blog\/es\/examenes\/tcf\/categoria-instrucciones-tcf\/\",\"name\":\"Instrucciones TCF\",\"isPartOf\":{\"@id\":\"https:\/\/global-exam.com\/blog\/#website\"},\"datePublished\":\"2021-12-13T16:46:53+00:00\",\"dateModified\":\"2022-09-16T10:00:12+00:00\",\"breadcrumb\":{\"@id\":\"https:\/\/global-exam.com\/blog\/es\/examenes\/tcf\/categoria-instrucciones-tcf\/#breadcrumb\"},\"inLanguage\":\"fr-FR\",\"potentialAction\":[{\"@type\":\"ReadAction\",\"target\":[\"https:\/\/global-exam.com\/blog\/es\/examenes\/tcf\/categoria-instrucciones-tcf\/\"]}]},{\"@type\":\"BreadcrumbList\",\"@id\":\"https:\/\/global-exam.com\/blog\/es\/examenes\/tcf\/categoria-instrucciones-tcf\/#breadcrumb\",\"itemListElement\":[{\"@type\":\"ListItem\",\"position\":1,\"name\":\"Ex\\u00e1menes de idioma\",\"item\":\"https:\/\/global-exam.com\/blog\/es\/examenes\/\"},{\"@type\":\"ListItem\",\"position\":2,\"name\":\"TCF\",\"item\":\"https:\/\/global-exam.com\/blog\/es\/examenes\/tcf\/\"},{\"@type\":\"ListItem\",\"position\":3,\"name\":\"Instrucciones TCF\"}]}]}<\/script>\n<!-- \/ Yoast SEO plugin. -->","yoast_head_json":{"title":"Instrucciones TCF","robots":{"index":"index","follow":"follow","max-snippet":"max-snippet:-1","max-image-preview":"max-image-preview:large","max-video-preview":"max-video-preview:-1"},"canonical":"https:\/\/global-exam.com\/blog\/es\/examenes\/tcf\/categoria-instrucciones-tcf\/","og_locale":"fr_FR","og_type":"article","og_title":"Instrucciones TCF","og_description":"Descubre la estructura del TCF \u00bfHas o\u00eddo hablar del TCF? Se trata del Test de connaissance du fran\u00e7ais (Test de Conocimiento de [&hellip;]","og_url":"https:\/\/global-exam.com\/blog\/es\/examenes\/tcf\/categoria-instrucciones-tcf\/","og_site_name":"GlobalExam Blog","article_publisher":"https:\/\/www.facebook.com\/Global.Exam","article_modified_time":"2022-09-16T10:00:12+00:00","twitter_card":"summary_large_image","twitter_site":"@Global_Exam","twitter_misc":{"Dur\u00e9e de lecture estim\u00e9e":"2 minutes"},"schema":{"@context":"https:\/\/schema.org","@graph":[{"@type":"WebSite","@id":"https:\/\/global-exam.com\/blog\/#website","url":"https:\/\/global-exam.com\/blog\/","name":"GlobalExam Blog","description":"Le blog du sp\u00e9cialiste de la certification linguistique","potentialAction":[{"@type":"SearchAction","target":{"@type":"EntryPoint","urlTemplate":"https:\/\/global-exam.com\/blog\/?s={search_term_string}"},"query-input":"required name=search_term_string"}],"inLanguage":"fr-FR"},{"@type":"WebPage","@id":"https:\/\/global-exam.com\/blog\/es\/examenes\/tcf\/categoria-instrucciones-tcf\/#webpage","url":"https:\/\/global-exam.com\/blog\/es\/examenes\/tcf\/categoria-instrucciones-tcf\/","name":"Instrucciones TCF","isPartOf":{"@id":"https:\/\/global-exam.com\/blog\/#website"},"datePublished":"2021-12-13T16:46:53+00:00","dateModified":"2022-09-16T10:00:12+00:00","breadcrumb":{"@id":"https:\/\/global-exam.com\/blog\/es\/examenes\/tcf\/categoria-instrucciones-tcf\/#breadcrumb"},"inLanguage":"fr-FR","potentialAction":[{"@type":"ReadAction","target":["https:\/\/global-exam.com\/blog\/es\/examenes\/tcf\/categoria-instrucciones-tcf\/"]}]},{"@type":"BreadcrumbList","@id":"https:\/\/global-exam.com\/blog\/es\/examenes\/tcf\/categoria-instrucciones-tcf\/#breadcrumb","itemListElement":[{"@type":"ListItem","position":1,"name":"Ex\u00e1menes de idioma","item":"https:\/\/global-exam.com\/blog\/es\/examenes\/"},{"@type":"ListItem","position":2,"name":"TCF","item":"https:\/\/global-exam.com\/blog\/es\/examenes\/tcf\/"},{"@type":"ListItem","position":3,"name":"Instrucciones TCF"}]}]}},"lang":"es","translations":{"es":70502},"pll_sync_post":[],"_links":{"self":[{"href":"https:\/\/global-exam.com\/blog\/wp-json\/wp\/v2\/pages\/70502"}],"collection":[{"href":"https:\/\/global-exam.com\/blog\/wp-json\/wp\/v2\/pages"}],"about":[{"href":"https:\/\/global-exam.com\/blog\/wp-json\/wp\/v2\/types\/page"}],"author":[{"embeddable":true,"href":"https:\/\/global-exam.com\/blog\/wp-json\/wp\/v2\/users\/24"}],"replies":[{"embeddable":true,"href":"https:\/\/global-exam.com\/blog\/wp-json\/wp\/v2\/comments?post=70502"}],"version-history":[{"count":6,"href":"https:\/\/global-exam.com\/blog\/wp-json\/wp\/v2\/pages\/70502\/revisions"}],"predecessor-version":[{"id":79543,"href":"https:\/\/global-exam.com\/blog\/wp-json\/wp\/v2\/pages\/70502\/revisions\/79543"}],"up":[{"embeddable":true,"href":"https:\/\/global-exam.com\/blog\/wp-json\/wp\/v2\/pages\/18664"}],"wp:attachment":[{"href":"https:\/\/global-exam.com\/blog\/wp-json\/wp\/v2\/media?parent=70502"}],"curies":[{"name":"wp","href":"https:\/\/api.w.org\/{rel}","templated":true}]}}