{"id":70521,"date":"2021-12-13T17:56:03","date_gmt":"2021-12-13T16:56:03","guid":{"rendered":"https:\/\/global-exam.com\/blog\/?page_id=70521"},"modified":"2022-09-16T16:37:57","modified_gmt":"2022-09-16T14:37:57","slug":"categoria-introduccion-al-linguaskill","status":"publish","type":"page","link":"https:\/\/global-exam.com\/blog\/es\/examenes\/bulats\/categoria-introduccion-al-linguaskill\/","title":{"rendered":"Introducci\u00f3n al Linguaskill"},"content":{"rendered":"<p>Conoce el Linguaskill<\/p>\n<p>Desde 2018, el BULATS fue sustituido por Linguaskill, y actualmente est\u00e1 disponible en todo el mundo, tanto en instituciones de educaci\u00f3n superior como en empresas multinacionales.<\/p>\n<p>Al igual que BULATS, Linguaskill tambi\u00e9n se realiza en l\u00ednea,<strong>\u00a0eval\u00faa las cuatro habilidades<\/strong>, y es una prueba modular,\u00a0 es decir, puedes seleccionar qu\u00e9 conjunto de habilidades quieres evaluar. Tambi\u00e9n es\u00a0<strong>una prueba adaptativa<\/strong>: nunca hay el mismo n\u00famero de preguntas. La respuesta de cada candidato ayuda a la computadora a determinar el nivel del candidato y, por lo tanto, le hace las preguntas adecuadas.<\/p>\n<p>Los\u00a0<strong>resultados de Reading and Listening<\/strong>\u00a0(Comprensi\u00f3n Lectora y Comprensi\u00f3n Auditiva) est\u00e1n\u00a0<strong>disponibles de inmediato<\/strong>, mientras que los resultados de Writing (Producci\u00f3n Escrita) est\u00e1n disponibles 12 horas despu\u00e9s de haber terminado la prueba. Para las cuatro habilidades, el tiempo de entrega de los resultados es de 48 horas.<\/p>\n<p>La prueba se lleva a cabo\u00a0<strong>en una computadora<\/strong>\u00a0y proporciona una puntuaci\u00f3n de 100 que corresponde a los niveles del MCER.\u00a0\u00bfQuieres prepararte al examen Linguaskill? En esta secci\u00f3n, te ayudamos a familiarizarte con esta nueva prueba, que, como ver\u00e1s, sigue la l\u00f3gica del BULATS pero lo adapta a las nuevas necesidades.\u00a0\u00bfQuieres apuntarte ya? Te explicamos el proceso para<strong>\u00a0registrarte al examen y para obtener el informe de puntuaci\u00f3n<\/strong>.<\/p>\n<p>\u00bfQuieres empezar a entrenarte? Nuestra plataforma de recursos est\u00e1 especialmente dise\u00f1ada para darte la preparaci\u00f3n que necesitas. Antes del examen, estar\u00e1s familiarizado con cada una de las pruebas y tipos de tareas.\u00a0\u00a0Descubre con nosotros el nuevo universo Linguaskill: \u00a1S\u00edguenos!<\/p>\n","protected":false},"excerpt":{"rendered":"<p>Conoce el Linguaskill Desde 2018, el BULATS fue sustituido por Linguaskill, y actualmente est\u00e1 disponible en todo el mundo, tanto en instituciones [&hellip;]<\/p>\n","protected":false},"author":24,"featured_media":0,"parent":18604,"menu_order":0,"comment_status":"closed","ping_status":"closed","template":"","meta":[],"acf":[],"yoast_head":"<!-- This site is optimized with the Yoast SEO plugin v17.2.1 - https:\/\/yoast.com\/wordpress\/plugins\/seo\/ -->\n<title>Introducci\u00f3n al Linguaskill<\/title>\n<meta name=\"robots\" content=\"index, follow, max-snippet:-1, max-image-preview:large, max-video-preview:-1\" \/>\n<link rel=\"canonical\" href=\"https:\/\/global-exam.com\/blog\/es\/examenes\/bulats\/categoria-introduccion-al-linguaskill\/\" \/>\n<meta property=\"og:locale\" content=\"fr_FR\" \/>\n<meta property=\"og:type\" content=\"article\" \/>\n<meta property=\"og:title\" content=\"Introducci\u00f3n al Linguaskill\" \/>\n<meta property=\"og:description\" content=\"Conoce el Linguaskill Desde 2018, el BULATS fue sustituido por Linguaskill, y actualmente est\u00e1 disponible en todo el mundo, tanto en instituciones [&hellip;]\" \/>\n<meta property=\"og:url\" content=\"https:\/\/global-exam.com\/blog\/es\/examenes\/bulats\/categoria-introduccion-al-linguaskill\/\" \/>\n<meta property=\"og:site_name\" content=\"GlobalExam Blog\" \/>\n<meta property=\"article:publisher\" content=\"https:\/\/www.facebook.com\/Global.Exam\" \/>\n<meta property=\"article:modified_time\" content=\"2022-09-16T14:37:57+00:00\" \/>\n<meta name=\"twitter:card\" content=\"summary_large_image\" \/>\n<meta name=\"twitter:site\" content=\"@Global_Exam\" \/>\n<meta name=\"twitter:label1\" content=\"Dur\u00e9e de lecture estim\u00e9e\" \/>\n\t<meta name=\"twitter:data1\" content=\"2 minutes\" \/>\n<script type=\"application\/ld+json\" class=\"yoast-schema-graph\">{\"@context\":\"https:\/\/schema.org\",\"@graph\":[{\"@type\":\"WebSite\",\"@id\":\"https:\/\/global-exam.com\/blog\/#website\",\"url\":\"https:\/\/global-exam.com\/blog\/\",\"name\":\"GlobalExam Blog\",\"description\":\"Le blog du sp\\u00e9cialiste de la certification linguistique\",\"potentialAction\":[{\"@type\":\"SearchAction\",\"target\":{\"@type\":\"EntryPoint\",\"urlTemplate\":\"https:\/\/global-exam.com\/blog\/?s={search_term_string}\"},\"query-input\":\"required name=search_term_string\"}],\"inLanguage\":\"fr-FR\"},{\"@type\":\"WebPage\",\"@id\":\"https:\/\/global-exam.com\/blog\/es\/examenes\/bulats\/categoria-introduccion-al-linguaskill\/#webpage\",\"url\":\"https:\/\/global-exam.com\/blog\/es\/examenes\/bulats\/categoria-introduccion-al-linguaskill\/\",\"name\":\"Introducci\\u00f3n al Linguaskill\",\"isPartOf\":{\"@id\":\"https:\/\/global-exam.com\/blog\/#website\"},\"datePublished\":\"2021-12-13T16:56:03+00:00\",\"dateModified\":\"2022-09-16T14:37:57+00:00\",\"breadcrumb\":{\"@id\":\"https:\/\/global-exam.com\/blog\/es\/examenes\/bulats\/categoria-introduccion-al-linguaskill\/#breadcrumb\"},\"inLanguage\":\"fr-FR\",\"potentialAction\":[{\"@type\":\"ReadAction\",\"target\":[\"https:\/\/global-exam.com\/blog\/es\/examenes\/bulats\/categoria-introduccion-al-linguaskill\/\"]}]},{\"@type\":\"BreadcrumbList\",\"@id\":\"https:\/\/global-exam.com\/blog\/es\/examenes\/bulats\/categoria-introduccion-al-linguaskill\/#breadcrumb\",\"itemListElement\":[{\"@type\":\"ListItem\",\"position\":1,\"name\":\"Ex\\u00e1menes de idioma\",\"item\":\"https:\/\/global-exam.com\/blog\/es\/examenes\/\"},{\"@type\":\"ListItem\",\"position\":2,\"name\":\"Linguaskill (Bulats)\",\"item\":\"https:\/\/global-exam.com\/blog\/es\/examenes\/bulats\/\"},{\"@type\":\"ListItem\",\"position\":3,\"name\":\"Introducci\\u00f3n al Linguaskill\"}]}]}<\/script>\n<!-- \/ Yoast SEO plugin. -->","yoast_head_json":{"title":"Introducci\u00f3n al Linguaskill","robots":{"index":"index","follow":"follow","max-snippet":"max-snippet:-1","max-image-preview":"max-image-preview:large","max-video-preview":"max-video-preview:-1"},"canonical":"https:\/\/global-exam.com\/blog\/es\/examenes\/bulats\/categoria-introduccion-al-linguaskill\/","og_locale":"fr_FR","og_type":"article","og_title":"Introducci\u00f3n al Linguaskill","og_description":"Conoce el Linguaskill Desde 2018, el BULATS fue sustituido por Linguaskill, y actualmente est\u00e1 disponible en todo el mundo, tanto en instituciones [&hellip;]","og_url":"https:\/\/global-exam.com\/blog\/es\/examenes\/bulats\/categoria-introduccion-al-linguaskill\/","og_site_name":"GlobalExam Blog","article_publisher":"https:\/\/www.facebook.com\/Global.Exam","article_modified_time":"2022-09-16T14:37:57+00:00","twitter_card":"summary_large_image","twitter_site":"@Global_Exam","twitter_misc":{"Dur\u00e9e de lecture estim\u00e9e":"2 minutes"},"schema":{"@context":"https:\/\/schema.org","@graph":[{"@type":"WebSite","@id":"https:\/\/global-exam.com\/blog\/#website","url":"https:\/\/global-exam.com\/blog\/","name":"GlobalExam Blog","description":"Le blog du sp\u00e9cialiste de la certification linguistique","potentialAction":[{"@type":"SearchAction","target":{"@type":"EntryPoint","urlTemplate":"https:\/\/global-exam.com\/blog\/?s={search_term_string}"},"query-input":"required name=search_term_string"}],"inLanguage":"fr-FR"},{"@type":"WebPage","@id":"https:\/\/global-exam.com\/blog\/es\/examenes\/bulats\/categoria-introduccion-al-linguaskill\/#webpage","url":"https:\/\/global-exam.com\/blog\/es\/examenes\/bulats\/categoria-introduccion-al-linguaskill\/","name":"Introducci\u00f3n al Linguaskill","isPartOf":{"@id":"https:\/\/global-exam.com\/blog\/#website"},"datePublished":"2021-12-13T16:56:03+00:00","dateModified":"2022-09-16T14:37:57+00:00","breadcrumb":{"@id":"https:\/\/global-exam.com\/blog\/es\/examenes\/bulats\/categoria-introduccion-al-linguaskill\/#breadcrumb"},"inLanguage":"fr-FR","potentialAction":[{"@type":"ReadAction","target":["https:\/\/global-exam.com\/blog\/es\/examenes\/bulats\/categoria-introduccion-al-linguaskill\/"]}]},{"@type":"BreadcrumbList","@id":"https:\/\/global-exam.com\/blog\/es\/examenes\/bulats\/categoria-introduccion-al-linguaskill\/#breadcrumb","itemListElement":[{"@type":"ListItem","position":1,"name":"Ex\u00e1menes de idioma","item":"https:\/\/global-exam.com\/blog\/es\/examenes\/"},{"@type":"ListItem","position":2,"name":"Linguaskill (Bulats)","item":"https:\/\/global-exam.com\/blog\/es\/examenes\/bulats\/"},{"@type":"ListItem","position":3,"name":"Introducci\u00f3n al Linguaskill"}]}]}},"lang":"es","translations":{"es":70521},"pll_sync_post":[],"_links":{"self":[{"href":"https:\/\/global-exam.com\/blog\/wp-json\/wp\/v2\/pages\/70521"}],"collection":[{"href":"https:\/\/global-exam.com\/blog\/wp-json\/wp\/v2\/pages"}],"about":[{"href":"https:\/\/global-exam.com\/blog\/wp-json\/wp\/v2\/types\/page"}],"author":[{"embeddable":true,"href":"https:\/\/global-exam.com\/blog\/wp-json\/wp\/v2\/users\/24"}],"replies":[{"embeddable":true,"href":"https:\/\/global-exam.com\/blog\/wp-json\/wp\/v2\/comments?post=70521"}],"version-history":[{"count":4,"href":"https:\/\/global-exam.com\/blog\/wp-json\/wp\/v2\/pages\/70521\/revisions"}],"predecessor-version":[{"id":79559,"href":"https:\/\/global-exam.com\/blog\/wp-json\/wp\/v2\/pages\/70521\/revisions\/79559"}],"up":[{"embeddable":true,"href":"https:\/\/global-exam.com\/blog\/wp-json\/wp\/v2\/pages\/18604"}],"wp:attachment":[{"href":"https:\/\/global-exam.com\/blog\/wp-json\/wp\/v2\/media?parent=70521"}],"curies":[{"name":"wp","href":"https:\/\/api.w.org\/{rel}","templated":true}]}}