{"id":70527,"date":"2021-12-13T18:01:40","date_gmt":"2021-12-13T17:01:40","guid":{"rendered":"https:\/\/global-exam.com\/blog\/?page_id=70527"},"modified":"2022-09-16T16:39:18","modified_gmt":"2022-09-16T14:39:18","slug":"categoria-material-de-practica-linguaskill","status":"publish","type":"page","link":"https:\/\/global-exam.com\/blog\/es\/examenes\/bulats\/categoria-material-de-practica-linguaskill\/","title":{"rendered":"Material de pr\u00e1ctica Linguaskill"},"content":{"rendered":"<p>Encuentra recursos para practicar<\/p>\n<p>\u00bfEres un futuro candidato al Linguaskill (BULATS)? Como sabr\u00e1s, existen diversas alternativas para preparar este examen: libros, sitios internet, preparaci\u00f3n con ayuda de un tutor\u2026 \u00bfCu\u00e1l escoger? Debes seleccionar aquella que corresponda a <strong>tu estilo de aprendizaje, tu nivel, tus necesidades y tu disponibilidad.\u00a0<\/strong><\/p>\n<p>Deja que te orientemos. En esta secci\u00f3n conocer\u00e1s el tipo de pruebas, formato y tipo de ejercicios, y descubrir\u00e1s como prepararte eficazmente al examen.<\/p>\n<p>Disponemos de los recursos indispensables para una preparaci\u00f3n exitosa: con docenas de ejercicios y ex\u00e1menes simulados disponibles, podr\u00e1s entrenarte en las condiciones reales del examen y obtener una\u00a0<strong>correcci\u00f3n detallada despu\u00e9s de cada ejercicio.<\/strong><\/p>\n<p>Todos tus resultados se guardan autom\u00e1ticamente para permitirte\u00a0<strong>visualizar tu progreso<\/strong>\u00a0a lo largo tu ciclo de aprendizaje, identificar tus puntos fuertes o d\u00e9biles, y solventar dificultades gracias a ejercicios espec\u00edficos.<\/p>\n<p><strong>Prep\u00e1rate en condiciones reales<\/strong>: nuestros ejercicios respetan el formato y las preguntas est\u00e1ndar de la prueba oficial. El contenido es adem\u00e1s creado y actualizado regularmente por nuestros profesores especializados en certificaciones de idiomas.<\/p>\n<p>Pincha y entra: la opci\u00f3n \u201cFreemium\u201d te permitir\u00e1\u00a0<strong>realizar una prueba gratuita<\/strong>\u00a0y descubrir nuestra plataforma, ergon\u00f3mica e interactiva.<\/p>\n","protected":false},"excerpt":{"rendered":"<p>Encuentra recursos para practicar \u00bfEres un futuro candidato al Linguaskill (BULATS)? Como sabr\u00e1s, existen diversas alternativas para preparar este examen: libros, sitios [&hellip;]<\/p>\n","protected":false},"author":24,"featured_media":0,"parent":18604,"menu_order":0,"comment_status":"closed","ping_status":"closed","template":"","meta":[],"acf":[],"yoast_head":"<!-- This site is optimized with the Yoast SEO plugin v17.2.1 - https:\/\/yoast.com\/wordpress\/plugins\/seo\/ -->\n<title>Material de pr\u00e1ctica Linguaskill<\/title>\n<meta name=\"robots\" content=\"index, follow, max-snippet:-1, max-image-preview:large, max-video-preview:-1\" \/>\n<link rel=\"canonical\" href=\"https:\/\/global-exam.com\/blog\/es\/examenes\/bulats\/categoria-material-de-practica-linguaskill\/\" \/>\n<meta property=\"og:locale\" content=\"fr_FR\" \/>\n<meta property=\"og:type\" content=\"article\" \/>\n<meta property=\"og:title\" content=\"Material de pr\u00e1ctica Linguaskill\" \/>\n<meta property=\"og:description\" content=\"Encuentra recursos para practicar \u00bfEres un futuro candidato al Linguaskill (BULATS)? Como sabr\u00e1s, existen diversas alternativas para preparar este examen: libros, sitios [&hellip;]\" \/>\n<meta property=\"og:url\" content=\"https:\/\/global-exam.com\/blog\/es\/examenes\/bulats\/categoria-material-de-practica-linguaskill\/\" \/>\n<meta property=\"og:site_name\" content=\"GlobalExam Blog\" \/>\n<meta property=\"article:publisher\" content=\"https:\/\/www.facebook.com\/Global.Exam\" \/>\n<meta property=\"article:modified_time\" content=\"2022-09-16T14:39:18+00:00\" \/>\n<meta name=\"twitter:card\" content=\"summary_large_image\" \/>\n<meta name=\"twitter:site\" content=\"@Global_Exam\" \/>\n<meta name=\"twitter:label1\" content=\"Dur\u00e9e de lecture estim\u00e9e\" \/>\n\t<meta name=\"twitter:data1\" content=\"1 minute\" \/>\n<script type=\"application\/ld+json\" class=\"yoast-schema-graph\">{\"@context\":\"https:\/\/schema.org\",\"@graph\":[{\"@type\":\"WebSite\",\"@id\":\"https:\/\/global-exam.com\/blog\/#website\",\"url\":\"https:\/\/global-exam.com\/blog\/\",\"name\":\"GlobalExam Blog\",\"description\":\"Le blog du sp\\u00e9cialiste de la certification linguistique\",\"potentialAction\":[{\"@type\":\"SearchAction\",\"target\":{\"@type\":\"EntryPoint\",\"urlTemplate\":\"https:\/\/global-exam.com\/blog\/?s={search_term_string}\"},\"query-input\":\"required name=search_term_string\"}],\"inLanguage\":\"fr-FR\"},{\"@type\":\"WebPage\",\"@id\":\"https:\/\/global-exam.com\/blog\/es\/examenes\/bulats\/categoria-material-de-practica-linguaskill\/#webpage\",\"url\":\"https:\/\/global-exam.com\/blog\/es\/examenes\/bulats\/categoria-material-de-practica-linguaskill\/\",\"name\":\"Material de pr\\u00e1ctica Linguaskill\",\"isPartOf\":{\"@id\":\"https:\/\/global-exam.com\/blog\/#website\"},\"datePublished\":\"2021-12-13T17:01:40+00:00\",\"dateModified\":\"2022-09-16T14:39:18+00:00\",\"breadcrumb\":{\"@id\":\"https:\/\/global-exam.com\/blog\/es\/examenes\/bulats\/categoria-material-de-practica-linguaskill\/#breadcrumb\"},\"inLanguage\":\"fr-FR\",\"potentialAction\":[{\"@type\":\"ReadAction\",\"target\":[\"https:\/\/global-exam.com\/blog\/es\/examenes\/bulats\/categoria-material-de-practica-linguaskill\/\"]}]},{\"@type\":\"BreadcrumbList\",\"@id\":\"https:\/\/global-exam.com\/blog\/es\/examenes\/bulats\/categoria-material-de-practica-linguaskill\/#breadcrumb\",\"itemListElement\":[{\"@type\":\"ListItem\",\"position\":1,\"name\":\"Ex\\u00e1menes de idioma\",\"item\":\"https:\/\/global-exam.com\/blog\/es\/examenes\/\"},{\"@type\":\"ListItem\",\"position\":2,\"name\":\"Linguaskill (Bulats)\",\"item\":\"https:\/\/global-exam.com\/blog\/es\/examenes\/bulats\/\"},{\"@type\":\"ListItem\",\"position\":3,\"name\":\"Material de pr\\u00e1ctica Linguaskill\"}]}]}<\/script>\n<!-- \/ Yoast SEO plugin. -->","yoast_head_json":{"title":"Material de pr\u00e1ctica Linguaskill","robots":{"index":"index","follow":"follow","max-snippet":"max-snippet:-1","max-image-preview":"max-image-preview:large","max-video-preview":"max-video-preview:-1"},"canonical":"https:\/\/global-exam.com\/blog\/es\/examenes\/bulats\/categoria-material-de-practica-linguaskill\/","og_locale":"fr_FR","og_type":"article","og_title":"Material de pr\u00e1ctica Linguaskill","og_description":"Encuentra recursos para practicar \u00bfEres un futuro candidato al Linguaskill (BULATS)? Como sabr\u00e1s, existen diversas alternativas para preparar este examen: libros, sitios [&hellip;]","og_url":"https:\/\/global-exam.com\/blog\/es\/examenes\/bulats\/categoria-material-de-practica-linguaskill\/","og_site_name":"GlobalExam Blog","article_publisher":"https:\/\/www.facebook.com\/Global.Exam","article_modified_time":"2022-09-16T14:39:18+00:00","twitter_card":"summary_large_image","twitter_site":"@Global_Exam","twitter_misc":{"Dur\u00e9e de lecture estim\u00e9e":"1 minute"},"schema":{"@context":"https:\/\/schema.org","@graph":[{"@type":"WebSite","@id":"https:\/\/global-exam.com\/blog\/#website","url":"https:\/\/global-exam.com\/blog\/","name":"GlobalExam Blog","description":"Le blog du sp\u00e9cialiste de la certification linguistique","potentialAction":[{"@type":"SearchAction","target":{"@type":"EntryPoint","urlTemplate":"https:\/\/global-exam.com\/blog\/?s={search_term_string}"},"query-input":"required name=search_term_string"}],"inLanguage":"fr-FR"},{"@type":"WebPage","@id":"https:\/\/global-exam.com\/blog\/es\/examenes\/bulats\/categoria-material-de-practica-linguaskill\/#webpage","url":"https:\/\/global-exam.com\/blog\/es\/examenes\/bulats\/categoria-material-de-practica-linguaskill\/","name":"Material de pr\u00e1ctica Linguaskill","isPartOf":{"@id":"https:\/\/global-exam.com\/blog\/#website"},"datePublished":"2021-12-13T17:01:40+00:00","dateModified":"2022-09-16T14:39:18+00:00","breadcrumb":{"@id":"https:\/\/global-exam.com\/blog\/es\/examenes\/bulats\/categoria-material-de-practica-linguaskill\/#breadcrumb"},"inLanguage":"fr-FR","potentialAction":[{"@type":"ReadAction","target":["https:\/\/global-exam.com\/blog\/es\/examenes\/bulats\/categoria-material-de-practica-linguaskill\/"]}]},{"@type":"BreadcrumbList","@id":"https:\/\/global-exam.com\/blog\/es\/examenes\/bulats\/categoria-material-de-practica-linguaskill\/#breadcrumb","itemListElement":[{"@type":"ListItem","position":1,"name":"Ex\u00e1menes de idioma","item":"https:\/\/global-exam.com\/blog\/es\/examenes\/"},{"@type":"ListItem","position":2,"name":"Linguaskill (Bulats)","item":"https:\/\/global-exam.com\/blog\/es\/examenes\/bulats\/"},{"@type":"ListItem","position":3,"name":"Material de pr\u00e1ctica Linguaskill"}]}]}},"lang":"es","translations":{"es":70527},"pll_sync_post":[],"_links":{"self":[{"href":"https:\/\/global-exam.com\/blog\/wp-json\/wp\/v2\/pages\/70527"}],"collection":[{"href":"https:\/\/global-exam.com\/blog\/wp-json\/wp\/v2\/pages"}],"about":[{"href":"https:\/\/global-exam.com\/blog\/wp-json\/wp\/v2\/types\/page"}],"author":[{"embeddable":true,"href":"https:\/\/global-exam.com\/blog\/wp-json\/wp\/v2\/users\/24"}],"replies":[{"embeddable":true,"href":"https:\/\/global-exam.com\/blog\/wp-json\/wp\/v2\/comments?post=70527"}],"version-history":[{"count":4,"href":"https:\/\/global-exam.com\/blog\/wp-json\/wp\/v2\/pages\/70527\/revisions"}],"predecessor-version":[{"id":79560,"href":"https:\/\/global-exam.com\/blog\/wp-json\/wp\/v2\/pages\/70527\/revisions\/79560"}],"up":[{"embeddable":true,"href":"https:\/\/global-exam.com\/blog\/wp-json\/wp\/v2\/pages\/18604"}],"wp:attachment":[{"href":"https:\/\/global-exam.com\/blog\/wp-json\/wp\/v2\/media?parent=70527"}],"curies":[{"name":"wp","href":"https:\/\/api.w.org\/{rel}","templated":true}]}}