{"id":70531,"date":"2021-12-13T18:05:16","date_gmt":"2021-12-13T17:05:16","guid":{"rendered":"https:\/\/global-exam.com\/blog\/?page_id=70531"},"modified":"2022-09-16T16:40:26","modified_gmt":"2022-09-16T14:40:26","slug":"categoria-obten-un-buen-puntaje-al-linguaskill","status":"publish","type":"page","link":"https:\/\/global-exam.com\/blog\/es\/examenes\/bulats\/categoria-obten-un-buen-puntaje-al-linguaskill\/","title":{"rendered":"Obt\u00e9n un buen puntaje al Linguaskill"},"content":{"rendered":"<p>Mejora tu puntaci\u00f3n en el Linguaskill<\/p>\n<p>BULATS es un examen de ingl\u00e9s profesional creado por Cambridge Language Assessment. Desde 2018, el <strong>BULATS fue sustituido por LINGUASKILL<\/strong>, que actualmente est\u00e1 disponible en todo el mundo, tanto en instituciones de educaci\u00f3n superior como en empresas multinacionales.<\/p>\n<p>Para cada m\u00f3dulo, los resultados, de una\u00a0<strong>validez de dos a\u00f1os<\/strong>, van desde A1 (principiante) hasta C1 (experimentado).<\/p>\n<p>Los informes de puntuaci\u00f3n est\u00e1n alineados con la Cambridge English Scale (Escala de Cambridge English) as\u00ed como con el Marco Com\u00fan Europeo de Referencia (MCER), y ofrecen una retroalimentaci\u00f3n personalizada sobre lo que el nivel de los candidatos les permite hacer.<\/p>\n<p>\u00bfC\u00f3mo obtener una buena puntuaci\u00f3n? \u00bfC\u00f3mo se calcula la puntuaci\u00f3n?\u00a0 Descubre en esta secci\u00f3n\u00a0<strong>el tipo de pruebas y la puntuaci\u00f3n requerida<\/strong>\u00a0para obtener cada nivel del MCER.<\/p>\n<p>Nuestra plataforma tambi\u00e9n de proporciona los\u00a0<strong>recursos necesarios para\u00a0 preparar tu examen<\/strong>\u00a0de manera eficiente y obtener un puntaje \u00f3ptimo: sesiones de entrenamiento, ex\u00e1menes simulados, ejercicios corregidos, grabaciones de audio y hojas de revisi\u00f3n, entre otros, para optimizar tus posibilidades de \u00e9xito.<\/p>\n<p>\u00bfDeseas alcanzar los puntos de tus sue\u00f1os? \u00a1Ap\u00fantate con nosotros!<\/p>\n","protected":false},"excerpt":{"rendered":"<p>Mejora tu puntaci\u00f3n en el Linguaskill BULATS es un examen de ingl\u00e9s profesional creado por Cambridge Language Assessment. Desde 2018, el BULATS [&hellip;]<\/p>\n","protected":false},"author":24,"featured_media":0,"parent":18604,"menu_order":0,"comment_status":"closed","ping_status":"closed","template":"","meta":[],"acf":[],"yoast_head":"<!-- This site is optimized with the Yoast SEO plugin v17.2.1 - https:\/\/yoast.com\/wordpress\/plugins\/seo\/ -->\n<title>Obt\u00e9n un buen puntaje al Linguaskill<\/title>\n<meta name=\"robots\" content=\"index, follow, max-snippet:-1, max-image-preview:large, max-video-preview:-1\" \/>\n<link rel=\"canonical\" href=\"https:\/\/global-exam.com\/blog\/es\/examenes\/bulats\/categoria-obten-un-buen-puntaje-al-linguaskill\/\" \/>\n<meta property=\"og:locale\" content=\"fr_FR\" \/>\n<meta property=\"og:type\" content=\"article\" \/>\n<meta property=\"og:title\" content=\"Obt\u00e9n un buen puntaje al Linguaskill\" \/>\n<meta property=\"og:description\" content=\"Mejora tu puntaci\u00f3n en el Linguaskill BULATS es un examen de ingl\u00e9s profesional creado por Cambridge Language Assessment. Desde 2018, el BULATS [&hellip;]\" \/>\n<meta property=\"og:url\" content=\"https:\/\/global-exam.com\/blog\/es\/examenes\/bulats\/categoria-obten-un-buen-puntaje-al-linguaskill\/\" \/>\n<meta property=\"og:site_name\" content=\"GlobalExam Blog\" \/>\n<meta property=\"article:publisher\" content=\"https:\/\/www.facebook.com\/Global.Exam\" \/>\n<meta property=\"article:modified_time\" content=\"2022-09-16T14:40:26+00:00\" \/>\n<meta name=\"twitter:card\" content=\"summary_large_image\" \/>\n<meta name=\"twitter:site\" content=\"@Global_Exam\" \/>\n<meta name=\"twitter:label1\" content=\"Dur\u00e9e de lecture estim\u00e9e\" \/>\n\t<meta name=\"twitter:data1\" content=\"1 minute\" \/>\n<script type=\"application\/ld+json\" class=\"yoast-schema-graph\">{\"@context\":\"https:\/\/schema.org\",\"@graph\":[{\"@type\":\"WebSite\",\"@id\":\"https:\/\/global-exam.com\/blog\/#website\",\"url\":\"https:\/\/global-exam.com\/blog\/\",\"name\":\"GlobalExam Blog\",\"description\":\"Le blog du sp\\u00e9cialiste de la certification linguistique\",\"potentialAction\":[{\"@type\":\"SearchAction\",\"target\":{\"@type\":\"EntryPoint\",\"urlTemplate\":\"https:\/\/global-exam.com\/blog\/?s={search_term_string}\"},\"query-input\":\"required name=search_term_string\"}],\"inLanguage\":\"fr-FR\"},{\"@type\":\"WebPage\",\"@id\":\"https:\/\/global-exam.com\/blog\/es\/examenes\/bulats\/categoria-obten-un-buen-puntaje-al-linguaskill\/#webpage\",\"url\":\"https:\/\/global-exam.com\/blog\/es\/examenes\/bulats\/categoria-obten-un-buen-puntaje-al-linguaskill\/\",\"name\":\"Obt\\u00e9n un buen puntaje al Linguaskill\",\"isPartOf\":{\"@id\":\"https:\/\/global-exam.com\/blog\/#website\"},\"datePublished\":\"2021-12-13T17:05:16+00:00\",\"dateModified\":\"2022-09-16T14:40:26+00:00\",\"breadcrumb\":{\"@id\":\"https:\/\/global-exam.com\/blog\/es\/examenes\/bulats\/categoria-obten-un-buen-puntaje-al-linguaskill\/#breadcrumb\"},\"inLanguage\":\"fr-FR\",\"potentialAction\":[{\"@type\":\"ReadAction\",\"target\":[\"https:\/\/global-exam.com\/blog\/es\/examenes\/bulats\/categoria-obten-un-buen-puntaje-al-linguaskill\/\"]}]},{\"@type\":\"BreadcrumbList\",\"@id\":\"https:\/\/global-exam.com\/blog\/es\/examenes\/bulats\/categoria-obten-un-buen-puntaje-al-linguaskill\/#breadcrumb\",\"itemListElement\":[{\"@type\":\"ListItem\",\"position\":1,\"name\":\"Ex\\u00e1menes de idioma\",\"item\":\"https:\/\/global-exam.com\/blog\/es\/examenes\/\"},{\"@type\":\"ListItem\",\"position\":2,\"name\":\"Linguaskill (Bulats)\",\"item\":\"https:\/\/global-exam.com\/blog\/es\/examenes\/bulats\/\"},{\"@type\":\"ListItem\",\"position\":3,\"name\":\"Obt\\u00e9n un buen puntaje al Linguaskill\"}]}]}<\/script>\n<!-- \/ Yoast SEO plugin. -->","yoast_head_json":{"title":"Obt\u00e9n un buen puntaje al Linguaskill","robots":{"index":"index","follow":"follow","max-snippet":"max-snippet:-1","max-image-preview":"max-image-preview:large","max-video-preview":"max-video-preview:-1"},"canonical":"https:\/\/global-exam.com\/blog\/es\/examenes\/bulats\/categoria-obten-un-buen-puntaje-al-linguaskill\/","og_locale":"fr_FR","og_type":"article","og_title":"Obt\u00e9n un buen puntaje al Linguaskill","og_description":"Mejora tu puntaci\u00f3n en el Linguaskill BULATS es un examen de ingl\u00e9s profesional creado por Cambridge Language Assessment. Desde 2018, el BULATS [&hellip;]","og_url":"https:\/\/global-exam.com\/blog\/es\/examenes\/bulats\/categoria-obten-un-buen-puntaje-al-linguaskill\/","og_site_name":"GlobalExam Blog","article_publisher":"https:\/\/www.facebook.com\/Global.Exam","article_modified_time":"2022-09-16T14:40:26+00:00","twitter_card":"summary_large_image","twitter_site":"@Global_Exam","twitter_misc":{"Dur\u00e9e de lecture estim\u00e9e":"1 minute"},"schema":{"@context":"https:\/\/schema.org","@graph":[{"@type":"WebSite","@id":"https:\/\/global-exam.com\/blog\/#website","url":"https:\/\/global-exam.com\/blog\/","name":"GlobalExam Blog","description":"Le blog du sp\u00e9cialiste de la certification linguistique","potentialAction":[{"@type":"SearchAction","target":{"@type":"EntryPoint","urlTemplate":"https:\/\/global-exam.com\/blog\/?s={search_term_string}"},"query-input":"required name=search_term_string"}],"inLanguage":"fr-FR"},{"@type":"WebPage","@id":"https:\/\/global-exam.com\/blog\/es\/examenes\/bulats\/categoria-obten-un-buen-puntaje-al-linguaskill\/#webpage","url":"https:\/\/global-exam.com\/blog\/es\/examenes\/bulats\/categoria-obten-un-buen-puntaje-al-linguaskill\/","name":"Obt\u00e9n un buen puntaje al Linguaskill","isPartOf":{"@id":"https:\/\/global-exam.com\/blog\/#website"},"datePublished":"2021-12-13T17:05:16+00:00","dateModified":"2022-09-16T14:40:26+00:00","breadcrumb":{"@id":"https:\/\/global-exam.com\/blog\/es\/examenes\/bulats\/categoria-obten-un-buen-puntaje-al-linguaskill\/#breadcrumb"},"inLanguage":"fr-FR","potentialAction":[{"@type":"ReadAction","target":["https:\/\/global-exam.com\/blog\/es\/examenes\/bulats\/categoria-obten-un-buen-puntaje-al-linguaskill\/"]}]},{"@type":"BreadcrumbList","@id":"https:\/\/global-exam.com\/blog\/es\/examenes\/bulats\/categoria-obten-un-buen-puntaje-al-linguaskill\/#breadcrumb","itemListElement":[{"@type":"ListItem","position":1,"name":"Ex\u00e1menes de idioma","item":"https:\/\/global-exam.com\/blog\/es\/examenes\/"},{"@type":"ListItem","position":2,"name":"Linguaskill (Bulats)","item":"https:\/\/global-exam.com\/blog\/es\/examenes\/bulats\/"},{"@type":"ListItem","position":3,"name":"Obt\u00e9n un buen puntaje al Linguaskill"}]}]}},"lang":"es","translations":{"es":70531},"pll_sync_post":[],"_links":{"self":[{"href":"https:\/\/global-exam.com\/blog\/wp-json\/wp\/v2\/pages\/70531"}],"collection":[{"href":"https:\/\/global-exam.com\/blog\/wp-json\/wp\/v2\/pages"}],"about":[{"href":"https:\/\/global-exam.com\/blog\/wp-json\/wp\/v2\/types\/page"}],"author":[{"embeddable":true,"href":"https:\/\/global-exam.com\/blog\/wp-json\/wp\/v2\/users\/24"}],"replies":[{"embeddable":true,"href":"https:\/\/global-exam.com\/blog\/wp-json\/wp\/v2\/comments?post=70531"}],"version-history":[{"count":4,"href":"https:\/\/global-exam.com\/blog\/wp-json\/wp\/v2\/pages\/70531\/revisions"}],"predecessor-version":[{"id":79561,"href":"https:\/\/global-exam.com\/blog\/wp-json\/wp\/v2\/pages\/70531\/revisions\/79561"}],"up":[{"embeddable":true,"href":"https:\/\/global-exam.com\/blog\/wp-json\/wp\/v2\/pages\/18604"}],"wp:attachment":[{"href":"https:\/\/global-exam.com\/blog\/wp-json\/wp\/v2\/media?parent=70531"}],"curies":[{"name":"wp","href":"https:\/\/api.w.org\/{rel}","templated":true}]}}