{"id":70537,"date":"2021-12-13T18:11:57","date_gmt":"2021-12-13T17:11:57","guid":{"rendered":"https:\/\/global-exam.com\/blog\/?page_id=70537"},"modified":"2022-09-16T12:19:44","modified_gmt":"2022-09-16T10:19:44","slug":"categoria-gramatica-linguaskill","status":"publish","type":"page","link":"https:\/\/global-exam.com\/blog\/es\/examenes\/bulats\/categoria-gramatica-linguaskill\/","title":{"rendered":"Gram\u00e1tica Linguaskill"},"content":{"rendered":"<p>Dominar la gram\u00e1tica del Linguaskill<\/p>\n<p>El <strong>Linguaskill<\/strong>\u00a0es un examen que mide tus competencias en ingl\u00e9s y te eval\u00faa en tres m\u00f3dulos diferentes: c<strong>omprensi\u00f3n escrita y oral, expresi\u00f3n escrita y expresi\u00f3n oral.<\/strong>\u00a0Es posible cursar uno, dos o tres m\u00f3dulos a la vez. Te van a evaluar sobre temas muy variados, como los deportes, la universidad, los negocios, etc.<\/p>\n<p>A pesar de que los paradigmas de aprendizaje de una lengua han cambiado a lo largo de la historia, la gram\u00e1tica sigue estando presente de una forma u otra. Pues es esta la encargada de ayudarte a\u00a0<strong>mejorar en aspectos como la ortograf\u00eda,<\/strong>\u00a0tambi\u00e9n te ayuda a comprender\u00a0<strong>mejor la estructura de las palabras y te permite organizar de forma correcta una frase<\/strong>. Por estas razones, te recomendamos que revises la gram\u00e1tica inglesa para el Linguaskill.<\/p>\n<p>Esta\u00a0<strong>categor\u00eda de gram\u00e1tica de GlobalExam<\/strong>\u00a0te ser\u00e1 de utilidad para entender la construcci\u00f3n de las oraciones en ingl\u00e9s, el\u00a0<strong>uso de los diferentes tiempos verbales<\/strong>\u00a0existentes y sus diferencias, as\u00ed como la conjugaci\u00f3n de verbos en ingl\u00e9s y el uso de adjetivos, pronombres, adverbios, etc. Del mismo modo, al final del art\u00edculo podr\u00e1s poner en\u00a0<strong>pr\u00e1ctica<\/strong>\u00a0todo lo que aprendiste con los diferentes ejercicios de entrenamiento.<\/p>\n<p>Entre los<strong>\u00a0temas de gram\u00e1tica<\/strong>\u00a0que encontrar\u00e1s tenemos: el presente perfecto, simple y continuo, el condicional, los diferentes tipos de pronombres usados en ingl\u00e9s, los adverbios, el subjuntivo, el futuro, conectores, verbos irregulares y muchos m\u00e1s temas.<\/p>\n<p>En nuestra plataforma\u00a0<strong>GlobalExam<\/strong>\u00a0encontrar\u00e1s disponible todo el material de pr\u00e1ctica necesario y consejos sobre cada secci\u00f3n del Linguaskill. Adem\u00e1s cada\u00a0<strong>ejercicio tiene su correcci\u00f3n y explicaci\u00f3n<\/strong>. Si tienes dudas sobre tu nivel de ingl\u00e9s, puedes empezar tu entrenamiento con un examen de prueba, esto te ayudar\u00e1 a detectar tus puntos d\u00e9biles en el ingl\u00e9s.<\/p>\n<p>Nuestro principal objetivo siempre ser\u00e1\u00a0<strong>ayudarte a lograr la certificaci\u00f3n de ingl\u00e9s que deseas.\u00a0\u00a0<\/strong><\/p>\n","protected":false},"excerpt":{"rendered":"<p>Dominar la gram\u00e1tica del Linguaskill El Linguaskill\u00a0es un examen que mide tus competencias en ingl\u00e9s y te eval\u00faa en tres m\u00f3dulos diferentes: [&hellip;]<\/p>\n","protected":false},"author":24,"featured_media":0,"parent":18604,"menu_order":0,"comment_status":"closed","ping_status":"closed","template":"","meta":[],"acf":[],"yoast_head":"<!-- This site is optimized with the Yoast SEO plugin v17.2.1 - https:\/\/yoast.com\/wordpress\/plugins\/seo\/ -->\n<title>Gram\u00e1tica Linguaskill<\/title>\n<meta name=\"robots\" content=\"index, follow, max-snippet:-1, max-image-preview:large, max-video-preview:-1\" \/>\n<link rel=\"canonical\" href=\"https:\/\/global-exam.com\/blog\/es\/examenes\/bulats\/categoria-gramatica-linguaskill\/\" \/>\n<meta property=\"og:locale\" content=\"fr_FR\" \/>\n<meta property=\"og:type\" content=\"article\" \/>\n<meta property=\"og:title\" content=\"Gram\u00e1tica Linguaskill\" \/>\n<meta property=\"og:description\" content=\"Dominar la gram\u00e1tica del Linguaskill El Linguaskill\u00a0es un examen que mide tus competencias en ingl\u00e9s y te eval\u00faa en tres m\u00f3dulos diferentes: [&hellip;]\" \/>\n<meta property=\"og:url\" content=\"https:\/\/global-exam.com\/blog\/es\/examenes\/bulats\/categoria-gramatica-linguaskill\/\" \/>\n<meta property=\"og:site_name\" content=\"GlobalExam Blog\" \/>\n<meta property=\"article:publisher\" content=\"https:\/\/www.facebook.com\/Global.Exam\" \/>\n<meta property=\"article:modified_time\" content=\"2022-09-16T10:19:44+00:00\" \/>\n<meta name=\"twitter:card\" content=\"summary_large_image\" \/>\n<meta name=\"twitter:site\" content=\"@Global_Exam\" \/>\n<meta name=\"twitter:label1\" content=\"Dur\u00e9e de lecture estim\u00e9e\" \/>\n\t<meta name=\"twitter:data1\" content=\"2 minutes\" \/>\n<script type=\"application\/ld+json\" class=\"yoast-schema-graph\">{\"@context\":\"https:\/\/schema.org\",\"@graph\":[{\"@type\":\"WebSite\",\"@id\":\"https:\/\/global-exam.com\/blog\/#website\",\"url\":\"https:\/\/global-exam.com\/blog\/\",\"name\":\"GlobalExam Blog\",\"description\":\"Le blog du sp\\u00e9cialiste de la certification linguistique\",\"potentialAction\":[{\"@type\":\"SearchAction\",\"target\":{\"@type\":\"EntryPoint\",\"urlTemplate\":\"https:\/\/global-exam.com\/blog\/?s={search_term_string}\"},\"query-input\":\"required name=search_term_string\"}],\"inLanguage\":\"fr-FR\"},{\"@type\":\"WebPage\",\"@id\":\"https:\/\/global-exam.com\/blog\/es\/examenes\/bulats\/categoria-gramatica-linguaskill\/#webpage\",\"url\":\"https:\/\/global-exam.com\/blog\/es\/examenes\/bulats\/categoria-gramatica-linguaskill\/\",\"name\":\"Gram\\u00e1tica Linguaskill\",\"isPartOf\":{\"@id\":\"https:\/\/global-exam.com\/blog\/#website\"},\"datePublished\":\"2021-12-13T17:11:57+00:00\",\"dateModified\":\"2022-09-16T10:19:44+00:00\",\"breadcrumb\":{\"@id\":\"https:\/\/global-exam.com\/blog\/es\/examenes\/bulats\/categoria-gramatica-linguaskill\/#breadcrumb\"},\"inLanguage\":\"fr-FR\",\"potentialAction\":[{\"@type\":\"ReadAction\",\"target\":[\"https:\/\/global-exam.com\/blog\/es\/examenes\/bulats\/categoria-gramatica-linguaskill\/\"]}]},{\"@type\":\"BreadcrumbList\",\"@id\":\"https:\/\/global-exam.com\/blog\/es\/examenes\/bulats\/categoria-gramatica-linguaskill\/#breadcrumb\",\"itemListElement\":[{\"@type\":\"ListItem\",\"position\":1,\"name\":\"Ex\\u00e1menes de idioma\",\"item\":\"https:\/\/global-exam.com\/blog\/es\/examenes\/\"},{\"@type\":\"ListItem\",\"position\":2,\"name\":\"Linguaskill (Bulats)\",\"item\":\"https:\/\/global-exam.com\/blog\/es\/examenes\/bulats\/\"},{\"@type\":\"ListItem\",\"position\":3,\"name\":\"Gram\\u00e1tica Linguaskill\"}]}]}<\/script>\n<!-- \/ Yoast SEO plugin. -->","yoast_head_json":{"title":"Gram\u00e1tica Linguaskill","robots":{"index":"index","follow":"follow","max-snippet":"max-snippet:-1","max-image-preview":"max-image-preview:large","max-video-preview":"max-video-preview:-1"},"canonical":"https:\/\/global-exam.com\/blog\/es\/examenes\/bulats\/categoria-gramatica-linguaskill\/","og_locale":"fr_FR","og_type":"article","og_title":"Gram\u00e1tica Linguaskill","og_description":"Dominar la gram\u00e1tica del Linguaskill El Linguaskill\u00a0es un examen que mide tus competencias en ingl\u00e9s y te eval\u00faa en tres m\u00f3dulos diferentes: [&hellip;]","og_url":"https:\/\/global-exam.com\/blog\/es\/examenes\/bulats\/categoria-gramatica-linguaskill\/","og_site_name":"GlobalExam Blog","article_publisher":"https:\/\/www.facebook.com\/Global.Exam","article_modified_time":"2022-09-16T10:19:44+00:00","twitter_card":"summary_large_image","twitter_site":"@Global_Exam","twitter_misc":{"Dur\u00e9e de lecture estim\u00e9e":"2 minutes"},"schema":{"@context":"https:\/\/schema.org","@graph":[{"@type":"WebSite","@id":"https:\/\/global-exam.com\/blog\/#website","url":"https:\/\/global-exam.com\/blog\/","name":"GlobalExam Blog","description":"Le blog du sp\u00e9cialiste de la certification linguistique","potentialAction":[{"@type":"SearchAction","target":{"@type":"EntryPoint","urlTemplate":"https:\/\/global-exam.com\/blog\/?s={search_term_string}"},"query-input":"required name=search_term_string"}],"inLanguage":"fr-FR"},{"@type":"WebPage","@id":"https:\/\/global-exam.com\/blog\/es\/examenes\/bulats\/categoria-gramatica-linguaskill\/#webpage","url":"https:\/\/global-exam.com\/blog\/es\/examenes\/bulats\/categoria-gramatica-linguaskill\/","name":"Gram\u00e1tica Linguaskill","isPartOf":{"@id":"https:\/\/global-exam.com\/blog\/#website"},"datePublished":"2021-12-13T17:11:57+00:00","dateModified":"2022-09-16T10:19:44+00:00","breadcrumb":{"@id":"https:\/\/global-exam.com\/blog\/es\/examenes\/bulats\/categoria-gramatica-linguaskill\/#breadcrumb"},"inLanguage":"fr-FR","potentialAction":[{"@type":"ReadAction","target":["https:\/\/global-exam.com\/blog\/es\/examenes\/bulats\/categoria-gramatica-linguaskill\/"]}]},{"@type":"BreadcrumbList","@id":"https:\/\/global-exam.com\/blog\/es\/examenes\/bulats\/categoria-gramatica-linguaskill\/#breadcrumb","itemListElement":[{"@type":"ListItem","position":1,"name":"Ex\u00e1menes de idioma","item":"https:\/\/global-exam.com\/blog\/es\/examenes\/"},{"@type":"ListItem","position":2,"name":"Linguaskill (Bulats)","item":"https:\/\/global-exam.com\/blog\/es\/examenes\/bulats\/"},{"@type":"ListItem","position":3,"name":"Gram\u00e1tica Linguaskill"}]}]}},"lang":"es","translations":{"es":70537},"pll_sync_post":[],"_links":{"self":[{"href":"https:\/\/global-exam.com\/blog\/wp-json\/wp\/v2\/pages\/70537"}],"collection":[{"href":"https:\/\/global-exam.com\/blog\/wp-json\/wp\/v2\/pages"}],"about":[{"href":"https:\/\/global-exam.com\/blog\/wp-json\/wp\/v2\/types\/page"}],"author":[{"embeddable":true,"href":"https:\/\/global-exam.com\/blog\/wp-json\/wp\/v2\/users\/24"}],"replies":[{"embeddable":true,"href":"https:\/\/global-exam.com\/blog\/wp-json\/wp\/v2\/comments?post=70537"}],"version-history":[{"count":4,"href":"https:\/\/global-exam.com\/blog\/wp-json\/wp\/v2\/pages\/70537\/revisions"}],"predecessor-version":[{"id":79556,"href":"https:\/\/global-exam.com\/blog\/wp-json\/wp\/v2\/pages\/70537\/revisions\/79556"}],"up":[{"embeddable":true,"href":"https:\/\/global-exam.com\/blog\/wp-json\/wp\/v2\/pages\/18604"}],"wp:attachment":[{"href":"https:\/\/global-exam.com\/blog\/wp-json\/wp\/v2\/media?parent=70537"}],"curies":[{"name":"wp","href":"https:\/\/api.w.org\/{rel}","templated":true}]}}