{"id":70540,"date":"2021-12-13T18:14:37","date_gmt":"2021-12-13T17:14:37","guid":{"rendered":"https:\/\/global-exam.com\/blog\/?page_id=70540"},"modified":"2022-06-27T16:44:12","modified_gmt":"2022-06-27T14:44:12","slug":"categoria-introduccion-al-bright-english","status":"publish","type":"page","link":"https:\/\/global-exam.com\/blog\/es\/examenes\/bright-english\/categoria-introduccion-al-bright-english\/","title":{"rendered":"Introducci\u00f3n al Bright English"},"content":{"rendered":"<p>El BRIGHT ENGLISH constituye una referencia en el mundo profesional y est\u00e1 disponible en 11 idiomas diferentes, incluido el ingl\u00e9s.<\/p>\n<p>El BRIGHT\u00a0 ENGLISH es una prueba estandarizada utilizada por empresas en m\u00e1s de 80 pa\u00edses para evaluar las\u00a0<strong>destrezas ling\u00fc\u00edsticas de los empleados de una empresa<\/strong>, en este idioma.<\/p>\n<p>El BRIGHT ENGLISH eval\u00faa las habilidades de comprensi\u00f3n oral y escrita. Hay 60 preguntas por secci\u00f3n, es decir, 120 preguntas en total y el examen dura una hora. La certificaci\u00f3n ofrece una\u00a0<strong>puntuaci\u00f3n de 5 puntos<\/strong>\u00a0con una equivalencia de nivel en la escala MCER, que va de A1 a C2.<\/p>\n<p>D\u00e9jate guiar: te mostramos los pasos que debes seguir para inscribirte y tambi\u00e9n para prepararte con garant\u00edas de \u00e9xito.<\/p>\n<p>Gracias a material pr\u00e1ctico de examen,\u00a0<strong>modelos reales, un seguimiento individualizado<\/strong>\u00a0y un amplio conocimiento de la estructura de cada una de las pruebas, nuestros profesores expertos te ayudar\u00e1n a definir tu plan de preparaci\u00f3n, a gestionar tu tiempo y a utilizar herramientas y estrategias para lograr tus objetivos.\u00a0\u00bfTe atreves a hacer una prueba en condiciones reales de examen?<\/p>\n","protected":false},"excerpt":{"rendered":"<p>El BRIGHT ENGLISH constituye una referencia en el mundo profesional y est\u00e1 disponible en 11 idiomas diferentes, incluido el ingl\u00e9s. El BRIGHT\u00a0 [&hellip;]<\/p>\n","protected":false},"author":24,"featured_media":0,"parent":18625,"menu_order":0,"comment_status":"closed","ping_status":"closed","template":"","meta":[],"acf":[],"yoast_head":"<!-- This site is optimized with the Yoast SEO plugin v17.2.1 - https:\/\/yoast.com\/wordpress\/plugins\/seo\/ -->\n<title>Introducci\u00f3n al Bright English<\/title>\n<meta name=\"robots\" content=\"index, follow, max-snippet:-1, max-image-preview:large, max-video-preview:-1\" \/>\n<link rel=\"canonical\" href=\"https:\/\/global-exam.com\/blog\/es\/examenes\/bright-english\/categoria-introduccion-al-bright-english\/\" \/>\n<meta property=\"og:locale\" content=\"fr_FR\" \/>\n<meta property=\"og:type\" content=\"article\" \/>\n<meta property=\"og:title\" content=\"Introducci\u00f3n al Bright English\" \/>\n<meta property=\"og:description\" content=\"El BRIGHT ENGLISH constituye una referencia en el mundo profesional y est\u00e1 disponible en 11 idiomas diferentes, incluido el ingl\u00e9s. El BRIGHT\u00a0 [&hellip;]\" \/>\n<meta property=\"og:url\" content=\"https:\/\/global-exam.com\/blog\/es\/examenes\/bright-english\/categoria-introduccion-al-bright-english\/\" \/>\n<meta property=\"og:site_name\" content=\"GlobalExam Blog\" \/>\n<meta property=\"article:publisher\" content=\"https:\/\/www.facebook.com\/Global.Exam\" \/>\n<meta property=\"article:modified_time\" content=\"2022-06-27T14:44:12+00:00\" \/>\n<meta name=\"twitter:card\" content=\"summary_large_image\" \/>\n<meta name=\"twitter:site\" content=\"@Global_Exam\" \/>\n<meta name=\"twitter:label1\" content=\"Dur\u00e9e de lecture estim\u00e9e\" \/>\n\t<meta name=\"twitter:data1\" content=\"1 minute\" \/>\n<script type=\"application\/ld+json\" class=\"yoast-schema-graph\">{\"@context\":\"https:\/\/schema.org\",\"@graph\":[{\"@type\":\"WebSite\",\"@id\":\"https:\/\/global-exam.com\/blog\/#website\",\"url\":\"https:\/\/global-exam.com\/blog\/\",\"name\":\"GlobalExam Blog\",\"description\":\"Le blog du sp\\u00e9cialiste de la certification linguistique\",\"potentialAction\":[{\"@type\":\"SearchAction\",\"target\":{\"@type\":\"EntryPoint\",\"urlTemplate\":\"https:\/\/global-exam.com\/blog\/?s={search_term_string}\"},\"query-input\":\"required name=search_term_string\"}],\"inLanguage\":\"fr-FR\"},{\"@type\":\"WebPage\",\"@id\":\"https:\/\/global-exam.com\/blog\/es\/examenes\/bright-english\/categoria-introduccion-al-bright-english\/#webpage\",\"url\":\"https:\/\/global-exam.com\/blog\/es\/examenes\/bright-english\/categoria-introduccion-al-bright-english\/\",\"name\":\"Introducci\\u00f3n al Bright English\",\"isPartOf\":{\"@id\":\"https:\/\/global-exam.com\/blog\/#website\"},\"datePublished\":\"2021-12-13T17:14:37+00:00\",\"dateModified\":\"2022-06-27T14:44:12+00:00\",\"breadcrumb\":{\"@id\":\"https:\/\/global-exam.com\/blog\/es\/examenes\/bright-english\/categoria-introduccion-al-bright-english\/#breadcrumb\"},\"inLanguage\":\"fr-FR\",\"potentialAction\":[{\"@type\":\"ReadAction\",\"target\":[\"https:\/\/global-exam.com\/blog\/es\/examenes\/bright-english\/categoria-introduccion-al-bright-english\/\"]}]},{\"@type\":\"BreadcrumbList\",\"@id\":\"https:\/\/global-exam.com\/blog\/es\/examenes\/bright-english\/categoria-introduccion-al-bright-english\/#breadcrumb\",\"itemListElement\":[{\"@type\":\"ListItem\",\"position\":1,\"name\":\"Ex\\u00e1menes de idioma\",\"item\":\"https:\/\/global-exam.com\/blog\/es\/examenes\/\"},{\"@type\":\"ListItem\",\"position\":2,\"name\":\"BRIGHT English\",\"item\":\"https:\/\/global-exam.com\/blog\/es\/examenes\/bright-english\/\"},{\"@type\":\"ListItem\",\"position\":3,\"name\":\"Introducci\\u00f3n al Bright English\"}]}]}<\/script>\n<!-- \/ Yoast SEO plugin. -->","yoast_head_json":{"title":"Introducci\u00f3n al Bright English","robots":{"index":"index","follow":"follow","max-snippet":"max-snippet:-1","max-image-preview":"max-image-preview:large","max-video-preview":"max-video-preview:-1"},"canonical":"https:\/\/global-exam.com\/blog\/es\/examenes\/bright-english\/categoria-introduccion-al-bright-english\/","og_locale":"fr_FR","og_type":"article","og_title":"Introducci\u00f3n al Bright English","og_description":"El BRIGHT ENGLISH constituye una referencia en el mundo profesional y est\u00e1 disponible en 11 idiomas diferentes, incluido el ingl\u00e9s. El BRIGHT\u00a0 [&hellip;]","og_url":"https:\/\/global-exam.com\/blog\/es\/examenes\/bright-english\/categoria-introduccion-al-bright-english\/","og_site_name":"GlobalExam Blog","article_publisher":"https:\/\/www.facebook.com\/Global.Exam","article_modified_time":"2022-06-27T14:44:12+00:00","twitter_card":"summary_large_image","twitter_site":"@Global_Exam","twitter_misc":{"Dur\u00e9e de lecture estim\u00e9e":"1 minute"},"schema":{"@context":"https:\/\/schema.org","@graph":[{"@type":"WebSite","@id":"https:\/\/global-exam.com\/blog\/#website","url":"https:\/\/global-exam.com\/blog\/","name":"GlobalExam Blog","description":"Le blog du sp\u00e9cialiste de la certification linguistique","potentialAction":[{"@type":"SearchAction","target":{"@type":"EntryPoint","urlTemplate":"https:\/\/global-exam.com\/blog\/?s={search_term_string}"},"query-input":"required name=search_term_string"}],"inLanguage":"fr-FR"},{"@type":"WebPage","@id":"https:\/\/global-exam.com\/blog\/es\/examenes\/bright-english\/categoria-introduccion-al-bright-english\/#webpage","url":"https:\/\/global-exam.com\/blog\/es\/examenes\/bright-english\/categoria-introduccion-al-bright-english\/","name":"Introducci\u00f3n al Bright English","isPartOf":{"@id":"https:\/\/global-exam.com\/blog\/#website"},"datePublished":"2021-12-13T17:14:37+00:00","dateModified":"2022-06-27T14:44:12+00:00","breadcrumb":{"@id":"https:\/\/global-exam.com\/blog\/es\/examenes\/bright-english\/categoria-introduccion-al-bright-english\/#breadcrumb"},"inLanguage":"fr-FR","potentialAction":[{"@type":"ReadAction","target":["https:\/\/global-exam.com\/blog\/es\/examenes\/bright-english\/categoria-introduccion-al-bright-english\/"]}]},{"@type":"BreadcrumbList","@id":"https:\/\/global-exam.com\/blog\/es\/examenes\/bright-english\/categoria-introduccion-al-bright-english\/#breadcrumb","itemListElement":[{"@type":"ListItem","position":1,"name":"Ex\u00e1menes de idioma","item":"https:\/\/global-exam.com\/blog\/es\/examenes\/"},{"@type":"ListItem","position":2,"name":"BRIGHT English","item":"https:\/\/global-exam.com\/blog\/es\/examenes\/bright-english\/"},{"@type":"ListItem","position":3,"name":"Introducci\u00f3n al Bright English"}]}]}},"lang":"es","translations":{"es":70540},"pll_sync_post":[],"_links":{"self":[{"href":"https:\/\/global-exam.com\/blog\/wp-json\/wp\/v2\/pages\/70540"}],"collection":[{"href":"https:\/\/global-exam.com\/blog\/wp-json\/wp\/v2\/pages"}],"about":[{"href":"https:\/\/global-exam.com\/blog\/wp-json\/wp\/v2\/types\/page"}],"author":[{"embeddable":true,"href":"https:\/\/global-exam.com\/blog\/wp-json\/wp\/v2\/users\/24"}],"replies":[{"embeddable":true,"href":"https:\/\/global-exam.com\/blog\/wp-json\/wp\/v2\/comments?post=70540"}],"version-history":[{"count":3,"href":"https:\/\/global-exam.com\/blog\/wp-json\/wp\/v2\/pages\/70540\/revisions"}],"predecessor-version":[{"id":76605,"href":"https:\/\/global-exam.com\/blog\/wp-json\/wp\/v2\/pages\/70540\/revisions\/76605"}],"up":[{"embeddable":true,"href":"https:\/\/global-exam.com\/blog\/wp-json\/wp\/v2\/pages\/18625"}],"wp:attachment":[{"href":"https:\/\/global-exam.com\/blog\/wp-json\/wp\/v2\/media?parent=70540"}],"curies":[{"name":"wp","href":"https:\/\/api.w.org\/{rel}","templated":true}]}}