{"id":70543,"date":"2021-12-13T18:16:53","date_gmt":"2021-12-13T17:16:53","guid":{"rendered":"https:\/\/global-exam.com\/blog\/?page_id=70543"},"modified":"2022-06-27T16:44:11","modified_gmt":"2022-06-27T14:44:11","slug":"categoria-instrucciones-bright-english","status":"publish","type":"page","link":"https:\/\/global-exam.com\/blog\/es\/examenes\/bright-english\/categoria-instrucciones-bright-english\/","title":{"rendered":"Instrucciones \u2013 Bright English"},"content":{"rendered":"<p>El BRIGHT ENGLISH es un examen de ingl\u00e9s que\u00a0<strong>eval\u00faa el nivel de idioma de los empleados de una empresa, o de estudiantes<\/strong>\u00a0de todo el mundo.<\/p>\n<p>El test, basado en un cuestionario en l\u00ednea, tiene una duraci\u00f3n de 40 minutos a 1 hora y se divide en\u00a0<strong>dos partes<\/strong>: Estructura de la lengua y gram\u00e1tica y Comprensi\u00f3n oral. El puntaje asignado var\u00eda de 0 a 5 puntos.<\/p>\n<p>Dicho examen, demandado por numerosas empresas, permite\u00a0<strong>realizar una evaluaci\u00f3n r\u00e1pida y fiable de las habilidades ling\u00fc\u00edsticas generales<\/strong>\u00a0en t\u00e9rminos de comprensi\u00f3n escrita y oral, en un contexto profesional.<\/p>\n<p>Las preguntas formuladas giran por lo general en torno a situaciones profesionales, viajes, intercambios, comunicaci\u00f3n, etc. \u00bfCu\u00e1l es el objetivo? Se trata de poner al candidato en situaciones en las que puede verse en un contexto profesional.<\/p>\n<p>Se trata tambi\u00e9n de un test de velocidad, en el que el candidato debe responder en poco tiempo a preguntas que no tienen nada que ver entre s\u00ed, con lo que es fundamental poseer un\u00a0<strong>buen conocimiento de las principales reglas gramaticales.\u00a0<\/strong><\/p>\n<p>Hay diferentes formas de entrenarse para el BRIGHT. No solo se trata \u00fanicamente de progresar en ingl\u00e9s, sino que debes entrenarte espec\u00edficamente para el examen, es decir, practicar con ejercicios del tipo BRIGHT.<\/p>\n<p>Nuestra plataforma en l\u00ednea te presenta el tipo de pruebas y, para cada una de ellas, la estructura, objetivos, destrezas evaluadas, tipo de ejercicios y tiempo de duraci\u00f3n.\u00a0Te proponemos\u00a0<strong>dos modos de revisi\u00f3n<\/strong>. El primero te permitir\u00e1 entrenarte mediante ejercicios y recursos puestos a disposici\u00f3n en la plataforma; y con el segundo podr\u00e1s\u00a0<strong>prepararte en condiciones reales de examen.\u00a0<\/strong><\/p>\n<p>Adem\u00e1s, un equipo de profesores expertos que te acompa\u00f1ar\u00e1 en la preparaci\u00f3n, seguir\u00e1 tu progresi\u00f3n y te mostrar\u00e1 c\u00f3mo solventar tus principales dificultades.\u00a0\u00a1L\u00e1nzate a descubrir nuestra prueba gratuita!<\/p>\n","protected":false},"excerpt":{"rendered":"<p>El BRIGHT ENGLISH es un examen de ingl\u00e9s que\u00a0eval\u00faa el nivel de idioma de los empleados de una empresa, o de estudiantes\u00a0de [&hellip;]<\/p>\n","protected":false},"author":24,"featured_media":0,"parent":18625,"menu_order":0,"comment_status":"closed","ping_status":"closed","template":"","meta":[],"acf":[],"yoast_head":"<!-- This site is optimized with the Yoast SEO plugin v17.2.1 - https:\/\/yoast.com\/wordpress\/plugins\/seo\/ -->\n<title>Instrucciones \u2013 Bright English<\/title>\n<meta name=\"robots\" content=\"index, follow, max-snippet:-1, max-image-preview:large, max-video-preview:-1\" \/>\n<link rel=\"canonical\" href=\"https:\/\/global-exam.com\/blog\/es\/examenes\/bright-english\/categoria-instrucciones-bright-english\/\" \/>\n<meta property=\"og:locale\" content=\"fr_FR\" \/>\n<meta property=\"og:type\" content=\"article\" \/>\n<meta property=\"og:title\" content=\"Instrucciones \u2013 Bright English\" \/>\n<meta property=\"og:description\" content=\"El BRIGHT ENGLISH es un examen de ingl\u00e9s que\u00a0eval\u00faa el nivel de idioma de los empleados de una empresa, o de estudiantes\u00a0de [&hellip;]\" \/>\n<meta property=\"og:url\" content=\"https:\/\/global-exam.com\/blog\/es\/examenes\/bright-english\/categoria-instrucciones-bright-english\/\" \/>\n<meta property=\"og:site_name\" content=\"GlobalExam Blog\" \/>\n<meta property=\"article:publisher\" content=\"https:\/\/www.facebook.com\/Global.Exam\" \/>\n<meta property=\"article:modified_time\" content=\"2022-06-27T14:44:11+00:00\" \/>\n<meta name=\"twitter:card\" content=\"summary_large_image\" \/>\n<meta name=\"twitter:site\" content=\"@Global_Exam\" \/>\n<meta name=\"twitter:label1\" content=\"Dur\u00e9e de lecture estim\u00e9e\" \/>\n\t<meta name=\"twitter:data1\" content=\"2 minutes\" \/>\n<script type=\"application\/ld+json\" class=\"yoast-schema-graph\">{\"@context\":\"https:\/\/schema.org\",\"@graph\":[{\"@type\":\"WebSite\",\"@id\":\"https:\/\/global-exam.com\/blog\/#website\",\"url\":\"https:\/\/global-exam.com\/blog\/\",\"name\":\"GlobalExam Blog\",\"description\":\"Le blog du sp\\u00e9cialiste de la certification linguistique\",\"potentialAction\":[{\"@type\":\"SearchAction\",\"target\":{\"@type\":\"EntryPoint\",\"urlTemplate\":\"https:\/\/global-exam.com\/blog\/?s={search_term_string}\"},\"query-input\":\"required name=search_term_string\"}],\"inLanguage\":\"fr-FR\"},{\"@type\":\"WebPage\",\"@id\":\"https:\/\/global-exam.com\/blog\/es\/examenes\/bright-english\/categoria-instrucciones-bright-english\/#webpage\",\"url\":\"https:\/\/global-exam.com\/blog\/es\/examenes\/bright-english\/categoria-instrucciones-bright-english\/\",\"name\":\"Instrucciones \\u2013 Bright English\",\"isPartOf\":{\"@id\":\"https:\/\/global-exam.com\/blog\/#website\"},\"datePublished\":\"2021-12-13T17:16:53+00:00\",\"dateModified\":\"2022-06-27T14:44:11+00:00\",\"breadcrumb\":{\"@id\":\"https:\/\/global-exam.com\/blog\/es\/examenes\/bright-english\/categoria-instrucciones-bright-english\/#breadcrumb\"},\"inLanguage\":\"fr-FR\",\"potentialAction\":[{\"@type\":\"ReadAction\",\"target\":[\"https:\/\/global-exam.com\/blog\/es\/examenes\/bright-english\/categoria-instrucciones-bright-english\/\"]}]},{\"@type\":\"BreadcrumbList\",\"@id\":\"https:\/\/global-exam.com\/blog\/es\/examenes\/bright-english\/categoria-instrucciones-bright-english\/#breadcrumb\",\"itemListElement\":[{\"@type\":\"ListItem\",\"position\":1,\"name\":\"Ex\\u00e1menes de idioma\",\"item\":\"https:\/\/global-exam.com\/blog\/es\/examenes\/\"},{\"@type\":\"ListItem\",\"position\":2,\"name\":\"BRIGHT English\",\"item\":\"https:\/\/global-exam.com\/blog\/es\/examenes\/bright-english\/\"},{\"@type\":\"ListItem\",\"position\":3,\"name\":\"Instrucciones \\u2013 Bright English\"}]}]}<\/script>\n<!-- \/ Yoast SEO plugin. -->","yoast_head_json":{"title":"Instrucciones \u2013 Bright English","robots":{"index":"index","follow":"follow","max-snippet":"max-snippet:-1","max-image-preview":"max-image-preview:large","max-video-preview":"max-video-preview:-1"},"canonical":"https:\/\/global-exam.com\/blog\/es\/examenes\/bright-english\/categoria-instrucciones-bright-english\/","og_locale":"fr_FR","og_type":"article","og_title":"Instrucciones \u2013 Bright English","og_description":"El BRIGHT ENGLISH es un examen de ingl\u00e9s que\u00a0eval\u00faa el nivel de idioma de los empleados de una empresa, o de estudiantes\u00a0de [&hellip;]","og_url":"https:\/\/global-exam.com\/blog\/es\/examenes\/bright-english\/categoria-instrucciones-bright-english\/","og_site_name":"GlobalExam Blog","article_publisher":"https:\/\/www.facebook.com\/Global.Exam","article_modified_time":"2022-06-27T14:44:11+00:00","twitter_card":"summary_large_image","twitter_site":"@Global_Exam","twitter_misc":{"Dur\u00e9e de lecture estim\u00e9e":"2 minutes"},"schema":{"@context":"https:\/\/schema.org","@graph":[{"@type":"WebSite","@id":"https:\/\/global-exam.com\/blog\/#website","url":"https:\/\/global-exam.com\/blog\/","name":"GlobalExam Blog","description":"Le blog du sp\u00e9cialiste de la certification linguistique","potentialAction":[{"@type":"SearchAction","target":{"@type":"EntryPoint","urlTemplate":"https:\/\/global-exam.com\/blog\/?s={search_term_string}"},"query-input":"required name=search_term_string"}],"inLanguage":"fr-FR"},{"@type":"WebPage","@id":"https:\/\/global-exam.com\/blog\/es\/examenes\/bright-english\/categoria-instrucciones-bright-english\/#webpage","url":"https:\/\/global-exam.com\/blog\/es\/examenes\/bright-english\/categoria-instrucciones-bright-english\/","name":"Instrucciones \u2013 Bright English","isPartOf":{"@id":"https:\/\/global-exam.com\/blog\/#website"},"datePublished":"2021-12-13T17:16:53+00:00","dateModified":"2022-06-27T14:44:11+00:00","breadcrumb":{"@id":"https:\/\/global-exam.com\/blog\/es\/examenes\/bright-english\/categoria-instrucciones-bright-english\/#breadcrumb"},"inLanguage":"fr-FR","potentialAction":[{"@type":"ReadAction","target":["https:\/\/global-exam.com\/blog\/es\/examenes\/bright-english\/categoria-instrucciones-bright-english\/"]}]},{"@type":"BreadcrumbList","@id":"https:\/\/global-exam.com\/blog\/es\/examenes\/bright-english\/categoria-instrucciones-bright-english\/#breadcrumb","itemListElement":[{"@type":"ListItem","position":1,"name":"Ex\u00e1menes de idioma","item":"https:\/\/global-exam.com\/blog\/es\/examenes\/"},{"@type":"ListItem","position":2,"name":"BRIGHT English","item":"https:\/\/global-exam.com\/blog\/es\/examenes\/bright-english\/"},{"@type":"ListItem","position":3,"name":"Instrucciones \u2013 Bright English"}]}]}},"lang":"es","translations":{"es":70543},"pll_sync_post":[],"_links":{"self":[{"href":"https:\/\/global-exam.com\/blog\/wp-json\/wp\/v2\/pages\/70543"}],"collection":[{"href":"https:\/\/global-exam.com\/blog\/wp-json\/wp\/v2\/pages"}],"about":[{"href":"https:\/\/global-exam.com\/blog\/wp-json\/wp\/v2\/types\/page"}],"author":[{"embeddable":true,"href":"https:\/\/global-exam.com\/blog\/wp-json\/wp\/v2\/users\/24"}],"replies":[{"embeddable":true,"href":"https:\/\/global-exam.com\/blog\/wp-json\/wp\/v2\/comments?post=70543"}],"version-history":[{"count":3,"href":"https:\/\/global-exam.com\/blog\/wp-json\/wp\/v2\/pages\/70543\/revisions"}],"predecessor-version":[{"id":76604,"href":"https:\/\/global-exam.com\/blog\/wp-json\/wp\/v2\/pages\/70543\/revisions\/76604"}],"up":[{"embeddable":true,"href":"https:\/\/global-exam.com\/blog\/wp-json\/wp\/v2\/pages\/18625"}],"wp:attachment":[{"href":"https:\/\/global-exam.com\/blog\/wp-json\/wp\/v2\/media?parent=70543"}],"curies":[{"name":"wp","href":"https:\/\/api.w.org\/{rel}","templated":true}]}}