{"id":70546,"date":"2021-12-13T18:20:09","date_gmt":"2021-12-13T17:20:09","guid":{"rendered":"https:\/\/global-exam.com\/blog\/?page_id=70546"},"modified":"2022-06-27T16:44:11","modified_gmt":"2022-06-27T14:44:11","slug":"categoria-obten-un-buen-puntaje-al-bright-english","status":"publish","type":"page","link":"https:\/\/global-exam.com\/blog\/es\/examenes\/bright-english\/categoria-obten-un-buen-puntaje-al-bright-english\/","title":{"rendered":"Obt\u00e9n un buen puntaje al Bright English"},"content":{"rendered":"<p>El Marco Com\u00fan Europeo de Referencia para las lenguas (MCER) ofrece un est\u00e1ndar en cuanto al nivel de lenguas de los estudiantes a nivel internacional, a trav\u00e9s de 6 niveles\u00a0 (A1, A2, B1, B2, C1, C2).<\/p>\n<p>Cada uno de estos niveles est\u00e1 asociado a un\u00a0<strong>nivel de dominio del idioma, y una serie de competencias<\/strong>, respecto a la capacidad para escribir, hablar, comprender un texto o un documento audio.<\/p>\n<p>Los resultados obtenidos en el\u00a0 BRIGHT ENGLISH van de\u00a0<strong>una escala de 0 a 5 puntos<\/strong>, es decir, 0 para un nivel de principiante y 5 para un nivel biling\u00fce y encuentran su correspondencia con los niveles definidos en el MCER, como veremos en esta secci\u00f3n.<\/p>\n<p>A la hora de prepararte para el BRIGHT,\u00a0<strong>es importante que conozcas, adem\u00e1s de tu nivel de idioma<\/strong>,<strong>\u00a0tus objetivos<\/strong>, ya que cada nivel da acceso a posibilidades diferentes (viajar, obtener un certificado de dominio del idioma, un contrato de pr\u00e1cticas en un pa\u00eds extranjero, dar un valor a\u00f1adido a tu CV, etc.)<\/p>\n<p>El test BRIGHT ENGLISH se realiza completamente\u00a0<strong>en l\u00ednea<\/strong>. Cada candidato accede a la interfaz de prueba a trav\u00e9s de sus identificadores personalizados recibidos por correo electr\u00f3nico. Una vez que se completa la prueba, un informe, descargable en PDF, indica los resultados en una escala de 0 a 5.<\/p>\n<p>En este apartado te mostramos la\u00a0<strong>puntuaci\u00f3n requerida<\/strong>\u00a0para obtener cada nivel del MCER seg\u00fan la escala BRIGHT, y las posibilidades de nuestra plataforma, a trav\u00e9s de la que hemos desarrollado un\u00a0<strong>sistema de entrenamiento y simulacros de ex\u00e1menes<\/strong>, para estar realmente listo el d\u00eda del test.\u00a0\u00bfQuieres obtener resultados brillantes? \u00a1Visita nuestra plataforma!<\/p>\n","protected":false},"excerpt":{"rendered":"<p>El Marco Com\u00fan Europeo de Referencia para las lenguas (MCER) ofrece un est\u00e1ndar en cuanto al nivel de lenguas de los estudiantes [&hellip;]<\/p>\n","protected":false},"author":24,"featured_media":0,"parent":18625,"menu_order":0,"comment_status":"closed","ping_status":"closed","template":"","meta":[],"acf":[],"yoast_head":"<!-- This site is optimized with the Yoast SEO plugin v17.2.1 - https:\/\/yoast.com\/wordpress\/plugins\/seo\/ -->\n<title>Obt\u00e9n un buen puntaje al Bright English<\/title>\n<meta name=\"robots\" content=\"index, follow, max-snippet:-1, max-image-preview:large, max-video-preview:-1\" \/>\n<link rel=\"canonical\" href=\"https:\/\/global-exam.com\/blog\/es\/examenes\/bright-english\/categoria-obten-un-buen-puntaje-al-bright-english\/\" \/>\n<meta property=\"og:locale\" content=\"fr_FR\" \/>\n<meta property=\"og:type\" content=\"article\" \/>\n<meta property=\"og:title\" content=\"Obt\u00e9n un buen puntaje al Bright English\" \/>\n<meta property=\"og:description\" content=\"El Marco Com\u00fan Europeo de Referencia para las lenguas (MCER) ofrece un est\u00e1ndar en cuanto al nivel de lenguas de los estudiantes [&hellip;]\" \/>\n<meta property=\"og:url\" content=\"https:\/\/global-exam.com\/blog\/es\/examenes\/bright-english\/categoria-obten-un-buen-puntaje-al-bright-english\/\" \/>\n<meta property=\"og:site_name\" content=\"GlobalExam Blog\" \/>\n<meta property=\"article:publisher\" content=\"https:\/\/www.facebook.com\/Global.Exam\" \/>\n<meta property=\"article:modified_time\" content=\"2022-06-27T14:44:11+00:00\" \/>\n<meta name=\"twitter:card\" content=\"summary_large_image\" \/>\n<meta name=\"twitter:site\" content=\"@Global_Exam\" \/>\n<meta name=\"twitter:label1\" content=\"Dur\u00e9e de lecture estim\u00e9e\" \/>\n\t<meta name=\"twitter:data1\" content=\"1 minute\" \/>\n<script type=\"application\/ld+json\" class=\"yoast-schema-graph\">{\"@context\":\"https:\/\/schema.org\",\"@graph\":[{\"@type\":\"WebSite\",\"@id\":\"https:\/\/global-exam.com\/blog\/#website\",\"url\":\"https:\/\/global-exam.com\/blog\/\",\"name\":\"GlobalExam Blog\",\"description\":\"Le blog du sp\\u00e9cialiste de la certification linguistique\",\"potentialAction\":[{\"@type\":\"SearchAction\",\"target\":{\"@type\":\"EntryPoint\",\"urlTemplate\":\"https:\/\/global-exam.com\/blog\/?s={search_term_string}\"},\"query-input\":\"required name=search_term_string\"}],\"inLanguage\":\"fr-FR\"},{\"@type\":\"WebPage\",\"@id\":\"https:\/\/global-exam.com\/blog\/es\/examenes\/bright-english\/categoria-obten-un-buen-puntaje-al-bright-english\/#webpage\",\"url\":\"https:\/\/global-exam.com\/blog\/es\/examenes\/bright-english\/categoria-obten-un-buen-puntaje-al-bright-english\/\",\"name\":\"Obt\\u00e9n un buen puntaje al Bright English\",\"isPartOf\":{\"@id\":\"https:\/\/global-exam.com\/blog\/#website\"},\"datePublished\":\"2021-12-13T17:20:09+00:00\",\"dateModified\":\"2022-06-27T14:44:11+00:00\",\"breadcrumb\":{\"@id\":\"https:\/\/global-exam.com\/blog\/es\/examenes\/bright-english\/categoria-obten-un-buen-puntaje-al-bright-english\/#breadcrumb\"},\"inLanguage\":\"fr-FR\",\"potentialAction\":[{\"@type\":\"ReadAction\",\"target\":[\"https:\/\/global-exam.com\/blog\/es\/examenes\/bright-english\/categoria-obten-un-buen-puntaje-al-bright-english\/\"]}]},{\"@type\":\"BreadcrumbList\",\"@id\":\"https:\/\/global-exam.com\/blog\/es\/examenes\/bright-english\/categoria-obten-un-buen-puntaje-al-bright-english\/#breadcrumb\",\"itemListElement\":[{\"@type\":\"ListItem\",\"position\":1,\"name\":\"Ex\\u00e1menes de idioma\",\"item\":\"https:\/\/global-exam.com\/blog\/es\/examenes\/\"},{\"@type\":\"ListItem\",\"position\":2,\"name\":\"BRIGHT English\",\"item\":\"https:\/\/global-exam.com\/blog\/es\/examenes\/bright-english\/\"},{\"@type\":\"ListItem\",\"position\":3,\"name\":\"Obt\\u00e9n un buen puntaje al Bright English\"}]}]}<\/script>\n<!-- \/ Yoast SEO plugin. -->","yoast_head_json":{"title":"Obt\u00e9n un buen puntaje al Bright English","robots":{"index":"index","follow":"follow","max-snippet":"max-snippet:-1","max-image-preview":"max-image-preview:large","max-video-preview":"max-video-preview:-1"},"canonical":"https:\/\/global-exam.com\/blog\/es\/examenes\/bright-english\/categoria-obten-un-buen-puntaje-al-bright-english\/","og_locale":"fr_FR","og_type":"article","og_title":"Obt\u00e9n un buen puntaje al Bright English","og_description":"El Marco Com\u00fan Europeo de Referencia para las lenguas (MCER) ofrece un est\u00e1ndar en cuanto al nivel de lenguas de los estudiantes [&hellip;]","og_url":"https:\/\/global-exam.com\/blog\/es\/examenes\/bright-english\/categoria-obten-un-buen-puntaje-al-bright-english\/","og_site_name":"GlobalExam Blog","article_publisher":"https:\/\/www.facebook.com\/Global.Exam","article_modified_time":"2022-06-27T14:44:11+00:00","twitter_card":"summary_large_image","twitter_site":"@Global_Exam","twitter_misc":{"Dur\u00e9e de lecture estim\u00e9e":"1 minute"},"schema":{"@context":"https:\/\/schema.org","@graph":[{"@type":"WebSite","@id":"https:\/\/global-exam.com\/blog\/#website","url":"https:\/\/global-exam.com\/blog\/","name":"GlobalExam Blog","description":"Le blog du sp\u00e9cialiste de la certification linguistique","potentialAction":[{"@type":"SearchAction","target":{"@type":"EntryPoint","urlTemplate":"https:\/\/global-exam.com\/blog\/?s={search_term_string}"},"query-input":"required name=search_term_string"}],"inLanguage":"fr-FR"},{"@type":"WebPage","@id":"https:\/\/global-exam.com\/blog\/es\/examenes\/bright-english\/categoria-obten-un-buen-puntaje-al-bright-english\/#webpage","url":"https:\/\/global-exam.com\/blog\/es\/examenes\/bright-english\/categoria-obten-un-buen-puntaje-al-bright-english\/","name":"Obt\u00e9n un buen puntaje al Bright English","isPartOf":{"@id":"https:\/\/global-exam.com\/blog\/#website"},"datePublished":"2021-12-13T17:20:09+00:00","dateModified":"2022-06-27T14:44:11+00:00","breadcrumb":{"@id":"https:\/\/global-exam.com\/blog\/es\/examenes\/bright-english\/categoria-obten-un-buen-puntaje-al-bright-english\/#breadcrumb"},"inLanguage":"fr-FR","potentialAction":[{"@type":"ReadAction","target":["https:\/\/global-exam.com\/blog\/es\/examenes\/bright-english\/categoria-obten-un-buen-puntaje-al-bright-english\/"]}]},{"@type":"BreadcrumbList","@id":"https:\/\/global-exam.com\/blog\/es\/examenes\/bright-english\/categoria-obten-un-buen-puntaje-al-bright-english\/#breadcrumb","itemListElement":[{"@type":"ListItem","position":1,"name":"Ex\u00e1menes de idioma","item":"https:\/\/global-exam.com\/blog\/es\/examenes\/"},{"@type":"ListItem","position":2,"name":"BRIGHT English","item":"https:\/\/global-exam.com\/blog\/es\/examenes\/bright-english\/"},{"@type":"ListItem","position":3,"name":"Obt\u00e9n un buen puntaje al Bright English"}]}]}},"lang":"es","translations":{"es":70546},"pll_sync_post":[],"_links":{"self":[{"href":"https:\/\/global-exam.com\/blog\/wp-json\/wp\/v2\/pages\/70546"}],"collection":[{"href":"https:\/\/global-exam.com\/blog\/wp-json\/wp\/v2\/pages"}],"about":[{"href":"https:\/\/global-exam.com\/blog\/wp-json\/wp\/v2\/types\/page"}],"author":[{"embeddable":true,"href":"https:\/\/global-exam.com\/blog\/wp-json\/wp\/v2\/users\/24"}],"replies":[{"embeddable":true,"href":"https:\/\/global-exam.com\/blog\/wp-json\/wp\/v2\/comments?post=70546"}],"version-history":[{"count":3,"href":"https:\/\/global-exam.com\/blog\/wp-json\/wp\/v2\/pages\/70546\/revisions"}],"predecessor-version":[{"id":76603,"href":"https:\/\/global-exam.com\/blog\/wp-json\/wp\/v2\/pages\/70546\/revisions\/76603"}],"up":[{"embeddable":true,"href":"https:\/\/global-exam.com\/blog\/wp-json\/wp\/v2\/pages\/18625"}],"wp:attachment":[{"href":"https:\/\/global-exam.com\/blog\/wp-json\/wp\/v2\/media?parent=70546"}],"curies":[{"name":"wp","href":"https:\/\/api.w.org\/{rel}","templated":true}]}}