{"id":70549,"date":"2021-12-13T18:23:40","date_gmt":"2021-12-13T17:23:40","guid":{"rendered":"https:\/\/global-exam.com\/blog\/?page_id=70549"},"modified":"2022-06-27T16:44:10","modified_gmt":"2022-06-27T14:44:10","slug":"categoria-vocabulario-bright-english","status":"publish","type":"page","link":"https:\/\/global-exam.com\/blog\/es\/examenes\/bright-english\/categoria-vocabulario-bright-english\/","title":{"rendered":"Vocabulario Bright English"},"content":{"rendered":"<p><strong>BRIGHT English<\/strong>\u00a0es un examen de ingl\u00e9s profesional de renombre mundial, que eval\u00faa tus conocimientos en ingl\u00e9s. Es una prueba que tanto\u00a0<strong>estudiantes<\/strong>, como empleados la pueden presentar. Todo depende de tus intereses. El ingl\u00e9s no es el \u00fanico idioma que se ofrece para esta prueba. En total, es posible realizar este examen en 11 idiomas, incluido el ingl\u00e9s.<\/p>\n<p>El\u00a0<strong>BRIGHT English<\/strong>\u00a0se divide en\u00a0<strong>dos partes<\/strong>: una\u00a0<strong>parte oral<\/strong>\u00a0que se llama\u00a0<strong>Listening<\/strong>\u00a0y una\u00a0<strong>parte escrita<\/strong>\u00a0que se llama\u00a0<strong>Reading.<\/strong>\u00a0El tipo de preguntas que vas a encontrar est\u00e1n relacionadas con temas de viaje, intercambios internacionales, profesionales, etc. Por consiguiente, tener un amplio bagaje ling\u00fc\u00edstico para esta prueba te ser\u00e1 de gran utilidad porque podr\u00e1s resolver las partes con mayor fluidez y te podr\u00e1s expresar de forma clara y concisa, lo que va a demostrar a los jurados tu<strong>\u00a0nivel de ingl\u00e9s.\u00a0<\/strong><\/p>\n<p>Con esta categor\u00eda de GlobalExam podr\u00e1s ampliar tu vocabulario para la prueba, permitiendo un uso m\u00e1s adecuado de las palabras. Porque seamos sinceros, muchas veces aprendemos de memoria algo, pero no sabemos de qu\u00e9 forma usarlas. En esta\u00a0<strong>categor\u00eda de solo vocabulario encontrar\u00e1s fichas que te explican el uso de las palabras, su traducci\u00f3n, variaciones de la palabra y algunas expresiones.\u00a0<\/strong><\/p>\n<p>Hay fichas de vocabulario sobre c\u00f3mo dar y escribir una\u00a0<strong>direcci\u00f3n,<\/strong>\u00a0c\u00f3mo decir la hora, c\u00f3mo decir los\u00a0<strong>d\u00edas<\/strong>\u00a0y\u00a0<strong>meses<\/strong>\u00a0del a\u00f1o, cu\u00e1l vocabulario usar para viajar, c\u00f3mo\u00a0<strong>expresar emociones,<\/strong>\u00a0c\u00f3mo se dicen los miembros de la familia y\u00a0<strong>muchos<\/strong>\u00a0<strong>m\u00e1s<\/strong>\u00a0temas.<\/p>\n<p>El Bright y todas las pruebas de ingl\u00e9s exigen una\u00a0<strong>preparaci\u00f3n<\/strong>\u00a0y\u00a0<strong>conocimientos<\/strong>\u00a0sobre la\u00a0<strong>estructura del examen.<\/strong>\u00a0No lo vas a pasar con ayuda de un milagro, el resultado que obtengas es el reflejo de tu esfuerzo. Si deseas trabajar todas las secciones de BRIGHT English, nuestra plataforma en l\u00ednea puede resultarte \u00fatil. Tenemos sesiones de entrenamiento para que avances paso a paso, ex\u00e1menes de prueba y hojas de estudio.<\/p>\n","protected":false},"excerpt":{"rendered":"<p>BRIGHT English\u00a0es un examen de ingl\u00e9s profesional de renombre mundial, que eval\u00faa tus conocimientos en ingl\u00e9s. Es una prueba que tanto\u00a0estudiantes, como [&hellip;]<\/p>\n","protected":false},"author":24,"featured_media":0,"parent":18625,"menu_order":0,"comment_status":"closed","ping_status":"closed","template":"","meta":[],"acf":[],"yoast_head":"<!-- This site is optimized with the Yoast SEO plugin v17.2.1 - https:\/\/yoast.com\/wordpress\/plugins\/seo\/ -->\n<title>Vocabulario Bright English<\/title>\n<meta name=\"robots\" content=\"index, follow, max-snippet:-1, max-image-preview:large, max-video-preview:-1\" \/>\n<link rel=\"canonical\" href=\"https:\/\/global-exam.com\/blog\/es\/examenes\/bright-english\/categoria-vocabulario-bright-english\/\" \/>\n<meta property=\"og:locale\" content=\"fr_FR\" \/>\n<meta property=\"og:type\" content=\"article\" \/>\n<meta property=\"og:title\" content=\"Vocabulario Bright English\" \/>\n<meta property=\"og:description\" content=\"BRIGHT English\u00a0es un examen de ingl\u00e9s profesional de renombre mundial, que eval\u00faa tus conocimientos en ingl\u00e9s. Es una prueba que tanto\u00a0estudiantes, como [&hellip;]\" \/>\n<meta property=\"og:url\" content=\"https:\/\/global-exam.com\/blog\/es\/examenes\/bright-english\/categoria-vocabulario-bright-english\/\" \/>\n<meta property=\"og:site_name\" content=\"GlobalExam Blog\" \/>\n<meta property=\"article:publisher\" content=\"https:\/\/www.facebook.com\/Global.Exam\" \/>\n<meta property=\"article:modified_time\" content=\"2022-06-27T14:44:10+00:00\" \/>\n<meta name=\"twitter:card\" content=\"summary_large_image\" \/>\n<meta name=\"twitter:site\" content=\"@Global_Exam\" \/>\n<meta name=\"twitter:label1\" content=\"Dur\u00e9e de lecture estim\u00e9e\" \/>\n\t<meta name=\"twitter:data1\" content=\"2 minutes\" \/>\n<script type=\"application\/ld+json\" class=\"yoast-schema-graph\">{\"@context\":\"https:\/\/schema.org\",\"@graph\":[{\"@type\":\"WebSite\",\"@id\":\"https:\/\/global-exam.com\/blog\/#website\",\"url\":\"https:\/\/global-exam.com\/blog\/\",\"name\":\"GlobalExam Blog\",\"description\":\"Le blog du sp\\u00e9cialiste de la certification linguistique\",\"potentialAction\":[{\"@type\":\"SearchAction\",\"target\":{\"@type\":\"EntryPoint\",\"urlTemplate\":\"https:\/\/global-exam.com\/blog\/?s={search_term_string}\"},\"query-input\":\"required name=search_term_string\"}],\"inLanguage\":\"fr-FR\"},{\"@type\":\"WebPage\",\"@id\":\"https:\/\/global-exam.com\/blog\/es\/examenes\/bright-english\/categoria-vocabulario-bright-english\/#webpage\",\"url\":\"https:\/\/global-exam.com\/blog\/es\/examenes\/bright-english\/categoria-vocabulario-bright-english\/\",\"name\":\"Vocabulario Bright English\",\"isPartOf\":{\"@id\":\"https:\/\/global-exam.com\/blog\/#website\"},\"datePublished\":\"2021-12-13T17:23:40+00:00\",\"dateModified\":\"2022-06-27T14:44:10+00:00\",\"breadcrumb\":{\"@id\":\"https:\/\/global-exam.com\/blog\/es\/examenes\/bright-english\/categoria-vocabulario-bright-english\/#breadcrumb\"},\"inLanguage\":\"fr-FR\",\"potentialAction\":[{\"@type\":\"ReadAction\",\"target\":[\"https:\/\/global-exam.com\/blog\/es\/examenes\/bright-english\/categoria-vocabulario-bright-english\/\"]}]},{\"@type\":\"BreadcrumbList\",\"@id\":\"https:\/\/global-exam.com\/blog\/es\/examenes\/bright-english\/categoria-vocabulario-bright-english\/#breadcrumb\",\"itemListElement\":[{\"@type\":\"ListItem\",\"position\":1,\"name\":\"Ex\\u00e1menes de idioma\",\"item\":\"https:\/\/global-exam.com\/blog\/es\/examenes\/\"},{\"@type\":\"ListItem\",\"position\":2,\"name\":\"BRIGHT English\",\"item\":\"https:\/\/global-exam.com\/blog\/es\/examenes\/bright-english\/\"},{\"@type\":\"ListItem\",\"position\":3,\"name\":\"Vocabulario Bright English\"}]}]}<\/script>\n<!-- \/ Yoast SEO plugin. -->","yoast_head_json":{"title":"Vocabulario Bright English","robots":{"index":"index","follow":"follow","max-snippet":"max-snippet:-1","max-image-preview":"max-image-preview:large","max-video-preview":"max-video-preview:-1"},"canonical":"https:\/\/global-exam.com\/blog\/es\/examenes\/bright-english\/categoria-vocabulario-bright-english\/","og_locale":"fr_FR","og_type":"article","og_title":"Vocabulario Bright English","og_description":"BRIGHT English\u00a0es un examen de ingl\u00e9s profesional de renombre mundial, que eval\u00faa tus conocimientos en ingl\u00e9s. Es una prueba que tanto\u00a0estudiantes, como [&hellip;]","og_url":"https:\/\/global-exam.com\/blog\/es\/examenes\/bright-english\/categoria-vocabulario-bright-english\/","og_site_name":"GlobalExam Blog","article_publisher":"https:\/\/www.facebook.com\/Global.Exam","article_modified_time":"2022-06-27T14:44:10+00:00","twitter_card":"summary_large_image","twitter_site":"@Global_Exam","twitter_misc":{"Dur\u00e9e de lecture estim\u00e9e":"2 minutes"},"schema":{"@context":"https:\/\/schema.org","@graph":[{"@type":"WebSite","@id":"https:\/\/global-exam.com\/blog\/#website","url":"https:\/\/global-exam.com\/blog\/","name":"GlobalExam Blog","description":"Le blog du sp\u00e9cialiste de la certification linguistique","potentialAction":[{"@type":"SearchAction","target":{"@type":"EntryPoint","urlTemplate":"https:\/\/global-exam.com\/blog\/?s={search_term_string}"},"query-input":"required name=search_term_string"}],"inLanguage":"fr-FR"},{"@type":"WebPage","@id":"https:\/\/global-exam.com\/blog\/es\/examenes\/bright-english\/categoria-vocabulario-bright-english\/#webpage","url":"https:\/\/global-exam.com\/blog\/es\/examenes\/bright-english\/categoria-vocabulario-bright-english\/","name":"Vocabulario Bright English","isPartOf":{"@id":"https:\/\/global-exam.com\/blog\/#website"},"datePublished":"2021-12-13T17:23:40+00:00","dateModified":"2022-06-27T14:44:10+00:00","breadcrumb":{"@id":"https:\/\/global-exam.com\/blog\/es\/examenes\/bright-english\/categoria-vocabulario-bright-english\/#breadcrumb"},"inLanguage":"fr-FR","potentialAction":[{"@type":"ReadAction","target":["https:\/\/global-exam.com\/blog\/es\/examenes\/bright-english\/categoria-vocabulario-bright-english\/"]}]},{"@type":"BreadcrumbList","@id":"https:\/\/global-exam.com\/blog\/es\/examenes\/bright-english\/categoria-vocabulario-bright-english\/#breadcrumb","itemListElement":[{"@type":"ListItem","position":1,"name":"Ex\u00e1menes de idioma","item":"https:\/\/global-exam.com\/blog\/es\/examenes\/"},{"@type":"ListItem","position":2,"name":"BRIGHT English","item":"https:\/\/global-exam.com\/blog\/es\/examenes\/bright-english\/"},{"@type":"ListItem","position":3,"name":"Vocabulario Bright English"}]}]}},"lang":"es","translations":{"es":70549},"pll_sync_post":[],"_links":{"self":[{"href":"https:\/\/global-exam.com\/blog\/wp-json\/wp\/v2\/pages\/70549"}],"collection":[{"href":"https:\/\/global-exam.com\/blog\/wp-json\/wp\/v2\/pages"}],"about":[{"href":"https:\/\/global-exam.com\/blog\/wp-json\/wp\/v2\/types\/page"}],"author":[{"embeddable":true,"href":"https:\/\/global-exam.com\/blog\/wp-json\/wp\/v2\/users\/24"}],"replies":[{"embeddable":true,"href":"https:\/\/global-exam.com\/blog\/wp-json\/wp\/v2\/comments?post=70549"}],"version-history":[{"count":3,"href":"https:\/\/global-exam.com\/blog\/wp-json\/wp\/v2\/pages\/70549\/revisions"}],"predecessor-version":[{"id":76602,"href":"https:\/\/global-exam.com\/blog\/wp-json\/wp\/v2\/pages\/70549\/revisions\/76602"}],"up":[{"embeddable":true,"href":"https:\/\/global-exam.com\/blog\/wp-json\/wp\/v2\/pages\/18625"}],"wp:attachment":[{"href":"https:\/\/global-exam.com\/blog\/wp-json\/wp\/v2\/media?parent=70549"}],"curies":[{"name":"wp","href":"https:\/\/api.w.org\/{rel}","templated":true}]}}