{"id":70552,"date":"2021-12-13T18:26:12","date_gmt":"2021-12-13T17:26:12","guid":{"rendered":"https:\/\/global-exam.com\/blog\/?page_id=70552"},"modified":"2022-06-27T16:44:09","modified_gmt":"2022-06-27T14:44:09","slug":"categoria-gramatica-bright-english","status":"publish","type":"page","link":"https:\/\/global-exam.com\/blog\/es\/examenes\/bright-english\/categoria-gramatica-bright-english\/","title":{"rendered":"Gram\u00e1tica Bright English"},"content":{"rendered":"<p>El examen<strong>\u00a0BRIGHT English<\/strong>\u00a0es uno de los ex\u00e1menes preferidos por las empresas, porque permite evaluar el nivel de ingl\u00e9s de forma casi instant\u00e1nea. Lo presentas en l\u00ednea y en cuesti\u00f3n de horas ya tienes tu resultado. Todo depende de lo r\u00e1pido que resuelvas la prueba.<\/p>\n<p>Sin embargo, no puedes tomar a la ligera este examen y es necesario tener buenos conocimientos en ingl\u00e9s. Si\u00a0<strong>practicas y revisas con antelaci\u00f3n,<\/strong>\u00a0seguramente obtendr\u00e1s buenos resultados. Adem\u00e1s, en tus resultados aparecer\u00e1 el nivel que tienes con base en el Marco Com\u00fan Europeo de Referencia para las Lenguas (MCERL).<\/p>\n<p>Esta<strong>\u00a0categor\u00eda de gram\u00e1tica<\/strong>\u00a0te servir\u00e1 para revisar las\u00a0<strong>bases de la gram\u00e1tica inglesa<\/strong>, porque a pesar de ser temas que probablemente has visto toda tu vida en el colegio, universidad o centro de idiomas, no dejan de ser importantes. Cuando se habla de gram\u00e1tica se hace referencia a las normas y excepciones que rigen una lengua, en este caso el ingl\u00e9s. Su importancia viene del hecho que sirve como gu\u00eda para producir textos coherentes.<\/p>\n<p>En las\u00a0<strong>diferentes fichas de gram\u00e1tica<\/strong>\u00a0de este blog de GlobalExam vas a encontrar temas como las reglas de uso del\u00a0<strong>presente simple,<\/strong>\u00a0cuando se usa el\u00a0<strong>presente continuo,<\/strong>\u00a0la diferencia entre los\u00a0<strong>adjetivos posesivos,<\/strong>\u00a0adjetivos\u00a0<strong>comparativos<\/strong>\u00a0y\u00a0<strong>superlativos,<\/strong>\u00a0c\u00f3mo funciona el primer, segundo y tercer condicional, los diferentes tipos de\u00a0<strong>presentes<\/strong>\u00a0de la lengua inglesa, etc. Una vez abras los art\u00edculos vas a encontrar la explicaci\u00f3n sobre cada tema, ejemplos y ejercicios de pr\u00e1ctica que est\u00e1n al final de la p\u00e1gina. A veces las cosas no nos quedan claras hasta que las practicamos.<\/p>\n<p>Si consideras que te hace falta profundizar otros temas de gram\u00e1tica, puedes\u00a0<strong>conectarte a nuestra plataforma en l\u00ednea GlobalExam<\/strong>. All\u00ed tenemos una secci\u00f3n dedicada a la revisi\u00f3n de gram\u00e1tica y vocabulario. No dudes en ponerte a prueba con los simulacros tipo BRIGHT English.<\/p>\n","protected":false},"excerpt":{"rendered":"<p>El examen\u00a0BRIGHT English\u00a0es uno de los ex\u00e1menes preferidos por las empresas, porque permite evaluar el nivel de ingl\u00e9s de forma casi instant\u00e1nea. [&hellip;]<\/p>\n","protected":false},"author":24,"featured_media":0,"parent":18625,"menu_order":0,"comment_status":"closed","ping_status":"closed","template":"","meta":[],"acf":[],"yoast_head":"<!-- This site is optimized with the Yoast SEO plugin v17.2.1 - https:\/\/yoast.com\/wordpress\/plugins\/seo\/ -->\n<title>Gram\u00e1tica Bright English<\/title>\n<meta name=\"robots\" content=\"index, follow, max-snippet:-1, max-image-preview:large, max-video-preview:-1\" \/>\n<link rel=\"canonical\" href=\"https:\/\/global-exam.com\/blog\/es\/examenes\/bright-english\/categoria-gramatica-bright-english\/\" \/>\n<meta property=\"og:locale\" content=\"fr_FR\" \/>\n<meta property=\"og:type\" content=\"article\" \/>\n<meta property=\"og:title\" content=\"Gram\u00e1tica Bright English\" \/>\n<meta property=\"og:description\" content=\"El examen\u00a0BRIGHT English\u00a0es uno de los ex\u00e1menes preferidos por las empresas, porque permite evaluar el nivel de ingl\u00e9s de forma casi instant\u00e1nea. [&hellip;]\" \/>\n<meta property=\"og:url\" content=\"https:\/\/global-exam.com\/blog\/es\/examenes\/bright-english\/categoria-gramatica-bright-english\/\" \/>\n<meta property=\"og:site_name\" content=\"GlobalExam Blog\" \/>\n<meta property=\"article:publisher\" content=\"https:\/\/www.facebook.com\/Global.Exam\" \/>\n<meta property=\"article:modified_time\" content=\"2022-06-27T14:44:09+00:00\" \/>\n<meta name=\"twitter:card\" content=\"summary_large_image\" \/>\n<meta name=\"twitter:site\" content=\"@Global_Exam\" \/>\n<meta name=\"twitter:label1\" content=\"Dur\u00e9e de lecture estim\u00e9e\" \/>\n\t<meta name=\"twitter:data1\" content=\"2 minutes\" \/>\n<script type=\"application\/ld+json\" class=\"yoast-schema-graph\">{\"@context\":\"https:\/\/schema.org\",\"@graph\":[{\"@type\":\"WebSite\",\"@id\":\"https:\/\/global-exam.com\/blog\/#website\",\"url\":\"https:\/\/global-exam.com\/blog\/\",\"name\":\"GlobalExam Blog\",\"description\":\"Le blog du sp\\u00e9cialiste de la certification linguistique\",\"potentialAction\":[{\"@type\":\"SearchAction\",\"target\":{\"@type\":\"EntryPoint\",\"urlTemplate\":\"https:\/\/global-exam.com\/blog\/?s={search_term_string}\"},\"query-input\":\"required name=search_term_string\"}],\"inLanguage\":\"fr-FR\"},{\"@type\":\"WebPage\",\"@id\":\"https:\/\/global-exam.com\/blog\/es\/examenes\/bright-english\/categoria-gramatica-bright-english\/#webpage\",\"url\":\"https:\/\/global-exam.com\/blog\/es\/examenes\/bright-english\/categoria-gramatica-bright-english\/\",\"name\":\"Gram\\u00e1tica Bright English\",\"isPartOf\":{\"@id\":\"https:\/\/global-exam.com\/blog\/#website\"},\"datePublished\":\"2021-12-13T17:26:12+00:00\",\"dateModified\":\"2022-06-27T14:44:09+00:00\",\"breadcrumb\":{\"@id\":\"https:\/\/global-exam.com\/blog\/es\/examenes\/bright-english\/categoria-gramatica-bright-english\/#breadcrumb\"},\"inLanguage\":\"fr-FR\",\"potentialAction\":[{\"@type\":\"ReadAction\",\"target\":[\"https:\/\/global-exam.com\/blog\/es\/examenes\/bright-english\/categoria-gramatica-bright-english\/\"]}]},{\"@type\":\"BreadcrumbList\",\"@id\":\"https:\/\/global-exam.com\/blog\/es\/examenes\/bright-english\/categoria-gramatica-bright-english\/#breadcrumb\",\"itemListElement\":[{\"@type\":\"ListItem\",\"position\":1,\"name\":\"Ex\\u00e1menes de idioma\",\"item\":\"https:\/\/global-exam.com\/blog\/es\/examenes\/\"},{\"@type\":\"ListItem\",\"position\":2,\"name\":\"BRIGHT English\",\"item\":\"https:\/\/global-exam.com\/blog\/es\/examenes\/bright-english\/\"},{\"@type\":\"ListItem\",\"position\":3,\"name\":\"Gram\\u00e1tica Bright English\"}]}]}<\/script>\n<!-- \/ Yoast SEO plugin. -->","yoast_head_json":{"title":"Gram\u00e1tica Bright English","robots":{"index":"index","follow":"follow","max-snippet":"max-snippet:-1","max-image-preview":"max-image-preview:large","max-video-preview":"max-video-preview:-1"},"canonical":"https:\/\/global-exam.com\/blog\/es\/examenes\/bright-english\/categoria-gramatica-bright-english\/","og_locale":"fr_FR","og_type":"article","og_title":"Gram\u00e1tica Bright English","og_description":"El examen\u00a0BRIGHT English\u00a0es uno de los ex\u00e1menes preferidos por las empresas, porque permite evaluar el nivel de ingl\u00e9s de forma casi instant\u00e1nea. [&hellip;]","og_url":"https:\/\/global-exam.com\/blog\/es\/examenes\/bright-english\/categoria-gramatica-bright-english\/","og_site_name":"GlobalExam Blog","article_publisher":"https:\/\/www.facebook.com\/Global.Exam","article_modified_time":"2022-06-27T14:44:09+00:00","twitter_card":"summary_large_image","twitter_site":"@Global_Exam","twitter_misc":{"Dur\u00e9e de lecture estim\u00e9e":"2 minutes"},"schema":{"@context":"https:\/\/schema.org","@graph":[{"@type":"WebSite","@id":"https:\/\/global-exam.com\/blog\/#website","url":"https:\/\/global-exam.com\/blog\/","name":"GlobalExam Blog","description":"Le blog du sp\u00e9cialiste de la certification linguistique","potentialAction":[{"@type":"SearchAction","target":{"@type":"EntryPoint","urlTemplate":"https:\/\/global-exam.com\/blog\/?s={search_term_string}"},"query-input":"required name=search_term_string"}],"inLanguage":"fr-FR"},{"@type":"WebPage","@id":"https:\/\/global-exam.com\/blog\/es\/examenes\/bright-english\/categoria-gramatica-bright-english\/#webpage","url":"https:\/\/global-exam.com\/blog\/es\/examenes\/bright-english\/categoria-gramatica-bright-english\/","name":"Gram\u00e1tica Bright English","isPartOf":{"@id":"https:\/\/global-exam.com\/blog\/#website"},"datePublished":"2021-12-13T17:26:12+00:00","dateModified":"2022-06-27T14:44:09+00:00","breadcrumb":{"@id":"https:\/\/global-exam.com\/blog\/es\/examenes\/bright-english\/categoria-gramatica-bright-english\/#breadcrumb"},"inLanguage":"fr-FR","potentialAction":[{"@type":"ReadAction","target":["https:\/\/global-exam.com\/blog\/es\/examenes\/bright-english\/categoria-gramatica-bright-english\/"]}]},{"@type":"BreadcrumbList","@id":"https:\/\/global-exam.com\/blog\/es\/examenes\/bright-english\/categoria-gramatica-bright-english\/#breadcrumb","itemListElement":[{"@type":"ListItem","position":1,"name":"Ex\u00e1menes de idioma","item":"https:\/\/global-exam.com\/blog\/es\/examenes\/"},{"@type":"ListItem","position":2,"name":"BRIGHT English","item":"https:\/\/global-exam.com\/blog\/es\/examenes\/bright-english\/"},{"@type":"ListItem","position":3,"name":"Gram\u00e1tica Bright English"}]}]}},"lang":"es","translations":{"es":70552},"pll_sync_post":[],"_links":{"self":[{"href":"https:\/\/global-exam.com\/blog\/wp-json\/wp\/v2\/pages\/70552"}],"collection":[{"href":"https:\/\/global-exam.com\/blog\/wp-json\/wp\/v2\/pages"}],"about":[{"href":"https:\/\/global-exam.com\/blog\/wp-json\/wp\/v2\/types\/page"}],"author":[{"embeddable":true,"href":"https:\/\/global-exam.com\/blog\/wp-json\/wp\/v2\/users\/24"}],"replies":[{"embeddable":true,"href":"https:\/\/global-exam.com\/blog\/wp-json\/wp\/v2\/comments?post=70552"}],"version-history":[{"count":3,"href":"https:\/\/global-exam.com\/blog\/wp-json\/wp\/v2\/pages\/70552\/revisions"}],"predecessor-version":[{"id":76601,"href":"https:\/\/global-exam.com\/blog\/wp-json\/wp\/v2\/pages\/70552\/revisions\/76601"}],"up":[{"embeddable":true,"href":"https:\/\/global-exam.com\/blog\/wp-json\/wp\/v2\/pages\/18625"}],"wp:attachment":[{"href":"https:\/\/global-exam.com\/blog\/wp-json\/wp\/v2\/media?parent=70552"}],"curies":[{"name":"wp","href":"https:\/\/api.w.org\/{rel}","templated":true}]}}