{"id":70558,"date":"2021-12-14T11:26:50","date_gmt":"2021-12-14T10:26:50","guid":{"rendered":"https:\/\/global-exam.com\/blog\/?page_id=70558"},"modified":"2022-06-27T16:44:09","modified_gmt":"2022-06-27T14:44:09","slug":"categoria-introduccion-al-languagecert","status":"publish","type":"page","link":"https:\/\/global-exam.com\/blog\/es\/examenes\/languagecert\/categoria-introduccion-al-languagecert\/","title":{"rendered":"Introducci\u00f3n al LanguageCert"},"content":{"rendered":"<p>Los ex\u00e1menes LanguageCert te ofrecen la posibilidad de\u00a0<strong>certificar tu nivel de ingl\u00e9s<\/strong>, puedes presentar desde el nivel A1 hasta el nivel C2. Simplemente necesitas prepararte y con la ayuda de esta categor\u00eda conocer\u00e1s toda la informaci\u00f3n sobre los ex\u00e1menes LanguageCert.<\/p>\n<p>Los ex\u00e1menes LanguageCert\u00a0<strong>certifican tu nivel de ingl\u00e9s en un contexto real<\/strong>\u00a0y est\u00e1n dirigidos a toda clase de p\u00fablico. Eval\u00faan las cuatro destrezas ling\u00fc\u00edsticas y se divide en<strong>\u00a02 ex\u00e1menes<\/strong>: written exam y spoken exam. Por cada una de estas pruebas obtendr\u00e1s un certificado separado. Lo mejor de esta nueva generaci\u00f3n de ex\u00e1menes es que\u00a0<strong>no tienes que esperar las fechas de convocatoria<\/strong>, los ex\u00e1menes son b\u00e1sicamente a la demanda. Es decir, puedes inscribirte hoy y presentar el examen ma\u00f1ana.<\/p>\n<p>Al igual que las otras certificaciones de ingl\u00e9s es necesario practicar y conocer cada sutileza de estas pruebas. Con nosotros aprender\u00e1s en detalle su estructura, el puntaje, su validez y el proceso de inscripci\u00f3n.<\/p>\n<p>Sin m\u00e1s demora, empieza a practicar desde ya para presentar estos ex\u00e1menes. Con nuestra plataforma\u00a0<strong>GlobalExam<\/strong>\u00a0tendr\u00e1s la oportunidad de entrenar para las dos pruebas del LanguageCert gracias a los m\u00faltiples ejercicios corregidos. Tenemos tambi\u00e9n una secci\u00f3n de hojas de estudio que te ayudar\u00e1 a revisar temas de vocabulario y muchas m\u00e1s actividades para tu entrenamiento personalizado.<\/p>\n","protected":false},"excerpt":{"rendered":"<p>Los ex\u00e1menes LanguageCert te ofrecen la posibilidad de\u00a0certificar tu nivel de ingl\u00e9s, puedes presentar desde el nivel A1 hasta el nivel C2. [&hellip;]<\/p>\n","protected":false},"author":24,"featured_media":0,"parent":36970,"menu_order":0,"comment_status":"closed","ping_status":"closed","template":"","meta":[],"acf":[],"yoast_head":"<!-- This site is optimized with the Yoast SEO plugin v17.2.1 - https:\/\/yoast.com\/wordpress\/plugins\/seo\/ -->\n<title>Introducci\u00f3n al LanguageCert<\/title>\n<meta name=\"robots\" content=\"index, follow, max-snippet:-1, max-image-preview:large, max-video-preview:-1\" \/>\n<link rel=\"canonical\" href=\"https:\/\/global-exam.com\/blog\/es\/examenes\/languagecert\/categoria-introduccion-al-languagecert\/\" \/>\n<meta property=\"og:locale\" content=\"fr_FR\" \/>\n<meta property=\"og:type\" content=\"article\" \/>\n<meta property=\"og:title\" content=\"Introducci\u00f3n al LanguageCert\" \/>\n<meta property=\"og:description\" content=\"Los ex\u00e1menes LanguageCert te ofrecen la posibilidad de\u00a0certificar tu nivel de ingl\u00e9s, puedes presentar desde el nivel A1 hasta el nivel C2. [&hellip;]\" \/>\n<meta property=\"og:url\" content=\"https:\/\/global-exam.com\/blog\/es\/examenes\/languagecert\/categoria-introduccion-al-languagecert\/\" \/>\n<meta property=\"og:site_name\" content=\"GlobalExam Blog\" \/>\n<meta property=\"article:publisher\" content=\"https:\/\/www.facebook.com\/Global.Exam\" \/>\n<meta property=\"article:modified_time\" content=\"2022-06-27T14:44:09+00:00\" \/>\n<meta name=\"twitter:card\" content=\"summary_large_image\" \/>\n<meta name=\"twitter:site\" content=\"@Global_Exam\" \/>\n<meta name=\"twitter:label1\" content=\"Dur\u00e9e de lecture estim\u00e9e\" \/>\n\t<meta name=\"twitter:data1\" content=\"1 minute\" \/>\n<script type=\"application\/ld+json\" class=\"yoast-schema-graph\">{\"@context\":\"https:\/\/schema.org\",\"@graph\":[{\"@type\":\"WebSite\",\"@id\":\"https:\/\/global-exam.com\/blog\/#website\",\"url\":\"https:\/\/global-exam.com\/blog\/\",\"name\":\"GlobalExam Blog\",\"description\":\"Le blog du sp\\u00e9cialiste de la certification linguistique\",\"potentialAction\":[{\"@type\":\"SearchAction\",\"target\":{\"@type\":\"EntryPoint\",\"urlTemplate\":\"https:\/\/global-exam.com\/blog\/?s={search_term_string}\"},\"query-input\":\"required name=search_term_string\"}],\"inLanguage\":\"fr-FR\"},{\"@type\":\"WebPage\",\"@id\":\"https:\/\/global-exam.com\/blog\/es\/examenes\/languagecert\/categoria-introduccion-al-languagecert\/#webpage\",\"url\":\"https:\/\/global-exam.com\/blog\/es\/examenes\/languagecert\/categoria-introduccion-al-languagecert\/\",\"name\":\"Introducci\\u00f3n al LanguageCert\",\"isPartOf\":{\"@id\":\"https:\/\/global-exam.com\/blog\/#website\"},\"datePublished\":\"2021-12-14T10:26:50+00:00\",\"dateModified\":\"2022-06-27T14:44:09+00:00\",\"breadcrumb\":{\"@id\":\"https:\/\/global-exam.com\/blog\/es\/examenes\/languagecert\/categoria-introduccion-al-languagecert\/#breadcrumb\"},\"inLanguage\":\"fr-FR\",\"potentialAction\":[{\"@type\":\"ReadAction\",\"target\":[\"https:\/\/global-exam.com\/blog\/es\/examenes\/languagecert\/categoria-introduccion-al-languagecert\/\"]}]},{\"@type\":\"BreadcrumbList\",\"@id\":\"https:\/\/global-exam.com\/blog\/es\/examenes\/languagecert\/categoria-introduccion-al-languagecert\/#breadcrumb\",\"itemListElement\":[{\"@type\":\"ListItem\",\"position\":1,\"name\":\"Ex\\u00e1menes de idioma\",\"item\":\"https:\/\/global-exam.com\/blog\/es\/examenes\/\"},{\"@type\":\"ListItem\",\"position\":2,\"name\":\"LanguageCert\",\"item\":\"https:\/\/global-exam.com\/blog\/es\/examenes\/languagecert\/\"},{\"@type\":\"ListItem\",\"position\":3,\"name\":\"Introducci\\u00f3n al LanguageCert\"}]}]}<\/script>\n<!-- \/ Yoast SEO plugin. -->","yoast_head_json":{"title":"Introducci\u00f3n al LanguageCert","robots":{"index":"index","follow":"follow","max-snippet":"max-snippet:-1","max-image-preview":"max-image-preview:large","max-video-preview":"max-video-preview:-1"},"canonical":"https:\/\/global-exam.com\/blog\/es\/examenes\/languagecert\/categoria-introduccion-al-languagecert\/","og_locale":"fr_FR","og_type":"article","og_title":"Introducci\u00f3n al LanguageCert","og_description":"Los ex\u00e1menes LanguageCert te ofrecen la posibilidad de\u00a0certificar tu nivel de ingl\u00e9s, puedes presentar desde el nivel A1 hasta el nivel C2. [&hellip;]","og_url":"https:\/\/global-exam.com\/blog\/es\/examenes\/languagecert\/categoria-introduccion-al-languagecert\/","og_site_name":"GlobalExam Blog","article_publisher":"https:\/\/www.facebook.com\/Global.Exam","article_modified_time":"2022-06-27T14:44:09+00:00","twitter_card":"summary_large_image","twitter_site":"@Global_Exam","twitter_misc":{"Dur\u00e9e de lecture estim\u00e9e":"1 minute"},"schema":{"@context":"https:\/\/schema.org","@graph":[{"@type":"WebSite","@id":"https:\/\/global-exam.com\/blog\/#website","url":"https:\/\/global-exam.com\/blog\/","name":"GlobalExam Blog","description":"Le blog du sp\u00e9cialiste de la certification linguistique","potentialAction":[{"@type":"SearchAction","target":{"@type":"EntryPoint","urlTemplate":"https:\/\/global-exam.com\/blog\/?s={search_term_string}"},"query-input":"required name=search_term_string"}],"inLanguage":"fr-FR"},{"@type":"WebPage","@id":"https:\/\/global-exam.com\/blog\/es\/examenes\/languagecert\/categoria-introduccion-al-languagecert\/#webpage","url":"https:\/\/global-exam.com\/blog\/es\/examenes\/languagecert\/categoria-introduccion-al-languagecert\/","name":"Introducci\u00f3n al LanguageCert","isPartOf":{"@id":"https:\/\/global-exam.com\/blog\/#website"},"datePublished":"2021-12-14T10:26:50+00:00","dateModified":"2022-06-27T14:44:09+00:00","breadcrumb":{"@id":"https:\/\/global-exam.com\/blog\/es\/examenes\/languagecert\/categoria-introduccion-al-languagecert\/#breadcrumb"},"inLanguage":"fr-FR","potentialAction":[{"@type":"ReadAction","target":["https:\/\/global-exam.com\/blog\/es\/examenes\/languagecert\/categoria-introduccion-al-languagecert\/"]}]},{"@type":"BreadcrumbList","@id":"https:\/\/global-exam.com\/blog\/es\/examenes\/languagecert\/categoria-introduccion-al-languagecert\/#breadcrumb","itemListElement":[{"@type":"ListItem","position":1,"name":"Ex\u00e1menes de idioma","item":"https:\/\/global-exam.com\/blog\/es\/examenes\/"},{"@type":"ListItem","position":2,"name":"LanguageCert","item":"https:\/\/global-exam.com\/blog\/es\/examenes\/languagecert\/"},{"@type":"ListItem","position":3,"name":"Introducci\u00f3n al LanguageCert"}]}]}},"lang":"es","translations":{"es":70558},"pll_sync_post":[],"_links":{"self":[{"href":"https:\/\/global-exam.com\/blog\/wp-json\/wp\/v2\/pages\/70558"}],"collection":[{"href":"https:\/\/global-exam.com\/blog\/wp-json\/wp\/v2\/pages"}],"about":[{"href":"https:\/\/global-exam.com\/blog\/wp-json\/wp\/v2\/types\/page"}],"author":[{"embeddable":true,"href":"https:\/\/global-exam.com\/blog\/wp-json\/wp\/v2\/users\/24"}],"replies":[{"embeddable":true,"href":"https:\/\/global-exam.com\/blog\/wp-json\/wp\/v2\/comments?post=70558"}],"version-history":[{"count":3,"href":"https:\/\/global-exam.com\/blog\/wp-json\/wp\/v2\/pages\/70558\/revisions"}],"predecessor-version":[{"id":76600,"href":"https:\/\/global-exam.com\/blog\/wp-json\/wp\/v2\/pages\/70558\/revisions\/76600"}],"up":[{"embeddable":true,"href":"https:\/\/global-exam.com\/blog\/wp-json\/wp\/v2\/pages\/36970"}],"wp:attachment":[{"href":"https:\/\/global-exam.com\/blog\/wp-json\/wp\/v2\/media?parent=70558"}],"curies":[{"name":"wp","href":"https:\/\/api.w.org\/{rel}","templated":true}]}}