{"id":70567,"date":"2021-12-14T11:33:56","date_gmt":"2021-12-14T10:33:56","guid":{"rendered":"https:\/\/global-exam.com\/blog\/?page_id=70567"},"modified":"2022-06-27T16:44:07","modified_gmt":"2022-06-27T14:44:07","slug":"categoria-obten-un-buen-puntaje-languagecert","status":"publish","type":"page","link":"https:\/\/global-exam.com\/blog\/es\/examenes\/languagecert\/categoria-obten-un-buen-puntaje-languagecert\/","title":{"rendered":"Obt\u00e9n un buen puntaje LanguageCert"},"content":{"rendered":"<p>Las certificaciones LanguageCert son\u00a0<strong>certificados v\u00e1lidos de competencia ling\u00fc\u00edstica<\/strong>\u00a0que puedes presentar si has pensado en postular a alguna empresa del Reino Unido o universidad internacional; por lo que\u00a0<strong>obtener una buena puntuaci\u00f3n<\/strong>, te ayudar\u00e1 a cumplir tus metas personales y profesionales. En esta categor\u00eda conocer\u00e1s en detalle el funcionamiento del sistema de puntuaci\u00f3n del LanguageCert.<\/p>\n<p>Los ex\u00e1menes LanguageCert eval\u00faan\u00a0<strong>todos los niveles de dominio del ingl\u00e9s<\/strong>\u00a0(A1, A2, B1, B2, C1 y C2) y se focalizan en habilidades de comunicaci\u00f3n. Los puedes presentar en cualquier fecha del a\u00f1o, b\u00e1sicamente son ex\u00e1menes a demanda. Estas pruebas tienen\u00a0<strong>una validez indefinida<\/strong>\u00a0y existen en versi\u00f3n papel u ordenador y en online.<\/p>\n<p>Adem\u00e1s, est\u00e1 categor\u00eda te permitir\u00e1 conocer<strong>\u00a0la relaci\u00f3n entre los ex\u00e1menes LanguageCert y los niveles del MCER<\/strong>\u00a0y consejos sobre c\u00f3mo prepararte para el d\u00eda del examen.<\/p>\n<p>En nuestra plataforma GlobalExam encontrar\u00e1s disponible todo el material de pr\u00e1ctica necesario y consejos sobre cada secci\u00f3n del LanguageCert. Nuestro principal objetivo es ayudarte a lograr la certificaci\u00f3n de ingl\u00e9s que deseas.<\/p>\n","protected":false},"excerpt":{"rendered":"<p>Las certificaciones LanguageCert son\u00a0certificados v\u00e1lidos de competencia ling\u00fc\u00edstica\u00a0que puedes presentar si has pensado en postular a alguna empresa del Reino Unido o [&hellip;]<\/p>\n","protected":false},"author":24,"featured_media":0,"parent":36970,"menu_order":0,"comment_status":"closed","ping_status":"closed","template":"","meta":[],"acf":[],"yoast_head":"<!-- This site is optimized with the Yoast SEO plugin v17.2.1 - https:\/\/yoast.com\/wordpress\/plugins\/seo\/ -->\n<title>Obt\u00e9n un buen puntaje LanguageCert<\/title>\n<meta name=\"robots\" content=\"index, follow, max-snippet:-1, max-image-preview:large, max-video-preview:-1\" \/>\n<link rel=\"canonical\" href=\"https:\/\/global-exam.com\/blog\/es\/examenes\/languagecert\/categoria-obten-un-buen-puntaje-languagecert\/\" \/>\n<meta property=\"og:locale\" content=\"fr_FR\" \/>\n<meta property=\"og:type\" content=\"article\" \/>\n<meta property=\"og:title\" content=\"Obt\u00e9n un buen puntaje LanguageCert\" \/>\n<meta property=\"og:description\" content=\"Las certificaciones LanguageCert son\u00a0certificados v\u00e1lidos de competencia ling\u00fc\u00edstica\u00a0que puedes presentar si has pensado en postular a alguna empresa del Reino Unido o [&hellip;]\" \/>\n<meta property=\"og:url\" content=\"https:\/\/global-exam.com\/blog\/es\/examenes\/languagecert\/categoria-obten-un-buen-puntaje-languagecert\/\" \/>\n<meta property=\"og:site_name\" content=\"GlobalExam Blog\" \/>\n<meta property=\"article:publisher\" content=\"https:\/\/www.facebook.com\/Global.Exam\" \/>\n<meta property=\"article:modified_time\" content=\"2022-06-27T14:44:07+00:00\" \/>\n<meta name=\"twitter:card\" content=\"summary_large_image\" \/>\n<meta name=\"twitter:site\" content=\"@Global_Exam\" \/>\n<meta name=\"twitter:label1\" content=\"Dur\u00e9e de lecture estim\u00e9e\" \/>\n\t<meta name=\"twitter:data1\" content=\"1 minute\" \/>\n<script type=\"application\/ld+json\" class=\"yoast-schema-graph\">{\"@context\":\"https:\/\/schema.org\",\"@graph\":[{\"@type\":\"WebSite\",\"@id\":\"https:\/\/global-exam.com\/blog\/#website\",\"url\":\"https:\/\/global-exam.com\/blog\/\",\"name\":\"GlobalExam Blog\",\"description\":\"Le blog du sp\\u00e9cialiste de la certification linguistique\",\"potentialAction\":[{\"@type\":\"SearchAction\",\"target\":{\"@type\":\"EntryPoint\",\"urlTemplate\":\"https:\/\/global-exam.com\/blog\/?s={search_term_string}\"},\"query-input\":\"required name=search_term_string\"}],\"inLanguage\":\"fr-FR\"},{\"@type\":\"WebPage\",\"@id\":\"https:\/\/global-exam.com\/blog\/es\/examenes\/languagecert\/categoria-obten-un-buen-puntaje-languagecert\/#webpage\",\"url\":\"https:\/\/global-exam.com\/blog\/es\/examenes\/languagecert\/categoria-obten-un-buen-puntaje-languagecert\/\",\"name\":\"Obt\\u00e9n un buen puntaje LanguageCert\",\"isPartOf\":{\"@id\":\"https:\/\/global-exam.com\/blog\/#website\"},\"datePublished\":\"2021-12-14T10:33:56+00:00\",\"dateModified\":\"2022-06-27T14:44:07+00:00\",\"breadcrumb\":{\"@id\":\"https:\/\/global-exam.com\/blog\/es\/examenes\/languagecert\/categoria-obten-un-buen-puntaje-languagecert\/#breadcrumb\"},\"inLanguage\":\"fr-FR\",\"potentialAction\":[{\"@type\":\"ReadAction\",\"target\":[\"https:\/\/global-exam.com\/blog\/es\/examenes\/languagecert\/categoria-obten-un-buen-puntaje-languagecert\/\"]}]},{\"@type\":\"BreadcrumbList\",\"@id\":\"https:\/\/global-exam.com\/blog\/es\/examenes\/languagecert\/categoria-obten-un-buen-puntaje-languagecert\/#breadcrumb\",\"itemListElement\":[{\"@type\":\"ListItem\",\"position\":1,\"name\":\"Ex\\u00e1menes de idioma\",\"item\":\"https:\/\/global-exam.com\/blog\/es\/examenes\/\"},{\"@type\":\"ListItem\",\"position\":2,\"name\":\"LanguageCert\",\"item\":\"https:\/\/global-exam.com\/blog\/es\/examenes\/languagecert\/\"},{\"@type\":\"ListItem\",\"position\":3,\"name\":\"Obt\\u00e9n un buen puntaje LanguageCert\"}]}]}<\/script>\n<!-- \/ Yoast SEO plugin. -->","yoast_head_json":{"title":"Obt\u00e9n un buen puntaje LanguageCert","robots":{"index":"index","follow":"follow","max-snippet":"max-snippet:-1","max-image-preview":"max-image-preview:large","max-video-preview":"max-video-preview:-1"},"canonical":"https:\/\/global-exam.com\/blog\/es\/examenes\/languagecert\/categoria-obten-un-buen-puntaje-languagecert\/","og_locale":"fr_FR","og_type":"article","og_title":"Obt\u00e9n un buen puntaje LanguageCert","og_description":"Las certificaciones LanguageCert son\u00a0certificados v\u00e1lidos de competencia ling\u00fc\u00edstica\u00a0que puedes presentar si has pensado en postular a alguna empresa del Reino Unido o [&hellip;]","og_url":"https:\/\/global-exam.com\/blog\/es\/examenes\/languagecert\/categoria-obten-un-buen-puntaje-languagecert\/","og_site_name":"GlobalExam Blog","article_publisher":"https:\/\/www.facebook.com\/Global.Exam","article_modified_time":"2022-06-27T14:44:07+00:00","twitter_card":"summary_large_image","twitter_site":"@Global_Exam","twitter_misc":{"Dur\u00e9e de lecture estim\u00e9e":"1 minute"},"schema":{"@context":"https:\/\/schema.org","@graph":[{"@type":"WebSite","@id":"https:\/\/global-exam.com\/blog\/#website","url":"https:\/\/global-exam.com\/blog\/","name":"GlobalExam Blog","description":"Le blog du sp\u00e9cialiste de la certification linguistique","potentialAction":[{"@type":"SearchAction","target":{"@type":"EntryPoint","urlTemplate":"https:\/\/global-exam.com\/blog\/?s={search_term_string}"},"query-input":"required name=search_term_string"}],"inLanguage":"fr-FR"},{"@type":"WebPage","@id":"https:\/\/global-exam.com\/blog\/es\/examenes\/languagecert\/categoria-obten-un-buen-puntaje-languagecert\/#webpage","url":"https:\/\/global-exam.com\/blog\/es\/examenes\/languagecert\/categoria-obten-un-buen-puntaje-languagecert\/","name":"Obt\u00e9n un buen puntaje LanguageCert","isPartOf":{"@id":"https:\/\/global-exam.com\/blog\/#website"},"datePublished":"2021-12-14T10:33:56+00:00","dateModified":"2022-06-27T14:44:07+00:00","breadcrumb":{"@id":"https:\/\/global-exam.com\/blog\/es\/examenes\/languagecert\/categoria-obten-un-buen-puntaje-languagecert\/#breadcrumb"},"inLanguage":"fr-FR","potentialAction":[{"@type":"ReadAction","target":["https:\/\/global-exam.com\/blog\/es\/examenes\/languagecert\/categoria-obten-un-buen-puntaje-languagecert\/"]}]},{"@type":"BreadcrumbList","@id":"https:\/\/global-exam.com\/blog\/es\/examenes\/languagecert\/categoria-obten-un-buen-puntaje-languagecert\/#breadcrumb","itemListElement":[{"@type":"ListItem","position":1,"name":"Ex\u00e1menes de idioma","item":"https:\/\/global-exam.com\/blog\/es\/examenes\/"},{"@type":"ListItem","position":2,"name":"LanguageCert","item":"https:\/\/global-exam.com\/blog\/es\/examenes\/languagecert\/"},{"@type":"ListItem","position":3,"name":"Obt\u00e9n un buen puntaje LanguageCert"}]}]}},"lang":"es","translations":{"es":70567},"pll_sync_post":[],"_links":{"self":[{"href":"https:\/\/global-exam.com\/blog\/wp-json\/wp\/v2\/pages\/70567"}],"collection":[{"href":"https:\/\/global-exam.com\/blog\/wp-json\/wp\/v2\/pages"}],"about":[{"href":"https:\/\/global-exam.com\/blog\/wp-json\/wp\/v2\/types\/page"}],"author":[{"embeddable":true,"href":"https:\/\/global-exam.com\/blog\/wp-json\/wp\/v2\/users\/24"}],"replies":[{"embeddable":true,"href":"https:\/\/global-exam.com\/blog\/wp-json\/wp\/v2\/comments?post=70567"}],"version-history":[{"count":3,"href":"https:\/\/global-exam.com\/blog\/wp-json\/wp\/v2\/pages\/70567\/revisions"}],"predecessor-version":[{"id":76597,"href":"https:\/\/global-exam.com\/blog\/wp-json\/wp\/v2\/pages\/70567\/revisions\/76597"}],"up":[{"embeddable":true,"href":"https:\/\/global-exam.com\/blog\/wp-json\/wp\/v2\/pages\/36970"}],"wp:attachment":[{"href":"https:\/\/global-exam.com\/blog\/wp-json\/wp\/v2\/media?parent=70567"}],"curies":[{"name":"wp","href":"https:\/\/api.w.org\/{rel}","templated":true}]}}