{"id":70574,"date":"2021-12-14T11:42:07","date_gmt":"2021-12-14T10:42:07","guid":{"rendered":"https:\/\/global-exam.com\/blog\/?page_id=70574"},"modified":"2022-06-27T16:44:04","modified_gmt":"2022-06-27T14:44:04","slug":"categoria-gramatica-languagecert","status":"publish","type":"page","link":"https:\/\/global-exam.com\/blog\/es\/examenes\/languagecert\/categoria-gramatica-languagecert\/","title":{"rendered":"Gram\u00e1tica LanguageCert"},"content":{"rendered":"<p>Cuando escuchamos hablar sobre\u00a0<strong>LanguageCert<\/strong>, debes saber qu\u00e9 hace referencia a un grupo de ex\u00e1menes que eval\u00faa los<strong>\u00a0diferentes niveles del ingl\u00e9s<\/strong>\u00a0(A1, A2, B1, B2, C1, C2). Este tipo de ex\u00e1menes est\u00e1 dise\u00f1ado para las personas que buscan certificar su nivel de ingl\u00e9s porque desean estudiar, trabajar o viajar.<\/p>\n<p>Los ex\u00e1menes\u00a0<strong>LanguageCert<\/strong>\u00a0tienen la particularidad que se dividen en\u00a0<strong>ex\u00e1menes escritos y orales por separado<\/strong>\u00a0y tienes toda la libertad de solo presentar uno de los ex\u00e1menes. De todas formas, por cada examen, obtendr\u00e1s una certificaci\u00f3n.<\/p>\n<p>Esta metodolog\u00eda de evaluaci\u00f3n resulta bastante interesante, porque solo debes preocuparte por preparar la parte escrita o la parte oral. Sin embargo para los dos ex\u00e1menes debes\u00a0<strong>tener buenos conocimientos en gram\u00e1tica.<\/strong>\u00a0La gram\u00e1tica te<strong>\u00a0ayuda a escribir y responder preguntas de forma coherente y bien estructurar tus frases en ingl\u00e9s;<\/strong>\u00a0lo mismo sucede con la parte del Speaking.<\/p>\n<p>Con esta\u00a0<strong>categor\u00eda de Gram\u00e1tica de GlobalExam<\/strong>\u00a0podr\u00e1s\u00a0<strong>resolver todas las dudas que tengas sobre temas<\/strong>\u00a0como el presente simple, el presente continuo, el presente perfecto, el futuro, las diferentes formas del condicional, los adjetivos posesivos, los adverbios, los pronombres relativos, etc.<\/p>\n<p>En los<strong>\u00a0diferentes art\u00edculo<\/strong>s vas a encontrar la\u00a0<strong>explicaci\u00f3n<\/strong>\u00a0sobre los\u00a0<strong>temas<\/strong>\u00a0mencionados anteriormente. La explicaci\u00f3n de los temas est\u00e1 acompa\u00f1ada de ejemplos y ejercicios de pr\u00e1ctica que ilustran lo dicho a lo largo del art\u00edculo.<\/p>\n<p>Y si consideras que te falta profundizar en otros\u00a0<strong>temas de gram\u00e1tica o incluso practicar para los ex\u00e1menes LanguageCert,<\/strong>\u00a0nuestra plataforma en l\u00ednea es la ideal para acompa\u00f1arte en el proceso de entrenamiento. Gracias a nuestros ejercicios de entrenamiento descubrir\u00e1s cada parte de los ex\u00e1menes LanguageCert, que por cierto, tienen la misma estructura en todos los niveles. Tambi\u00e9n,<strong>\u00a0podr\u00e1s realizar evaluaciones para medir y evaluar tu progreso.<\/strong>\u00a0Sin olvidar que tendr\u00e1s la opci\u00f3n de revisar temas de vocabulario.<\/p>\n","protected":false},"excerpt":{"rendered":"<p>Cuando escuchamos hablar sobre\u00a0LanguageCert, debes saber qu\u00e9 hace referencia a un grupo de ex\u00e1menes que eval\u00faa los\u00a0diferentes niveles del ingl\u00e9s\u00a0(A1, A2, B1, [&hellip;]<\/p>\n","protected":false},"author":24,"featured_media":0,"parent":36970,"menu_order":0,"comment_status":"closed","ping_status":"closed","template":"","meta":[],"acf":[],"yoast_head":"<!-- This site is optimized with the Yoast SEO plugin v17.2.1 - https:\/\/yoast.com\/wordpress\/plugins\/seo\/ -->\n<title>Gram\u00e1tica LanguageCert<\/title>\n<meta name=\"robots\" content=\"index, follow, max-snippet:-1, max-image-preview:large, max-video-preview:-1\" \/>\n<link rel=\"canonical\" href=\"https:\/\/global-exam.com\/blog\/es\/examenes\/languagecert\/categoria-gramatica-languagecert\/\" \/>\n<meta property=\"og:locale\" content=\"fr_FR\" \/>\n<meta property=\"og:type\" content=\"article\" \/>\n<meta property=\"og:title\" content=\"Gram\u00e1tica LanguageCert\" \/>\n<meta property=\"og:description\" content=\"Cuando escuchamos hablar sobre\u00a0LanguageCert, debes saber qu\u00e9 hace referencia a un grupo de ex\u00e1menes que eval\u00faa los\u00a0diferentes niveles del ingl\u00e9s\u00a0(A1, A2, B1, [&hellip;]\" \/>\n<meta property=\"og:url\" content=\"https:\/\/global-exam.com\/blog\/es\/examenes\/languagecert\/categoria-gramatica-languagecert\/\" \/>\n<meta property=\"og:site_name\" content=\"GlobalExam Blog\" \/>\n<meta property=\"article:publisher\" content=\"https:\/\/www.facebook.com\/Global.Exam\" \/>\n<meta property=\"article:modified_time\" content=\"2022-06-27T14:44:04+00:00\" \/>\n<meta name=\"twitter:card\" content=\"summary_large_image\" \/>\n<meta name=\"twitter:site\" content=\"@Global_Exam\" \/>\n<meta name=\"twitter:label1\" content=\"Dur\u00e9e de lecture estim\u00e9e\" \/>\n\t<meta name=\"twitter:data1\" content=\"2 minutes\" \/>\n<script type=\"application\/ld+json\" class=\"yoast-schema-graph\">{\"@context\":\"https:\/\/schema.org\",\"@graph\":[{\"@type\":\"WebSite\",\"@id\":\"https:\/\/global-exam.com\/blog\/#website\",\"url\":\"https:\/\/global-exam.com\/blog\/\",\"name\":\"GlobalExam Blog\",\"description\":\"Le blog du sp\\u00e9cialiste de la certification linguistique\",\"potentialAction\":[{\"@type\":\"SearchAction\",\"target\":{\"@type\":\"EntryPoint\",\"urlTemplate\":\"https:\/\/global-exam.com\/blog\/?s={search_term_string}\"},\"query-input\":\"required name=search_term_string\"}],\"inLanguage\":\"fr-FR\"},{\"@type\":\"WebPage\",\"@id\":\"https:\/\/global-exam.com\/blog\/es\/examenes\/languagecert\/categoria-gramatica-languagecert\/#webpage\",\"url\":\"https:\/\/global-exam.com\/blog\/es\/examenes\/languagecert\/categoria-gramatica-languagecert\/\",\"name\":\"Gram\\u00e1tica LanguageCert\",\"isPartOf\":{\"@id\":\"https:\/\/global-exam.com\/blog\/#website\"},\"datePublished\":\"2021-12-14T10:42:07+00:00\",\"dateModified\":\"2022-06-27T14:44:04+00:00\",\"breadcrumb\":{\"@id\":\"https:\/\/global-exam.com\/blog\/es\/examenes\/languagecert\/categoria-gramatica-languagecert\/#breadcrumb\"},\"inLanguage\":\"fr-FR\",\"potentialAction\":[{\"@type\":\"ReadAction\",\"target\":[\"https:\/\/global-exam.com\/blog\/es\/examenes\/languagecert\/categoria-gramatica-languagecert\/\"]}]},{\"@type\":\"BreadcrumbList\",\"@id\":\"https:\/\/global-exam.com\/blog\/es\/examenes\/languagecert\/categoria-gramatica-languagecert\/#breadcrumb\",\"itemListElement\":[{\"@type\":\"ListItem\",\"position\":1,\"name\":\"Ex\\u00e1menes de idioma\",\"item\":\"https:\/\/global-exam.com\/blog\/es\/examenes\/\"},{\"@type\":\"ListItem\",\"position\":2,\"name\":\"LanguageCert\",\"item\":\"https:\/\/global-exam.com\/blog\/es\/examenes\/languagecert\/\"},{\"@type\":\"ListItem\",\"position\":3,\"name\":\"Gram\\u00e1tica LanguageCert\"}]}]}<\/script>\n<!-- \/ Yoast SEO plugin. -->","yoast_head_json":{"title":"Gram\u00e1tica LanguageCert","robots":{"index":"index","follow":"follow","max-snippet":"max-snippet:-1","max-image-preview":"max-image-preview:large","max-video-preview":"max-video-preview:-1"},"canonical":"https:\/\/global-exam.com\/blog\/es\/examenes\/languagecert\/categoria-gramatica-languagecert\/","og_locale":"fr_FR","og_type":"article","og_title":"Gram\u00e1tica LanguageCert","og_description":"Cuando escuchamos hablar sobre\u00a0LanguageCert, debes saber qu\u00e9 hace referencia a un grupo de ex\u00e1menes que eval\u00faa los\u00a0diferentes niveles del ingl\u00e9s\u00a0(A1, A2, B1, [&hellip;]","og_url":"https:\/\/global-exam.com\/blog\/es\/examenes\/languagecert\/categoria-gramatica-languagecert\/","og_site_name":"GlobalExam Blog","article_publisher":"https:\/\/www.facebook.com\/Global.Exam","article_modified_time":"2022-06-27T14:44:04+00:00","twitter_card":"summary_large_image","twitter_site":"@Global_Exam","twitter_misc":{"Dur\u00e9e de lecture estim\u00e9e":"2 minutes"},"schema":{"@context":"https:\/\/schema.org","@graph":[{"@type":"WebSite","@id":"https:\/\/global-exam.com\/blog\/#website","url":"https:\/\/global-exam.com\/blog\/","name":"GlobalExam Blog","description":"Le blog du sp\u00e9cialiste de la certification linguistique","potentialAction":[{"@type":"SearchAction","target":{"@type":"EntryPoint","urlTemplate":"https:\/\/global-exam.com\/blog\/?s={search_term_string}"},"query-input":"required name=search_term_string"}],"inLanguage":"fr-FR"},{"@type":"WebPage","@id":"https:\/\/global-exam.com\/blog\/es\/examenes\/languagecert\/categoria-gramatica-languagecert\/#webpage","url":"https:\/\/global-exam.com\/blog\/es\/examenes\/languagecert\/categoria-gramatica-languagecert\/","name":"Gram\u00e1tica LanguageCert","isPartOf":{"@id":"https:\/\/global-exam.com\/blog\/#website"},"datePublished":"2021-12-14T10:42:07+00:00","dateModified":"2022-06-27T14:44:04+00:00","breadcrumb":{"@id":"https:\/\/global-exam.com\/blog\/es\/examenes\/languagecert\/categoria-gramatica-languagecert\/#breadcrumb"},"inLanguage":"fr-FR","potentialAction":[{"@type":"ReadAction","target":["https:\/\/global-exam.com\/blog\/es\/examenes\/languagecert\/categoria-gramatica-languagecert\/"]}]},{"@type":"BreadcrumbList","@id":"https:\/\/global-exam.com\/blog\/es\/examenes\/languagecert\/categoria-gramatica-languagecert\/#breadcrumb","itemListElement":[{"@type":"ListItem","position":1,"name":"Ex\u00e1menes de idioma","item":"https:\/\/global-exam.com\/blog\/es\/examenes\/"},{"@type":"ListItem","position":2,"name":"LanguageCert","item":"https:\/\/global-exam.com\/blog\/es\/examenes\/languagecert\/"},{"@type":"ListItem","position":3,"name":"Gram\u00e1tica LanguageCert"}]}]}},"lang":"es","translations":{"es":70574},"pll_sync_post":[],"_links":{"self":[{"href":"https:\/\/global-exam.com\/blog\/wp-json\/wp\/v2\/pages\/70574"}],"collection":[{"href":"https:\/\/global-exam.com\/blog\/wp-json\/wp\/v2\/pages"}],"about":[{"href":"https:\/\/global-exam.com\/blog\/wp-json\/wp\/v2\/types\/page"}],"author":[{"embeddable":true,"href":"https:\/\/global-exam.com\/blog\/wp-json\/wp\/v2\/users\/24"}],"replies":[{"embeddable":true,"href":"https:\/\/global-exam.com\/blog\/wp-json\/wp\/v2\/comments?post=70574"}],"version-history":[{"count":3,"href":"https:\/\/global-exam.com\/blog\/wp-json\/wp\/v2\/pages\/70574\/revisions"}],"predecessor-version":[{"id":76595,"href":"https:\/\/global-exam.com\/blog\/wp-json\/wp\/v2\/pages\/70574\/revisions\/76595"}],"up":[{"embeddable":true,"href":"https:\/\/global-exam.com\/blog\/wp-json\/wp\/v2\/pages\/36970"}],"wp:attachment":[{"href":"https:\/\/global-exam.com\/blog\/wp-json\/wp\/v2\/media?parent=70574"}],"curies":[{"name":"wp","href":"https:\/\/api.w.org\/{rel}","templated":true}]}}