{"id":70577,"date":"2021-12-14T11:44:24","date_gmt":"2021-12-14T10:44:24","guid":{"rendered":"https:\/\/global-exam.com\/blog\/?page_id=70577"},"modified":"2022-06-27T16:44:04","modified_gmt":"2022-06-27T14:44:04","slug":"categoria-introduccion-al-bright-espanol","status":"publish","type":"page","link":"https:\/\/global-exam.com\/blog\/es\/examenes\/bright-espanol\/categoria-introduccion-al-bright-espanol\/","title":{"rendered":"Introducci\u00f3n al BRIGHT Espa\u00f1ol"},"content":{"rendered":"<p>El espa\u00f1ol es el tercer idioma m\u00e1s hablado en el mundo. Por ello, realizar un examen para certificar su nivel de idioma en espa\u00f1ol es una buena manera de<strong>\u00a0perfeccionar tu CV<\/strong>.<\/p>\n<p>Tanto el BRIGHT Espa\u00f1ol como el DELE son ex\u00e1menes de espa\u00f1ol oficialmente reconocidos y de gran demanda en\u00a0<strong>el mundo profesional y acad\u00e9mico<\/strong>. Ambos constituyen un verdadero valor a\u00f1adido, que maximiza las posibilidades de acceder a un puesto de trabajo o a una universidad en un pa\u00eds hispanohablante.<\/p>\n<p>El BRIGHT ESPA\u00d1OL eval\u00faa las habilidades de\u00a0<strong>comprensi\u00f3n oral y escrita<\/strong>.\u00a0 El examen dura una hora y comprende un total de 120 preguntas (60 por secci\u00f3n). La certificaci\u00f3n ofrece una puntuaci\u00f3n de 5 puntos con una equivalencia de nivel en la escala MCER, que va de A1 a C2.<\/p>\n<p>El examen BRIGHT ESPA\u00d1OL es un test en el que se\u00a0<strong>pone a prueba la velocidad de respuesta de los candidatos<\/strong>. Por ello es esencial entender el funcionamiento de dicha prueba e identificar y comprender las instrucciones para cada una de las tareas: con menos de un minuto por pregunta, hay que estar bien preparado para saber reaccionar y responder de manera correcta.<\/p>\n<p>As\u00ed que, como ves, para aprobar el BRIGHT no basta con ser bueno en espa\u00f1ol, sino que\u00a0<strong>es necesario prepararse<\/strong>\u00a0con varias semanas de anticipaci\u00f3n para dominar las reglas espec\u00edficas de la prueba y ser eficiente el d\u00eda del examen.<\/p>\n<p>Nuestra plataforma de recursos est\u00e1 especialmente dise\u00f1ada para darte la preparaci\u00f3n que necesitas. Antes del examen, estar\u00e1s familiarizado con cada una de las pruebas y tipos de tareas, y el tiempo no ser\u00e1 motivo de estr\u00e9s para ti.<\/p>\n<p>Si quieres ser el m\u00e1s r\u00e1pido, \u00a1empieza ya!<\/p>\n","protected":false},"excerpt":{"rendered":"<p>El espa\u00f1ol es el tercer idioma m\u00e1s hablado en el mundo. Por ello, realizar un examen para certificar su nivel de idioma [&hellip;]<\/p>\n","protected":false},"author":24,"featured_media":0,"parent":18645,"menu_order":0,"comment_status":"closed","ping_status":"closed","template":"","meta":[],"acf":[],"yoast_head":"<!-- This site is optimized with the Yoast SEO plugin v17.2.1 - https:\/\/yoast.com\/wordpress\/plugins\/seo\/ -->\n<title>Introducci\u00f3n al BRIGHT Espa\u00f1ol<\/title>\n<meta name=\"robots\" content=\"index, follow, max-snippet:-1, max-image-preview:large, max-video-preview:-1\" \/>\n<link rel=\"canonical\" href=\"https:\/\/global-exam.com\/blog\/es\/examenes\/bright-espanol\/categoria-introduccion-al-bright-espanol\/\" \/>\n<meta property=\"og:locale\" content=\"fr_FR\" \/>\n<meta property=\"og:type\" content=\"article\" \/>\n<meta property=\"og:title\" content=\"Introducci\u00f3n al BRIGHT Espa\u00f1ol\" \/>\n<meta property=\"og:description\" content=\"El espa\u00f1ol es el tercer idioma m\u00e1s hablado en el mundo. Por ello, realizar un examen para certificar su nivel de idioma [&hellip;]\" \/>\n<meta property=\"og:url\" content=\"https:\/\/global-exam.com\/blog\/es\/examenes\/bright-espanol\/categoria-introduccion-al-bright-espanol\/\" \/>\n<meta property=\"og:site_name\" content=\"GlobalExam Blog\" \/>\n<meta property=\"article:publisher\" content=\"https:\/\/www.facebook.com\/Global.Exam\" \/>\n<meta property=\"article:modified_time\" content=\"2022-06-27T14:44:04+00:00\" \/>\n<meta name=\"twitter:card\" content=\"summary_large_image\" \/>\n<meta name=\"twitter:site\" content=\"@Global_Exam\" \/>\n<meta name=\"twitter:label1\" content=\"Dur\u00e9e de lecture estim\u00e9e\" \/>\n\t<meta name=\"twitter:data1\" content=\"2 minutes\" \/>\n<script type=\"application\/ld+json\" class=\"yoast-schema-graph\">{\"@context\":\"https:\/\/schema.org\",\"@graph\":[{\"@type\":\"WebSite\",\"@id\":\"https:\/\/global-exam.com\/blog\/#website\",\"url\":\"https:\/\/global-exam.com\/blog\/\",\"name\":\"GlobalExam Blog\",\"description\":\"Le blog du sp\\u00e9cialiste de la certification linguistique\",\"potentialAction\":[{\"@type\":\"SearchAction\",\"target\":{\"@type\":\"EntryPoint\",\"urlTemplate\":\"https:\/\/global-exam.com\/blog\/?s={search_term_string}\"},\"query-input\":\"required name=search_term_string\"}],\"inLanguage\":\"fr-FR\"},{\"@type\":\"WebPage\",\"@id\":\"https:\/\/global-exam.com\/blog\/es\/examenes\/bright-espanol\/categoria-introduccion-al-bright-espanol\/#webpage\",\"url\":\"https:\/\/global-exam.com\/blog\/es\/examenes\/bright-espanol\/categoria-introduccion-al-bright-espanol\/\",\"name\":\"Introducci\\u00f3n al BRIGHT Espa\\u00f1ol\",\"isPartOf\":{\"@id\":\"https:\/\/global-exam.com\/blog\/#website\"},\"datePublished\":\"2021-12-14T10:44:24+00:00\",\"dateModified\":\"2022-06-27T14:44:04+00:00\",\"breadcrumb\":{\"@id\":\"https:\/\/global-exam.com\/blog\/es\/examenes\/bright-espanol\/categoria-introduccion-al-bright-espanol\/#breadcrumb\"},\"inLanguage\":\"fr-FR\",\"potentialAction\":[{\"@type\":\"ReadAction\",\"target\":[\"https:\/\/global-exam.com\/blog\/es\/examenes\/bright-espanol\/categoria-introduccion-al-bright-espanol\/\"]}]},{\"@type\":\"BreadcrumbList\",\"@id\":\"https:\/\/global-exam.com\/blog\/es\/examenes\/bright-espanol\/categoria-introduccion-al-bright-espanol\/#breadcrumb\",\"itemListElement\":[{\"@type\":\"ListItem\",\"position\":1,\"name\":\"Ex\\u00e1menes de idioma\",\"item\":\"https:\/\/global-exam.com\/blog\/es\/examenes\/\"},{\"@type\":\"ListItem\",\"position\":2,\"name\":\"BRIGHT Espa\\u00f1ol\",\"item\":\"https:\/\/global-exam.com\/blog\/es\/examenes\/bright-espanol\/\"},{\"@type\":\"ListItem\",\"position\":3,\"name\":\"Introducci\\u00f3n al BRIGHT Espa\\u00f1ol\"}]}]}<\/script>\n<!-- \/ Yoast SEO plugin. -->","yoast_head_json":{"title":"Introducci\u00f3n al BRIGHT Espa\u00f1ol","robots":{"index":"index","follow":"follow","max-snippet":"max-snippet:-1","max-image-preview":"max-image-preview:large","max-video-preview":"max-video-preview:-1"},"canonical":"https:\/\/global-exam.com\/blog\/es\/examenes\/bright-espanol\/categoria-introduccion-al-bright-espanol\/","og_locale":"fr_FR","og_type":"article","og_title":"Introducci\u00f3n al BRIGHT Espa\u00f1ol","og_description":"El espa\u00f1ol es el tercer idioma m\u00e1s hablado en el mundo. Por ello, realizar un examen para certificar su nivel de idioma [&hellip;]","og_url":"https:\/\/global-exam.com\/blog\/es\/examenes\/bright-espanol\/categoria-introduccion-al-bright-espanol\/","og_site_name":"GlobalExam Blog","article_publisher":"https:\/\/www.facebook.com\/Global.Exam","article_modified_time":"2022-06-27T14:44:04+00:00","twitter_card":"summary_large_image","twitter_site":"@Global_Exam","twitter_misc":{"Dur\u00e9e de lecture estim\u00e9e":"2 minutes"},"schema":{"@context":"https:\/\/schema.org","@graph":[{"@type":"WebSite","@id":"https:\/\/global-exam.com\/blog\/#website","url":"https:\/\/global-exam.com\/blog\/","name":"GlobalExam Blog","description":"Le blog du sp\u00e9cialiste de la certification linguistique","potentialAction":[{"@type":"SearchAction","target":{"@type":"EntryPoint","urlTemplate":"https:\/\/global-exam.com\/blog\/?s={search_term_string}"},"query-input":"required name=search_term_string"}],"inLanguage":"fr-FR"},{"@type":"WebPage","@id":"https:\/\/global-exam.com\/blog\/es\/examenes\/bright-espanol\/categoria-introduccion-al-bright-espanol\/#webpage","url":"https:\/\/global-exam.com\/blog\/es\/examenes\/bright-espanol\/categoria-introduccion-al-bright-espanol\/","name":"Introducci\u00f3n al BRIGHT Espa\u00f1ol","isPartOf":{"@id":"https:\/\/global-exam.com\/blog\/#website"},"datePublished":"2021-12-14T10:44:24+00:00","dateModified":"2022-06-27T14:44:04+00:00","breadcrumb":{"@id":"https:\/\/global-exam.com\/blog\/es\/examenes\/bright-espanol\/categoria-introduccion-al-bright-espanol\/#breadcrumb"},"inLanguage":"fr-FR","potentialAction":[{"@type":"ReadAction","target":["https:\/\/global-exam.com\/blog\/es\/examenes\/bright-espanol\/categoria-introduccion-al-bright-espanol\/"]}]},{"@type":"BreadcrumbList","@id":"https:\/\/global-exam.com\/blog\/es\/examenes\/bright-espanol\/categoria-introduccion-al-bright-espanol\/#breadcrumb","itemListElement":[{"@type":"ListItem","position":1,"name":"Ex\u00e1menes de idioma","item":"https:\/\/global-exam.com\/blog\/es\/examenes\/"},{"@type":"ListItem","position":2,"name":"BRIGHT Espa\u00f1ol","item":"https:\/\/global-exam.com\/blog\/es\/examenes\/bright-espanol\/"},{"@type":"ListItem","position":3,"name":"Introducci\u00f3n al BRIGHT Espa\u00f1ol"}]}]}},"lang":"es","translations":{"es":70577},"pll_sync_post":[],"_links":{"self":[{"href":"https:\/\/global-exam.com\/blog\/wp-json\/wp\/v2\/pages\/70577"}],"collection":[{"href":"https:\/\/global-exam.com\/blog\/wp-json\/wp\/v2\/pages"}],"about":[{"href":"https:\/\/global-exam.com\/blog\/wp-json\/wp\/v2\/types\/page"}],"author":[{"embeddable":true,"href":"https:\/\/global-exam.com\/blog\/wp-json\/wp\/v2\/users\/24"}],"replies":[{"embeddable":true,"href":"https:\/\/global-exam.com\/blog\/wp-json\/wp\/v2\/comments?post=70577"}],"version-history":[{"count":3,"href":"https:\/\/global-exam.com\/blog\/wp-json\/wp\/v2\/pages\/70577\/revisions"}],"predecessor-version":[{"id":76594,"href":"https:\/\/global-exam.com\/blog\/wp-json\/wp\/v2\/pages\/70577\/revisions\/76594"}],"up":[{"embeddable":true,"href":"https:\/\/global-exam.com\/blog\/wp-json\/wp\/v2\/pages\/18645"}],"wp:attachment":[{"href":"https:\/\/global-exam.com\/blog\/wp-json\/wp\/v2\/media?parent=70577"}],"curies":[{"name":"wp","href":"https:\/\/api.w.org\/{rel}","templated":true}]}}