{"id":70580,"date":"2021-12-14T11:45:59","date_gmt":"2021-12-14T10:45:59","guid":{"rendered":"https:\/\/global-exam.com\/blog\/?page_id=70580"},"modified":"2022-06-27T16:44:03","modified_gmt":"2022-06-27T14:44:03","slug":"categoria-instrucciones-bright-espanol","status":"publish","type":"page","link":"https:\/\/global-exam.com\/blog\/es\/examenes\/bright-espanol\/categoria-instrucciones-bright-espanol\/","title":{"rendered":"Instrucciones \u2013 BRIGHT Espa\u00f1ol"},"content":{"rendered":"<p>El BRIGHT ESPA\u00d1OL es un examen que\u00a0<strong>eval\u00faa el nivel de idioma de los empleados de una empresa, o de estudiantes<\/strong>\u00a0de todo el mundo. Solicitada por multinacionales y otras grandes empresas de habla hispana, particularmente en el campo del comercio, esta certificaci\u00f3n\u00a0<strong>atestigua el nivel de espa\u00f1ol del candidato<\/strong>\u00a0en un instante determinado, y tiene una validez de dos a\u00f1os.<\/p>\n<p>Una gran ventaja de este test es que permite\u00a0<strong>realizar una evaluaci\u00f3n r\u00e1pida y fiable<\/strong>\u00a0de las habilidades ling\u00fc\u00edsticas generales en t\u00e9rminos de comprensi\u00f3n escrita y oral, en un contexto profesional.<\/p>\n<p>El test, basado en un cuestionario en l\u00ednea, tiene una\u00a0<strong>duraci\u00f3n de 40 minutos a 1 hora<\/strong>\u00a0y se divide en\u00a0<strong>dos partes:<\/strong>\u00a0la primera, Estructura de la lengua y Gram\u00e1tica, eval\u00faa las habilidades gramaticales, sint\u00e1cticas, l\u00e9xicas y sem\u00e1nticas en espa\u00f1ol de los candidatos. La secci\u00f3n de Comprensi\u00f3n auditiva eval\u00faa su fluidez ling\u00fc\u00edstica y su comprensi\u00f3n general del idioma.<\/p>\n<p>La prueba se realiza\u00a0<strong>en l\u00ednea<\/strong>\u00a0y cada una de las secciones consta de 60 preguntas de opci\u00f3n m\u00faltiple. El candidato tiene 30 segundos por pregunta para dar su respuesta: es fundamental ser r\u00e1pido y eficiente. Por ello, el BRIGHT requiere una preparaci\u00f3n espec\u00edfica.<\/p>\n<p>Es lo que te proponemos en nuestra plataforma, a trav\u00e9s de la\u00a0<strong>realizaci\u00f3n de ejercicios tipo y simulaciones en condiciones reales de examen<\/strong>. Adem\u00e1s de m\u00faltiples recursos, estad\u00edsticas para observar tus errores y reforzar tus puntos d\u00e9biles, y un seguimiento por profesores expertos que te proporcionar\u00e1n consejos valiosos para el d\u00eda del examen.<\/p>\n<p>Descubre las pruebas del examen, y los mejores trucos para realizar cada una de ellas con rapidez y eficacia.\u00a0\u00a1An\u00edmate a empezar! \u00a1El tiempo vuela!<\/p>\n","protected":false},"excerpt":{"rendered":"<p>El BRIGHT ESPA\u00d1OL es un examen que\u00a0eval\u00faa el nivel de idioma de los empleados de una empresa, o de estudiantes\u00a0de todo el [&hellip;]<\/p>\n","protected":false},"author":24,"featured_media":0,"parent":18645,"menu_order":0,"comment_status":"closed","ping_status":"closed","template":"","meta":[],"acf":[],"yoast_head":"<!-- This site is optimized with the Yoast SEO plugin v17.2.1 - https:\/\/yoast.com\/wordpress\/plugins\/seo\/ -->\n<title>Instrucciones \u2013 BRIGHT Espa\u00f1ol<\/title>\n<meta name=\"robots\" content=\"index, follow, max-snippet:-1, max-image-preview:large, max-video-preview:-1\" \/>\n<link rel=\"canonical\" href=\"https:\/\/global-exam.com\/blog\/es\/examenes\/bright-espanol\/categoria-instrucciones-bright-espanol\/\" \/>\n<meta property=\"og:locale\" content=\"fr_FR\" \/>\n<meta property=\"og:type\" content=\"article\" \/>\n<meta property=\"og:title\" content=\"Instrucciones \u2013 BRIGHT Espa\u00f1ol\" \/>\n<meta property=\"og:description\" content=\"El BRIGHT ESPA\u00d1OL es un examen que\u00a0eval\u00faa el nivel de idioma de los empleados de una empresa, o de estudiantes\u00a0de todo el [&hellip;]\" \/>\n<meta property=\"og:url\" content=\"https:\/\/global-exam.com\/blog\/es\/examenes\/bright-espanol\/categoria-instrucciones-bright-espanol\/\" \/>\n<meta property=\"og:site_name\" content=\"GlobalExam Blog\" \/>\n<meta property=\"article:publisher\" content=\"https:\/\/www.facebook.com\/Global.Exam\" \/>\n<meta property=\"article:modified_time\" content=\"2022-06-27T14:44:03+00:00\" \/>\n<meta name=\"twitter:card\" content=\"summary_large_image\" \/>\n<meta name=\"twitter:site\" content=\"@Global_Exam\" \/>\n<meta name=\"twitter:label1\" content=\"Dur\u00e9e de lecture estim\u00e9e\" \/>\n\t<meta name=\"twitter:data1\" content=\"2 minutes\" \/>\n<script type=\"application\/ld+json\" class=\"yoast-schema-graph\">{\"@context\":\"https:\/\/schema.org\",\"@graph\":[{\"@type\":\"WebSite\",\"@id\":\"https:\/\/global-exam.com\/blog\/#website\",\"url\":\"https:\/\/global-exam.com\/blog\/\",\"name\":\"GlobalExam Blog\",\"description\":\"Le blog du sp\\u00e9cialiste de la certification linguistique\",\"potentialAction\":[{\"@type\":\"SearchAction\",\"target\":{\"@type\":\"EntryPoint\",\"urlTemplate\":\"https:\/\/global-exam.com\/blog\/?s={search_term_string}\"},\"query-input\":\"required name=search_term_string\"}],\"inLanguage\":\"fr-FR\"},{\"@type\":\"WebPage\",\"@id\":\"https:\/\/global-exam.com\/blog\/es\/examenes\/bright-espanol\/categoria-instrucciones-bright-espanol\/#webpage\",\"url\":\"https:\/\/global-exam.com\/blog\/es\/examenes\/bright-espanol\/categoria-instrucciones-bright-espanol\/\",\"name\":\"Instrucciones \\u2013 BRIGHT Espa\\u00f1ol\",\"isPartOf\":{\"@id\":\"https:\/\/global-exam.com\/blog\/#website\"},\"datePublished\":\"2021-12-14T10:45:59+00:00\",\"dateModified\":\"2022-06-27T14:44:03+00:00\",\"breadcrumb\":{\"@id\":\"https:\/\/global-exam.com\/blog\/es\/examenes\/bright-espanol\/categoria-instrucciones-bright-espanol\/#breadcrumb\"},\"inLanguage\":\"fr-FR\",\"potentialAction\":[{\"@type\":\"ReadAction\",\"target\":[\"https:\/\/global-exam.com\/blog\/es\/examenes\/bright-espanol\/categoria-instrucciones-bright-espanol\/\"]}]},{\"@type\":\"BreadcrumbList\",\"@id\":\"https:\/\/global-exam.com\/blog\/es\/examenes\/bright-espanol\/categoria-instrucciones-bright-espanol\/#breadcrumb\",\"itemListElement\":[{\"@type\":\"ListItem\",\"position\":1,\"name\":\"Ex\\u00e1menes de idioma\",\"item\":\"https:\/\/global-exam.com\/blog\/es\/examenes\/\"},{\"@type\":\"ListItem\",\"position\":2,\"name\":\"BRIGHT Espa\\u00f1ol\",\"item\":\"https:\/\/global-exam.com\/blog\/es\/examenes\/bright-espanol\/\"},{\"@type\":\"ListItem\",\"position\":3,\"name\":\"Instrucciones \\u2013 BRIGHT Espa\\u00f1ol\"}]}]}<\/script>\n<!-- \/ Yoast SEO plugin. -->","yoast_head_json":{"title":"Instrucciones \u2013 BRIGHT Espa\u00f1ol","robots":{"index":"index","follow":"follow","max-snippet":"max-snippet:-1","max-image-preview":"max-image-preview:large","max-video-preview":"max-video-preview:-1"},"canonical":"https:\/\/global-exam.com\/blog\/es\/examenes\/bright-espanol\/categoria-instrucciones-bright-espanol\/","og_locale":"fr_FR","og_type":"article","og_title":"Instrucciones \u2013 BRIGHT Espa\u00f1ol","og_description":"El BRIGHT ESPA\u00d1OL es un examen que\u00a0eval\u00faa el nivel de idioma de los empleados de una empresa, o de estudiantes\u00a0de todo el [&hellip;]","og_url":"https:\/\/global-exam.com\/blog\/es\/examenes\/bright-espanol\/categoria-instrucciones-bright-espanol\/","og_site_name":"GlobalExam Blog","article_publisher":"https:\/\/www.facebook.com\/Global.Exam","article_modified_time":"2022-06-27T14:44:03+00:00","twitter_card":"summary_large_image","twitter_site":"@Global_Exam","twitter_misc":{"Dur\u00e9e de lecture estim\u00e9e":"2 minutes"},"schema":{"@context":"https:\/\/schema.org","@graph":[{"@type":"WebSite","@id":"https:\/\/global-exam.com\/blog\/#website","url":"https:\/\/global-exam.com\/blog\/","name":"GlobalExam Blog","description":"Le blog du sp\u00e9cialiste de la certification linguistique","potentialAction":[{"@type":"SearchAction","target":{"@type":"EntryPoint","urlTemplate":"https:\/\/global-exam.com\/blog\/?s={search_term_string}"},"query-input":"required name=search_term_string"}],"inLanguage":"fr-FR"},{"@type":"WebPage","@id":"https:\/\/global-exam.com\/blog\/es\/examenes\/bright-espanol\/categoria-instrucciones-bright-espanol\/#webpage","url":"https:\/\/global-exam.com\/blog\/es\/examenes\/bright-espanol\/categoria-instrucciones-bright-espanol\/","name":"Instrucciones \u2013 BRIGHT Espa\u00f1ol","isPartOf":{"@id":"https:\/\/global-exam.com\/blog\/#website"},"datePublished":"2021-12-14T10:45:59+00:00","dateModified":"2022-06-27T14:44:03+00:00","breadcrumb":{"@id":"https:\/\/global-exam.com\/blog\/es\/examenes\/bright-espanol\/categoria-instrucciones-bright-espanol\/#breadcrumb"},"inLanguage":"fr-FR","potentialAction":[{"@type":"ReadAction","target":["https:\/\/global-exam.com\/blog\/es\/examenes\/bright-espanol\/categoria-instrucciones-bright-espanol\/"]}]},{"@type":"BreadcrumbList","@id":"https:\/\/global-exam.com\/blog\/es\/examenes\/bright-espanol\/categoria-instrucciones-bright-espanol\/#breadcrumb","itemListElement":[{"@type":"ListItem","position":1,"name":"Ex\u00e1menes de idioma","item":"https:\/\/global-exam.com\/blog\/es\/examenes\/"},{"@type":"ListItem","position":2,"name":"BRIGHT Espa\u00f1ol","item":"https:\/\/global-exam.com\/blog\/es\/examenes\/bright-espanol\/"},{"@type":"ListItem","position":3,"name":"Instrucciones \u2013 BRIGHT Espa\u00f1ol"}]}]}},"lang":"es","translations":{"es":70580},"pll_sync_post":[],"_links":{"self":[{"href":"https:\/\/global-exam.com\/blog\/wp-json\/wp\/v2\/pages\/70580"}],"collection":[{"href":"https:\/\/global-exam.com\/blog\/wp-json\/wp\/v2\/pages"}],"about":[{"href":"https:\/\/global-exam.com\/blog\/wp-json\/wp\/v2\/types\/page"}],"author":[{"embeddable":true,"href":"https:\/\/global-exam.com\/blog\/wp-json\/wp\/v2\/users\/24"}],"replies":[{"embeddable":true,"href":"https:\/\/global-exam.com\/blog\/wp-json\/wp\/v2\/comments?post=70580"}],"version-history":[{"count":3,"href":"https:\/\/global-exam.com\/blog\/wp-json\/wp\/v2\/pages\/70580\/revisions"}],"predecessor-version":[{"id":76593,"href":"https:\/\/global-exam.com\/blog\/wp-json\/wp\/v2\/pages\/70580\/revisions\/76593"}],"up":[{"embeddable":true,"href":"https:\/\/global-exam.com\/blog\/wp-json\/wp\/v2\/pages\/18645"}],"wp:attachment":[{"href":"https:\/\/global-exam.com\/blog\/wp-json\/wp\/v2\/media?parent=70580"}],"curies":[{"name":"wp","href":"https:\/\/api.w.org\/{rel}","templated":true}]}}