{"id":70583,"date":"2021-12-14T11:47:47","date_gmt":"2021-12-14T10:47:47","guid":{"rendered":"https:\/\/global-exam.com\/blog\/?page_id=70583"},"modified":"2022-06-27T16:44:03","modified_gmt":"2022-06-27T14:44:03","slug":"categoria-obten-un-buen-puntaje-al-bright-espanol","status":"publish","type":"page","link":"https:\/\/global-exam.com\/blog\/es\/examenes\/bright-espanol\/categoria-obten-un-buen-puntaje-al-bright-espanol\/","title":{"rendered":"Obt\u00e9n un buen puntaje al BRIGHT Espa\u00f1ol"},"content":{"rendered":"<p>El espa\u00f1ol es el tercer idioma m\u00e1s hablado en el mundo, y una puerta abierta hacia el mundo acad\u00e9mico y profesional, en particular de los pa\u00edses hispanohablantes.\u00a0El BRIGHT ESPA\u00d1OL te permite\u00a0<strong>demostrar tu nivel de idioma en el \u00e1mbito profesional<\/strong>.<\/p>\n<p>Los resultados obtenidos en el \u00a0 BRIGHT ESPA\u00d1OL\u00a0 van de una escala de\u00a0 de\u00a0<strong>0 a 5 puntos<\/strong>, es decir, 0 para un nivel de principiante y 5 para un nivel biling\u00fce, y encuentran su correspondencia con los niveles definidos en el MCER.<\/p>\n<p>A la hora de prepararte para el BRIGHT, es importante que conozcas, adem\u00e1s de tu nivel de idioma, tus objetivos, ya que\u00a0<strong>cada nivel da acceso a posibilidades diferentes<\/strong>\u00a0(viajar, obtener un certificado de dominio del idioma, un contrato de pr\u00e1cticas en un pa\u00eds extranjero, dar un valor a\u00f1adido a tu CV, etc.)<\/p>\n<p>El test\u00a0 BRIGHT ESPA\u00d1OL se realiza completamente en l\u00ednea. Cada candidato accede a la interfaz de prueba a trav\u00e9s de sus identificadores personalizados recibidos por correo electr\u00f3nico. Una vez que se completa la prueba, un informe, descargable en PDF, indica los resultados en una escala de 0 a 5.<\/p>\n<p>Descubre en esta secci\u00f3n el\u00a0<strong>tipo de pruebas<\/strong>\u00a0y\u00a0<strong>la puntuaci\u00f3n requerida<\/strong>\u00a0 para obtener cada nivel del MCER seg\u00fan la escala BRIGHT<\/p>\n<p>An\u00edmate a realizar una prueba gratuita y accede a nuestra plataforma de recursos y herramientas, para que tus resultados sean \u2026<\/p>\n<p>\u00a1Brillantes!<\/p>\n","protected":false},"excerpt":{"rendered":"<p>El espa\u00f1ol es el tercer idioma m\u00e1s hablado en el mundo, y una puerta abierta hacia el mundo acad\u00e9mico y profesional, en [&hellip;]<\/p>\n","protected":false},"author":24,"featured_media":0,"parent":18645,"menu_order":0,"comment_status":"closed","ping_status":"closed","template":"","meta":[],"acf":[],"yoast_head":"<!-- This site is optimized with the Yoast SEO plugin v17.2.1 - https:\/\/yoast.com\/wordpress\/plugins\/seo\/ -->\n<title>Obt\u00e9n un buen puntaje al BRIGHT Espa\u00f1ol<\/title>\n<meta name=\"robots\" content=\"index, follow, max-snippet:-1, max-image-preview:large, max-video-preview:-1\" \/>\n<link rel=\"canonical\" href=\"https:\/\/global-exam.com\/blog\/es\/examenes\/bright-espanol\/categoria-obten-un-buen-puntaje-al-bright-espanol\/\" \/>\n<meta property=\"og:locale\" content=\"fr_FR\" \/>\n<meta property=\"og:type\" content=\"article\" \/>\n<meta property=\"og:title\" content=\"Obt\u00e9n un buen puntaje al BRIGHT Espa\u00f1ol\" \/>\n<meta property=\"og:description\" content=\"El espa\u00f1ol es el tercer idioma m\u00e1s hablado en el mundo, y una puerta abierta hacia el mundo acad\u00e9mico y profesional, en [&hellip;]\" \/>\n<meta property=\"og:url\" content=\"https:\/\/global-exam.com\/blog\/es\/examenes\/bright-espanol\/categoria-obten-un-buen-puntaje-al-bright-espanol\/\" \/>\n<meta property=\"og:site_name\" content=\"GlobalExam Blog\" \/>\n<meta property=\"article:publisher\" content=\"https:\/\/www.facebook.com\/Global.Exam\" \/>\n<meta property=\"article:modified_time\" content=\"2022-06-27T14:44:03+00:00\" \/>\n<meta name=\"twitter:card\" content=\"summary_large_image\" \/>\n<meta name=\"twitter:site\" content=\"@Global_Exam\" \/>\n<meta name=\"twitter:label1\" content=\"Dur\u00e9e de lecture estim\u00e9e\" \/>\n\t<meta name=\"twitter:data1\" content=\"1 minute\" \/>\n<script type=\"application\/ld+json\" class=\"yoast-schema-graph\">{\"@context\":\"https:\/\/schema.org\",\"@graph\":[{\"@type\":\"WebSite\",\"@id\":\"https:\/\/global-exam.com\/blog\/#website\",\"url\":\"https:\/\/global-exam.com\/blog\/\",\"name\":\"GlobalExam Blog\",\"description\":\"Le blog du sp\\u00e9cialiste de la certification linguistique\",\"potentialAction\":[{\"@type\":\"SearchAction\",\"target\":{\"@type\":\"EntryPoint\",\"urlTemplate\":\"https:\/\/global-exam.com\/blog\/?s={search_term_string}\"},\"query-input\":\"required name=search_term_string\"}],\"inLanguage\":\"fr-FR\"},{\"@type\":\"WebPage\",\"@id\":\"https:\/\/global-exam.com\/blog\/es\/examenes\/bright-espanol\/categoria-obten-un-buen-puntaje-al-bright-espanol\/#webpage\",\"url\":\"https:\/\/global-exam.com\/blog\/es\/examenes\/bright-espanol\/categoria-obten-un-buen-puntaje-al-bright-espanol\/\",\"name\":\"Obt\\u00e9n un buen puntaje al BRIGHT Espa\\u00f1ol\",\"isPartOf\":{\"@id\":\"https:\/\/global-exam.com\/blog\/#website\"},\"datePublished\":\"2021-12-14T10:47:47+00:00\",\"dateModified\":\"2022-06-27T14:44:03+00:00\",\"breadcrumb\":{\"@id\":\"https:\/\/global-exam.com\/blog\/es\/examenes\/bright-espanol\/categoria-obten-un-buen-puntaje-al-bright-espanol\/#breadcrumb\"},\"inLanguage\":\"fr-FR\",\"potentialAction\":[{\"@type\":\"ReadAction\",\"target\":[\"https:\/\/global-exam.com\/blog\/es\/examenes\/bright-espanol\/categoria-obten-un-buen-puntaje-al-bright-espanol\/\"]}]},{\"@type\":\"BreadcrumbList\",\"@id\":\"https:\/\/global-exam.com\/blog\/es\/examenes\/bright-espanol\/categoria-obten-un-buen-puntaje-al-bright-espanol\/#breadcrumb\",\"itemListElement\":[{\"@type\":\"ListItem\",\"position\":1,\"name\":\"Ex\\u00e1menes de idioma\",\"item\":\"https:\/\/global-exam.com\/blog\/es\/examenes\/\"},{\"@type\":\"ListItem\",\"position\":2,\"name\":\"BRIGHT Espa\\u00f1ol\",\"item\":\"https:\/\/global-exam.com\/blog\/es\/examenes\/bright-espanol\/\"},{\"@type\":\"ListItem\",\"position\":3,\"name\":\"Obt\\u00e9n un buen puntaje al BRIGHT Espa\\u00f1ol\"}]}]}<\/script>\n<!-- \/ Yoast SEO plugin. -->","yoast_head_json":{"title":"Obt\u00e9n un buen puntaje al BRIGHT Espa\u00f1ol","robots":{"index":"index","follow":"follow","max-snippet":"max-snippet:-1","max-image-preview":"max-image-preview:large","max-video-preview":"max-video-preview:-1"},"canonical":"https:\/\/global-exam.com\/blog\/es\/examenes\/bright-espanol\/categoria-obten-un-buen-puntaje-al-bright-espanol\/","og_locale":"fr_FR","og_type":"article","og_title":"Obt\u00e9n un buen puntaje al BRIGHT Espa\u00f1ol","og_description":"El espa\u00f1ol es el tercer idioma m\u00e1s hablado en el mundo, y una puerta abierta hacia el mundo acad\u00e9mico y profesional, en [&hellip;]","og_url":"https:\/\/global-exam.com\/blog\/es\/examenes\/bright-espanol\/categoria-obten-un-buen-puntaje-al-bright-espanol\/","og_site_name":"GlobalExam Blog","article_publisher":"https:\/\/www.facebook.com\/Global.Exam","article_modified_time":"2022-06-27T14:44:03+00:00","twitter_card":"summary_large_image","twitter_site":"@Global_Exam","twitter_misc":{"Dur\u00e9e de lecture estim\u00e9e":"1 minute"},"schema":{"@context":"https:\/\/schema.org","@graph":[{"@type":"WebSite","@id":"https:\/\/global-exam.com\/blog\/#website","url":"https:\/\/global-exam.com\/blog\/","name":"GlobalExam Blog","description":"Le blog du sp\u00e9cialiste de la certification linguistique","potentialAction":[{"@type":"SearchAction","target":{"@type":"EntryPoint","urlTemplate":"https:\/\/global-exam.com\/blog\/?s={search_term_string}"},"query-input":"required name=search_term_string"}],"inLanguage":"fr-FR"},{"@type":"WebPage","@id":"https:\/\/global-exam.com\/blog\/es\/examenes\/bright-espanol\/categoria-obten-un-buen-puntaje-al-bright-espanol\/#webpage","url":"https:\/\/global-exam.com\/blog\/es\/examenes\/bright-espanol\/categoria-obten-un-buen-puntaje-al-bright-espanol\/","name":"Obt\u00e9n un buen puntaje al BRIGHT Espa\u00f1ol","isPartOf":{"@id":"https:\/\/global-exam.com\/blog\/#website"},"datePublished":"2021-12-14T10:47:47+00:00","dateModified":"2022-06-27T14:44:03+00:00","breadcrumb":{"@id":"https:\/\/global-exam.com\/blog\/es\/examenes\/bright-espanol\/categoria-obten-un-buen-puntaje-al-bright-espanol\/#breadcrumb"},"inLanguage":"fr-FR","potentialAction":[{"@type":"ReadAction","target":["https:\/\/global-exam.com\/blog\/es\/examenes\/bright-espanol\/categoria-obten-un-buen-puntaje-al-bright-espanol\/"]}]},{"@type":"BreadcrumbList","@id":"https:\/\/global-exam.com\/blog\/es\/examenes\/bright-espanol\/categoria-obten-un-buen-puntaje-al-bright-espanol\/#breadcrumb","itemListElement":[{"@type":"ListItem","position":1,"name":"Ex\u00e1menes de idioma","item":"https:\/\/global-exam.com\/blog\/es\/examenes\/"},{"@type":"ListItem","position":2,"name":"BRIGHT Espa\u00f1ol","item":"https:\/\/global-exam.com\/blog\/es\/examenes\/bright-espanol\/"},{"@type":"ListItem","position":3,"name":"Obt\u00e9n un buen puntaje al BRIGHT Espa\u00f1ol"}]}]}},"lang":"es","translations":{"es":70583},"pll_sync_post":[],"_links":{"self":[{"href":"https:\/\/global-exam.com\/blog\/wp-json\/wp\/v2\/pages\/70583"}],"collection":[{"href":"https:\/\/global-exam.com\/blog\/wp-json\/wp\/v2\/pages"}],"about":[{"href":"https:\/\/global-exam.com\/blog\/wp-json\/wp\/v2\/types\/page"}],"author":[{"embeddable":true,"href":"https:\/\/global-exam.com\/blog\/wp-json\/wp\/v2\/users\/24"}],"replies":[{"embeddable":true,"href":"https:\/\/global-exam.com\/blog\/wp-json\/wp\/v2\/comments?post=70583"}],"version-history":[{"count":3,"href":"https:\/\/global-exam.com\/blog\/wp-json\/wp\/v2\/pages\/70583\/revisions"}],"predecessor-version":[{"id":76592,"href":"https:\/\/global-exam.com\/blog\/wp-json\/wp\/v2\/pages\/70583\/revisions\/76592"}],"up":[{"embeddable":true,"href":"https:\/\/global-exam.com\/blog\/wp-json\/wp\/v2\/pages\/18645"}],"wp:attachment":[{"href":"https:\/\/global-exam.com\/blog\/wp-json\/wp\/v2\/media?parent=70583"}],"curies":[{"name":"wp","href":"https:\/\/api.w.org\/{rel}","templated":true}]}}