{"id":70596,"date":"2021-12-14T11:53:00","date_gmt":"2021-12-14T10:53:00","guid":{"rendered":"https:\/\/global-exam.com\/blog\/?page_id=70596"},"modified":"2022-09-16T12:11:49","modified_gmt":"2022-09-16T10:11:49","slug":"categoria-introduccion-al-dele","status":"publish","type":"page","link":"https:\/\/global-exam.com\/blog\/es\/examenes\/dele\/categoria-introduccion-al-dele\/","title":{"rendered":"Introducci\u00f3n al DELE"},"content":{"rendered":"<p>Descubre el examen del DELE<\/p>\n<p>\u00bfQuieres certificar tu nivel de espa\u00f1ol? Probablemente has o\u00eddo hablar de los diplomas de espa\u00f1ol DELE, que <strong>acreditan el grado de competencia y dominio del idioma espa\u00f1ol.<\/strong>\u00a0 Estos diplomas son otorgados por el Instituto Cervantes en nombre del Ministerio de Educaci\u00f3n, Cultura y Deporte de Espa\u00f1a.<\/p>\n<p>Los diplomas DELE gozan de un gran prestigio internacional, tanto entre instituciones y autoridades educativas p\u00fablicas y privadas como en el mundo empresarial y entre c\u00e1maras de comercio, y tienen una gran ventaja:<strong>\u00a0\u00cd poseen vigencia indefinida!<\/strong><\/p>\n<p>\u00bfQuieres presentarte al DELE? Descubre en esta secci\u00f3n el n\u00famero de convocatorias y la red de Instituto Cervantes, incluidos los centros de ex\u00e1menes asociados, que preparan al examen.<\/p>\n<p>\u00bfCu\u00e1ndo inscribirse? Ten en cuenta que es preciso\u00a0<strong>registrarse con suficiente antelaci\u00f3n<\/strong>, a veces\u00a0 incluso con dos meses, y tomar nota de la fecha de celebraci\u00f3n de las pruebas orales y escritas, ya que no tienen siempre lugar el mismo d\u00eda.\u00a0Descubre en nuestro blog c\u00f3mo consultar las convocatorias, y cu\u00e1les son los tr\u00e1mites de inscripci\u00f3n.<\/p>\n<p>\u00bfY los resultados? No son inmediatos ya que, debido a la extensi\u00f3n del examen, los candidatos deben\u00a0<strong>esperar unos dos o tres meses<\/strong>. Descubre c\u00f3mo consultar las calificaciones, el tipo de certificados expedidos y todo lo que tendr\u00e1s que hacer si no est\u00e1s conforme con la calificaci\u00f3n obtenida.<\/p>\n<p>Si te quieres inscribir, es el momento de acceder a nuestra plataforma y\u00a0<strong>practicar con ejercicios tipo<\/strong>, ver ejemplos de ex\u00e1menes, familiarizarse con las instrucciones y contenido de las pruebas y saber c\u00f3mo responder en el tiempo adecuado.\u00a0Si quieres, tambi\u00e9n puedes\u00a0<strong>realizar un DELE en condiciones reales<\/strong>, gracias al \u201cExam mode\u201d.\u00a0\u00a0Si quieres el DELE, \u00a1no le des m\u00e1s vueltas!<\/p>\n","protected":false},"excerpt":{"rendered":"<p>Descubre el examen del DELE \u00bfQuieres certificar tu nivel de espa\u00f1ol? Probablemente has o\u00eddo hablar de los diplomas de espa\u00f1ol DELE, que [&hellip;]<\/p>\n","protected":false},"author":24,"featured_media":0,"parent":18707,"menu_order":0,"comment_status":"closed","ping_status":"closed","template":"","meta":[],"acf":[],"yoast_head":"<!-- This site is optimized with the Yoast SEO plugin v17.2.1 - https:\/\/yoast.com\/wordpress\/plugins\/seo\/ -->\n<title>Introducci\u00f3n al DELE<\/title>\n<meta name=\"robots\" content=\"index, follow, max-snippet:-1, max-image-preview:large, max-video-preview:-1\" \/>\n<link rel=\"canonical\" href=\"https:\/\/global-exam.com\/blog\/es\/examenes\/dele\/categoria-introduccion-al-dele\/\" \/>\n<meta property=\"og:locale\" content=\"fr_FR\" \/>\n<meta property=\"og:type\" content=\"article\" \/>\n<meta property=\"og:title\" content=\"Introducci\u00f3n al DELE\" \/>\n<meta property=\"og:description\" content=\"Descubre el examen del DELE \u00bfQuieres certificar tu nivel de espa\u00f1ol? Probablemente has o\u00eddo hablar de los diplomas de espa\u00f1ol DELE, que [&hellip;]\" \/>\n<meta property=\"og:url\" content=\"https:\/\/global-exam.com\/blog\/es\/examenes\/dele\/categoria-introduccion-al-dele\/\" \/>\n<meta property=\"og:site_name\" content=\"GlobalExam Blog\" \/>\n<meta property=\"article:publisher\" content=\"https:\/\/www.facebook.com\/Global.Exam\" \/>\n<meta property=\"article:modified_time\" content=\"2022-09-16T10:11:49+00:00\" \/>\n<meta name=\"twitter:card\" content=\"summary_large_image\" \/>\n<meta name=\"twitter:site\" content=\"@Global_Exam\" \/>\n<meta name=\"twitter:label1\" content=\"Dur\u00e9e de lecture estim\u00e9e\" \/>\n\t<meta name=\"twitter:data1\" content=\"2 minutes\" \/>\n<script type=\"application\/ld+json\" class=\"yoast-schema-graph\">{\"@context\":\"https:\/\/schema.org\",\"@graph\":[{\"@type\":\"WebSite\",\"@id\":\"https:\/\/global-exam.com\/blog\/#website\",\"url\":\"https:\/\/global-exam.com\/blog\/\",\"name\":\"GlobalExam Blog\",\"description\":\"Le blog du sp\\u00e9cialiste de la certification linguistique\",\"potentialAction\":[{\"@type\":\"SearchAction\",\"target\":{\"@type\":\"EntryPoint\",\"urlTemplate\":\"https:\/\/global-exam.com\/blog\/?s={search_term_string}\"},\"query-input\":\"required name=search_term_string\"}],\"inLanguage\":\"fr-FR\"},{\"@type\":\"WebPage\",\"@id\":\"https:\/\/global-exam.com\/blog\/es\/examenes\/dele\/categoria-introduccion-al-dele\/#webpage\",\"url\":\"https:\/\/global-exam.com\/blog\/es\/examenes\/dele\/categoria-introduccion-al-dele\/\",\"name\":\"Introducci\\u00f3n al DELE\",\"isPartOf\":{\"@id\":\"https:\/\/global-exam.com\/blog\/#website\"},\"datePublished\":\"2021-12-14T10:53:00+00:00\",\"dateModified\":\"2022-09-16T10:11:49+00:00\",\"breadcrumb\":{\"@id\":\"https:\/\/global-exam.com\/blog\/es\/examenes\/dele\/categoria-introduccion-al-dele\/#breadcrumb\"},\"inLanguage\":\"fr-FR\",\"potentialAction\":[{\"@type\":\"ReadAction\",\"target\":[\"https:\/\/global-exam.com\/blog\/es\/examenes\/dele\/categoria-introduccion-al-dele\/\"]}]},{\"@type\":\"BreadcrumbList\",\"@id\":\"https:\/\/global-exam.com\/blog\/es\/examenes\/dele\/categoria-introduccion-al-dele\/#breadcrumb\",\"itemListElement\":[{\"@type\":\"ListItem\",\"position\":1,\"name\":\"Ex\\u00e1menes de idioma\",\"item\":\"https:\/\/global-exam.com\/blog\/es\/examenes\/\"},{\"@type\":\"ListItem\",\"position\":2,\"name\":\"DELE\",\"item\":\"https:\/\/global-exam.com\/blog\/es\/examenes\/dele\/\"},{\"@type\":\"ListItem\",\"position\":3,\"name\":\"Introducci\\u00f3n al DELE\"}]}]}<\/script>\n<!-- \/ Yoast SEO plugin. -->","yoast_head_json":{"title":"Introducci\u00f3n al DELE","robots":{"index":"index","follow":"follow","max-snippet":"max-snippet:-1","max-image-preview":"max-image-preview:large","max-video-preview":"max-video-preview:-1"},"canonical":"https:\/\/global-exam.com\/blog\/es\/examenes\/dele\/categoria-introduccion-al-dele\/","og_locale":"fr_FR","og_type":"article","og_title":"Introducci\u00f3n al DELE","og_description":"Descubre el examen del DELE \u00bfQuieres certificar tu nivel de espa\u00f1ol? Probablemente has o\u00eddo hablar de los diplomas de espa\u00f1ol DELE, que [&hellip;]","og_url":"https:\/\/global-exam.com\/blog\/es\/examenes\/dele\/categoria-introduccion-al-dele\/","og_site_name":"GlobalExam Blog","article_publisher":"https:\/\/www.facebook.com\/Global.Exam","article_modified_time":"2022-09-16T10:11:49+00:00","twitter_card":"summary_large_image","twitter_site":"@Global_Exam","twitter_misc":{"Dur\u00e9e de lecture estim\u00e9e":"2 minutes"},"schema":{"@context":"https:\/\/schema.org","@graph":[{"@type":"WebSite","@id":"https:\/\/global-exam.com\/blog\/#website","url":"https:\/\/global-exam.com\/blog\/","name":"GlobalExam Blog","description":"Le blog du sp\u00e9cialiste de la certification linguistique","potentialAction":[{"@type":"SearchAction","target":{"@type":"EntryPoint","urlTemplate":"https:\/\/global-exam.com\/blog\/?s={search_term_string}"},"query-input":"required name=search_term_string"}],"inLanguage":"fr-FR"},{"@type":"WebPage","@id":"https:\/\/global-exam.com\/blog\/es\/examenes\/dele\/categoria-introduccion-al-dele\/#webpage","url":"https:\/\/global-exam.com\/blog\/es\/examenes\/dele\/categoria-introduccion-al-dele\/","name":"Introducci\u00f3n al DELE","isPartOf":{"@id":"https:\/\/global-exam.com\/blog\/#website"},"datePublished":"2021-12-14T10:53:00+00:00","dateModified":"2022-09-16T10:11:49+00:00","breadcrumb":{"@id":"https:\/\/global-exam.com\/blog\/es\/examenes\/dele\/categoria-introduccion-al-dele\/#breadcrumb"},"inLanguage":"fr-FR","potentialAction":[{"@type":"ReadAction","target":["https:\/\/global-exam.com\/blog\/es\/examenes\/dele\/categoria-introduccion-al-dele\/"]}]},{"@type":"BreadcrumbList","@id":"https:\/\/global-exam.com\/blog\/es\/examenes\/dele\/categoria-introduccion-al-dele\/#breadcrumb","itemListElement":[{"@type":"ListItem","position":1,"name":"Ex\u00e1menes de idioma","item":"https:\/\/global-exam.com\/blog\/es\/examenes\/"},{"@type":"ListItem","position":2,"name":"DELE","item":"https:\/\/global-exam.com\/blog\/es\/examenes\/dele\/"},{"@type":"ListItem","position":3,"name":"Introducci\u00f3n al DELE"}]}]}},"lang":"es","translations":{"es":70596},"pll_sync_post":[],"_links":{"self":[{"href":"https:\/\/global-exam.com\/blog\/wp-json\/wp\/v2\/pages\/70596"}],"collection":[{"href":"https:\/\/global-exam.com\/blog\/wp-json\/wp\/v2\/pages"}],"about":[{"href":"https:\/\/global-exam.com\/blog\/wp-json\/wp\/v2\/types\/page"}],"author":[{"embeddable":true,"href":"https:\/\/global-exam.com\/blog\/wp-json\/wp\/v2\/users\/24"}],"replies":[{"embeddable":true,"href":"https:\/\/global-exam.com\/blog\/wp-json\/wp\/v2\/comments?post=70596"}],"version-history":[{"count":4,"href":"https:\/\/global-exam.com\/blog\/wp-json\/wp\/v2\/pages\/70596\/revisions"}],"predecessor-version":[{"id":79551,"href":"https:\/\/global-exam.com\/blog\/wp-json\/wp\/v2\/pages\/70596\/revisions\/79551"}],"up":[{"embeddable":true,"href":"https:\/\/global-exam.com\/blog\/wp-json\/wp\/v2\/pages\/18707"}],"wp:attachment":[{"href":"https:\/\/global-exam.com\/blog\/wp-json\/wp\/v2\/media?parent=70596"}],"curies":[{"name":"wp","href":"https:\/\/api.w.org\/{rel}","templated":true}]}}