{"id":70602,"date":"2021-12-14T11:56:30","date_gmt":"2021-12-14T10:56:30","guid":{"rendered":"https:\/\/global-exam.com\/blog\/?page_id=70602"},"modified":"2022-09-16T12:14:53","modified_gmt":"2022-09-16T10:14:53","slug":"categoria-obten-un-buen-puntaje-al-dele","status":"publish","type":"page","link":"https:\/\/global-exam.com\/blog\/es\/examenes\/dele\/categoria-obten-un-buen-puntaje-al-dele\/","title":{"rendered":"Obt\u00e9n un buen puntaje al DELE"},"content":{"rendered":"<p>Mejora tu puntaje al DELE<\/p>\n<p>El DELE es un certificado oficial de Espa\u00f1ol emitido por el Ministerio de Educaci\u00f3n, Cultura y Deporte. Este examen<strong>\u00a0eval\u00faa tus habilidades escritas y orales<\/strong>, tanto en\u00a0<strong>comprensi\u00f3n como en expresi\u00f3n<\/strong>.\u00a0La prueba se divide en\u00a0<strong>6 niveles<\/strong>\u00a0correspondientes a la escala MCER, desde el nivel A1 hasta el C2.<\/p>\n<p>Si recibes la\u00a0<strong>menci\u00f3n \u201cAPTO\u201d<\/strong>, significa que has aprobado tu examen y que se reconoce oficialmente el nivel para el que te has presentado. Para ello necesitas aprobar cada secci\u00f3n del examen, y obtener en total un m\u00ednimo de 60 puntos sobre 100.<\/p>\n<p>\u00bfCu\u00e1l es la clave del \u00e9xito?\u00a0 Es esencial saber que no existe un examen \u00fanico, que te sit\u00faa en varios niveles, sino que a cada nivel corresponde un examen diferente.\u00a0Por ello, es fundamental que conozcas tu nivel de espa\u00f1ol antes de decidir\u00a0 a qu\u00e9 nivel del DELE te vas a presentar.<\/p>\n<p>Ahora m\u00e1s que nunca,\u00a0<strong>podemos ayudarte a seleccionar el nivel m\u00e1s adaptado<\/strong>\u00a0y a prepararte para obtener los puntos que requiere ese nivel. Conf\u00eda en nuestros recursos y estrategias, y maximiza tus\u00a0 posibilidades de \u00e9xito gracias a un perfecto conocimiento de cada una de las pruebas y las tareas que contienen.\u00a0T\u00fa puedes ser un candidato APTO: \u00a1d\u00e9jate guiar!<\/p>\n","protected":false},"excerpt":{"rendered":"<p>Mejora tu puntaje al DELE El DELE es un certificado oficial de Espa\u00f1ol emitido por el Ministerio de Educaci\u00f3n, Cultura y Deporte. [&hellip;]<\/p>\n","protected":false},"author":24,"featured_media":0,"parent":18707,"menu_order":0,"comment_status":"closed","ping_status":"closed","template":"","meta":[],"acf":[],"yoast_head":"<!-- This site is optimized with the Yoast SEO plugin v17.2.1 - https:\/\/yoast.com\/wordpress\/plugins\/seo\/ -->\n<title>Obt\u00e9n un buen puntaje al DELE<\/title>\n<meta name=\"robots\" content=\"index, follow, max-snippet:-1, max-image-preview:large, max-video-preview:-1\" \/>\n<link rel=\"canonical\" href=\"https:\/\/global-exam.com\/blog\/es\/examenes\/dele\/categoria-obten-un-buen-puntaje-al-dele\/\" \/>\n<meta property=\"og:locale\" content=\"fr_FR\" \/>\n<meta property=\"og:type\" content=\"article\" \/>\n<meta property=\"og:title\" content=\"Obt\u00e9n un buen puntaje al DELE\" \/>\n<meta property=\"og:description\" content=\"Mejora tu puntaje al DELE El DELE es un certificado oficial de Espa\u00f1ol emitido por el Ministerio de Educaci\u00f3n, Cultura y Deporte. [&hellip;]\" \/>\n<meta property=\"og:url\" content=\"https:\/\/global-exam.com\/blog\/es\/examenes\/dele\/categoria-obten-un-buen-puntaje-al-dele\/\" \/>\n<meta property=\"og:site_name\" content=\"GlobalExam Blog\" \/>\n<meta property=\"article:publisher\" content=\"https:\/\/www.facebook.com\/Global.Exam\" \/>\n<meta property=\"article:modified_time\" content=\"2022-09-16T10:14:53+00:00\" \/>\n<meta name=\"twitter:card\" content=\"summary_large_image\" \/>\n<meta name=\"twitter:site\" content=\"@Global_Exam\" \/>\n<meta name=\"twitter:label1\" content=\"Dur\u00e9e de lecture estim\u00e9e\" \/>\n\t<meta name=\"twitter:data1\" content=\"1 minute\" \/>\n<script type=\"application\/ld+json\" class=\"yoast-schema-graph\">{\"@context\":\"https:\/\/schema.org\",\"@graph\":[{\"@type\":\"WebSite\",\"@id\":\"https:\/\/global-exam.com\/blog\/#website\",\"url\":\"https:\/\/global-exam.com\/blog\/\",\"name\":\"GlobalExam Blog\",\"description\":\"Le blog du sp\\u00e9cialiste de la certification linguistique\",\"potentialAction\":[{\"@type\":\"SearchAction\",\"target\":{\"@type\":\"EntryPoint\",\"urlTemplate\":\"https:\/\/global-exam.com\/blog\/?s={search_term_string}\"},\"query-input\":\"required name=search_term_string\"}],\"inLanguage\":\"fr-FR\"},{\"@type\":\"WebPage\",\"@id\":\"https:\/\/global-exam.com\/blog\/es\/examenes\/dele\/categoria-obten-un-buen-puntaje-al-dele\/#webpage\",\"url\":\"https:\/\/global-exam.com\/blog\/es\/examenes\/dele\/categoria-obten-un-buen-puntaje-al-dele\/\",\"name\":\"Obt\\u00e9n un buen puntaje al DELE\",\"isPartOf\":{\"@id\":\"https:\/\/global-exam.com\/blog\/#website\"},\"datePublished\":\"2021-12-14T10:56:30+00:00\",\"dateModified\":\"2022-09-16T10:14:53+00:00\",\"breadcrumb\":{\"@id\":\"https:\/\/global-exam.com\/blog\/es\/examenes\/dele\/categoria-obten-un-buen-puntaje-al-dele\/#breadcrumb\"},\"inLanguage\":\"fr-FR\",\"potentialAction\":[{\"@type\":\"ReadAction\",\"target\":[\"https:\/\/global-exam.com\/blog\/es\/examenes\/dele\/categoria-obten-un-buen-puntaje-al-dele\/\"]}]},{\"@type\":\"BreadcrumbList\",\"@id\":\"https:\/\/global-exam.com\/blog\/es\/examenes\/dele\/categoria-obten-un-buen-puntaje-al-dele\/#breadcrumb\",\"itemListElement\":[{\"@type\":\"ListItem\",\"position\":1,\"name\":\"Ex\\u00e1menes de idioma\",\"item\":\"https:\/\/global-exam.com\/blog\/es\/examenes\/\"},{\"@type\":\"ListItem\",\"position\":2,\"name\":\"DELE\",\"item\":\"https:\/\/global-exam.com\/blog\/es\/examenes\/dele\/\"},{\"@type\":\"ListItem\",\"position\":3,\"name\":\"Obt\\u00e9n un buen puntaje al DELE\"}]}]}<\/script>\n<!-- \/ Yoast SEO plugin. -->","yoast_head_json":{"title":"Obt\u00e9n un buen puntaje al DELE","robots":{"index":"index","follow":"follow","max-snippet":"max-snippet:-1","max-image-preview":"max-image-preview:large","max-video-preview":"max-video-preview:-1"},"canonical":"https:\/\/global-exam.com\/blog\/es\/examenes\/dele\/categoria-obten-un-buen-puntaje-al-dele\/","og_locale":"fr_FR","og_type":"article","og_title":"Obt\u00e9n un buen puntaje al DELE","og_description":"Mejora tu puntaje al DELE El DELE es un certificado oficial de Espa\u00f1ol emitido por el Ministerio de Educaci\u00f3n, Cultura y Deporte. [&hellip;]","og_url":"https:\/\/global-exam.com\/blog\/es\/examenes\/dele\/categoria-obten-un-buen-puntaje-al-dele\/","og_site_name":"GlobalExam Blog","article_publisher":"https:\/\/www.facebook.com\/Global.Exam","article_modified_time":"2022-09-16T10:14:53+00:00","twitter_card":"summary_large_image","twitter_site":"@Global_Exam","twitter_misc":{"Dur\u00e9e de lecture estim\u00e9e":"1 minute"},"schema":{"@context":"https:\/\/schema.org","@graph":[{"@type":"WebSite","@id":"https:\/\/global-exam.com\/blog\/#website","url":"https:\/\/global-exam.com\/blog\/","name":"GlobalExam Blog","description":"Le blog du sp\u00e9cialiste de la certification linguistique","potentialAction":[{"@type":"SearchAction","target":{"@type":"EntryPoint","urlTemplate":"https:\/\/global-exam.com\/blog\/?s={search_term_string}"},"query-input":"required name=search_term_string"}],"inLanguage":"fr-FR"},{"@type":"WebPage","@id":"https:\/\/global-exam.com\/blog\/es\/examenes\/dele\/categoria-obten-un-buen-puntaje-al-dele\/#webpage","url":"https:\/\/global-exam.com\/blog\/es\/examenes\/dele\/categoria-obten-un-buen-puntaje-al-dele\/","name":"Obt\u00e9n un buen puntaje al DELE","isPartOf":{"@id":"https:\/\/global-exam.com\/blog\/#website"},"datePublished":"2021-12-14T10:56:30+00:00","dateModified":"2022-09-16T10:14:53+00:00","breadcrumb":{"@id":"https:\/\/global-exam.com\/blog\/es\/examenes\/dele\/categoria-obten-un-buen-puntaje-al-dele\/#breadcrumb"},"inLanguage":"fr-FR","potentialAction":[{"@type":"ReadAction","target":["https:\/\/global-exam.com\/blog\/es\/examenes\/dele\/categoria-obten-un-buen-puntaje-al-dele\/"]}]},{"@type":"BreadcrumbList","@id":"https:\/\/global-exam.com\/blog\/es\/examenes\/dele\/categoria-obten-un-buen-puntaje-al-dele\/#breadcrumb","itemListElement":[{"@type":"ListItem","position":1,"name":"Ex\u00e1menes de idioma","item":"https:\/\/global-exam.com\/blog\/es\/examenes\/"},{"@type":"ListItem","position":2,"name":"DELE","item":"https:\/\/global-exam.com\/blog\/es\/examenes\/dele\/"},{"@type":"ListItem","position":3,"name":"Obt\u00e9n un buen puntaje al DELE"}]}]}},"lang":"es","translations":{"es":70602},"pll_sync_post":[],"_links":{"self":[{"href":"https:\/\/global-exam.com\/blog\/wp-json\/wp\/v2\/pages\/70602"}],"collection":[{"href":"https:\/\/global-exam.com\/blog\/wp-json\/wp\/v2\/pages"}],"about":[{"href":"https:\/\/global-exam.com\/blog\/wp-json\/wp\/v2\/types\/page"}],"author":[{"embeddable":true,"href":"https:\/\/global-exam.com\/blog\/wp-json\/wp\/v2\/users\/24"}],"replies":[{"embeddable":true,"href":"https:\/\/global-exam.com\/blog\/wp-json\/wp\/v2\/comments?post=70602"}],"version-history":[{"count":4,"href":"https:\/\/global-exam.com\/blog\/wp-json\/wp\/v2\/pages\/70602\/revisions"}],"predecessor-version":[{"id":79552,"href":"https:\/\/global-exam.com\/blog\/wp-json\/wp\/v2\/pages\/70602\/revisions\/79552"}],"up":[{"embeddable":true,"href":"https:\/\/global-exam.com\/blog\/wp-json\/wp\/v2\/pages\/18707"}],"wp:attachment":[{"href":"https:\/\/global-exam.com\/blog\/wp-json\/wp\/v2\/media?parent=70602"}],"curies":[{"name":"wp","href":"https:\/\/api.w.org\/{rel}","templated":true}]}}