{"id":70605,"date":"2021-12-14T11:58:04","date_gmt":"2021-12-14T10:58:04","guid":{"rendered":"https:\/\/global-exam.com\/blog\/?page_id=70605"},"modified":"2022-09-16T12:16:13","modified_gmt":"2022-09-16T10:16:13","slug":"categoria-centros-de-examenes-dele","status":"publish","type":"page","link":"https:\/\/global-exam.com\/blog\/es\/examenes\/dele\/categoria-centros-de-examenes-dele\/","title":{"rendered":"Centros de examenes DELE"},"content":{"rendered":"<p>Encuentra un centro cerca de t\u00ed<\/p>\n<p>En esta categor\u00eda el tema que vamos a desarrollar est\u00e1 enfocado en <strong>los centros de ex\u00e1menes<\/strong>\u00a0existentes en Espa\u00f1a para\u00a0<strong>presentar el DELE<\/strong>\u00a0(Diploma de Espa\u00f1ol como Lengua Extranjera).<\/p>\n<p>Los diplomas de espa\u00f1ol DELE son\u00a0<strong>t\u00edtulos oficiales que acreditan el dominio del espa\u00f1ol<\/strong>. El Instituto Cervantes es la entidad que otorga los diplomas y son los representantes del Ministerio de Educaci\u00f3n y Cultura de Espa\u00f1a. Basado en el Marco Com\u00fan Europeo de Referencias para las Lenguas (MCER), el DELE eval\u00faa\u00a0<strong>desde el nivel A1 hasta el C2<\/strong>. Cada prueba incluye una parte escrita y una parte oral con un evaluador.<\/p>\n<p>Como parte de esta categor\u00eda aprender\u00e1s sobre los requerimientos necesarios para presentarte al DELE, as\u00ed como las entidades d\u00f3nde podr\u00e1s inscribirte y c\u00f3mo prepararte.<\/p>\n<p>La preparaci\u00f3n en l\u00ednea con\u00a0<strong>GlobalExam<\/strong>\u00a0te da la oportunidad de tener tus propios horarios de repaso para la prueba. Simplemente debes\u00a0<strong>seleccionar el nivel<\/strong>\u00a0que deseas preparar y a practicar. Seg\u00fan el nivel, encontrar\u00e1s diferentes ejercicios enfocados en la comprensi\u00f3n lectora, comprensi\u00f3n auditiva, expresi\u00f3n escrita y expresi\u00f3n oral. Todo ello siempre desde un contexto real. Un extra que tiene nuestra plataforma es que en las instrucciones te explicamos c\u00f3mo desarrollar el ejercicio en l\u00ednea y tambi\u00e9n, c\u00f3mo ser\u00eda el ejercicio el d\u00eda del examen.<\/p>\n","protected":false},"excerpt":{"rendered":"<p>Encuentra un centro cerca de t\u00ed En esta categor\u00eda el tema que vamos a desarrollar est\u00e1 enfocado en los centros de ex\u00e1menes\u00a0existentes [&hellip;]<\/p>\n","protected":false},"author":24,"featured_media":0,"parent":18707,"menu_order":0,"comment_status":"closed","ping_status":"closed","template":"","meta":[],"acf":[],"yoast_head":"<!-- This site is optimized with the Yoast SEO plugin v17.2.1 - https:\/\/yoast.com\/wordpress\/plugins\/seo\/ -->\n<title>Centros de examenes DELE<\/title>\n<meta name=\"robots\" content=\"index, follow, max-snippet:-1, max-image-preview:large, max-video-preview:-1\" \/>\n<link rel=\"canonical\" href=\"https:\/\/global-exam.com\/blog\/es\/examenes\/dele\/categoria-centros-de-examenes-dele\/\" \/>\n<meta property=\"og:locale\" content=\"fr_FR\" \/>\n<meta property=\"og:type\" content=\"article\" \/>\n<meta property=\"og:title\" content=\"Centros de examenes DELE\" \/>\n<meta property=\"og:description\" content=\"Encuentra un centro cerca de t\u00ed En esta categor\u00eda el tema que vamos a desarrollar est\u00e1 enfocado en los centros de ex\u00e1menes\u00a0existentes [&hellip;]\" \/>\n<meta property=\"og:url\" content=\"https:\/\/global-exam.com\/blog\/es\/examenes\/dele\/categoria-centros-de-examenes-dele\/\" \/>\n<meta property=\"og:site_name\" content=\"GlobalExam Blog\" \/>\n<meta property=\"article:publisher\" content=\"https:\/\/www.facebook.com\/Global.Exam\" \/>\n<meta property=\"article:modified_time\" content=\"2022-09-16T10:16:13+00:00\" \/>\n<meta name=\"twitter:card\" content=\"summary_large_image\" \/>\n<meta name=\"twitter:site\" content=\"@Global_Exam\" \/>\n<meta name=\"twitter:label1\" content=\"Dur\u00e9e de lecture estim\u00e9e\" \/>\n\t<meta name=\"twitter:data1\" content=\"1 minute\" \/>\n<script type=\"application\/ld+json\" class=\"yoast-schema-graph\">{\"@context\":\"https:\/\/schema.org\",\"@graph\":[{\"@type\":\"WebSite\",\"@id\":\"https:\/\/global-exam.com\/blog\/#website\",\"url\":\"https:\/\/global-exam.com\/blog\/\",\"name\":\"GlobalExam Blog\",\"description\":\"Le blog du sp\\u00e9cialiste de la certification linguistique\",\"potentialAction\":[{\"@type\":\"SearchAction\",\"target\":{\"@type\":\"EntryPoint\",\"urlTemplate\":\"https:\/\/global-exam.com\/blog\/?s={search_term_string}\"},\"query-input\":\"required name=search_term_string\"}],\"inLanguage\":\"fr-FR\"},{\"@type\":\"WebPage\",\"@id\":\"https:\/\/global-exam.com\/blog\/es\/examenes\/dele\/categoria-centros-de-examenes-dele\/#webpage\",\"url\":\"https:\/\/global-exam.com\/blog\/es\/examenes\/dele\/categoria-centros-de-examenes-dele\/\",\"name\":\"Centros de examenes DELE\",\"isPartOf\":{\"@id\":\"https:\/\/global-exam.com\/blog\/#website\"},\"datePublished\":\"2021-12-14T10:58:04+00:00\",\"dateModified\":\"2022-09-16T10:16:13+00:00\",\"breadcrumb\":{\"@id\":\"https:\/\/global-exam.com\/blog\/es\/examenes\/dele\/categoria-centros-de-examenes-dele\/#breadcrumb\"},\"inLanguage\":\"fr-FR\",\"potentialAction\":[{\"@type\":\"ReadAction\",\"target\":[\"https:\/\/global-exam.com\/blog\/es\/examenes\/dele\/categoria-centros-de-examenes-dele\/\"]}]},{\"@type\":\"BreadcrumbList\",\"@id\":\"https:\/\/global-exam.com\/blog\/es\/examenes\/dele\/categoria-centros-de-examenes-dele\/#breadcrumb\",\"itemListElement\":[{\"@type\":\"ListItem\",\"position\":1,\"name\":\"Ex\\u00e1menes de idioma\",\"item\":\"https:\/\/global-exam.com\/blog\/es\/examenes\/\"},{\"@type\":\"ListItem\",\"position\":2,\"name\":\"DELE\",\"item\":\"https:\/\/global-exam.com\/blog\/es\/examenes\/dele\/\"},{\"@type\":\"ListItem\",\"position\":3,\"name\":\"Centros de examenes DELE\"}]}]}<\/script>\n<!-- \/ Yoast SEO plugin. -->","yoast_head_json":{"title":"Centros de examenes DELE","robots":{"index":"index","follow":"follow","max-snippet":"max-snippet:-1","max-image-preview":"max-image-preview:large","max-video-preview":"max-video-preview:-1"},"canonical":"https:\/\/global-exam.com\/blog\/es\/examenes\/dele\/categoria-centros-de-examenes-dele\/","og_locale":"fr_FR","og_type":"article","og_title":"Centros de examenes DELE","og_description":"Encuentra un centro cerca de t\u00ed En esta categor\u00eda el tema que vamos a desarrollar est\u00e1 enfocado en los centros de ex\u00e1menes\u00a0existentes [&hellip;]","og_url":"https:\/\/global-exam.com\/blog\/es\/examenes\/dele\/categoria-centros-de-examenes-dele\/","og_site_name":"GlobalExam Blog","article_publisher":"https:\/\/www.facebook.com\/Global.Exam","article_modified_time":"2022-09-16T10:16:13+00:00","twitter_card":"summary_large_image","twitter_site":"@Global_Exam","twitter_misc":{"Dur\u00e9e de lecture estim\u00e9e":"1 minute"},"schema":{"@context":"https:\/\/schema.org","@graph":[{"@type":"WebSite","@id":"https:\/\/global-exam.com\/blog\/#website","url":"https:\/\/global-exam.com\/blog\/","name":"GlobalExam Blog","description":"Le blog du sp\u00e9cialiste de la certification linguistique","potentialAction":[{"@type":"SearchAction","target":{"@type":"EntryPoint","urlTemplate":"https:\/\/global-exam.com\/blog\/?s={search_term_string}"},"query-input":"required name=search_term_string"}],"inLanguage":"fr-FR"},{"@type":"WebPage","@id":"https:\/\/global-exam.com\/blog\/es\/examenes\/dele\/categoria-centros-de-examenes-dele\/#webpage","url":"https:\/\/global-exam.com\/blog\/es\/examenes\/dele\/categoria-centros-de-examenes-dele\/","name":"Centros de examenes DELE","isPartOf":{"@id":"https:\/\/global-exam.com\/blog\/#website"},"datePublished":"2021-12-14T10:58:04+00:00","dateModified":"2022-09-16T10:16:13+00:00","breadcrumb":{"@id":"https:\/\/global-exam.com\/blog\/es\/examenes\/dele\/categoria-centros-de-examenes-dele\/#breadcrumb"},"inLanguage":"fr-FR","potentialAction":[{"@type":"ReadAction","target":["https:\/\/global-exam.com\/blog\/es\/examenes\/dele\/categoria-centros-de-examenes-dele\/"]}]},{"@type":"BreadcrumbList","@id":"https:\/\/global-exam.com\/blog\/es\/examenes\/dele\/categoria-centros-de-examenes-dele\/#breadcrumb","itemListElement":[{"@type":"ListItem","position":1,"name":"Ex\u00e1menes de idioma","item":"https:\/\/global-exam.com\/blog\/es\/examenes\/"},{"@type":"ListItem","position":2,"name":"DELE","item":"https:\/\/global-exam.com\/blog\/es\/examenes\/dele\/"},{"@type":"ListItem","position":3,"name":"Centros de examenes DELE"}]}]}},"lang":"es","translations":{"es":70605},"pll_sync_post":[],"_links":{"self":[{"href":"https:\/\/global-exam.com\/blog\/wp-json\/wp\/v2\/pages\/70605"}],"collection":[{"href":"https:\/\/global-exam.com\/blog\/wp-json\/wp\/v2\/pages"}],"about":[{"href":"https:\/\/global-exam.com\/blog\/wp-json\/wp\/v2\/types\/page"}],"author":[{"embeddable":true,"href":"https:\/\/global-exam.com\/blog\/wp-json\/wp\/v2\/users\/24"}],"replies":[{"embeddable":true,"href":"https:\/\/global-exam.com\/blog\/wp-json\/wp\/v2\/comments?post=70605"}],"version-history":[{"count":4,"href":"https:\/\/global-exam.com\/blog\/wp-json\/wp\/v2\/pages\/70605\/revisions"}],"predecessor-version":[{"id":79553,"href":"https:\/\/global-exam.com\/blog\/wp-json\/wp\/v2\/pages\/70605\/revisions\/79553"}],"up":[{"embeddable":true,"href":"https:\/\/global-exam.com\/blog\/wp-json\/wp\/v2\/pages\/18707"}],"wp:attachment":[{"href":"https:\/\/global-exam.com\/blog\/wp-json\/wp\/v2\/media?parent=70605"}],"curies":[{"name":"wp","href":"https:\/\/api.w.org\/{rel}","templated":true}]}}