{"id":70610,"date":"2021-12-14T11:59:53","date_gmt":"2021-12-14T10:59:53","guid":{"rendered":"https:\/\/global-exam.com\/blog\/?page_id=70610"},"modified":"2022-09-16T12:09:17","modified_gmt":"2022-09-16T10:09:17","slug":"categoria-gramatica-dele","status":"publish","type":"page","link":"https:\/\/global-exam.com\/blog\/es\/examenes\/dele\/categoria-gramatica-dele\/","title":{"rendered":"Gram\u00e1tica DELE"},"content":{"rendered":"<p><span style=\"font-weight: 400;\">Domina la gram\u00e1tica del DELE<\/span><\/p>\n<p><span style=\"font-weight: 400;\">As\u00ed que te has decidido a tomar el DELE para certificar tus <\/span><b>competencias ling\u00fc\u00edsticas en<\/b> <b>espa\u00f1ol<\/b><span style=\"font-weight: 400;\">\u2026 \u00bfy ahora qu\u00e9? \u00a1Respira! En esta secci\u00f3n podr\u00e1s encontrar algunas fichas de gram\u00e1tica que hemos puesto a tu disposici\u00f3n gratuitamente. \u00a1Cons\u00faltalas desde ahora!\u00a0<\/span><\/p>\n<p><span style=\"font-weight: 400;\">En esta secci\u00f3n encontrar\u00e1s fichas de gram\u00e1tica sobre temas verbales, como el modo imperativo o el <\/span><b>pret\u00e9rito imperfecto<\/b><span style=\"font-weight: 400;\">, al igual que el <\/span><b>futuro<\/b><span style=\"font-weight: 400;\">. Tambi\u00e9n ver\u00e1s contenido sobre los tipos de <\/span><b>categor\u00edas gramaticales en espa\u00f1ol<\/b><span style=\"font-weight: 400;\">, como los adjetivos y los pronombres. \u00bfTe suenan familiares estos temas? Si no te sientes c\u00f3modo con ellos, quiz\u00e1 sea hora de empezar a repasar. \u00a1No esperes m\u00e1s!<\/span><\/p>\n<p><span style=\"font-weight: 400;\">Como seguro ya lo sabes, los ex\u00e1menes <\/span><b>DELE<\/b><span style=\"font-weight: 400;\">, que certifican la excelencia en lengua espa\u00f1ola, son reconocidos a nivel internacional, tanto en el sector p\u00fablico como el privado, en <\/span><b>entidades acad\u00e9micas y empresariales<\/b><span style=\"font-weight: 400;\">, al igual que <\/span><b>instituciones<\/b><span style=\"font-weight: 400;\"> nacionales en <\/span><b>Espa\u00f1a<\/b><span style=\"font-weight: 400;\">, donde es un examen de renombre. Si est\u00e1s interesado en mudarte o buscar trabajo all\u00ed, quiz\u00e1 debas pasar esta prueba en uno de los<\/span><b> niveles superiores<\/b><span style=\"font-weight: 400;\">.\u00a0<\/span><\/p>\n<p><span style=\"font-weight: 400;\">Si tienes una idea de cu\u00e1ndo quieres pasar el examen y qu\u00e9 nivel quieres tomar, en buenahora: te damos la bienvenida a <\/span><b>GlobalExam<\/b><span style=\"font-weight: 400;\">, la plataforma de entrenamiento en lenguas que te acompa\u00f1ar\u00e1 a lo largo de tu estudio para <\/span><b>consolidar tus conocimientos de espa\u00f1ol<\/b><span style=\"font-weight: 400;\"> y lograr el objetivo que tienes en mente. \u00a1Nuestro ideal es poder apoyarte con tus necesidades de aprendizaje y <\/span><b>guiarte al \u00e9xito<\/b><span style=\"font-weight: 400;\">!<\/span><\/p>\n<p><span style=\"font-weight: 400;\">\u00a1No dejes que la ansiedad te derrote! Si bien el espa\u00f1ol puede resultar intimidante por sus conjugaciones y amplia <\/span><b>variedad de tiempos verbales<\/b><span style=\"font-weight: 400;\">, una vez que los domines ver\u00e1s que todo est\u00e1 en aprender bien las <\/span><b>reglas gramaticales<\/b><span style=\"font-weight: 400;\">. Aqu\u00ed estaremos para llevarte paso a paso hacia la certificaci\u00f3n &#8211; <\/span><b>desde las bases hasta los temas m\u00e1s rebuscados de la lengua<\/b><span style=\"font-weight: 400;\">, en GlobalExam apuntamos al cielo y no menos. Aprovecha e inscr\u00edbete con nosotros para comenzar a utilizar nuestras<\/span><b> fichas de gram\u00e1tica, vocabulario<\/b><span style=\"font-weight: 400;\">, hojas de entrenamiento y todo nuestro <\/span><b>programa de<\/b> <b>autoaprendizaje<\/b> <b>100% online<\/b><span style=\"font-weight: 400;\">. \u00a1Vamos!<\/span><\/p>\n","protected":false},"excerpt":{"rendered":"<p>Domina la gram\u00e1tica del DELE As\u00ed que te has decidido a tomar el DELE para certificar tus competencias ling\u00fc\u00edsticas en espa\u00f1ol\u2026 \u00bfy [&hellip;]<\/p>\n","protected":false},"author":24,"featured_media":0,"parent":18707,"menu_order":0,"comment_status":"closed","ping_status":"closed","template":"","meta":[],"acf":[],"yoast_head":"<!-- This site is optimized with the Yoast SEO plugin v17.2.1 - https:\/\/yoast.com\/wordpress\/plugins\/seo\/ -->\n<title>Gram\u00e1tica DELE<\/title>\n<meta name=\"robots\" content=\"index, follow, max-snippet:-1, max-image-preview:large, max-video-preview:-1\" \/>\n<link rel=\"canonical\" href=\"https:\/\/global-exam.com\/blog\/es\/examenes\/dele\/categoria-gramatica-dele\/\" \/>\n<meta property=\"og:locale\" content=\"fr_FR\" \/>\n<meta property=\"og:type\" content=\"article\" \/>\n<meta property=\"og:title\" content=\"Gram\u00e1tica DELE\" \/>\n<meta property=\"og:description\" content=\"Domina la gram\u00e1tica del DELE As\u00ed que te has decidido a tomar el DELE para certificar tus competencias ling\u00fc\u00edsticas en espa\u00f1ol\u2026 \u00bfy [&hellip;]\" \/>\n<meta property=\"og:url\" content=\"https:\/\/global-exam.com\/blog\/es\/examenes\/dele\/categoria-gramatica-dele\/\" \/>\n<meta property=\"og:site_name\" content=\"GlobalExam Blog\" \/>\n<meta property=\"article:publisher\" content=\"https:\/\/www.facebook.com\/Global.Exam\" \/>\n<meta property=\"article:modified_time\" content=\"2022-09-16T10:09:17+00:00\" \/>\n<meta name=\"twitter:card\" content=\"summary_large_image\" \/>\n<meta name=\"twitter:site\" content=\"@Global_Exam\" \/>\n<meta name=\"twitter:label1\" content=\"Dur\u00e9e de lecture estim\u00e9e\" \/>\n\t<meta name=\"twitter:data1\" content=\"2 minutes\" \/>\n<script type=\"application\/ld+json\" class=\"yoast-schema-graph\">{\"@context\":\"https:\/\/schema.org\",\"@graph\":[{\"@type\":\"WebSite\",\"@id\":\"https:\/\/global-exam.com\/blog\/#website\",\"url\":\"https:\/\/global-exam.com\/blog\/\",\"name\":\"GlobalExam Blog\",\"description\":\"Le blog du sp\\u00e9cialiste de la certification linguistique\",\"potentialAction\":[{\"@type\":\"SearchAction\",\"target\":{\"@type\":\"EntryPoint\",\"urlTemplate\":\"https:\/\/global-exam.com\/blog\/?s={search_term_string}\"},\"query-input\":\"required name=search_term_string\"}],\"inLanguage\":\"fr-FR\"},{\"@type\":\"WebPage\",\"@id\":\"https:\/\/global-exam.com\/blog\/es\/examenes\/dele\/categoria-gramatica-dele\/#webpage\",\"url\":\"https:\/\/global-exam.com\/blog\/es\/examenes\/dele\/categoria-gramatica-dele\/\",\"name\":\"Gram\\u00e1tica DELE\",\"isPartOf\":{\"@id\":\"https:\/\/global-exam.com\/blog\/#website\"},\"datePublished\":\"2021-12-14T10:59:53+00:00\",\"dateModified\":\"2022-09-16T10:09:17+00:00\",\"breadcrumb\":{\"@id\":\"https:\/\/global-exam.com\/blog\/es\/examenes\/dele\/categoria-gramatica-dele\/#breadcrumb\"},\"inLanguage\":\"fr-FR\",\"potentialAction\":[{\"@type\":\"ReadAction\",\"target\":[\"https:\/\/global-exam.com\/blog\/es\/examenes\/dele\/categoria-gramatica-dele\/\"]}]},{\"@type\":\"BreadcrumbList\",\"@id\":\"https:\/\/global-exam.com\/blog\/es\/examenes\/dele\/categoria-gramatica-dele\/#breadcrumb\",\"itemListElement\":[{\"@type\":\"ListItem\",\"position\":1,\"name\":\"Ex\\u00e1menes de idioma\",\"item\":\"https:\/\/global-exam.com\/blog\/es\/examenes\/\"},{\"@type\":\"ListItem\",\"position\":2,\"name\":\"DELE\",\"item\":\"https:\/\/global-exam.com\/blog\/es\/examenes\/dele\/\"},{\"@type\":\"ListItem\",\"position\":3,\"name\":\"Gram\\u00e1tica DELE\"}]}]}<\/script>\n<!-- \/ Yoast SEO plugin. -->","yoast_head_json":{"title":"Gram\u00e1tica DELE","robots":{"index":"index","follow":"follow","max-snippet":"max-snippet:-1","max-image-preview":"max-image-preview:large","max-video-preview":"max-video-preview:-1"},"canonical":"https:\/\/global-exam.com\/blog\/es\/examenes\/dele\/categoria-gramatica-dele\/","og_locale":"fr_FR","og_type":"article","og_title":"Gram\u00e1tica DELE","og_description":"Domina la gram\u00e1tica del DELE As\u00ed que te has decidido a tomar el DELE para certificar tus competencias ling\u00fc\u00edsticas en espa\u00f1ol\u2026 \u00bfy [&hellip;]","og_url":"https:\/\/global-exam.com\/blog\/es\/examenes\/dele\/categoria-gramatica-dele\/","og_site_name":"GlobalExam Blog","article_publisher":"https:\/\/www.facebook.com\/Global.Exam","article_modified_time":"2022-09-16T10:09:17+00:00","twitter_card":"summary_large_image","twitter_site":"@Global_Exam","twitter_misc":{"Dur\u00e9e de lecture estim\u00e9e":"2 minutes"},"schema":{"@context":"https:\/\/schema.org","@graph":[{"@type":"WebSite","@id":"https:\/\/global-exam.com\/blog\/#website","url":"https:\/\/global-exam.com\/blog\/","name":"GlobalExam Blog","description":"Le blog du sp\u00e9cialiste de la certification linguistique","potentialAction":[{"@type":"SearchAction","target":{"@type":"EntryPoint","urlTemplate":"https:\/\/global-exam.com\/blog\/?s={search_term_string}"},"query-input":"required name=search_term_string"}],"inLanguage":"fr-FR"},{"@type":"WebPage","@id":"https:\/\/global-exam.com\/blog\/es\/examenes\/dele\/categoria-gramatica-dele\/#webpage","url":"https:\/\/global-exam.com\/blog\/es\/examenes\/dele\/categoria-gramatica-dele\/","name":"Gram\u00e1tica DELE","isPartOf":{"@id":"https:\/\/global-exam.com\/blog\/#website"},"datePublished":"2021-12-14T10:59:53+00:00","dateModified":"2022-09-16T10:09:17+00:00","breadcrumb":{"@id":"https:\/\/global-exam.com\/blog\/es\/examenes\/dele\/categoria-gramatica-dele\/#breadcrumb"},"inLanguage":"fr-FR","potentialAction":[{"@type":"ReadAction","target":["https:\/\/global-exam.com\/blog\/es\/examenes\/dele\/categoria-gramatica-dele\/"]}]},{"@type":"BreadcrumbList","@id":"https:\/\/global-exam.com\/blog\/es\/examenes\/dele\/categoria-gramatica-dele\/#breadcrumb","itemListElement":[{"@type":"ListItem","position":1,"name":"Ex\u00e1menes de idioma","item":"https:\/\/global-exam.com\/blog\/es\/examenes\/"},{"@type":"ListItem","position":2,"name":"DELE","item":"https:\/\/global-exam.com\/blog\/es\/examenes\/dele\/"},{"@type":"ListItem","position":3,"name":"Gram\u00e1tica DELE"}]}]}},"lang":"es","translations":{"es":70610},"pll_sync_post":[],"_links":{"self":[{"href":"https:\/\/global-exam.com\/blog\/wp-json\/wp\/v2\/pages\/70610"}],"collection":[{"href":"https:\/\/global-exam.com\/blog\/wp-json\/wp\/v2\/pages"}],"about":[{"href":"https:\/\/global-exam.com\/blog\/wp-json\/wp\/v2\/types\/page"}],"author":[{"embeddable":true,"href":"https:\/\/global-exam.com\/blog\/wp-json\/wp\/v2\/users\/24"}],"replies":[{"embeddable":true,"href":"https:\/\/global-exam.com\/blog\/wp-json\/wp\/v2\/comments?post=70610"}],"version-history":[{"count":6,"href":"https:\/\/global-exam.com\/blog\/wp-json\/wp\/v2\/pages\/70610\/revisions"}],"predecessor-version":[{"id":79549,"href":"https:\/\/global-exam.com\/blog\/wp-json\/wp\/v2\/pages\/70610\/revisions\/79549"}],"up":[{"embeddable":true,"href":"https:\/\/global-exam.com\/blog\/wp-json\/wp\/v2\/pages\/18707"}],"wp:attachment":[{"href":"https:\/\/global-exam.com\/blog\/wp-json\/wp\/v2\/media?parent=70610"}],"curies":[{"name":"wp","href":"https:\/\/api.w.org\/{rel}","templated":true}]}}