{"id":70614,"date":"2021-12-14T12:01:57","date_gmt":"2021-12-14T11:01:57","guid":{"rendered":"https:\/\/global-exam.com\/blog\/?page_id=70614"},"modified":"2022-09-16T12:07:10","modified_gmt":"2022-09-16T10:07:10","slug":"categoria-vocabulario-dele","status":"publish","type":"page","link":"https:\/\/global-exam.com\/blog\/es\/examenes\/dele\/categoria-vocabulario-dele\/","title":{"rendered":"Vocabulario DELE"},"content":{"rendered":"<p><span style=\"font-weight: 400;\">Domina el vocabulario del DELE<\/span><\/p>\n<p><span style=\"font-weight: 400;\">Si has llegado a esta secci\u00f3n es por que piensas certificarte en espa\u00f1ol tomando el DELE, examen reconocido por excelencia en el mundo hispan\u00f3fono, certificado por el Instituto Cervantes. En efecto, los Diplomas de Espa\u00f1ol como Lengua Extranjera son reconocidos en entidades <\/span><b>laborales<\/b><span style=\"font-weight: 400;\"> y <\/span><b>acad\u00e9micas<\/b><span style=\"font-weight: 400;\"> y goza de <\/span><b>prestigio internacional<\/b><span style=\"font-weight: 400;\">. Estas pruebas van por niveles seg\u00fan el <\/span><b>MCER<\/b><span style=\"font-weight: 400;\">, <\/span><b>de A1 a C2<\/b><span style=\"font-weight: 400;\">, y cada una tiene sus propias caracter\u00edsticas.\u00a0<\/span><\/p>\n<p><span style=\"font-weight: 400;\">Si te has decidido a tomarlo y no sabes por d\u00f3nde empezar a repasar, <\/span><b>GlobalExam<\/b><span style=\"font-weight: 400;\"> est\u00e1 aqu\u00ed para darte una mano en tu estudio. Por ello, hemos dedicado esta secci\u00f3n para compilar algunos de los art\u00edculos relacionados al <\/span><b>aprendizaje de vocabulario en espa\u00f1ol<\/b><span style=\"font-weight: 400;\"> que tenemos disponibles <\/span><b>en l\u00ednea<\/b><span style=\"font-weight: 400;\">, aunque podr\u00e1s encontrar muchos m\u00e1s en nuestra <\/span><b>plataforma web<\/b><span style=\"font-weight: 400;\">. <\/span><\/p>\n<p><span style=\"font-weight: 400;\">El espa\u00f1ol puede ser una lengua compleja de aprender. Para hac\u00e9rtelo f\u00e1cil, en esta secci\u00f3n hemos clasificado conocimientos de <\/span><b>vocabulario por tem\u00e1tica<\/b><span style=\"font-weight: 400;\">: encontrar\u00e1s art\u00edculos con consejos sobre c\u00f3mo <\/span><b>expandir tu l\u00e9xico en espa\u00f1ol<\/b><span style=\"font-weight: 400;\">, por ejemplo. Tambi\u00e9n ver\u00e1s fichas de aprendizaje pr\u00e1ctico sobre temas distintos, como los n\u00fameros o las partes del cuerpo. Adem\u00e1s, ver\u00e1s temas relacionados a <\/span><b>vocabulario seg\u00fan el nivel<\/b><span style=\"font-weight: 400;\"> que busques certificar, como el intermedio (B1-B2).\u00a0<\/span><\/p>\n<p><span style=\"font-weight: 400;\">Si deseas lograr el \u00e9xito en tu certificaci\u00f3n <\/span><b>DELE<\/b><span style=\"font-weight: 400;\">, \u00a1debes repasar mucho m\u00e1s! Por ello, te ofrecemos formar parte de la comunidad <\/span><b>GlobalExam<\/b><span style=\"font-weight: 400;\">. Inscr\u00edbete con nosotros en nuestra <\/span><b>plataforma web<\/b><span style=\"font-weight: 400;\"> y descubre c\u00f3mo puedes auto-entrenarte para pasar tus ex\u00e1menes de lengua con un <\/span><b>m\u00e9todo 100\u00a0% online<\/b><span style=\"font-weight: 400;\"> que se ajusta a tus necesidades. Tendr\u00e1s a tu disposici\u00f3n ejercicios con correcciones y explicaciones en tu lengua materna, estad\u00edsticas seg\u00fan tu <\/span><b>avance personal<\/b><span style=\"font-weight: 400;\"> y podr\u00e1s <\/span><b>programar tu estudio<\/b><span style=\"font-weight: 400;\"> seg\u00fan el tiempo del que dispones. \u00a1No esperes m\u00e1s! Empieza hoy.\u00a0<\/span><\/p>\n","protected":false},"excerpt":{"rendered":"<p>Domina el vocabulario del DELE Si has llegado a esta secci\u00f3n es por que piensas certificarte en espa\u00f1ol tomando el DELE, examen [&hellip;]<\/p>\n","protected":false},"author":24,"featured_media":0,"parent":18707,"menu_order":0,"comment_status":"closed","ping_status":"closed","template":"","meta":[],"acf":[],"yoast_head":"<!-- This site is optimized with the Yoast SEO plugin v17.2.1 - https:\/\/yoast.com\/wordpress\/plugins\/seo\/ -->\n<title>Vocabulario DELE<\/title>\n<meta name=\"robots\" content=\"index, follow, max-snippet:-1, max-image-preview:large, max-video-preview:-1\" \/>\n<link rel=\"canonical\" href=\"https:\/\/global-exam.com\/blog\/es\/examenes\/dele\/categoria-vocabulario-dele\/\" \/>\n<meta property=\"og:locale\" content=\"fr_FR\" \/>\n<meta property=\"og:type\" content=\"article\" \/>\n<meta property=\"og:title\" content=\"Vocabulario DELE\" \/>\n<meta property=\"og:description\" content=\"Domina el vocabulario del DELE Si has llegado a esta secci\u00f3n es por que piensas certificarte en espa\u00f1ol tomando el DELE, examen [&hellip;]\" \/>\n<meta property=\"og:url\" content=\"https:\/\/global-exam.com\/blog\/es\/examenes\/dele\/categoria-vocabulario-dele\/\" \/>\n<meta property=\"og:site_name\" content=\"GlobalExam Blog\" \/>\n<meta property=\"article:publisher\" content=\"https:\/\/www.facebook.com\/Global.Exam\" \/>\n<meta property=\"article:modified_time\" content=\"2022-09-16T10:07:10+00:00\" \/>\n<meta name=\"twitter:card\" content=\"summary_large_image\" \/>\n<meta name=\"twitter:site\" content=\"@Global_Exam\" \/>\n<meta name=\"twitter:label1\" content=\"Dur\u00e9e de lecture estim\u00e9e\" \/>\n\t<meta name=\"twitter:data1\" content=\"2 minutes\" \/>\n<script type=\"application\/ld+json\" class=\"yoast-schema-graph\">{\"@context\":\"https:\/\/schema.org\",\"@graph\":[{\"@type\":\"WebSite\",\"@id\":\"https:\/\/global-exam.com\/blog\/#website\",\"url\":\"https:\/\/global-exam.com\/blog\/\",\"name\":\"GlobalExam Blog\",\"description\":\"Le blog du sp\\u00e9cialiste de la certification linguistique\",\"potentialAction\":[{\"@type\":\"SearchAction\",\"target\":{\"@type\":\"EntryPoint\",\"urlTemplate\":\"https:\/\/global-exam.com\/blog\/?s={search_term_string}\"},\"query-input\":\"required name=search_term_string\"}],\"inLanguage\":\"fr-FR\"},{\"@type\":\"WebPage\",\"@id\":\"https:\/\/global-exam.com\/blog\/es\/examenes\/dele\/categoria-vocabulario-dele\/#webpage\",\"url\":\"https:\/\/global-exam.com\/blog\/es\/examenes\/dele\/categoria-vocabulario-dele\/\",\"name\":\"Vocabulario DELE\",\"isPartOf\":{\"@id\":\"https:\/\/global-exam.com\/blog\/#website\"},\"datePublished\":\"2021-12-14T11:01:57+00:00\",\"dateModified\":\"2022-09-16T10:07:10+00:00\",\"breadcrumb\":{\"@id\":\"https:\/\/global-exam.com\/blog\/es\/examenes\/dele\/categoria-vocabulario-dele\/#breadcrumb\"},\"inLanguage\":\"fr-FR\",\"potentialAction\":[{\"@type\":\"ReadAction\",\"target\":[\"https:\/\/global-exam.com\/blog\/es\/examenes\/dele\/categoria-vocabulario-dele\/\"]}]},{\"@type\":\"BreadcrumbList\",\"@id\":\"https:\/\/global-exam.com\/blog\/es\/examenes\/dele\/categoria-vocabulario-dele\/#breadcrumb\",\"itemListElement\":[{\"@type\":\"ListItem\",\"position\":1,\"name\":\"Ex\\u00e1menes de idioma\",\"item\":\"https:\/\/global-exam.com\/blog\/es\/examenes\/\"},{\"@type\":\"ListItem\",\"position\":2,\"name\":\"DELE\",\"item\":\"https:\/\/global-exam.com\/blog\/es\/examenes\/dele\/\"},{\"@type\":\"ListItem\",\"position\":3,\"name\":\"Vocabulario DELE\"}]}]}<\/script>\n<!-- \/ Yoast SEO plugin. -->","yoast_head_json":{"title":"Vocabulario DELE","robots":{"index":"index","follow":"follow","max-snippet":"max-snippet:-1","max-image-preview":"max-image-preview:large","max-video-preview":"max-video-preview:-1"},"canonical":"https:\/\/global-exam.com\/blog\/es\/examenes\/dele\/categoria-vocabulario-dele\/","og_locale":"fr_FR","og_type":"article","og_title":"Vocabulario DELE","og_description":"Domina el vocabulario del DELE Si has llegado a esta secci\u00f3n es por que piensas certificarte en espa\u00f1ol tomando el DELE, examen [&hellip;]","og_url":"https:\/\/global-exam.com\/blog\/es\/examenes\/dele\/categoria-vocabulario-dele\/","og_site_name":"GlobalExam Blog","article_publisher":"https:\/\/www.facebook.com\/Global.Exam","article_modified_time":"2022-09-16T10:07:10+00:00","twitter_card":"summary_large_image","twitter_site":"@Global_Exam","twitter_misc":{"Dur\u00e9e de lecture estim\u00e9e":"2 minutes"},"schema":{"@context":"https:\/\/schema.org","@graph":[{"@type":"WebSite","@id":"https:\/\/global-exam.com\/blog\/#website","url":"https:\/\/global-exam.com\/blog\/","name":"GlobalExam Blog","description":"Le blog du sp\u00e9cialiste de la certification linguistique","potentialAction":[{"@type":"SearchAction","target":{"@type":"EntryPoint","urlTemplate":"https:\/\/global-exam.com\/blog\/?s={search_term_string}"},"query-input":"required name=search_term_string"}],"inLanguage":"fr-FR"},{"@type":"WebPage","@id":"https:\/\/global-exam.com\/blog\/es\/examenes\/dele\/categoria-vocabulario-dele\/#webpage","url":"https:\/\/global-exam.com\/blog\/es\/examenes\/dele\/categoria-vocabulario-dele\/","name":"Vocabulario DELE","isPartOf":{"@id":"https:\/\/global-exam.com\/blog\/#website"},"datePublished":"2021-12-14T11:01:57+00:00","dateModified":"2022-09-16T10:07:10+00:00","breadcrumb":{"@id":"https:\/\/global-exam.com\/blog\/es\/examenes\/dele\/categoria-vocabulario-dele\/#breadcrumb"},"inLanguage":"fr-FR","potentialAction":[{"@type":"ReadAction","target":["https:\/\/global-exam.com\/blog\/es\/examenes\/dele\/categoria-vocabulario-dele\/"]}]},{"@type":"BreadcrumbList","@id":"https:\/\/global-exam.com\/blog\/es\/examenes\/dele\/categoria-vocabulario-dele\/#breadcrumb","itemListElement":[{"@type":"ListItem","position":1,"name":"Ex\u00e1menes de idioma","item":"https:\/\/global-exam.com\/blog\/es\/examenes\/"},{"@type":"ListItem","position":2,"name":"DELE","item":"https:\/\/global-exam.com\/blog\/es\/examenes\/dele\/"},{"@type":"ListItem","position":3,"name":"Vocabulario DELE"}]}]}},"lang":"es","translations":{"es":70614},"pll_sync_post":[],"_links":{"self":[{"href":"https:\/\/global-exam.com\/blog\/wp-json\/wp\/v2\/pages\/70614"}],"collection":[{"href":"https:\/\/global-exam.com\/blog\/wp-json\/wp\/v2\/pages"}],"about":[{"href":"https:\/\/global-exam.com\/blog\/wp-json\/wp\/v2\/types\/page"}],"author":[{"embeddable":true,"href":"https:\/\/global-exam.com\/blog\/wp-json\/wp\/v2\/users\/24"}],"replies":[{"embeddable":true,"href":"https:\/\/global-exam.com\/blog\/wp-json\/wp\/v2\/comments?post=70614"}],"version-history":[{"count":4,"href":"https:\/\/global-exam.com\/blog\/wp-json\/wp\/v2\/pages\/70614\/revisions"}],"predecessor-version":[{"id":79548,"href":"https:\/\/global-exam.com\/blog\/wp-json\/wp\/v2\/pages\/70614\/revisions\/79548"}],"up":[{"embeddable":true,"href":"https:\/\/global-exam.com\/blog\/wp-json\/wp\/v2\/pages\/18707"}],"wp:attachment":[{"href":"https:\/\/global-exam.com\/blog\/wp-json\/wp\/v2\/media?parent=70614"}],"curies":[{"name":"wp","href":"https:\/\/api.w.org\/{rel}","templated":true}]}}