{"id":70616,"date":"2021-12-14T12:04:20","date_gmt":"2021-12-14T11:04:20","guid":{"rendered":"https:\/\/global-exam.com\/blog\/?page_id=70616"},"modified":"2022-06-27T16:43:57","modified_gmt":"2022-06-27T14:43:57","slug":"categoria-introduccion-al-bright-deutsch","status":"publish","type":"page","link":"https:\/\/global-exam.com\/blog\/es\/examenes\/bright-deutsch\/categoria-introduccion-al-bright-deutsch\/","title":{"rendered":"Introducci\u00f3n al BRIGHT Deutsch"},"content":{"rendered":"<p>El examen BRIGHT constituye una referencia en el mundo profesional y est\u00e1 disponible en 11 idiomas diferentes, incluido el alem\u00e1n.<\/p>\n<p>El BRIGHT\u00a0 DEUTSCH es una prueba estandarizada utilizada por empresas en m\u00e1s de 80 pa\u00edses para\u00a0<strong>evaluar las destrezas ling\u00fc\u00edsticas de los empleados de una empresa<\/strong>, en este idioma.<\/p>\n<p>El BRIGHT DEUTSCH eval\u00faa las\u00a0<strong>habilidades de comprensi\u00f3n oral y escrita<\/strong>, el examen dura una hora.\u00a0Hay 60 preguntas por secci\u00f3n, es decir, 120 preguntas en total. La certificaci\u00f3n ofrece una\u00a0<strong>puntuaci\u00f3n de 5 puntos<\/strong>\u00a0con una equivalencia de nivel en la escala MCER, que va de A1 a C2.<\/p>\n<p>Averigua con nosotros qu\u00e9 pasos debes seguir para inscribirte y tambi\u00e9n para prepararte con garant\u00edas de \u00e9xito.\u00a0Gracias a material pr\u00e1ctico de examen, modelos reales, un seguimiento individualizado y un amplio conocimiento de la estructura de cada una de las pruebas, nuestros profesores expertos te ayudar\u00e1n a\u00a0<strong>definir tu plan de preparaci\u00f3n, a gestionar tu tiempo<\/strong>\u00a0y a utilizar herramientas y estrategias para lograr tus objetivos.<\/p>\n<p>Todo basado en<strong>\u00a0condiciones reales de examen.<\/strong>\u00a0Accede a nuestra plataforma y date la oportunidad de triunfar.<\/p>\n","protected":false},"excerpt":{"rendered":"<p>El examen BRIGHT constituye una referencia en el mundo profesional y est\u00e1 disponible en 11 idiomas diferentes, incluido el alem\u00e1n. El BRIGHT\u00a0 [&hellip;]<\/p>\n","protected":false},"author":24,"featured_media":0,"parent":18655,"menu_order":0,"comment_status":"closed","ping_status":"closed","template":"","meta":[],"acf":[],"yoast_head":"<!-- This site is optimized with the Yoast SEO plugin v17.2.1 - https:\/\/yoast.com\/wordpress\/plugins\/seo\/ -->\n<title>Introducci\u00f3n al BRIGHT Deutsch<\/title>\n<meta name=\"robots\" content=\"index, follow, max-snippet:-1, max-image-preview:large, max-video-preview:-1\" \/>\n<link rel=\"canonical\" href=\"https:\/\/global-exam.com\/blog\/es\/examenes\/bright-deutsch\/categoria-introduccion-al-bright-deutsch\/\" \/>\n<meta property=\"og:locale\" content=\"fr_FR\" \/>\n<meta property=\"og:type\" content=\"article\" \/>\n<meta property=\"og:title\" content=\"Introducci\u00f3n al BRIGHT Deutsch\" \/>\n<meta property=\"og:description\" content=\"El examen BRIGHT constituye una referencia en el mundo profesional y est\u00e1 disponible en 11 idiomas diferentes, incluido el alem\u00e1n. El BRIGHT\u00a0 [&hellip;]\" \/>\n<meta property=\"og:url\" content=\"https:\/\/global-exam.com\/blog\/es\/examenes\/bright-deutsch\/categoria-introduccion-al-bright-deutsch\/\" \/>\n<meta property=\"og:site_name\" content=\"GlobalExam Blog\" \/>\n<meta property=\"article:publisher\" content=\"https:\/\/www.facebook.com\/Global.Exam\" \/>\n<meta property=\"article:modified_time\" content=\"2022-06-27T14:43:57+00:00\" \/>\n<meta name=\"twitter:card\" content=\"summary_large_image\" \/>\n<meta name=\"twitter:site\" content=\"@Global_Exam\" \/>\n<meta name=\"twitter:label1\" content=\"Dur\u00e9e de lecture estim\u00e9e\" \/>\n\t<meta name=\"twitter:data1\" content=\"1 minute\" \/>\n<script type=\"application\/ld+json\" class=\"yoast-schema-graph\">{\"@context\":\"https:\/\/schema.org\",\"@graph\":[{\"@type\":\"WebSite\",\"@id\":\"https:\/\/global-exam.com\/blog\/#website\",\"url\":\"https:\/\/global-exam.com\/blog\/\",\"name\":\"GlobalExam Blog\",\"description\":\"Le blog du sp\\u00e9cialiste de la certification linguistique\",\"potentialAction\":[{\"@type\":\"SearchAction\",\"target\":{\"@type\":\"EntryPoint\",\"urlTemplate\":\"https:\/\/global-exam.com\/blog\/?s={search_term_string}\"},\"query-input\":\"required name=search_term_string\"}],\"inLanguage\":\"fr-FR\"},{\"@type\":\"WebPage\",\"@id\":\"https:\/\/global-exam.com\/blog\/es\/examenes\/bright-deutsch\/categoria-introduccion-al-bright-deutsch\/#webpage\",\"url\":\"https:\/\/global-exam.com\/blog\/es\/examenes\/bright-deutsch\/categoria-introduccion-al-bright-deutsch\/\",\"name\":\"Introducci\\u00f3n al BRIGHT Deutsch\",\"isPartOf\":{\"@id\":\"https:\/\/global-exam.com\/blog\/#website\"},\"datePublished\":\"2021-12-14T11:04:20+00:00\",\"dateModified\":\"2022-06-27T14:43:57+00:00\",\"breadcrumb\":{\"@id\":\"https:\/\/global-exam.com\/blog\/es\/examenes\/bright-deutsch\/categoria-introduccion-al-bright-deutsch\/#breadcrumb\"},\"inLanguage\":\"fr-FR\",\"potentialAction\":[{\"@type\":\"ReadAction\",\"target\":[\"https:\/\/global-exam.com\/blog\/es\/examenes\/bright-deutsch\/categoria-introduccion-al-bright-deutsch\/\"]}]},{\"@type\":\"BreadcrumbList\",\"@id\":\"https:\/\/global-exam.com\/blog\/es\/examenes\/bright-deutsch\/categoria-introduccion-al-bright-deutsch\/#breadcrumb\",\"itemListElement\":[{\"@type\":\"ListItem\",\"position\":1,\"name\":\"Ex\\u00e1menes de idioma\",\"item\":\"https:\/\/global-exam.com\/blog\/es\/examenes\/\"},{\"@type\":\"ListItem\",\"position\":2,\"name\":\"BRIGHT Deutsch\",\"item\":\"https:\/\/global-exam.com\/blog\/es\/examenes\/bright-deutsch\/\"},{\"@type\":\"ListItem\",\"position\":3,\"name\":\"Introducci\\u00f3n al BRIGHT Deutsch\"}]}]}<\/script>\n<!-- \/ Yoast SEO plugin. -->","yoast_head_json":{"title":"Introducci\u00f3n al BRIGHT Deutsch","robots":{"index":"index","follow":"follow","max-snippet":"max-snippet:-1","max-image-preview":"max-image-preview:large","max-video-preview":"max-video-preview:-1"},"canonical":"https:\/\/global-exam.com\/blog\/es\/examenes\/bright-deutsch\/categoria-introduccion-al-bright-deutsch\/","og_locale":"fr_FR","og_type":"article","og_title":"Introducci\u00f3n al BRIGHT Deutsch","og_description":"El examen BRIGHT constituye una referencia en el mundo profesional y est\u00e1 disponible en 11 idiomas diferentes, incluido el alem\u00e1n. El BRIGHT\u00a0 [&hellip;]","og_url":"https:\/\/global-exam.com\/blog\/es\/examenes\/bright-deutsch\/categoria-introduccion-al-bright-deutsch\/","og_site_name":"GlobalExam Blog","article_publisher":"https:\/\/www.facebook.com\/Global.Exam","article_modified_time":"2022-06-27T14:43:57+00:00","twitter_card":"summary_large_image","twitter_site":"@Global_Exam","twitter_misc":{"Dur\u00e9e de lecture estim\u00e9e":"1 minute"},"schema":{"@context":"https:\/\/schema.org","@graph":[{"@type":"WebSite","@id":"https:\/\/global-exam.com\/blog\/#website","url":"https:\/\/global-exam.com\/blog\/","name":"GlobalExam Blog","description":"Le blog du sp\u00e9cialiste de la certification linguistique","potentialAction":[{"@type":"SearchAction","target":{"@type":"EntryPoint","urlTemplate":"https:\/\/global-exam.com\/blog\/?s={search_term_string}"},"query-input":"required name=search_term_string"}],"inLanguage":"fr-FR"},{"@type":"WebPage","@id":"https:\/\/global-exam.com\/blog\/es\/examenes\/bright-deutsch\/categoria-introduccion-al-bright-deutsch\/#webpage","url":"https:\/\/global-exam.com\/blog\/es\/examenes\/bright-deutsch\/categoria-introduccion-al-bright-deutsch\/","name":"Introducci\u00f3n al BRIGHT Deutsch","isPartOf":{"@id":"https:\/\/global-exam.com\/blog\/#website"},"datePublished":"2021-12-14T11:04:20+00:00","dateModified":"2022-06-27T14:43:57+00:00","breadcrumb":{"@id":"https:\/\/global-exam.com\/blog\/es\/examenes\/bright-deutsch\/categoria-introduccion-al-bright-deutsch\/#breadcrumb"},"inLanguage":"fr-FR","potentialAction":[{"@type":"ReadAction","target":["https:\/\/global-exam.com\/blog\/es\/examenes\/bright-deutsch\/categoria-introduccion-al-bright-deutsch\/"]}]},{"@type":"BreadcrumbList","@id":"https:\/\/global-exam.com\/blog\/es\/examenes\/bright-deutsch\/categoria-introduccion-al-bright-deutsch\/#breadcrumb","itemListElement":[{"@type":"ListItem","position":1,"name":"Ex\u00e1menes de idioma","item":"https:\/\/global-exam.com\/blog\/es\/examenes\/"},{"@type":"ListItem","position":2,"name":"BRIGHT Deutsch","item":"https:\/\/global-exam.com\/blog\/es\/examenes\/bright-deutsch\/"},{"@type":"ListItem","position":3,"name":"Introducci\u00f3n al BRIGHT Deutsch"}]}]}},"lang":"es","translations":{"es":70616},"pll_sync_post":[],"_links":{"self":[{"href":"https:\/\/global-exam.com\/blog\/wp-json\/wp\/v2\/pages\/70616"}],"collection":[{"href":"https:\/\/global-exam.com\/blog\/wp-json\/wp\/v2\/pages"}],"about":[{"href":"https:\/\/global-exam.com\/blog\/wp-json\/wp\/v2\/types\/page"}],"author":[{"embeddable":true,"href":"https:\/\/global-exam.com\/blog\/wp-json\/wp\/v2\/users\/24"}],"replies":[{"embeddable":true,"href":"https:\/\/global-exam.com\/blog\/wp-json\/wp\/v2\/comments?post=70616"}],"version-history":[{"count":3,"href":"https:\/\/global-exam.com\/blog\/wp-json\/wp\/v2\/pages\/70616\/revisions"}],"predecessor-version":[{"id":76583,"href":"https:\/\/global-exam.com\/blog\/wp-json\/wp\/v2\/pages\/70616\/revisions\/76583"}],"up":[{"embeddable":true,"href":"https:\/\/global-exam.com\/blog\/wp-json\/wp\/v2\/pages\/18655"}],"wp:attachment":[{"href":"https:\/\/global-exam.com\/blog\/wp-json\/wp\/v2\/media?parent=70616"}],"curies":[{"name":"wp","href":"https:\/\/api.w.org\/{rel}","templated":true}]}}