{"id":70619,"date":"2021-12-14T12:05:50","date_gmt":"2021-12-14T11:05:50","guid":{"rendered":"https:\/\/global-exam.com\/blog\/?page_id=70619"},"modified":"2022-06-27T16:43:56","modified_gmt":"2022-06-27T14:43:56","slug":"categoria-instrucciones-bright-deutsch","status":"publish","type":"page","link":"https:\/\/global-exam.com\/blog\/es\/examenes\/bright-deutsch\/categoria-instrucciones-bright-deutsch\/","title":{"rendered":"Instrucciones \u2013 BRIGHT Deutsch"},"content":{"rendered":"<p>El BRIGHT DEUTSCH es un examen de alem\u00e1n que\u00a0<strong>eval\u00faa las competencias ling\u00fc\u00edsticas<\/strong>\u00a0del alumno en un entorno profesional.<\/p>\n<p>El test, basado en un cuestionario en l\u00ednea, tiene una duraci\u00f3n de\u00a0<strong>40 minutos a 1 hora<\/strong>\u00a0y se divide en<strong>\u00a0dos partes<\/strong>: Estructura de la lengua y gram\u00e1tica y Comprensi\u00f3n oral. El puntaje asignado var\u00eda de<strong>\u00a00 a 5 puntos<\/strong>.<\/p>\n<p>Dicho examen, demandado por numerosas empresas, permite realizar una evaluaci\u00f3n r\u00e1pida y fiable de las habilidades ling\u00fc\u00edsticas generales en t\u00e9rminos de comprensi\u00f3n escrita y oral, en un contexto profesional.<\/p>\n<p>Hay diferentes formas de entrenarse para el BRIGHT. No solo debes progresar en alem\u00e1n, sino que debes\u00a0<strong>entrenarte espec\u00edficamente para el examen<\/strong>, es decir, practicar con ejercicios del tipo BRIGHT.<\/p>\n<p>Nuestra plataforma en l\u00ednea te presenta el tipo de pruebas y, para cada una de ellas, la estructura, objetivos, destrezas evaluadas, tipo de ejercicios y tiempo de duraci\u00f3n.<\/p>\n<p>Descubre nuestros ejercicios tipo, los diferentes ex\u00e1menes blancos, las fichas de gram\u00e1tica y vocabulario y comienza a prepararte con la ayuda de un equipo de profesores expertos que te acompa\u00f1ar\u00e1 en la preparaci\u00f3n y te mostrar\u00e1 c\u00f3mo utilizar las herramientas y estrategias necesarias para hacer frente a las diferentes pruebas.<\/p>\n<p>Accede y descubre todas nuestras posibilidades.<\/p>\n","protected":false},"excerpt":{"rendered":"<p>El BRIGHT DEUTSCH es un examen de alem\u00e1n que\u00a0eval\u00faa las competencias ling\u00fc\u00edsticas\u00a0del alumno en un entorno profesional. El test, basado en un [&hellip;]<\/p>\n","protected":false},"author":24,"featured_media":0,"parent":18655,"menu_order":0,"comment_status":"closed","ping_status":"closed","template":"","meta":[],"acf":[],"yoast_head":"<!-- This site is optimized with the Yoast SEO plugin v17.2.1 - https:\/\/yoast.com\/wordpress\/plugins\/seo\/ -->\n<title>Instrucciones \u2013 BRIGHT Deutsch<\/title>\n<meta name=\"robots\" content=\"index, follow, max-snippet:-1, max-image-preview:large, max-video-preview:-1\" \/>\n<link rel=\"canonical\" href=\"https:\/\/global-exam.com\/blog\/es\/examenes\/bright-deutsch\/categoria-instrucciones-bright-deutsch\/\" \/>\n<meta property=\"og:locale\" content=\"fr_FR\" \/>\n<meta property=\"og:type\" content=\"article\" \/>\n<meta property=\"og:title\" content=\"Instrucciones \u2013 BRIGHT Deutsch\" \/>\n<meta property=\"og:description\" content=\"El BRIGHT DEUTSCH es un examen de alem\u00e1n que\u00a0eval\u00faa las competencias ling\u00fc\u00edsticas\u00a0del alumno en un entorno profesional. El test, basado en un [&hellip;]\" \/>\n<meta property=\"og:url\" content=\"https:\/\/global-exam.com\/blog\/es\/examenes\/bright-deutsch\/categoria-instrucciones-bright-deutsch\/\" \/>\n<meta property=\"og:site_name\" content=\"GlobalExam Blog\" \/>\n<meta property=\"article:publisher\" content=\"https:\/\/www.facebook.com\/Global.Exam\" \/>\n<meta property=\"article:modified_time\" content=\"2022-06-27T14:43:56+00:00\" \/>\n<meta name=\"twitter:card\" content=\"summary_large_image\" \/>\n<meta name=\"twitter:site\" content=\"@Global_Exam\" \/>\n<meta name=\"twitter:label1\" content=\"Dur\u00e9e de lecture estim\u00e9e\" \/>\n\t<meta name=\"twitter:data1\" content=\"1 minute\" \/>\n<script type=\"application\/ld+json\" class=\"yoast-schema-graph\">{\"@context\":\"https:\/\/schema.org\",\"@graph\":[{\"@type\":\"WebSite\",\"@id\":\"https:\/\/global-exam.com\/blog\/#website\",\"url\":\"https:\/\/global-exam.com\/blog\/\",\"name\":\"GlobalExam Blog\",\"description\":\"Le blog du sp\\u00e9cialiste de la certification linguistique\",\"potentialAction\":[{\"@type\":\"SearchAction\",\"target\":{\"@type\":\"EntryPoint\",\"urlTemplate\":\"https:\/\/global-exam.com\/blog\/?s={search_term_string}\"},\"query-input\":\"required name=search_term_string\"}],\"inLanguage\":\"fr-FR\"},{\"@type\":\"WebPage\",\"@id\":\"https:\/\/global-exam.com\/blog\/es\/examenes\/bright-deutsch\/categoria-instrucciones-bright-deutsch\/#webpage\",\"url\":\"https:\/\/global-exam.com\/blog\/es\/examenes\/bright-deutsch\/categoria-instrucciones-bright-deutsch\/\",\"name\":\"Instrucciones \\u2013 BRIGHT Deutsch\",\"isPartOf\":{\"@id\":\"https:\/\/global-exam.com\/blog\/#website\"},\"datePublished\":\"2021-12-14T11:05:50+00:00\",\"dateModified\":\"2022-06-27T14:43:56+00:00\",\"breadcrumb\":{\"@id\":\"https:\/\/global-exam.com\/blog\/es\/examenes\/bright-deutsch\/categoria-instrucciones-bright-deutsch\/#breadcrumb\"},\"inLanguage\":\"fr-FR\",\"potentialAction\":[{\"@type\":\"ReadAction\",\"target\":[\"https:\/\/global-exam.com\/blog\/es\/examenes\/bright-deutsch\/categoria-instrucciones-bright-deutsch\/\"]}]},{\"@type\":\"BreadcrumbList\",\"@id\":\"https:\/\/global-exam.com\/blog\/es\/examenes\/bright-deutsch\/categoria-instrucciones-bright-deutsch\/#breadcrumb\",\"itemListElement\":[{\"@type\":\"ListItem\",\"position\":1,\"name\":\"Ex\\u00e1menes de idioma\",\"item\":\"https:\/\/global-exam.com\/blog\/es\/examenes\/\"},{\"@type\":\"ListItem\",\"position\":2,\"name\":\"BRIGHT Deutsch\",\"item\":\"https:\/\/global-exam.com\/blog\/es\/examenes\/bright-deutsch\/\"},{\"@type\":\"ListItem\",\"position\":3,\"name\":\"Instrucciones \\u2013 BRIGHT Deutsch\"}]}]}<\/script>\n<!-- \/ Yoast SEO plugin. -->","yoast_head_json":{"title":"Instrucciones \u2013 BRIGHT Deutsch","robots":{"index":"index","follow":"follow","max-snippet":"max-snippet:-1","max-image-preview":"max-image-preview:large","max-video-preview":"max-video-preview:-1"},"canonical":"https:\/\/global-exam.com\/blog\/es\/examenes\/bright-deutsch\/categoria-instrucciones-bright-deutsch\/","og_locale":"fr_FR","og_type":"article","og_title":"Instrucciones \u2013 BRIGHT Deutsch","og_description":"El BRIGHT DEUTSCH es un examen de alem\u00e1n que\u00a0eval\u00faa las competencias ling\u00fc\u00edsticas\u00a0del alumno en un entorno profesional. El test, basado en un [&hellip;]","og_url":"https:\/\/global-exam.com\/blog\/es\/examenes\/bright-deutsch\/categoria-instrucciones-bright-deutsch\/","og_site_name":"GlobalExam Blog","article_publisher":"https:\/\/www.facebook.com\/Global.Exam","article_modified_time":"2022-06-27T14:43:56+00:00","twitter_card":"summary_large_image","twitter_site":"@Global_Exam","twitter_misc":{"Dur\u00e9e de lecture estim\u00e9e":"1 minute"},"schema":{"@context":"https:\/\/schema.org","@graph":[{"@type":"WebSite","@id":"https:\/\/global-exam.com\/blog\/#website","url":"https:\/\/global-exam.com\/blog\/","name":"GlobalExam Blog","description":"Le blog du sp\u00e9cialiste de la certification linguistique","potentialAction":[{"@type":"SearchAction","target":{"@type":"EntryPoint","urlTemplate":"https:\/\/global-exam.com\/blog\/?s={search_term_string}"},"query-input":"required name=search_term_string"}],"inLanguage":"fr-FR"},{"@type":"WebPage","@id":"https:\/\/global-exam.com\/blog\/es\/examenes\/bright-deutsch\/categoria-instrucciones-bright-deutsch\/#webpage","url":"https:\/\/global-exam.com\/blog\/es\/examenes\/bright-deutsch\/categoria-instrucciones-bright-deutsch\/","name":"Instrucciones \u2013 BRIGHT Deutsch","isPartOf":{"@id":"https:\/\/global-exam.com\/blog\/#website"},"datePublished":"2021-12-14T11:05:50+00:00","dateModified":"2022-06-27T14:43:56+00:00","breadcrumb":{"@id":"https:\/\/global-exam.com\/blog\/es\/examenes\/bright-deutsch\/categoria-instrucciones-bright-deutsch\/#breadcrumb"},"inLanguage":"fr-FR","potentialAction":[{"@type":"ReadAction","target":["https:\/\/global-exam.com\/blog\/es\/examenes\/bright-deutsch\/categoria-instrucciones-bright-deutsch\/"]}]},{"@type":"BreadcrumbList","@id":"https:\/\/global-exam.com\/blog\/es\/examenes\/bright-deutsch\/categoria-instrucciones-bright-deutsch\/#breadcrumb","itemListElement":[{"@type":"ListItem","position":1,"name":"Ex\u00e1menes de idioma","item":"https:\/\/global-exam.com\/blog\/es\/examenes\/"},{"@type":"ListItem","position":2,"name":"BRIGHT Deutsch","item":"https:\/\/global-exam.com\/blog\/es\/examenes\/bright-deutsch\/"},{"@type":"ListItem","position":3,"name":"Instrucciones \u2013 BRIGHT Deutsch"}]}]}},"lang":"es","translations":{"es":70619},"pll_sync_post":[],"_links":{"self":[{"href":"https:\/\/global-exam.com\/blog\/wp-json\/wp\/v2\/pages\/70619"}],"collection":[{"href":"https:\/\/global-exam.com\/blog\/wp-json\/wp\/v2\/pages"}],"about":[{"href":"https:\/\/global-exam.com\/blog\/wp-json\/wp\/v2\/types\/page"}],"author":[{"embeddable":true,"href":"https:\/\/global-exam.com\/blog\/wp-json\/wp\/v2\/users\/24"}],"replies":[{"embeddable":true,"href":"https:\/\/global-exam.com\/blog\/wp-json\/wp\/v2\/comments?post=70619"}],"version-history":[{"count":3,"href":"https:\/\/global-exam.com\/blog\/wp-json\/wp\/v2\/pages\/70619\/revisions"}],"predecessor-version":[{"id":76582,"href":"https:\/\/global-exam.com\/blog\/wp-json\/wp\/v2\/pages\/70619\/revisions\/76582"}],"up":[{"embeddable":true,"href":"https:\/\/global-exam.com\/blog\/wp-json\/wp\/v2\/pages\/18655"}],"wp:attachment":[{"href":"https:\/\/global-exam.com\/blog\/wp-json\/wp\/v2\/media?parent=70619"}],"curies":[{"name":"wp","href":"https:\/\/api.w.org\/{rel}","templated":true}]}}