{"id":70622,"date":"2021-12-14T12:07:27","date_gmt":"2021-12-14T11:07:27","guid":{"rendered":"https:\/\/global-exam.com\/blog\/?page_id=70622"},"modified":"2022-06-27T16:43:55","modified_gmt":"2022-06-27T14:43:55","slug":"categoria-obten-un-buen-puntaje-al-bright-deutsch","status":"publish","type":"page","link":"https:\/\/global-exam.com\/blog\/es\/examenes\/bright-deutsch\/categoria-obten-un-buen-puntaje-al-bright-deutsch\/","title":{"rendered":"Obt\u00e9n un buen puntaje al BRIGHT Deutsch"},"content":{"rendered":"<p>El Marco Com\u00fan Europeo de Referencia para las lenguas ofrece un\u00a0<strong>est\u00e1ndar en cuanto al nivel de lenguas de los estudiantes a nivel internacional<\/strong>, y ofrece una base com\u00fan para la elaboraci\u00f3n de programas, manuales y ex\u00e1menes.<\/p>\n<p>Este marco presenta concretamente\u00a0<strong>6 niveles<\/strong>\u00a0(A1, A2, B1, B2, C1, C2), y cada uno de ellos corresponde a un nivel de dominio del idioma, y una serie de competencias, respecto a la capacidad para\u00a0<strong>escribir, hablar, comprender un texto<\/strong>\u00a0o un documento audio, tal y como ver\u00e1s descrito en esta secci\u00f3n.<\/p>\n<p>Los resultados obtenidos en el\u00a0 BRIGHT DEUTSCH van de una escala de\u00a0 de\u00a0<strong>0 a 5 puntos<\/strong>, es decir, 0 para un nivel de principiante y 5 para un nivel biling\u00fce y encuentran su correspondencia con los niveles definidos en el MCER (Marco Com\u00fan Europeo de Referencia para las Lenguas), como veremos en esta secci\u00f3n.<\/p>\n<p>La prueba se realiza completamente\u00a0<strong>en l\u00ednea<\/strong>. Cada candidato accede a la interfaz de prueba a trav\u00e9s de sus identificadores personalizados recibidos por correo electr\u00f3nico. Una vez que se completa la prueba, un informe, descargable en PDF, indica los resultados en una escala de 0 a 5.<\/p>\n<p>En este apartado te mostramos la\u00a0<strong>puntuaci\u00f3n requerida\u00a0 para obtener cada nivel del MCER<\/strong>\u00a0seg\u00fan la escala BRIGHT, y las posibilidades de nuestra plataforma, con m\u00faltiples herramientas para preparar tu test de manera eficaz, en condiciones reales de examen, y un seguimiento individualizado.<\/p>\n<p>An\u00edmate a probar nuestra cuenta gratuita, sin compromiso, y atr\u00e9vete a brillar con tus excelentes resultados.<\/p>\n","protected":false},"excerpt":{"rendered":"<p>El Marco Com\u00fan Europeo de Referencia para las lenguas ofrece un\u00a0est\u00e1ndar en cuanto al nivel de lenguas de los estudiantes a nivel [&hellip;]<\/p>\n","protected":false},"author":24,"featured_media":0,"parent":18655,"menu_order":0,"comment_status":"closed","ping_status":"closed","template":"","meta":[],"acf":[],"yoast_head":"<!-- This site is optimized with the Yoast SEO plugin v17.2.1 - https:\/\/yoast.com\/wordpress\/plugins\/seo\/ -->\n<title>Obt\u00e9n un buen puntaje al BRIGHT Deutsch<\/title>\n<meta name=\"robots\" content=\"index, follow, max-snippet:-1, max-image-preview:large, max-video-preview:-1\" \/>\n<link rel=\"canonical\" href=\"https:\/\/global-exam.com\/blog\/es\/examenes\/bright-deutsch\/categoria-obten-un-buen-puntaje-al-bright-deutsch\/\" \/>\n<meta property=\"og:locale\" content=\"fr_FR\" \/>\n<meta property=\"og:type\" content=\"article\" \/>\n<meta property=\"og:title\" content=\"Obt\u00e9n un buen puntaje al BRIGHT Deutsch\" \/>\n<meta property=\"og:description\" content=\"El Marco Com\u00fan Europeo de Referencia para las lenguas ofrece un\u00a0est\u00e1ndar en cuanto al nivel de lenguas de los estudiantes a nivel [&hellip;]\" \/>\n<meta property=\"og:url\" content=\"https:\/\/global-exam.com\/blog\/es\/examenes\/bright-deutsch\/categoria-obten-un-buen-puntaje-al-bright-deutsch\/\" \/>\n<meta property=\"og:site_name\" content=\"GlobalExam Blog\" \/>\n<meta property=\"article:publisher\" content=\"https:\/\/www.facebook.com\/Global.Exam\" \/>\n<meta property=\"article:modified_time\" content=\"2022-06-27T14:43:55+00:00\" \/>\n<meta name=\"twitter:card\" content=\"summary_large_image\" \/>\n<meta name=\"twitter:site\" content=\"@Global_Exam\" \/>\n<meta name=\"twitter:label1\" content=\"Dur\u00e9e de lecture estim\u00e9e\" \/>\n\t<meta name=\"twitter:data1\" content=\"1 minute\" \/>\n<script type=\"application\/ld+json\" class=\"yoast-schema-graph\">{\"@context\":\"https:\/\/schema.org\",\"@graph\":[{\"@type\":\"WebSite\",\"@id\":\"https:\/\/global-exam.com\/blog\/#website\",\"url\":\"https:\/\/global-exam.com\/blog\/\",\"name\":\"GlobalExam Blog\",\"description\":\"Le blog du sp\\u00e9cialiste de la certification linguistique\",\"potentialAction\":[{\"@type\":\"SearchAction\",\"target\":{\"@type\":\"EntryPoint\",\"urlTemplate\":\"https:\/\/global-exam.com\/blog\/?s={search_term_string}\"},\"query-input\":\"required name=search_term_string\"}],\"inLanguage\":\"fr-FR\"},{\"@type\":\"WebPage\",\"@id\":\"https:\/\/global-exam.com\/blog\/es\/examenes\/bright-deutsch\/categoria-obten-un-buen-puntaje-al-bright-deutsch\/#webpage\",\"url\":\"https:\/\/global-exam.com\/blog\/es\/examenes\/bright-deutsch\/categoria-obten-un-buen-puntaje-al-bright-deutsch\/\",\"name\":\"Obt\\u00e9n un buen puntaje al BRIGHT Deutsch\",\"isPartOf\":{\"@id\":\"https:\/\/global-exam.com\/blog\/#website\"},\"datePublished\":\"2021-12-14T11:07:27+00:00\",\"dateModified\":\"2022-06-27T14:43:55+00:00\",\"breadcrumb\":{\"@id\":\"https:\/\/global-exam.com\/blog\/es\/examenes\/bright-deutsch\/categoria-obten-un-buen-puntaje-al-bright-deutsch\/#breadcrumb\"},\"inLanguage\":\"fr-FR\",\"potentialAction\":[{\"@type\":\"ReadAction\",\"target\":[\"https:\/\/global-exam.com\/blog\/es\/examenes\/bright-deutsch\/categoria-obten-un-buen-puntaje-al-bright-deutsch\/\"]}]},{\"@type\":\"BreadcrumbList\",\"@id\":\"https:\/\/global-exam.com\/blog\/es\/examenes\/bright-deutsch\/categoria-obten-un-buen-puntaje-al-bright-deutsch\/#breadcrumb\",\"itemListElement\":[{\"@type\":\"ListItem\",\"position\":1,\"name\":\"Ex\\u00e1menes de idioma\",\"item\":\"https:\/\/global-exam.com\/blog\/es\/examenes\/\"},{\"@type\":\"ListItem\",\"position\":2,\"name\":\"BRIGHT Deutsch\",\"item\":\"https:\/\/global-exam.com\/blog\/es\/examenes\/bright-deutsch\/\"},{\"@type\":\"ListItem\",\"position\":3,\"name\":\"Obt\\u00e9n un buen puntaje al BRIGHT Deutsch\"}]}]}<\/script>\n<!-- \/ Yoast SEO plugin. -->","yoast_head_json":{"title":"Obt\u00e9n un buen puntaje al BRIGHT Deutsch","robots":{"index":"index","follow":"follow","max-snippet":"max-snippet:-1","max-image-preview":"max-image-preview:large","max-video-preview":"max-video-preview:-1"},"canonical":"https:\/\/global-exam.com\/blog\/es\/examenes\/bright-deutsch\/categoria-obten-un-buen-puntaje-al-bright-deutsch\/","og_locale":"fr_FR","og_type":"article","og_title":"Obt\u00e9n un buen puntaje al BRIGHT Deutsch","og_description":"El Marco Com\u00fan Europeo de Referencia para las lenguas ofrece un\u00a0est\u00e1ndar en cuanto al nivel de lenguas de los estudiantes a nivel [&hellip;]","og_url":"https:\/\/global-exam.com\/blog\/es\/examenes\/bright-deutsch\/categoria-obten-un-buen-puntaje-al-bright-deutsch\/","og_site_name":"GlobalExam Blog","article_publisher":"https:\/\/www.facebook.com\/Global.Exam","article_modified_time":"2022-06-27T14:43:55+00:00","twitter_card":"summary_large_image","twitter_site":"@Global_Exam","twitter_misc":{"Dur\u00e9e de lecture estim\u00e9e":"1 minute"},"schema":{"@context":"https:\/\/schema.org","@graph":[{"@type":"WebSite","@id":"https:\/\/global-exam.com\/blog\/#website","url":"https:\/\/global-exam.com\/blog\/","name":"GlobalExam Blog","description":"Le blog du sp\u00e9cialiste de la certification linguistique","potentialAction":[{"@type":"SearchAction","target":{"@type":"EntryPoint","urlTemplate":"https:\/\/global-exam.com\/blog\/?s={search_term_string}"},"query-input":"required name=search_term_string"}],"inLanguage":"fr-FR"},{"@type":"WebPage","@id":"https:\/\/global-exam.com\/blog\/es\/examenes\/bright-deutsch\/categoria-obten-un-buen-puntaje-al-bright-deutsch\/#webpage","url":"https:\/\/global-exam.com\/blog\/es\/examenes\/bright-deutsch\/categoria-obten-un-buen-puntaje-al-bright-deutsch\/","name":"Obt\u00e9n un buen puntaje al BRIGHT Deutsch","isPartOf":{"@id":"https:\/\/global-exam.com\/blog\/#website"},"datePublished":"2021-12-14T11:07:27+00:00","dateModified":"2022-06-27T14:43:55+00:00","breadcrumb":{"@id":"https:\/\/global-exam.com\/blog\/es\/examenes\/bright-deutsch\/categoria-obten-un-buen-puntaje-al-bright-deutsch\/#breadcrumb"},"inLanguage":"fr-FR","potentialAction":[{"@type":"ReadAction","target":["https:\/\/global-exam.com\/blog\/es\/examenes\/bright-deutsch\/categoria-obten-un-buen-puntaje-al-bright-deutsch\/"]}]},{"@type":"BreadcrumbList","@id":"https:\/\/global-exam.com\/blog\/es\/examenes\/bright-deutsch\/categoria-obten-un-buen-puntaje-al-bright-deutsch\/#breadcrumb","itemListElement":[{"@type":"ListItem","position":1,"name":"Ex\u00e1menes de idioma","item":"https:\/\/global-exam.com\/blog\/es\/examenes\/"},{"@type":"ListItem","position":2,"name":"BRIGHT Deutsch","item":"https:\/\/global-exam.com\/blog\/es\/examenes\/bright-deutsch\/"},{"@type":"ListItem","position":3,"name":"Obt\u00e9n un buen puntaje al BRIGHT Deutsch"}]}]}},"lang":"es","translations":{"es":70622},"pll_sync_post":[],"_links":{"self":[{"href":"https:\/\/global-exam.com\/blog\/wp-json\/wp\/v2\/pages\/70622"}],"collection":[{"href":"https:\/\/global-exam.com\/blog\/wp-json\/wp\/v2\/pages"}],"about":[{"href":"https:\/\/global-exam.com\/blog\/wp-json\/wp\/v2\/types\/page"}],"author":[{"embeddable":true,"href":"https:\/\/global-exam.com\/blog\/wp-json\/wp\/v2\/users\/24"}],"replies":[{"embeddable":true,"href":"https:\/\/global-exam.com\/blog\/wp-json\/wp\/v2\/comments?post=70622"}],"version-history":[{"count":3,"href":"https:\/\/global-exam.com\/blog\/wp-json\/wp\/v2\/pages\/70622\/revisions"}],"predecessor-version":[{"id":76581,"href":"https:\/\/global-exam.com\/blog\/wp-json\/wp\/v2\/pages\/70622\/revisions\/76581"}],"up":[{"embeddable":true,"href":"https:\/\/global-exam.com\/blog\/wp-json\/wp\/v2\/pages\/18655"}],"wp:attachment":[{"href":"https:\/\/global-exam.com\/blog\/wp-json\/wp\/v2\/media?parent=70622"}],"curies":[{"name":"wp","href":"https:\/\/api.w.org\/{rel}","templated":true}]}}