{"id":70629,"date":"2021-12-14T12:12:44","date_gmt":"2021-12-14T11:12:44","guid":{"rendered":"https:\/\/global-exam.com\/blog\/?page_id=70629"},"modified":"2022-06-27T16:43:53","modified_gmt":"2022-06-27T14:43:53","slug":"categoria-instrucciones-widaf","status":"publish","type":"page","link":"https:\/\/global-exam.com\/blog\/es\/examenes\/widaf\/categoria-instrucciones-widaf\/","title":{"rendered":"Instrucciones \u2013 WiDaF"},"content":{"rendered":"<p>El alem\u00e1n, est\u00e1 en auge, \u00bfLo sabias? La lengua alemana ha ido en aumento durante los \u00faltimos a\u00f1os, tanto en el campo del comercio, la exportaci\u00f3n e importaci\u00f3n, o el turismo.<\/p>\n<p>Si el ingl\u00e9s ya se considera un requisito a la hora de buscar un trabajo, el conocimiento de una lengua tan importante como el alem\u00e1n facilitar\u00e1 tu inserci\u00f3n en el mercado laboral.<\/p>\n<p>Esto explica la importancia del WIDAF, un t<strong>est enfocado al mundo laboral<\/strong>, que cubre vocabulario y gram\u00e1tica espec\u00edficos de diferentes sectores profesionales, as\u00ed como del lugar de trabajo.<\/p>\n<p>\u00bfEn qu\u00e9 consiste el examen?\u00a0 El WIDAF se presenta como\u00a0<strong>un cuestionario de opci\u00f3n m\u00faltiple<\/strong>\u00a0con un total de\u00a0<strong>150 preguntas<\/strong>\u00a0para evaluar el vocabulario y la gram\u00e1tica, la comprensi\u00f3n lectora y auditiva.<\/p>\n<p>Descubre en esta secci\u00f3n\u00a0<strong>el formato de la prueba, el tiempo de duraci\u00f3n, el tipo de ejercicios<\/strong>\u00a0y los\u00a0<strong>centros autorizados<\/strong>\u00a0para realizar el test.<\/p>\n<p>An\u00edmate a dar el paso y conocer las diferentes f\u00f3rmulas que te permitir\u00e1n prepararte de manera exitosa: ejercicios est\u00e1ndar, modelos de examen, correcciones detalladas, ex\u00e1menes simulados, hojas de gram\u00e1tica y vocabulario\u2026y por supuesto, un equipo docente dispuesto a seguirte hasta el final.\u00a0No te quedes atr\u00e1s: \u00a1s\u00edguenos!<\/p>\n","protected":false},"excerpt":{"rendered":"<p>El alem\u00e1n, est\u00e1 en auge, \u00bfLo sabias? La lengua alemana ha ido en aumento durante los \u00faltimos a\u00f1os, tanto en el campo [&hellip;]<\/p>\n","protected":false},"author":24,"featured_media":0,"parent":18688,"menu_order":0,"comment_status":"closed","ping_status":"closed","template":"","meta":[],"acf":[],"yoast_head":"<!-- This site is optimized with the Yoast SEO plugin v17.2.1 - https:\/\/yoast.com\/wordpress\/plugins\/seo\/ -->\n<title>Instrucciones \u2013 WiDaF<\/title>\n<meta name=\"robots\" content=\"index, follow, max-snippet:-1, max-image-preview:large, max-video-preview:-1\" \/>\n<link rel=\"canonical\" href=\"https:\/\/global-exam.com\/blog\/es\/examenes\/widaf\/categoria-instrucciones-widaf\/\" \/>\n<meta property=\"og:locale\" content=\"fr_FR\" \/>\n<meta property=\"og:type\" content=\"article\" \/>\n<meta property=\"og:title\" content=\"Instrucciones \u2013 WiDaF\" \/>\n<meta property=\"og:description\" content=\"El alem\u00e1n, est\u00e1 en auge, \u00bfLo sabias? La lengua alemana ha ido en aumento durante los \u00faltimos a\u00f1os, tanto en el campo [&hellip;]\" \/>\n<meta property=\"og:url\" content=\"https:\/\/global-exam.com\/blog\/es\/examenes\/widaf\/categoria-instrucciones-widaf\/\" \/>\n<meta property=\"og:site_name\" content=\"GlobalExam Blog\" \/>\n<meta property=\"article:publisher\" content=\"https:\/\/www.facebook.com\/Global.Exam\" \/>\n<meta property=\"article:modified_time\" content=\"2022-06-27T14:43:53+00:00\" \/>\n<meta name=\"twitter:card\" content=\"summary_large_image\" \/>\n<meta name=\"twitter:site\" content=\"@Global_Exam\" \/>\n<meta name=\"twitter:label1\" content=\"Dur\u00e9e de lecture estim\u00e9e\" \/>\n\t<meta name=\"twitter:data1\" content=\"1 minute\" \/>\n<script type=\"application\/ld+json\" class=\"yoast-schema-graph\">{\"@context\":\"https:\/\/schema.org\",\"@graph\":[{\"@type\":\"WebSite\",\"@id\":\"https:\/\/global-exam.com\/blog\/#website\",\"url\":\"https:\/\/global-exam.com\/blog\/\",\"name\":\"GlobalExam Blog\",\"description\":\"Le blog du sp\\u00e9cialiste de la certification linguistique\",\"potentialAction\":[{\"@type\":\"SearchAction\",\"target\":{\"@type\":\"EntryPoint\",\"urlTemplate\":\"https:\/\/global-exam.com\/blog\/?s={search_term_string}\"},\"query-input\":\"required name=search_term_string\"}],\"inLanguage\":\"fr-FR\"},{\"@type\":\"WebPage\",\"@id\":\"https:\/\/global-exam.com\/blog\/es\/examenes\/widaf\/categoria-instrucciones-widaf\/#webpage\",\"url\":\"https:\/\/global-exam.com\/blog\/es\/examenes\/widaf\/categoria-instrucciones-widaf\/\",\"name\":\"Instrucciones \\u2013 WiDaF\",\"isPartOf\":{\"@id\":\"https:\/\/global-exam.com\/blog\/#website\"},\"datePublished\":\"2021-12-14T11:12:44+00:00\",\"dateModified\":\"2022-06-27T14:43:53+00:00\",\"breadcrumb\":{\"@id\":\"https:\/\/global-exam.com\/blog\/es\/examenes\/widaf\/categoria-instrucciones-widaf\/#breadcrumb\"},\"inLanguage\":\"fr-FR\",\"potentialAction\":[{\"@type\":\"ReadAction\",\"target\":[\"https:\/\/global-exam.com\/blog\/es\/examenes\/widaf\/categoria-instrucciones-widaf\/\"]}]},{\"@type\":\"BreadcrumbList\",\"@id\":\"https:\/\/global-exam.com\/blog\/es\/examenes\/widaf\/categoria-instrucciones-widaf\/#breadcrumb\",\"itemListElement\":[{\"@type\":\"ListItem\",\"position\":1,\"name\":\"Ex\\u00e1menes de idioma\",\"item\":\"https:\/\/global-exam.com\/blog\/es\/examenes\/\"},{\"@type\":\"ListItem\",\"position\":2,\"name\":\"WiDaF\",\"item\":\"https:\/\/global-exam.com\/blog\/es\/examenes\/widaf\/\"},{\"@type\":\"ListItem\",\"position\":3,\"name\":\"Instrucciones \\u2013 WiDaF\"}]}]}<\/script>\n<!-- \/ Yoast SEO plugin. -->","yoast_head_json":{"title":"Instrucciones \u2013 WiDaF","robots":{"index":"index","follow":"follow","max-snippet":"max-snippet:-1","max-image-preview":"max-image-preview:large","max-video-preview":"max-video-preview:-1"},"canonical":"https:\/\/global-exam.com\/blog\/es\/examenes\/widaf\/categoria-instrucciones-widaf\/","og_locale":"fr_FR","og_type":"article","og_title":"Instrucciones \u2013 WiDaF","og_description":"El alem\u00e1n, est\u00e1 en auge, \u00bfLo sabias? La lengua alemana ha ido en aumento durante los \u00faltimos a\u00f1os, tanto en el campo [&hellip;]","og_url":"https:\/\/global-exam.com\/blog\/es\/examenes\/widaf\/categoria-instrucciones-widaf\/","og_site_name":"GlobalExam Blog","article_publisher":"https:\/\/www.facebook.com\/Global.Exam","article_modified_time":"2022-06-27T14:43:53+00:00","twitter_card":"summary_large_image","twitter_site":"@Global_Exam","twitter_misc":{"Dur\u00e9e de lecture estim\u00e9e":"1 minute"},"schema":{"@context":"https:\/\/schema.org","@graph":[{"@type":"WebSite","@id":"https:\/\/global-exam.com\/blog\/#website","url":"https:\/\/global-exam.com\/blog\/","name":"GlobalExam Blog","description":"Le blog du sp\u00e9cialiste de la certification linguistique","potentialAction":[{"@type":"SearchAction","target":{"@type":"EntryPoint","urlTemplate":"https:\/\/global-exam.com\/blog\/?s={search_term_string}"},"query-input":"required name=search_term_string"}],"inLanguage":"fr-FR"},{"@type":"WebPage","@id":"https:\/\/global-exam.com\/blog\/es\/examenes\/widaf\/categoria-instrucciones-widaf\/#webpage","url":"https:\/\/global-exam.com\/blog\/es\/examenes\/widaf\/categoria-instrucciones-widaf\/","name":"Instrucciones \u2013 WiDaF","isPartOf":{"@id":"https:\/\/global-exam.com\/blog\/#website"},"datePublished":"2021-12-14T11:12:44+00:00","dateModified":"2022-06-27T14:43:53+00:00","breadcrumb":{"@id":"https:\/\/global-exam.com\/blog\/es\/examenes\/widaf\/categoria-instrucciones-widaf\/#breadcrumb"},"inLanguage":"fr-FR","potentialAction":[{"@type":"ReadAction","target":["https:\/\/global-exam.com\/blog\/es\/examenes\/widaf\/categoria-instrucciones-widaf\/"]}]},{"@type":"BreadcrumbList","@id":"https:\/\/global-exam.com\/blog\/es\/examenes\/widaf\/categoria-instrucciones-widaf\/#breadcrumb","itemListElement":[{"@type":"ListItem","position":1,"name":"Ex\u00e1menes de idioma","item":"https:\/\/global-exam.com\/blog\/es\/examenes\/"},{"@type":"ListItem","position":2,"name":"WiDaF","item":"https:\/\/global-exam.com\/blog\/es\/examenes\/widaf\/"},{"@type":"ListItem","position":3,"name":"Instrucciones \u2013 WiDaF"}]}]}},"lang":"es","translations":{"es":70629},"pll_sync_post":[],"_links":{"self":[{"href":"https:\/\/global-exam.com\/blog\/wp-json\/wp\/v2\/pages\/70629"}],"collection":[{"href":"https:\/\/global-exam.com\/blog\/wp-json\/wp\/v2\/pages"}],"about":[{"href":"https:\/\/global-exam.com\/blog\/wp-json\/wp\/v2\/types\/page"}],"author":[{"embeddable":true,"href":"https:\/\/global-exam.com\/blog\/wp-json\/wp\/v2\/users\/24"}],"replies":[{"embeddable":true,"href":"https:\/\/global-exam.com\/blog\/wp-json\/wp\/v2\/comments?post=70629"}],"version-history":[{"count":3,"href":"https:\/\/global-exam.com\/blog\/wp-json\/wp\/v2\/pages\/70629\/revisions"}],"predecessor-version":[{"id":76579,"href":"https:\/\/global-exam.com\/blog\/wp-json\/wp\/v2\/pages\/70629\/revisions\/76579"}],"up":[{"embeddable":true,"href":"https:\/\/global-exam.com\/blog\/wp-json\/wp\/v2\/pages\/18688"}],"wp:attachment":[{"href":"https:\/\/global-exam.com\/blog\/wp-json\/wp\/v2\/media?parent=70629"}],"curies":[{"name":"wp","href":"https:\/\/api.w.org\/{rel}","templated":true}]}}