{"id":70632,"date":"2021-12-14T12:14:11","date_gmt":"2021-12-14T11:14:11","guid":{"rendered":"https:\/\/global-exam.com\/blog\/?page_id=70632"},"modified":"2022-06-27T16:43:53","modified_gmt":"2022-06-27T14:43:53","slug":"categoria-obten-un-buen-puntaje-al-widaf","status":"publish","type":"page","link":"https:\/\/global-exam.com\/blog\/es\/examenes\/widaf\/categoria-obten-un-buen-puntaje-al-widaf\/","title":{"rendered":"Obt\u00e9n un buen puntaje al WiDaF"},"content":{"rendered":"<p>\u00bfQu\u00e9 tal se te da el alem\u00e1n? \u00bfNecesitas demostrar tus conocimientos en este idioma?\u00a0\u00bfQuieres mejorar tus posibilidades de conseguir unas pr\u00e1cticas en Berl\u00edn o un trabajo en Z\u00farich?\u00a0\u00bfEst\u00e1s buscando a\u00f1adir valor a tu curr\u00edculum gracias a tus conocimientos de un idioma en auge?<\/p>\n<p>En esta secci\u00f3n te hablaremos del test WiDaf, ideado por la C\u00e1mara de Industria y Comercio Franco-Alemana con el fin de\u00a0<strong>responder a las necesidades de contrataci\u00f3n de muchas empresas.\u00a0<\/strong><\/p>\n<p>\u00bfQu\u00e9 demostrar\u00e1s con el test WiDaf? que eres\u00a0<strong>capaz de comunicarte en alem\u00e1n en un entorno laboral internacional<\/strong>. En efecto, el examen goza de cierta reputaci\u00f3n y se considera como la prueba de referencia para evaluar el nivel de alem\u00e1n en un contexto profesional.<\/p>\n<p>El examen WiDaf contiene\u00a0<strong>150 preguntas de tipo test de vocabulario<\/strong>,\u00a0<strong>gram\u00e1tica<\/strong>\u00a0y\u00a0<strong>comprensi\u00f3n oral<\/strong>. La puntuaci\u00f3n del test es entre 0 y 990. El puntaje obtenido, encuentra su equivalente en los diferentes niveles del MCER, desde el A2 al C2.<\/p>\n<p>Descubre en esta secci\u00f3n\u00a0<strong>la estructura del test y tipos de ejercicios<\/strong>, gracias a nuestros ex\u00e1menes modelo, ejercicios de entrenamiento y test simulados. Nuestra prueba en l\u00ednea gratuita te permitir\u00e1 conocer mejor este test, el sistema de puntaje, y su equivalente con los niveles del MCER.<\/p>\n<p>Entr\u00e9nate con nosotros: te ayudamos a alcanzar tus objetivos<\/p>\n","protected":false},"excerpt":{"rendered":"<p>\u00bfQu\u00e9 tal se te da el alem\u00e1n? \u00bfNecesitas demostrar tus conocimientos en este idioma?\u00a0\u00bfQuieres mejorar tus posibilidades de conseguir unas pr\u00e1cticas en [&hellip;]<\/p>\n","protected":false},"author":24,"featured_media":0,"parent":18688,"menu_order":0,"comment_status":"closed","ping_status":"closed","template":"","meta":[],"acf":[],"yoast_head":"<!-- This site is optimized with the Yoast SEO plugin v17.2.1 - https:\/\/yoast.com\/wordpress\/plugins\/seo\/ -->\n<title>Obt\u00e9n un buen puntaje al WiDaF<\/title>\n<meta name=\"robots\" content=\"index, follow, max-snippet:-1, max-image-preview:large, max-video-preview:-1\" \/>\n<link rel=\"canonical\" href=\"https:\/\/global-exam.com\/blog\/es\/examenes\/widaf\/categoria-obten-un-buen-puntaje-al-widaf\/\" \/>\n<meta property=\"og:locale\" content=\"fr_FR\" \/>\n<meta property=\"og:type\" content=\"article\" \/>\n<meta property=\"og:title\" content=\"Obt\u00e9n un buen puntaje al WiDaF\" \/>\n<meta property=\"og:description\" content=\"\u00bfQu\u00e9 tal se te da el alem\u00e1n? \u00bfNecesitas demostrar tus conocimientos en este idioma?\u00a0\u00bfQuieres mejorar tus posibilidades de conseguir unas pr\u00e1cticas en [&hellip;]\" \/>\n<meta property=\"og:url\" content=\"https:\/\/global-exam.com\/blog\/es\/examenes\/widaf\/categoria-obten-un-buen-puntaje-al-widaf\/\" \/>\n<meta property=\"og:site_name\" content=\"GlobalExam Blog\" \/>\n<meta property=\"article:publisher\" content=\"https:\/\/www.facebook.com\/Global.Exam\" \/>\n<meta property=\"article:modified_time\" content=\"2022-06-27T14:43:53+00:00\" \/>\n<meta name=\"twitter:card\" content=\"summary_large_image\" \/>\n<meta name=\"twitter:site\" content=\"@Global_Exam\" \/>\n<meta name=\"twitter:label1\" content=\"Dur\u00e9e de lecture estim\u00e9e\" \/>\n\t<meta name=\"twitter:data1\" content=\"1 minute\" \/>\n<script type=\"application\/ld+json\" class=\"yoast-schema-graph\">{\"@context\":\"https:\/\/schema.org\",\"@graph\":[{\"@type\":\"WebSite\",\"@id\":\"https:\/\/global-exam.com\/blog\/#website\",\"url\":\"https:\/\/global-exam.com\/blog\/\",\"name\":\"GlobalExam Blog\",\"description\":\"Le blog du sp\\u00e9cialiste de la certification linguistique\",\"potentialAction\":[{\"@type\":\"SearchAction\",\"target\":{\"@type\":\"EntryPoint\",\"urlTemplate\":\"https:\/\/global-exam.com\/blog\/?s={search_term_string}\"},\"query-input\":\"required name=search_term_string\"}],\"inLanguage\":\"fr-FR\"},{\"@type\":\"WebPage\",\"@id\":\"https:\/\/global-exam.com\/blog\/es\/examenes\/widaf\/categoria-obten-un-buen-puntaje-al-widaf\/#webpage\",\"url\":\"https:\/\/global-exam.com\/blog\/es\/examenes\/widaf\/categoria-obten-un-buen-puntaje-al-widaf\/\",\"name\":\"Obt\\u00e9n un buen puntaje al WiDaF\",\"isPartOf\":{\"@id\":\"https:\/\/global-exam.com\/blog\/#website\"},\"datePublished\":\"2021-12-14T11:14:11+00:00\",\"dateModified\":\"2022-06-27T14:43:53+00:00\",\"breadcrumb\":{\"@id\":\"https:\/\/global-exam.com\/blog\/es\/examenes\/widaf\/categoria-obten-un-buen-puntaje-al-widaf\/#breadcrumb\"},\"inLanguage\":\"fr-FR\",\"potentialAction\":[{\"@type\":\"ReadAction\",\"target\":[\"https:\/\/global-exam.com\/blog\/es\/examenes\/widaf\/categoria-obten-un-buen-puntaje-al-widaf\/\"]}]},{\"@type\":\"BreadcrumbList\",\"@id\":\"https:\/\/global-exam.com\/blog\/es\/examenes\/widaf\/categoria-obten-un-buen-puntaje-al-widaf\/#breadcrumb\",\"itemListElement\":[{\"@type\":\"ListItem\",\"position\":1,\"name\":\"Ex\\u00e1menes de idioma\",\"item\":\"https:\/\/global-exam.com\/blog\/es\/examenes\/\"},{\"@type\":\"ListItem\",\"position\":2,\"name\":\"WiDaF\",\"item\":\"https:\/\/global-exam.com\/blog\/es\/examenes\/widaf\/\"},{\"@type\":\"ListItem\",\"position\":3,\"name\":\"Obt\\u00e9n un buen puntaje al WiDaF\"}]}]}<\/script>\n<!-- \/ Yoast SEO plugin. -->","yoast_head_json":{"title":"Obt\u00e9n un buen puntaje al WiDaF","robots":{"index":"index","follow":"follow","max-snippet":"max-snippet:-1","max-image-preview":"max-image-preview:large","max-video-preview":"max-video-preview:-1"},"canonical":"https:\/\/global-exam.com\/blog\/es\/examenes\/widaf\/categoria-obten-un-buen-puntaje-al-widaf\/","og_locale":"fr_FR","og_type":"article","og_title":"Obt\u00e9n un buen puntaje al WiDaF","og_description":"\u00bfQu\u00e9 tal se te da el alem\u00e1n? \u00bfNecesitas demostrar tus conocimientos en este idioma?\u00a0\u00bfQuieres mejorar tus posibilidades de conseguir unas pr\u00e1cticas en [&hellip;]","og_url":"https:\/\/global-exam.com\/blog\/es\/examenes\/widaf\/categoria-obten-un-buen-puntaje-al-widaf\/","og_site_name":"GlobalExam Blog","article_publisher":"https:\/\/www.facebook.com\/Global.Exam","article_modified_time":"2022-06-27T14:43:53+00:00","twitter_card":"summary_large_image","twitter_site":"@Global_Exam","twitter_misc":{"Dur\u00e9e de lecture estim\u00e9e":"1 minute"},"schema":{"@context":"https:\/\/schema.org","@graph":[{"@type":"WebSite","@id":"https:\/\/global-exam.com\/blog\/#website","url":"https:\/\/global-exam.com\/blog\/","name":"GlobalExam Blog","description":"Le blog du sp\u00e9cialiste de la certification linguistique","potentialAction":[{"@type":"SearchAction","target":{"@type":"EntryPoint","urlTemplate":"https:\/\/global-exam.com\/blog\/?s={search_term_string}"},"query-input":"required name=search_term_string"}],"inLanguage":"fr-FR"},{"@type":"WebPage","@id":"https:\/\/global-exam.com\/blog\/es\/examenes\/widaf\/categoria-obten-un-buen-puntaje-al-widaf\/#webpage","url":"https:\/\/global-exam.com\/blog\/es\/examenes\/widaf\/categoria-obten-un-buen-puntaje-al-widaf\/","name":"Obt\u00e9n un buen puntaje al WiDaF","isPartOf":{"@id":"https:\/\/global-exam.com\/blog\/#website"},"datePublished":"2021-12-14T11:14:11+00:00","dateModified":"2022-06-27T14:43:53+00:00","breadcrumb":{"@id":"https:\/\/global-exam.com\/blog\/es\/examenes\/widaf\/categoria-obten-un-buen-puntaje-al-widaf\/#breadcrumb"},"inLanguage":"fr-FR","potentialAction":[{"@type":"ReadAction","target":["https:\/\/global-exam.com\/blog\/es\/examenes\/widaf\/categoria-obten-un-buen-puntaje-al-widaf\/"]}]},{"@type":"BreadcrumbList","@id":"https:\/\/global-exam.com\/blog\/es\/examenes\/widaf\/categoria-obten-un-buen-puntaje-al-widaf\/#breadcrumb","itemListElement":[{"@type":"ListItem","position":1,"name":"Ex\u00e1menes de idioma","item":"https:\/\/global-exam.com\/blog\/es\/examenes\/"},{"@type":"ListItem","position":2,"name":"WiDaF","item":"https:\/\/global-exam.com\/blog\/es\/examenes\/widaf\/"},{"@type":"ListItem","position":3,"name":"Obt\u00e9n un buen puntaje al WiDaF"}]}]}},"lang":"es","translations":{"es":70632},"pll_sync_post":[],"_links":{"self":[{"href":"https:\/\/global-exam.com\/blog\/wp-json\/wp\/v2\/pages\/70632"}],"collection":[{"href":"https:\/\/global-exam.com\/blog\/wp-json\/wp\/v2\/pages"}],"about":[{"href":"https:\/\/global-exam.com\/blog\/wp-json\/wp\/v2\/types\/page"}],"author":[{"embeddable":true,"href":"https:\/\/global-exam.com\/blog\/wp-json\/wp\/v2\/users\/24"}],"replies":[{"embeddable":true,"href":"https:\/\/global-exam.com\/blog\/wp-json\/wp\/v2\/comments?post=70632"}],"version-history":[{"count":3,"href":"https:\/\/global-exam.com\/blog\/wp-json\/wp\/v2\/pages\/70632\/revisions"}],"predecessor-version":[{"id":76578,"href":"https:\/\/global-exam.com\/blog\/wp-json\/wp\/v2\/pages\/70632\/revisions\/76578"}],"up":[{"embeddable":true,"href":"https:\/\/global-exam.com\/blog\/wp-json\/wp\/v2\/pages\/18688"}],"wp:attachment":[{"href":"https:\/\/global-exam.com\/blog\/wp-json\/wp\/v2\/media?parent=70632"}],"curies":[{"name":"wp","href":"https:\/\/api.w.org\/{rel}","templated":true}]}}