{"id":70635,"date":"2021-12-14T13:56:07","date_gmt":"2021-12-14T12:56:07","guid":{"rendered":"https:\/\/global-exam.com\/blog\/?page_id=70635"},"modified":"2022-06-27T16:43:52","modified_gmt":"2022-06-27T14:43:52","slug":"categoria-introduccion-al-hsk","status":"publish","type":"page","link":"https:\/\/global-exam.com\/blog\/es\/examenes\/hsk\/categoria-introduccion-al-hsk\/","title":{"rendered":"Introducci\u00f3n al HSK"},"content":{"rendered":"<p>La fascinaci\u00f3n por el mundo oriental no es nueva. Tal vez t\u00fa tambi\u00e9n formas parte de los atra\u00eddos por este universo cultural, y est\u00e1s aprendiendo o deseas aprender chino . Cualquier raz\u00f3n, personal o profesional, es v\u00e1lida.<\/p>\n<p>Tu viaje comienza en esta secci\u00f3n, en la que\u00a0<strong>te hablamos del examen HSK<\/strong>\u00a0(abreviatura de Hanyu Shuiping Kaoshi \u2013 Examen de Nivel de Chino), la prueba oficial y estandarizada, destinada a quienes desean obtener un certificado que les permita\u00a0<strong>acreditar su nivel de conocimientos de chino mandar\u00edn.<\/strong><\/p>\n<p>Si quieres\u00a0<strong>estudiar o trabajar en el pa\u00eds asi\u00e1tico<\/strong>, el HSK va a marcar la diferencia, ya que est\u00e1 reconocido por las instituciones, organismos y empresas que exigen el dominio del chino como condici\u00f3n para entrar en una universidad o contratar a sus empleados.<\/p>\n<p>Desde 2009, el HSK se estructura en\u00a0<strong>6 niveles<\/strong>. Para cada uno de ellos, se deben dominar las habilidades ling\u00fc\u00edsticas y una serie de caracteres.\u00a0Toma nota: el HSK no se aprueba, sino que se valida el nivel escogido de antemano.<\/p>\n<p>Descubre en esta secci\u00f3n las\u00a0<strong>especificidades de cada prueba de nivel<\/strong>, el puntaje exigido para obtenerlo y los centros y tr\u00e1mites necesarios para pasar el examen.<\/p>\n<p>Adem\u00e1s de todas estas informaciones, nuestra plataforma te ofrece la\u00a0<strong>posibilidad de entrenarte en l\u00ednea<\/strong>\u00a0gracias a diversos ejercicios, respuestas, correcciones y hojas explicativas, dise\u00f1adas por profesores especializados en certificaciones.<\/p>\n<p>Descubre nuestra oferta freemium, para\u00a0<strong>conocer tu nivel y entrenarte de forma gratuita.\u00a0<\/strong>\u00a1S\u00edguenos!: empieza tu aventura oriental.<\/p>\n","protected":false},"excerpt":{"rendered":"<p>La fascinaci\u00f3n por el mundo oriental no es nueva. Tal vez t\u00fa tambi\u00e9n formas parte de los atra\u00eddos por este universo cultural, [&hellip;]<\/p>\n","protected":false},"author":24,"featured_media":0,"parent":18699,"menu_order":0,"comment_status":"closed","ping_status":"closed","template":"","meta":[],"acf":[],"yoast_head":"<!-- This site is optimized with the Yoast SEO plugin v17.2.1 - https:\/\/yoast.com\/wordpress\/plugins\/seo\/ -->\n<title>Introducci\u00f3n al HSK<\/title>\n<meta name=\"robots\" content=\"index, follow, max-snippet:-1, max-image-preview:large, max-video-preview:-1\" \/>\n<link rel=\"canonical\" href=\"https:\/\/global-exam.com\/blog\/es\/examenes\/hsk\/categoria-introduccion-al-hsk\/\" \/>\n<meta property=\"og:locale\" content=\"fr_FR\" \/>\n<meta property=\"og:type\" content=\"article\" \/>\n<meta property=\"og:title\" content=\"Introducci\u00f3n al HSK\" \/>\n<meta property=\"og:description\" content=\"La fascinaci\u00f3n por el mundo oriental no es nueva. Tal vez t\u00fa tambi\u00e9n formas parte de los atra\u00eddos por este universo cultural, [&hellip;]\" \/>\n<meta property=\"og:url\" content=\"https:\/\/global-exam.com\/blog\/es\/examenes\/hsk\/categoria-introduccion-al-hsk\/\" \/>\n<meta property=\"og:site_name\" content=\"GlobalExam Blog\" \/>\n<meta property=\"article:publisher\" content=\"https:\/\/www.facebook.com\/Global.Exam\" \/>\n<meta property=\"article:modified_time\" content=\"2022-06-27T14:43:52+00:00\" \/>\n<meta name=\"twitter:card\" content=\"summary_large_image\" \/>\n<meta name=\"twitter:site\" content=\"@Global_Exam\" \/>\n<meta name=\"twitter:label1\" content=\"Dur\u00e9e de lecture estim\u00e9e\" \/>\n\t<meta name=\"twitter:data1\" content=\"1 minute\" \/>\n<script type=\"application\/ld+json\" class=\"yoast-schema-graph\">{\"@context\":\"https:\/\/schema.org\",\"@graph\":[{\"@type\":\"WebSite\",\"@id\":\"https:\/\/global-exam.com\/blog\/#website\",\"url\":\"https:\/\/global-exam.com\/blog\/\",\"name\":\"GlobalExam Blog\",\"description\":\"Le blog du sp\\u00e9cialiste de la certification linguistique\",\"potentialAction\":[{\"@type\":\"SearchAction\",\"target\":{\"@type\":\"EntryPoint\",\"urlTemplate\":\"https:\/\/global-exam.com\/blog\/?s={search_term_string}\"},\"query-input\":\"required name=search_term_string\"}],\"inLanguage\":\"fr-FR\"},{\"@type\":\"WebPage\",\"@id\":\"https:\/\/global-exam.com\/blog\/es\/examenes\/hsk\/categoria-introduccion-al-hsk\/#webpage\",\"url\":\"https:\/\/global-exam.com\/blog\/es\/examenes\/hsk\/categoria-introduccion-al-hsk\/\",\"name\":\"Introducci\\u00f3n al HSK\",\"isPartOf\":{\"@id\":\"https:\/\/global-exam.com\/blog\/#website\"},\"datePublished\":\"2021-12-14T12:56:07+00:00\",\"dateModified\":\"2022-06-27T14:43:52+00:00\",\"breadcrumb\":{\"@id\":\"https:\/\/global-exam.com\/blog\/es\/examenes\/hsk\/categoria-introduccion-al-hsk\/#breadcrumb\"},\"inLanguage\":\"fr-FR\",\"potentialAction\":[{\"@type\":\"ReadAction\",\"target\":[\"https:\/\/global-exam.com\/blog\/es\/examenes\/hsk\/categoria-introduccion-al-hsk\/\"]}]},{\"@type\":\"BreadcrumbList\",\"@id\":\"https:\/\/global-exam.com\/blog\/es\/examenes\/hsk\/categoria-introduccion-al-hsk\/#breadcrumb\",\"itemListElement\":[{\"@type\":\"ListItem\",\"position\":1,\"name\":\"Ex\\u00e1menes de idioma\",\"item\":\"https:\/\/global-exam.com\/blog\/es\/examenes\/\"},{\"@type\":\"ListItem\",\"position\":2,\"name\":\"HSK\",\"item\":\"https:\/\/global-exam.com\/blog\/es\/examenes\/hsk\/\"},{\"@type\":\"ListItem\",\"position\":3,\"name\":\"Introducci\\u00f3n al HSK\"}]}]}<\/script>\n<!-- \/ Yoast SEO plugin. -->","yoast_head_json":{"title":"Introducci\u00f3n al HSK","robots":{"index":"index","follow":"follow","max-snippet":"max-snippet:-1","max-image-preview":"max-image-preview:large","max-video-preview":"max-video-preview:-1"},"canonical":"https:\/\/global-exam.com\/blog\/es\/examenes\/hsk\/categoria-introduccion-al-hsk\/","og_locale":"fr_FR","og_type":"article","og_title":"Introducci\u00f3n al HSK","og_description":"La fascinaci\u00f3n por el mundo oriental no es nueva. Tal vez t\u00fa tambi\u00e9n formas parte de los atra\u00eddos por este universo cultural, [&hellip;]","og_url":"https:\/\/global-exam.com\/blog\/es\/examenes\/hsk\/categoria-introduccion-al-hsk\/","og_site_name":"GlobalExam Blog","article_publisher":"https:\/\/www.facebook.com\/Global.Exam","article_modified_time":"2022-06-27T14:43:52+00:00","twitter_card":"summary_large_image","twitter_site":"@Global_Exam","twitter_misc":{"Dur\u00e9e de lecture estim\u00e9e":"1 minute"},"schema":{"@context":"https:\/\/schema.org","@graph":[{"@type":"WebSite","@id":"https:\/\/global-exam.com\/blog\/#website","url":"https:\/\/global-exam.com\/blog\/","name":"GlobalExam Blog","description":"Le blog du sp\u00e9cialiste de la certification linguistique","potentialAction":[{"@type":"SearchAction","target":{"@type":"EntryPoint","urlTemplate":"https:\/\/global-exam.com\/blog\/?s={search_term_string}"},"query-input":"required name=search_term_string"}],"inLanguage":"fr-FR"},{"@type":"WebPage","@id":"https:\/\/global-exam.com\/blog\/es\/examenes\/hsk\/categoria-introduccion-al-hsk\/#webpage","url":"https:\/\/global-exam.com\/blog\/es\/examenes\/hsk\/categoria-introduccion-al-hsk\/","name":"Introducci\u00f3n al HSK","isPartOf":{"@id":"https:\/\/global-exam.com\/blog\/#website"},"datePublished":"2021-12-14T12:56:07+00:00","dateModified":"2022-06-27T14:43:52+00:00","breadcrumb":{"@id":"https:\/\/global-exam.com\/blog\/es\/examenes\/hsk\/categoria-introduccion-al-hsk\/#breadcrumb"},"inLanguage":"fr-FR","potentialAction":[{"@type":"ReadAction","target":["https:\/\/global-exam.com\/blog\/es\/examenes\/hsk\/categoria-introduccion-al-hsk\/"]}]},{"@type":"BreadcrumbList","@id":"https:\/\/global-exam.com\/blog\/es\/examenes\/hsk\/categoria-introduccion-al-hsk\/#breadcrumb","itemListElement":[{"@type":"ListItem","position":1,"name":"Ex\u00e1menes de idioma","item":"https:\/\/global-exam.com\/blog\/es\/examenes\/"},{"@type":"ListItem","position":2,"name":"HSK","item":"https:\/\/global-exam.com\/blog\/es\/examenes\/hsk\/"},{"@type":"ListItem","position":3,"name":"Introducci\u00f3n al HSK"}]}]}},"lang":"es","translations":{"es":70635},"pll_sync_post":[],"_links":{"self":[{"href":"https:\/\/global-exam.com\/blog\/wp-json\/wp\/v2\/pages\/70635"}],"collection":[{"href":"https:\/\/global-exam.com\/blog\/wp-json\/wp\/v2\/pages"}],"about":[{"href":"https:\/\/global-exam.com\/blog\/wp-json\/wp\/v2\/types\/page"}],"author":[{"embeddable":true,"href":"https:\/\/global-exam.com\/blog\/wp-json\/wp\/v2\/users\/24"}],"replies":[{"embeddable":true,"href":"https:\/\/global-exam.com\/blog\/wp-json\/wp\/v2\/comments?post=70635"}],"version-history":[{"count":3,"href":"https:\/\/global-exam.com\/blog\/wp-json\/wp\/v2\/pages\/70635\/revisions"}],"predecessor-version":[{"id":76577,"href":"https:\/\/global-exam.com\/blog\/wp-json\/wp\/v2\/pages\/70635\/revisions\/76577"}],"up":[{"embeddable":true,"href":"https:\/\/global-exam.com\/blog\/wp-json\/wp\/v2\/pages\/18699"}],"wp:attachment":[{"href":"https:\/\/global-exam.com\/blog\/wp-json\/wp\/v2\/media?parent=70635"}],"curies":[{"name":"wp","href":"https:\/\/api.w.org\/{rel}","templated":true}]}}