{"id":70638,"date":"2021-12-14T13:58:02","date_gmt":"2021-12-14T12:58:02","guid":{"rendered":"https:\/\/global-exam.com\/blog\/?page_id=70638"},"modified":"2022-06-27T16:43:52","modified_gmt":"2022-06-27T14:43:52","slug":"categoria-instrucciones-hsk","status":"publish","type":"page","link":"https:\/\/global-exam.com\/blog\/es\/examenes\/hsk\/categoria-instrucciones-hsk\/","title":{"rendered":"Instrucciones \u2013 HSK"},"content":{"rendered":"<p>\u00bfSabes a qu\u00e9 corresponden las siglas HSK? El examen HSK (abreviatura de Hanyu Shuiping Kaoshi \u2013 Examen de Nivel de Chino) es la prueba oficial y estandarizada dise\u00f1ada y desarrollada por el Centro HSK de la Universidad de Lengua y Cultura de Beijing (ULCB).Esta prueba est\u00e1 destinada a quienes desean\u00a0<strong>obtener un certificado que les permita acreditar su nivel de conocimientos de chino<\/strong>.<\/p>\n<p>El HSK\u00a0<strong>se divide en 6 niveles<\/strong>: el HSK 1 es la prueba para principiantes y el HSK 6 para los m\u00e1s avanzados. El certificado expedido tiene una validez de dos a\u00f1os.<\/p>\n<p>\u00bfComo surge el certificado HSK? La nueva atracci\u00f3n por China explica la aparici\u00f3n de esta prueba oficial para el chino mandar\u00edn. El HSK todav\u00eda es poco conocido por el p\u00fablico en general, pero ya es reconocido como un est\u00e1ndar internacional para evaluar el nivel de mandar\u00edn.<\/p>\n<p>Tambi\u00e9n cada vez m\u00e1s universidades chinas crean intercambios bilaterales con universidades de todo el mundo y en los \u00faltimos a\u00f1os ha aumentado considerablemente el n\u00famero de estudiantes extranjeros en las universidades chinas. Si quieres ser uno de ellos, el HSK ser\u00e1 un valioso punto en tu expediente.<\/p>\n<p>\u00bfDeseas trabajar en China? El HSK es cada vez m\u00e1s valorado en los procesos de contrataci\u00f3n, y se ha convertido en una\u00a0<strong>prueba esencial para los ejecutivos que proyectan una expatriaci\u00f3n en China<\/strong>, o una evoluci\u00f3n de carrera relacionada con el continente asi\u00e1tico.\u00a0Es un hecho: cada vez m\u00e1s personas comienzan a aprender chino mandar\u00edn.\u00a0\u00bfFormas parte de ellas?<\/p>\n<p>Nuestra plataforma ofrece los recursos necesarios para<strong>\u00a0prepararte al HSK<\/strong>. Nuestra formaci\u00f3n tiene en cuenta el car\u00e1cter estandarizado de esta prueba y las dificultades que se presentan en cada nivel.\u00a0No te lo pienses, descubre nuestra prueba gratuita. \u00a1Tu viaje empieza ya!<\/p>\n","protected":false},"excerpt":{"rendered":"<p>\u00bfSabes a qu\u00e9 corresponden las siglas HSK? El examen HSK (abreviatura de Hanyu Shuiping Kaoshi \u2013 Examen de Nivel de Chino) es [&hellip;]<\/p>\n","protected":false},"author":24,"featured_media":0,"parent":18699,"menu_order":0,"comment_status":"closed","ping_status":"closed","template":"","meta":[],"acf":[],"yoast_head":"<!-- This site is optimized with the Yoast SEO plugin v17.2.1 - https:\/\/yoast.com\/wordpress\/plugins\/seo\/ -->\n<title>Instrucciones \u2013 HSK<\/title>\n<meta name=\"robots\" content=\"index, follow, max-snippet:-1, max-image-preview:large, max-video-preview:-1\" \/>\n<link rel=\"canonical\" href=\"https:\/\/global-exam.com\/blog\/es\/examenes\/hsk\/categoria-instrucciones-hsk\/\" \/>\n<meta property=\"og:locale\" content=\"fr_FR\" \/>\n<meta property=\"og:type\" content=\"article\" \/>\n<meta property=\"og:title\" content=\"Instrucciones \u2013 HSK\" \/>\n<meta property=\"og:description\" content=\"\u00bfSabes a qu\u00e9 corresponden las siglas HSK? El examen HSK (abreviatura de Hanyu Shuiping Kaoshi \u2013 Examen de Nivel de Chino) es [&hellip;]\" \/>\n<meta property=\"og:url\" content=\"https:\/\/global-exam.com\/blog\/es\/examenes\/hsk\/categoria-instrucciones-hsk\/\" \/>\n<meta property=\"og:site_name\" content=\"GlobalExam Blog\" \/>\n<meta property=\"article:publisher\" content=\"https:\/\/www.facebook.com\/Global.Exam\" \/>\n<meta property=\"article:modified_time\" content=\"2022-06-27T14:43:52+00:00\" \/>\n<meta name=\"twitter:card\" content=\"summary_large_image\" \/>\n<meta name=\"twitter:site\" content=\"@Global_Exam\" \/>\n<meta name=\"twitter:label1\" content=\"Dur\u00e9e de lecture estim\u00e9e\" \/>\n\t<meta name=\"twitter:data1\" content=\"2 minutes\" \/>\n<script type=\"application\/ld+json\" class=\"yoast-schema-graph\">{\"@context\":\"https:\/\/schema.org\",\"@graph\":[{\"@type\":\"WebSite\",\"@id\":\"https:\/\/global-exam.com\/blog\/#website\",\"url\":\"https:\/\/global-exam.com\/blog\/\",\"name\":\"GlobalExam Blog\",\"description\":\"Le blog du sp\\u00e9cialiste de la certification linguistique\",\"potentialAction\":[{\"@type\":\"SearchAction\",\"target\":{\"@type\":\"EntryPoint\",\"urlTemplate\":\"https:\/\/global-exam.com\/blog\/?s={search_term_string}\"},\"query-input\":\"required name=search_term_string\"}],\"inLanguage\":\"fr-FR\"},{\"@type\":\"WebPage\",\"@id\":\"https:\/\/global-exam.com\/blog\/es\/examenes\/hsk\/categoria-instrucciones-hsk\/#webpage\",\"url\":\"https:\/\/global-exam.com\/blog\/es\/examenes\/hsk\/categoria-instrucciones-hsk\/\",\"name\":\"Instrucciones \\u2013 HSK\",\"isPartOf\":{\"@id\":\"https:\/\/global-exam.com\/blog\/#website\"},\"datePublished\":\"2021-12-14T12:58:02+00:00\",\"dateModified\":\"2022-06-27T14:43:52+00:00\",\"breadcrumb\":{\"@id\":\"https:\/\/global-exam.com\/blog\/es\/examenes\/hsk\/categoria-instrucciones-hsk\/#breadcrumb\"},\"inLanguage\":\"fr-FR\",\"potentialAction\":[{\"@type\":\"ReadAction\",\"target\":[\"https:\/\/global-exam.com\/blog\/es\/examenes\/hsk\/categoria-instrucciones-hsk\/\"]}]},{\"@type\":\"BreadcrumbList\",\"@id\":\"https:\/\/global-exam.com\/blog\/es\/examenes\/hsk\/categoria-instrucciones-hsk\/#breadcrumb\",\"itemListElement\":[{\"@type\":\"ListItem\",\"position\":1,\"name\":\"Ex\\u00e1menes de idioma\",\"item\":\"https:\/\/global-exam.com\/blog\/es\/examenes\/\"},{\"@type\":\"ListItem\",\"position\":2,\"name\":\"HSK\",\"item\":\"https:\/\/global-exam.com\/blog\/es\/examenes\/hsk\/\"},{\"@type\":\"ListItem\",\"position\":3,\"name\":\"Instrucciones \\u2013 HSK\"}]}]}<\/script>\n<!-- \/ Yoast SEO plugin. -->","yoast_head_json":{"title":"Instrucciones \u2013 HSK","robots":{"index":"index","follow":"follow","max-snippet":"max-snippet:-1","max-image-preview":"max-image-preview:large","max-video-preview":"max-video-preview:-1"},"canonical":"https:\/\/global-exam.com\/blog\/es\/examenes\/hsk\/categoria-instrucciones-hsk\/","og_locale":"fr_FR","og_type":"article","og_title":"Instrucciones \u2013 HSK","og_description":"\u00bfSabes a qu\u00e9 corresponden las siglas HSK? El examen HSK (abreviatura de Hanyu Shuiping Kaoshi \u2013 Examen de Nivel de Chino) es [&hellip;]","og_url":"https:\/\/global-exam.com\/blog\/es\/examenes\/hsk\/categoria-instrucciones-hsk\/","og_site_name":"GlobalExam Blog","article_publisher":"https:\/\/www.facebook.com\/Global.Exam","article_modified_time":"2022-06-27T14:43:52+00:00","twitter_card":"summary_large_image","twitter_site":"@Global_Exam","twitter_misc":{"Dur\u00e9e de lecture estim\u00e9e":"2 minutes"},"schema":{"@context":"https:\/\/schema.org","@graph":[{"@type":"WebSite","@id":"https:\/\/global-exam.com\/blog\/#website","url":"https:\/\/global-exam.com\/blog\/","name":"GlobalExam Blog","description":"Le blog du sp\u00e9cialiste de la certification linguistique","potentialAction":[{"@type":"SearchAction","target":{"@type":"EntryPoint","urlTemplate":"https:\/\/global-exam.com\/blog\/?s={search_term_string}"},"query-input":"required name=search_term_string"}],"inLanguage":"fr-FR"},{"@type":"WebPage","@id":"https:\/\/global-exam.com\/blog\/es\/examenes\/hsk\/categoria-instrucciones-hsk\/#webpage","url":"https:\/\/global-exam.com\/blog\/es\/examenes\/hsk\/categoria-instrucciones-hsk\/","name":"Instrucciones \u2013 HSK","isPartOf":{"@id":"https:\/\/global-exam.com\/blog\/#website"},"datePublished":"2021-12-14T12:58:02+00:00","dateModified":"2022-06-27T14:43:52+00:00","breadcrumb":{"@id":"https:\/\/global-exam.com\/blog\/es\/examenes\/hsk\/categoria-instrucciones-hsk\/#breadcrumb"},"inLanguage":"fr-FR","potentialAction":[{"@type":"ReadAction","target":["https:\/\/global-exam.com\/blog\/es\/examenes\/hsk\/categoria-instrucciones-hsk\/"]}]},{"@type":"BreadcrumbList","@id":"https:\/\/global-exam.com\/blog\/es\/examenes\/hsk\/categoria-instrucciones-hsk\/#breadcrumb","itemListElement":[{"@type":"ListItem","position":1,"name":"Ex\u00e1menes de idioma","item":"https:\/\/global-exam.com\/blog\/es\/examenes\/"},{"@type":"ListItem","position":2,"name":"HSK","item":"https:\/\/global-exam.com\/blog\/es\/examenes\/hsk\/"},{"@type":"ListItem","position":3,"name":"Instrucciones \u2013 HSK"}]}]}},"lang":"es","translations":{"es":70638},"pll_sync_post":[],"_links":{"self":[{"href":"https:\/\/global-exam.com\/blog\/wp-json\/wp\/v2\/pages\/70638"}],"collection":[{"href":"https:\/\/global-exam.com\/blog\/wp-json\/wp\/v2\/pages"}],"about":[{"href":"https:\/\/global-exam.com\/blog\/wp-json\/wp\/v2\/types\/page"}],"author":[{"embeddable":true,"href":"https:\/\/global-exam.com\/blog\/wp-json\/wp\/v2\/users\/24"}],"replies":[{"embeddable":true,"href":"https:\/\/global-exam.com\/blog\/wp-json\/wp\/v2\/comments?post=70638"}],"version-history":[{"count":3,"href":"https:\/\/global-exam.com\/blog\/wp-json\/wp\/v2\/pages\/70638\/revisions"}],"predecessor-version":[{"id":76576,"href":"https:\/\/global-exam.com\/blog\/wp-json\/wp\/v2\/pages\/70638\/revisions\/76576"}],"up":[{"embeddable":true,"href":"https:\/\/global-exam.com\/blog\/wp-json\/wp\/v2\/pages\/18699"}],"wp:attachment":[{"href":"https:\/\/global-exam.com\/blog\/wp-json\/wp\/v2\/media?parent=70638"}],"curies":[{"name":"wp","href":"https:\/\/api.w.org\/{rel}","templated":true}]}}