{"id":70641,"date":"2021-12-14T13:59:44","date_gmt":"2021-12-14T12:59:44","guid":{"rendered":"https:\/\/global-exam.com\/blog\/?page_id=70641"},"modified":"2022-06-27T16:43:51","modified_gmt":"2022-06-27T14:43:51","slug":"categoria-obten-un-buen-puntaje-al-hsk","status":"publish","type":"page","link":"https:\/\/global-exam.com\/blog\/es\/examenes\/hsk\/categoria-obten-un-buen-puntaje-al-hsk\/","title":{"rendered":"Obt\u00e9n un buen puntaje al HSK"},"content":{"rendered":"<p>El\u00a0<strong>examen HSK<\/strong>\u00a0(abreviatura de Hanyu Shuiping Kaoshi) es el nombre de la prueba oficial y estandarizada que se ha convertido en una referencia a la hora de\u00a0<strong>evaluar el nivel de chino mandar\u00edn.<\/strong><\/p>\n<p>Si deseas\u00a0<strong>estudiar en China, evolucionar profesionalmente<\/strong>\u00a0gracias a tus conocimientos del mundo asi\u00e1tico o simplemente, viajar: \u00a1ha llegado la hora de preparar este examen!<\/p>\n<p>El HSK supone un verdadero valor a\u00f1adido, ya que est\u00e1 reconocido por las instituciones, organismos y empresas que exigen el dominio del chino como condici\u00f3n para entrar en una universidad o contratar a sus empleados.\u00a0\u00a1Cuidado! Con metodolog\u00eda y precauci\u00f3n: recuerda, no es una prueba de niveles, sino que debes\u00a0<strong>encontrar tu nivel antes de hacer la prueba<\/strong>.<\/p>\n<p>Descubre en esta secci\u00f3n el puntaje necesario en funci\u00f3n del nivel evaluado, y la equivalencia con los niveles del Marco Com\u00fan Europeo de Referencia (MCER)<\/p>\n<p>Sin prisa pero sin pausa: deja que te orientemos para seleccionar el nivel m\u00e1s adaptado y para\u00a0<strong>guiarte en la preparaci\u00f3n el examen<\/strong>. Conf\u00eda en nuestros recursos y estrategias, y maximiza tus posibilidades de \u00e9xito gracias a un perfecto conocimiento de cada una de las pruebas y las tareas que contienen.\u00a0Tu principal objetivo: obtener el puntaje que te d\u00e9 acceso al nivel deseado.\u00a0Entra en nuestra secci\u00f3n: \u00a1descubre las estrategias ganadoras!<\/p>\n","protected":false},"excerpt":{"rendered":"<p>El\u00a0examen HSK\u00a0(abreviatura de Hanyu Shuiping Kaoshi) es el nombre de la prueba oficial y estandarizada que se ha convertido en una referencia [&hellip;]<\/p>\n","protected":false},"author":24,"featured_media":0,"parent":18699,"menu_order":0,"comment_status":"closed","ping_status":"closed","template":"","meta":[],"acf":[],"yoast_head":"<!-- This site is optimized with the Yoast SEO plugin v17.2.1 - https:\/\/yoast.com\/wordpress\/plugins\/seo\/ -->\n<title>Obt\u00e9n un buen puntaje al HSK<\/title>\n<meta name=\"robots\" content=\"index, follow, max-snippet:-1, max-image-preview:large, max-video-preview:-1\" \/>\n<link rel=\"canonical\" href=\"https:\/\/global-exam.com\/blog\/es\/examenes\/hsk\/categoria-obten-un-buen-puntaje-al-hsk\/\" \/>\n<meta property=\"og:locale\" content=\"fr_FR\" \/>\n<meta property=\"og:type\" content=\"article\" \/>\n<meta property=\"og:title\" content=\"Obt\u00e9n un buen puntaje al HSK\" \/>\n<meta property=\"og:description\" content=\"El\u00a0examen HSK\u00a0(abreviatura de Hanyu Shuiping Kaoshi) es el nombre de la prueba oficial y estandarizada que se ha convertido en una referencia [&hellip;]\" \/>\n<meta property=\"og:url\" content=\"https:\/\/global-exam.com\/blog\/es\/examenes\/hsk\/categoria-obten-un-buen-puntaje-al-hsk\/\" \/>\n<meta property=\"og:site_name\" content=\"GlobalExam Blog\" \/>\n<meta property=\"article:publisher\" content=\"https:\/\/www.facebook.com\/Global.Exam\" \/>\n<meta property=\"article:modified_time\" content=\"2022-06-27T14:43:51+00:00\" \/>\n<meta name=\"twitter:card\" content=\"summary_large_image\" \/>\n<meta name=\"twitter:site\" content=\"@Global_Exam\" \/>\n<meta name=\"twitter:label1\" content=\"Dur\u00e9e de lecture estim\u00e9e\" \/>\n\t<meta name=\"twitter:data1\" content=\"1 minute\" \/>\n<script type=\"application\/ld+json\" class=\"yoast-schema-graph\">{\"@context\":\"https:\/\/schema.org\",\"@graph\":[{\"@type\":\"WebSite\",\"@id\":\"https:\/\/global-exam.com\/blog\/#website\",\"url\":\"https:\/\/global-exam.com\/blog\/\",\"name\":\"GlobalExam Blog\",\"description\":\"Le blog du sp\\u00e9cialiste de la certification linguistique\",\"potentialAction\":[{\"@type\":\"SearchAction\",\"target\":{\"@type\":\"EntryPoint\",\"urlTemplate\":\"https:\/\/global-exam.com\/blog\/?s={search_term_string}\"},\"query-input\":\"required name=search_term_string\"}],\"inLanguage\":\"fr-FR\"},{\"@type\":\"WebPage\",\"@id\":\"https:\/\/global-exam.com\/blog\/es\/examenes\/hsk\/categoria-obten-un-buen-puntaje-al-hsk\/#webpage\",\"url\":\"https:\/\/global-exam.com\/blog\/es\/examenes\/hsk\/categoria-obten-un-buen-puntaje-al-hsk\/\",\"name\":\"Obt\\u00e9n un buen puntaje al HSK\",\"isPartOf\":{\"@id\":\"https:\/\/global-exam.com\/blog\/#website\"},\"datePublished\":\"2021-12-14T12:59:44+00:00\",\"dateModified\":\"2022-06-27T14:43:51+00:00\",\"breadcrumb\":{\"@id\":\"https:\/\/global-exam.com\/blog\/es\/examenes\/hsk\/categoria-obten-un-buen-puntaje-al-hsk\/#breadcrumb\"},\"inLanguage\":\"fr-FR\",\"potentialAction\":[{\"@type\":\"ReadAction\",\"target\":[\"https:\/\/global-exam.com\/blog\/es\/examenes\/hsk\/categoria-obten-un-buen-puntaje-al-hsk\/\"]}]},{\"@type\":\"BreadcrumbList\",\"@id\":\"https:\/\/global-exam.com\/blog\/es\/examenes\/hsk\/categoria-obten-un-buen-puntaje-al-hsk\/#breadcrumb\",\"itemListElement\":[{\"@type\":\"ListItem\",\"position\":1,\"name\":\"Ex\\u00e1menes de idioma\",\"item\":\"https:\/\/global-exam.com\/blog\/es\/examenes\/\"},{\"@type\":\"ListItem\",\"position\":2,\"name\":\"HSK\",\"item\":\"https:\/\/global-exam.com\/blog\/es\/examenes\/hsk\/\"},{\"@type\":\"ListItem\",\"position\":3,\"name\":\"Obt\\u00e9n un buen puntaje al HSK\"}]}]}<\/script>\n<!-- \/ Yoast SEO plugin. -->","yoast_head_json":{"title":"Obt\u00e9n un buen puntaje al HSK","robots":{"index":"index","follow":"follow","max-snippet":"max-snippet:-1","max-image-preview":"max-image-preview:large","max-video-preview":"max-video-preview:-1"},"canonical":"https:\/\/global-exam.com\/blog\/es\/examenes\/hsk\/categoria-obten-un-buen-puntaje-al-hsk\/","og_locale":"fr_FR","og_type":"article","og_title":"Obt\u00e9n un buen puntaje al HSK","og_description":"El\u00a0examen HSK\u00a0(abreviatura de Hanyu Shuiping Kaoshi) es el nombre de la prueba oficial y estandarizada que se ha convertido en una referencia [&hellip;]","og_url":"https:\/\/global-exam.com\/blog\/es\/examenes\/hsk\/categoria-obten-un-buen-puntaje-al-hsk\/","og_site_name":"GlobalExam Blog","article_publisher":"https:\/\/www.facebook.com\/Global.Exam","article_modified_time":"2022-06-27T14:43:51+00:00","twitter_card":"summary_large_image","twitter_site":"@Global_Exam","twitter_misc":{"Dur\u00e9e de lecture estim\u00e9e":"1 minute"},"schema":{"@context":"https:\/\/schema.org","@graph":[{"@type":"WebSite","@id":"https:\/\/global-exam.com\/blog\/#website","url":"https:\/\/global-exam.com\/blog\/","name":"GlobalExam Blog","description":"Le blog du sp\u00e9cialiste de la certification linguistique","potentialAction":[{"@type":"SearchAction","target":{"@type":"EntryPoint","urlTemplate":"https:\/\/global-exam.com\/blog\/?s={search_term_string}"},"query-input":"required name=search_term_string"}],"inLanguage":"fr-FR"},{"@type":"WebPage","@id":"https:\/\/global-exam.com\/blog\/es\/examenes\/hsk\/categoria-obten-un-buen-puntaje-al-hsk\/#webpage","url":"https:\/\/global-exam.com\/blog\/es\/examenes\/hsk\/categoria-obten-un-buen-puntaje-al-hsk\/","name":"Obt\u00e9n un buen puntaje al HSK","isPartOf":{"@id":"https:\/\/global-exam.com\/blog\/#website"},"datePublished":"2021-12-14T12:59:44+00:00","dateModified":"2022-06-27T14:43:51+00:00","breadcrumb":{"@id":"https:\/\/global-exam.com\/blog\/es\/examenes\/hsk\/categoria-obten-un-buen-puntaje-al-hsk\/#breadcrumb"},"inLanguage":"fr-FR","potentialAction":[{"@type":"ReadAction","target":["https:\/\/global-exam.com\/blog\/es\/examenes\/hsk\/categoria-obten-un-buen-puntaje-al-hsk\/"]}]},{"@type":"BreadcrumbList","@id":"https:\/\/global-exam.com\/blog\/es\/examenes\/hsk\/categoria-obten-un-buen-puntaje-al-hsk\/#breadcrumb","itemListElement":[{"@type":"ListItem","position":1,"name":"Ex\u00e1menes de idioma","item":"https:\/\/global-exam.com\/blog\/es\/examenes\/"},{"@type":"ListItem","position":2,"name":"HSK","item":"https:\/\/global-exam.com\/blog\/es\/examenes\/hsk\/"},{"@type":"ListItem","position":3,"name":"Obt\u00e9n un buen puntaje al HSK"}]}]}},"lang":"es","translations":{"es":70641},"pll_sync_post":[],"_links":{"self":[{"href":"https:\/\/global-exam.com\/blog\/wp-json\/wp\/v2\/pages\/70641"}],"collection":[{"href":"https:\/\/global-exam.com\/blog\/wp-json\/wp\/v2\/pages"}],"about":[{"href":"https:\/\/global-exam.com\/blog\/wp-json\/wp\/v2\/types\/page"}],"author":[{"embeddable":true,"href":"https:\/\/global-exam.com\/blog\/wp-json\/wp\/v2\/users\/24"}],"replies":[{"embeddable":true,"href":"https:\/\/global-exam.com\/blog\/wp-json\/wp\/v2\/comments?post=70641"}],"version-history":[{"count":3,"href":"https:\/\/global-exam.com\/blog\/wp-json\/wp\/v2\/pages\/70641\/revisions"}],"predecessor-version":[{"id":76575,"href":"https:\/\/global-exam.com\/blog\/wp-json\/wp\/v2\/pages\/70641\/revisions\/76575"}],"up":[{"embeddable":true,"href":"https:\/\/global-exam.com\/blog\/wp-json\/wp\/v2\/pages\/18699"}],"wp:attachment":[{"href":"https:\/\/global-exam.com\/blog\/wp-json\/wp\/v2\/media?parent=70641"}],"curies":[{"name":"wp","href":"https:\/\/api.w.org\/{rel}","templated":true}]}}